{"id":68253514,"date":"2021-09-17T12:56:47","date_gmt":"2021-09-17T12:56:47","guid":{"rendered":"https:\/\/kraftwerk-gruppe.de\/?post_type=product&#038;p=68253514"},"modified":"2026-04-05T17:12:01","modified_gmt":"2026-04-05T15:12:01","slug":"filtro-olio-mopar-dodge-charger","status":"publish","type":"product","link":"https:\/\/kraftwerk-shop.cc\/it\/produkt\/mopar-oelfilter-dodge-charger\/","title":{"rendered":"Filtro olio Mopar Dodge Charger"},"content":{"rendered":"<h1>Filtro olio Mopar Dodge Charger - <span lang=\"DE\">Ricambio originale<\/span><\/h1>\n<p>&nbsp;<\/p>\n<p><strong>Numero di parte Mopar:<\/strong> 5281090AB, 04884899AC, 4884899AC, 04892339AB, 4892339AB<br \/>\n<strong>Sostituito:<\/strong> 53020311, 5281090AA, 04884899AA, 04884899AB, 4884899AA, 4884899AB, 04892339AA, 4892339AA<\/p>\n<p>&nbsp;<\/p>\n<p>Affinch\u00e9 il motore Dodge Charger funzioni correttamente, deve essere utilizzato con olio motore pulito.<br \/>\nIl problema \u00e8 che anche l'olio motore nuovo pu\u00f2 contenere impurit\u00e0. Quando queste scorrono nel motore, si raccolgono sulle varie parti e compromettono l'efficienza del movimento.<br \/>\nInsieme alle altre impurit\u00e0 che l'olio motore raccoglie durante il suo percorso nel motore, questo pu\u00f2 portare a danni al motore.<br \/>\n\u00c8 qui che entra in gioco il filtro dell'olio originale Mopar.<br \/>\nIl filtro intercetta questi microscopici elementi di disturbo nel percorso dell'olio, in modo che solo l'olio pulito ritorni nel motore e lubrifichi le varie parti. Con il tempo, tuttavia, anche un filtro dell'olio di alta qualit\u00e0 si rompe o si intasa.<\/p>\n<p>Se \u00e8 necessario sostituire il filtro dell'olio, assicurarsi di utilizzare un filtro dell'olio originale Mopar.<br \/>\nQuesti sono gli unici filtri garantiti per la compatibilit\u00e0 con il motore del vostro Dodge Charger, quindi potete fare affidamento sulle loro caratteristiche e prestazioni.<br \/>\nUn filtro dell'olio di terze parti potrebbe non essere 100% perfettamente adatto, il che pu\u00f2 causare perdite o problemi pi\u00f9 gravi al motore.<\/p>\n<p>Nel nostro negozio online troverete i filtri olio originali Mopar adatti al vostro Dodge Charger.<\/p>\n<p>Questo componente originale Mopar soddisfa tutti i requisiti della garanzia di fabbrica.<\/p>\n<p>&nbsp;<\/p>\n<p><strong>Nota sulle varianti dell'Charger 5.7:<\/strong><\/p>\n<p>Dal 2015, i veicoli sono stati consegnati sia con MO-899 che con MO-339.<br \/>\nIl MO-339 ha un alloggiamento del filtro pi\u00f9 piccolo rispetto al MO-899.<br \/>\nEntrambe le varianti sono adatte e possono essere utilizzate.<\/p>","protected":false},"excerpt":{"rendered":"<p><span lang=\"DE\" style=\"display: inline;\">Parte originale Mopar<\/span><\/p>","protected":false},"featured_media":68271416,"comment_status":"open","ping_status":"closed","template":"","meta":{"_acf_changed":false},"product_brand":[16270],"product_cat":[1598,1614,5163,1622,1630,1638],"product_tag":[4988,4989,4993,4249,4250,18178,18176,18177,217,4990,4991,685,4992,689,91,5081,686,5080,92,101,93,53,49,3854,2321,648,100,126,675,36,31,8813,9424,16271,16273,16275,16272,16274,7221,404,2320,1091,647,2453,655,34,35,674,96,1056,164,38,37,673],"class_list":{"0":"post-68253514","1":"product","2":"type-product","3":"status-publish","4":"has-post-thumbnail","6":"product_brand-mopar","7":"product_cat-charger-35-wartung","8":"product_cat-charger-57-wartung","9":"product_cat-dodge-charger-57-2011-2023-wartung","10":"product_cat-charger-61-wartung","11":"product_cat-charger-hellcat-wartung","12":"product_cat-charger-64-wartung","13":"product_tag-04884899aa","14":"product_tag-04884899ab","15":"product_tag-04884899ac","16":"product_tag-04892339aa","17":"product_tag-04892339ab","18":"product_tag-05281090aa","19":"product_tag-05281090ab","20":"product_tag-18177","21":"product_tag-217","22":"product_tag-4884899aa","23":"product_tag-4884899ab","24":"product_tag-4884899ac","25":"product_tag-4892339aa","26":"product_tag-4892339ab","27":"product_tag-5-7","28":"product_tag-5281090aa","29":"product_tag-5281090ab","30":"product_tag-5080","31":"product_tag-6-1","32":"product_tag-6-2","33":"product_tag-6-4","34":"product_tag-charger","35":"product_tag-dodge","36":"product_tag-dodge-charger","37":"product_tag-erstausruester","38":"product_tag-filter","39":"product_tag-hellcat","40":"product_tag-hemi","41":"product_tag-inspektion","42":"product_tag-kraftwerk","43":"product_tag-mopar","44":"product_tag-mopar-autoteile","45":"product_tag-mopar-ersatzteile","46":"product_tag-mopar-ersatzteile-kaufen","47":"product_tag-mopar-performance-teile","48":"product_tag-mopar-teile-katalog","49":"product_tag-mopar-teile-online","50":"product_tag-mopar-tuningteile","51":"product_tag-mopar10","52":"product_tag-motoroel","53":"product_tag-motoroelfilter","54":"product_tag-oem","55":"product_tag-oelfilter","56":"product_tag-oelfilter10","57":"product_tag-oelwechsel","58":"product_tag-original","59":"product_tag-originalersatzteil","60":"product_tag-service","61":"product_tag-srt","62":"product_tag-srt-8","63":"product_tag-srt8","64":"product_tag-teile","65":"product_tag-wartung","66":"product_tag-zubehoer","68":"first","69":"instock","70":"taxable","71":"shipping-taxable","72":"purchasable","73":"product-type-variable"},"bundled_by":[],"bundle_stock_status":"instock","bundle_stock_quantity":1039,"bundle_virtual":false,"bundle_layout":"","bundle_add_to_cart_form_location":"","bundle_editable_in_cart":false,"bundle_sold_individually_context":"","bundle_item_grouping":"","bundle_min_size":"","bundle_max_size":"","bundle_price":[],"bundled_items":[],"bundle_sell_ids":[],"exclude_global_add_ons":[],"addons":[],"acf":[],"_links":{"self":[{"href":"https:\/\/kraftwerk-shop.cc\/it\/wp-json\/wp\/v2\/product\/68253514","targetHints":{"allow":["GET"]}}],"collection":[{"href":"https:\/\/kraftwerk-shop.cc\/it\/wp-json\/wp\/v2\/product"}],"about":[{"href":"https:\/\/kraftwerk-shop.cc\/it\/wp-json\/wp\/v2\/types\/product"}],"replies":[{"embeddable":true,"href":"https:\/\/kraftwerk-shop.cc\/it\/wp-json\/wp\/v2\/comments?post=68253514"}],"version-history":[{"count":0,"href":"https:\/\/kraftwerk-shop.cc\/it\/wp-json\/wp\/v2\/product\/68253514\/revisions"}],"wp:featuredmedia":[{"embeddable":true,"href":"https:\/\/kraftwerk-shop.cc\/it\/wp-json\/wp\/v2\/media\/68271416"}],"wp:attachment":[{"href":"https:\/\/kraftwerk-shop.cc\/it\/wp-json\/wp\/v2\/media?parent=68253514"}],"wp:term":[{"taxonomy":"product_brand","embeddable":true,"href":"https:\/\/kraftwerk-shop.cc\/it\/wp-json\/wp\/v2\/product_brand?post=68253514"},{"taxonomy":"product_cat","embeddable":true,"href":"https:\/\/kraftwerk-shop.cc\/it\/wp-json\/wp\/v2\/product_cat?post=68253514"},{"taxonomy":"product_tag","embeddable":true,"href":"https:\/\/kraftwerk-shop.cc\/it\/wp-json\/wp\/v2\/product_tag?post=68253514"}],"curies":[{"name":"wp","href":"https:\/\/api.w.org\/{rel}","templated":true}]}}