{"id":68253526,"date":"2021-09-17T12:56:47","date_gmt":"2021-09-17T12:56:47","guid":{"rendered":"https:\/\/kraftwerk-gruppe.de\/?post_type=product&#038;p=68253526"},"modified":"2026-04-14T16:54:30","modified_gmt":"2026-04-14T14:54:30","slug":"filtro-olio-mopar-dodge-magnum","status":"publish","type":"product","link":"https:\/\/kraftwerk-shop.cc\/it\/produkt\/mopar-oelfilter-dodge-magnum\/","title":{"rendered":"Filtro olio Mopar Dodge Magnum"},"content":{"rendered":"<h1>Filtro olio Mopar Dodge Magnum - <span lang=\"DE\">Ricambio originale<\/span><\/h1>\n<p>&nbsp;<\/p>\n<p><strong>Numeri di parte Mopar:<\/strong> 5281090AB, 04884899AC, 4884899AC<br \/>\n<strong>Sostituito:<\/strong> 53020311, 5281090AA, 04884899AA, 04884899AB, 4884899AA, 4884899AB<\/p>\n<p>&nbsp;<\/p>\n<p>Affinch\u00e9 il motore Dodge Magnum funzioni correttamente, deve essere utilizzato con olio motore pulito.<br \/>\nIl problema \u00e8 che anche l'olio motore nuovo pu\u00f2 contenere impurit\u00e0. Quando queste scorrono nel motore, si raccolgono sulle varie parti e compromettono l'efficienza del movimento.<br \/>\nInsieme alle altre impurit\u00e0 che l'olio motore raccoglie durante il suo percorso nel motore, questo pu\u00f2 portare a danni al motore.<br \/>\n\u00c8 qui che entra in gioco il filtro dell'olio originale Mopar.<br \/>\nIl filtro intercetta questi microscopici elementi di disturbo nel percorso dell'olio, in modo che solo l'olio pulito ritorni nel motore e lubrifichi le varie parti. Con il tempo, tuttavia, anche un filtro dell'olio di alta qualit\u00e0 si rompe o si intasa.<\/p>\n<p>Se \u00e8 necessario sostituire il filtro dell'olio, assicurarsi di utilizzare un filtro dell'olio originale Mopar.<br \/>\nQuesti sono gli unici filtri garantiti per la compatibilit\u00e0 con il motore del vostro Dodge Magnum, quindi potete fare affidamento sulle loro caratteristiche e prestazioni.<br \/>\nUn filtro dell'olio di terze parti potrebbe non essere 100% perfettamente adatto, il che pu\u00f2 causare perdite o problemi pi\u00f9 gravi al motore.<\/p>\n<p>Nel nostro negozio online troverete i filtri olio originali Mopar adatti al vostro Dodge Magnum.<\/p>\n<p>Questo componente originale Mopar soddisfa tutti i requisiti della garanzia di fabbrica.<\/p>","protected":false},"excerpt":{"rendered":"<p><span lang=\"DE\" style=\"display: inline;\">Parte originale Mopar<\/span><\/p>","protected":false},"featured_media":68271419,"comment_status":"open","ping_status":"closed","template":"","meta":{"_acf_changed":false},"product_brand":[16270],"product_cat":[1711,1719,1727],"product_tag":[4988,4989,4993,18178,18176,18177,4990,4991,685,91,5081,686,5080,92,49,2321,648,126,675,36,55,31,8813,9424,16271,16273,16275,16272,16274,7221,404,2320,1091,647,2453,655,34,35,674,96,1056,164,38,37,673],"class_list":{"0":"post-68253526","1":"product","2":"type-product","3":"status-publish","4":"has-post-thumbnail","6":"product_brand-mopar","7":"product_cat-magnum-35-wartung","8":"product_cat-magnum-57-wartung","9":"product_cat-magnum-61-wartung","10":"product_tag-04884899aa","11":"product_tag-04884899ab","12":"product_tag-04884899ac","13":"product_tag-05281090aa","14":"product_tag-05281090ab","15":"product_tag-18177","16":"product_tag-4884899aa","17":"product_tag-4884899ab","18":"product_tag-4884899ac","19":"product_tag-5-7","20":"product_tag-5281090aa","21":"product_tag-5281090ab","22":"product_tag-5080","23":"product_tag-6-1","24":"product_tag-dodge","25":"product_tag-erstausruester","26":"product_tag-filter","27":"product_tag-hemi","28":"product_tag-inspektion","29":"product_tag-kraftwerk","30":"product_tag-magnum","31":"product_tag-mopar","32":"product_tag-mopar-autoteile","33":"product_tag-mopar-ersatzteile","34":"product_tag-mopar-ersatzteile-kaufen","35":"product_tag-mopar-performance-teile","36":"product_tag-mopar-teile-katalog","37":"product_tag-mopar-teile-online","38":"product_tag-mopar-tuningteile","39":"product_tag-mopar10","40":"product_tag-motoroel","41":"product_tag-motoroelfilter","42":"product_tag-oem","43":"product_tag-oelfilter","44":"product_tag-oelfilter10","45":"product_tag-oelwechsel","46":"product_tag-original","47":"product_tag-originalersatzteil","48":"product_tag-service","49":"product_tag-srt","50":"product_tag-srt-8","51":"product_tag-srt8","52":"product_tag-teile","53":"product_tag-wartung","54":"product_tag-zubehoer","56":"first","57":"instock","58":"taxable","59":"shipping-taxable","60":"purchasable","61":"product-type-variable"},"bundled_by":[],"bundle_stock_status":"instock","bundle_stock_quantity":522,"bundle_virtual":false,"bundle_layout":"","bundle_add_to_cart_form_location":"","bundle_editable_in_cart":false,"bundle_sold_individually_context":"","bundle_item_grouping":"","bundle_min_size":"","bundle_max_size":"","bundle_price":[],"bundled_items":[],"bundle_sell_ids":[],"exclude_global_add_ons":[],"addons":[],"acf":[],"_links":{"self":[{"href":"https:\/\/kraftwerk-shop.cc\/it\/wp-json\/wp\/v2\/product\/68253526","targetHints":{"allow":["GET"]}}],"collection":[{"href":"https:\/\/kraftwerk-shop.cc\/it\/wp-json\/wp\/v2\/product"}],"about":[{"href":"https:\/\/kraftwerk-shop.cc\/it\/wp-json\/wp\/v2\/types\/product"}],"replies":[{"embeddable":true,"href":"https:\/\/kraftwerk-shop.cc\/it\/wp-json\/wp\/v2\/comments?post=68253526"}],"version-history":[{"count":0,"href":"https:\/\/kraftwerk-shop.cc\/it\/wp-json\/wp\/v2\/product\/68253526\/revisions"}],"wp:featuredmedia":[{"embeddable":true,"href":"https:\/\/kraftwerk-shop.cc\/it\/wp-json\/wp\/v2\/media\/68271419"}],"wp:attachment":[{"href":"https:\/\/kraftwerk-shop.cc\/it\/wp-json\/wp\/v2\/media?parent=68253526"}],"wp:term":[{"taxonomy":"product_brand","embeddable":true,"href":"https:\/\/kraftwerk-shop.cc\/it\/wp-json\/wp\/v2\/product_brand?post=68253526"},{"taxonomy":"product_cat","embeddable":true,"href":"https:\/\/kraftwerk-shop.cc\/it\/wp-json\/wp\/v2\/product_cat?post=68253526"},{"taxonomy":"product_tag","embeddable":true,"href":"https:\/\/kraftwerk-shop.cc\/it\/wp-json\/wp\/v2\/product_tag?post=68253526"}],"curies":[{"name":"wp","href":"https:\/\/api.w.org\/{rel}","templated":true}]}}