{"id":68253552,"date":"2021-09-17T12:56:47","date_gmt":"2021-09-17T12:56:47","guid":{"rendered":"https:\/\/kraftwerk-gruppe.de\/?post_type=product&#038;p=68253552"},"modified":"2026-04-05T17:12:01","modified_gmt":"2026-04-05T15:12:01","slug":"filtro-olio-mopar-dodge-durango","status":"publish","type":"product","link":"https:\/\/kraftwerk-shop.cc\/it\/produkt\/mopar-oelfilter-dodge-durango\/","title":{"rendered":"Filtro olio Mopar Dodge Durango"},"content":{"rendered":"<h1>Filtro olio Mopar Dodge Durango - <span lang=\"DE\">Ricambio originale<\/span><\/h1>\n<p>&nbsp;<\/p>\n<p><strong>Numero di parte Mopar:<\/strong> 5281090AB, 04884899AC, 4884899AC, 04892339AB, 4892339AB<br \/>\n<strong>Sostituito:<\/strong> 5281090AA, 04884899AA, 04884899AB, 4884899AA, 4884899AB, 04892339AA, 4892339AA<\/p>\n<p>&nbsp;<\/p>\n<p>Affinch\u00e9 il motore Dodge Durango funzioni correttamente, deve essere utilizzato con olio motore pulito.<br \/>\nIl problema \u00e8 che anche l'olio motore nuovo pu\u00f2 contenere impurit\u00e0. Quando queste scorrono nel motore, si raccolgono sulle varie parti e compromettono l'efficienza del movimento.<br \/>\nInsieme alle altre impurit\u00e0 che l'olio motore raccoglie durante il suo percorso nel motore, questo pu\u00f2 portare a danni al motore.<br \/>\n\u00c8 qui che entra in gioco il filtro dell'olio originale Mopar.<br \/>\nIl filtro intercetta questi microscopici elementi di disturbo nel percorso dell'olio, in modo che solo l'olio pulito ritorni nel motore e lubrifichi le varie parti. Con il tempo, tuttavia, anche un filtro dell'olio di alta qualit\u00e0 si rompe o si intasa.<\/p>\n<p>Se \u00e8 necessario sostituire il filtro dell'olio, assicurarsi di utilizzare un filtro dell'olio originale Mopar.<br \/>\nQuesti sono gli unici filtri garantiti per la compatibilit\u00e0 con il motore del vostro Dodge Durango, quindi potete fare affidamento sulla loro idoneit\u00e0 e sulle loro prestazioni.<br \/>\nUn filtro dell'olio di terze parti potrebbe non essere 100% perfettamente adatto, il che pu\u00f2 causare perdite o problemi pi\u00f9 gravi al motore.<\/p>\n<p>Nel nostro negozio online troverete i filtri olio originali Mopar adatti al vostro Dodge Durango.<\/p>\n<p>Questo componente originale Mopar soddisfa tutti i requisiti della garanzia di fabbrica.<\/p>\n<p>&nbsp;<\/p>\n<p><strong>Nota sulle varianti del modello Durango 5.7:<\/strong><\/p>\n<p>Dal 2015, i veicoli sono stati equipaggiati con <strong>MO-899<\/strong> cos\u00ec come con <strong>MO-339<\/strong> consegnato.<br \/>\nIl MO-339 ha un alloggiamento del filtro pi\u00f9 piccolo rispetto al MO-899.<br \/>\nEntrambe le varianti sono adatte e possono essere utilizzate.<\/p>","protected":false},"excerpt":{"rendered":"<p><span lang=\"DE\" style=\"display: inline;\">Parte originale Mopar<\/span><\/p>","protected":false},"featured_media":68271423,"comment_status":"open","ping_status":"closed","template":"","meta":{"_acf_changed":false},"product_brand":[16270],"product_cat":[1655,2710,1663],"product_tag":[4988,4989,4993,4249,4250,20573,20574,18178,18176,20570,217,4990,4991,685,4992,689,91,20571,20572,5081,686,101,93,49,95,2321,648,100,126,675,36,31,8813,9424,16271,16273,16275,16272,16274,7221,404,2320,1091,647,2453,655,34,35,674,96,164,38,37,673],"class_list":{"0":"post-68253552","1":"product","2":"type-product","3":"status-publish","4":"has-post-thumbnail","6":"product_brand-mopar","7":"product_cat-durango-57-wartung","8":"product_cat-durango-hellcat-wartung","9":"product_cat-durango-64-wartung","10":"product_tag-04884899aa","11":"product_tag-04884899ab","12":"product_tag-04884899ac","13":"product_tag-04892339aa","14":"product_tag-04892339ab","15":"product_tag-05013780aa","16":"product_tag-20574","17":"product_tag-05281090aa","18":"product_tag-05281090ab","19":"product_tag-20570","20":"product_tag-217","21":"product_tag-4884899aa","22":"product_tag-4884899ab","23":"product_tag-4884899ac","24":"product_tag-4892339aa","25":"product_tag-4892339ab","26":"product_tag-5-7","27":"product_tag-5013780aa","28":"product_tag-20572","29":"product_tag-5281090aa","30":"product_tag-5281090ab","31":"product_tag-6-2","32":"product_tag-6-4","33":"product_tag-dodge","34":"product_tag-durango","35":"product_tag-erstausruester","36":"product_tag-filter","37":"product_tag-hellcat","38":"product_tag-hemi","39":"product_tag-inspektion","40":"product_tag-kraftwerk","41":"product_tag-mopar","42":"product_tag-mopar-autoteile","43":"product_tag-mopar-ersatzteile","44":"product_tag-mopar-ersatzteile-kaufen","45":"product_tag-mopar-performance-teile","46":"product_tag-mopar-teile-katalog","47":"product_tag-mopar-teile-online","48":"product_tag-mopar-tuningteile","49":"product_tag-mopar10","50":"product_tag-motoroel","51":"product_tag-motoroelfilter","52":"product_tag-oem","53":"product_tag-oelfilter","54":"product_tag-oelfilter10","55":"product_tag-oelwechsel","56":"product_tag-original","57":"product_tag-originalersatzteil","58":"product_tag-service","59":"product_tag-srt","60":"product_tag-srt8","61":"product_tag-teile","62":"product_tag-wartung","63":"product_tag-zubehoer","65":"first","66":"instock","67":"taxable","68":"shipping-taxable","69":"purchasable","70":"product-type-variable"},"bundled_by":[],"bundle_stock_status":"instock","bundle_stock_quantity":667,"bundle_virtual":false,"bundle_layout":"","bundle_add_to_cart_form_location":"","bundle_editable_in_cart":false,"bundle_sold_individually_context":"","bundle_item_grouping":"","bundle_min_size":"","bundle_max_size":"","bundle_price":[],"bundled_items":[],"bundle_sell_ids":[],"exclude_global_add_ons":[],"addons":[],"acf":[],"_links":{"self":[{"href":"https:\/\/kraftwerk-shop.cc\/it\/wp-json\/wp\/v2\/product\/68253552","targetHints":{"allow":["GET"]}}],"collection":[{"href":"https:\/\/kraftwerk-shop.cc\/it\/wp-json\/wp\/v2\/product"}],"about":[{"href":"https:\/\/kraftwerk-shop.cc\/it\/wp-json\/wp\/v2\/types\/product"}],"replies":[{"embeddable":true,"href":"https:\/\/kraftwerk-shop.cc\/it\/wp-json\/wp\/v2\/comments?post=68253552"}],"version-history":[{"count":0,"href":"https:\/\/kraftwerk-shop.cc\/it\/wp-json\/wp\/v2\/product\/68253552\/revisions"}],"wp:featuredmedia":[{"embeddable":true,"href":"https:\/\/kraftwerk-shop.cc\/it\/wp-json\/wp\/v2\/media\/68271423"}],"wp:attachment":[{"href":"https:\/\/kraftwerk-shop.cc\/it\/wp-json\/wp\/v2\/media?parent=68253552"}],"wp:term":[{"taxonomy":"product_brand","embeddable":true,"href":"https:\/\/kraftwerk-shop.cc\/it\/wp-json\/wp\/v2\/product_brand?post=68253552"},{"taxonomy":"product_cat","embeddable":true,"href":"https:\/\/kraftwerk-shop.cc\/it\/wp-json\/wp\/v2\/product_cat?post=68253552"},{"taxonomy":"product_tag","embeddable":true,"href":"https:\/\/kraftwerk-shop.cc\/it\/wp-json\/wp\/v2\/product_tag?post=68253552"}],"curies":[{"name":"wp","href":"https:\/\/api.w.org\/{rel}","templated":true}]}}