{"id":68253690,"date":"2021-09-17T12:56:55","date_gmt":"2021-09-17T12:56:55","guid":{"rendered":"https:\/\/kraftwerk-gruppe.de\/?post_type=product&#038;p=68253690"},"modified":"2026-04-15T02:11:01","modified_gmt":"2026-04-15T00:11:01","slug":"puleggia-compressore-hellcat-trackhawk-2-85-ruota-libera","status":"publish","type":"product","link":"https:\/\/kraftwerk-shop.cc\/it\/produkt\/hellcat-trackhawk-kompressorrad-2-85-freilauf\/","title":{"rendered":"Hellcat \/ Trackhawk \/ TRX puleggia compressore 2,85\u2033 con ruota libera"},"content":{"rendered":"<h1>Puleggia di sovralimentazione HellRaiser da 2,85\u2033 per una maggiore pressione di sovralimentazione<\/h1>\n<p>&nbsp;<\/p>\n<p>La ruota del compressore ha una ruota libera. La pressione di sovralimentazione viene aumentata di circa 3-4 PSI (0,2 - 0,25 bar).<\/p>\n<p>La puleggia HellRaiser di Litens High Performance ha un diametro di 2,85 pollici e ha lo stesso design delle pulegge standard, che hanno un diametro di 3,43 pollici.<\/p>\n<p>&nbsp;<\/p>\n<p><strong>Adatto per:<\/strong><\/p>\n<table width=\"449\">\n<tbody>\n<tr>\n<td width=\"115\"><strong>Marchio<\/strong><\/td>\n<td width=\"145\"><strong>Modello<\/strong><\/td>\n<td width=\"106\"><strong>Motore<\/strong><\/td>\n<td width=\"83\"><strong>Anno di costruzione<\/strong><\/td>\n<\/tr>\n<tr>\n<td width=\"115\">Dodge<\/td>\n<td width=\"145\">Charger<\/td>\n<td width=\"106\">6.2 Hellcat<\/td>\n<td width=\"83\">2015 \u2013 2023<\/td>\n<\/tr>\n<tr>\n<td width=\"115\">Dodge<\/td>\n<td width=\"145\">Challenger<\/td>\n<td width=\"106\">6.2 Hellcat<\/td>\n<td width=\"83\">2015 \u2013 2023<\/td>\n<\/tr>\n<tr>\n<td width=\"115\">Dodge<\/td>\n<td width=\"145\">Durango<\/td>\n<td width=\"106\">6.2 Hellcat<\/td>\n<td width=\"83\">2021 \u2013 2025<\/td>\n<\/tr>\n<tr>\n<td width=\"115\">Jeep<\/td>\n<td width=\"145\">Grand Cherokee<\/td>\n<td width=\"106\">6.2 Trackhawk<\/td>\n<td width=\"83\">2018 \u2013 2021<\/td>\n<\/tr>\n<tr>\n<td width=\"115\">RAM<\/td>\n<td width=\"145\">1500<\/td>\n<td width=\"106\">TRX<\/td>\n<td width=\"83\">2021 \u2013 2024<\/td>\n<\/tr>\n<\/tbody>\n<\/table>\n<p>&nbsp;<\/p>\n<p><strong>Note:<\/strong><\/p>\n<ul>\n<li>Questa puleggia \u00e8 destinata esclusivamente all'installazione professionale<\/li>\n<li>Per l'installazione sono necessari strumenti speciali<\/li>\n<li>\u00c8 necessaria una cinghia pi\u00f9 corta. Questa \u00e8 inclusa nella fornitura<\/li>\n<li>L'unit\u00e0 di controllo del motore deve essere adattata<\/li>\n<li>Sono necessarie ulteriori modifiche al veicolo<\/li>\n<li>Istruzioni di installazione in tedesco incluse<\/li>\n<\/ul>\n<p>&nbsp;<\/p>","protected":false},"excerpt":{"rendered":"<p>2,85\u2033 Puleggia di sovralimentazione HellRaiser per una maggiore pressione di sovralimentazione La ruota di sovralimentazione \u00e8 dotata di una ruota libera. La pressione di sovralimentazione aumenta di circa 3-4<\/p>","protected":false},"featured_media":68275451,"comment_status":"open","ping_status":"closed","template":"","meta":{"_acf_changed":false},"product_brand":[19062],"product_cat":[2585,2709,2708,2669,2701],"product_tag":[475,725,101,19400,54,53,729,49,3853,3854,3415,728,56,2452,100,731,723,50,4425,4427,4426,722,242,394,36,382,730,397,86,721,246,102,2353,233],"class_list":{"0":"post-68253690","1":"product","2":"type-product","3":"status-publish","4":"has-post-thumbnail","6":"product_brand-litens","7":"product_cat-challenger-hellcat-kompressor","8":"product_cat-charger-hellcat-kompressor","9":"product_cat-durango-hellcat-kompressor","10":"product_cat-trackhawk-kompressor","11":"product_cat-trx-kompressor","12":"product_tag-475","13":"product_tag-2-85","14":"product_tag-6-2","15":"product_tag-920669k","16":"product_tag-challenger","17":"product_tag-charger","18":"product_tag-clutched","19":"product_tag-dodge","20":"product_tag-dodge-challenger","21":"product_tag-dodge-charger","22":"product_tag-erhoehen","23":"product_tag-freilauf","24":"product_tag-grand-cherokee","25":"product_tag-hcsc","26":"product_tag-hellcat","27":"product_tag-hellraiser","28":"product_tag-hoeher","29":"product_tag-jeep","30":"product_tag-jeep-grand-cherokee","31":"product_tag-jeep-grand-cherokee-trackhawk","32":"product_tag-jeep-trackhawk","33":"product_tag-kleiner","34":"product_tag-kompressor","35":"product_tag-kompressorrad","36":"product_tag-kraftwerk","37":"product_tag-ladedruck","38":"product_tag-litens","39":"product_tag-pulley","40":"product_tag-ram","41":"product_tag-riemenscheibe","42":"product_tag-supercharger","43":"product_tag-trackhawk","44":"product_tag-trx","45":"product_tag-tuning","47":"first","48":"onbackorder","49":"taxable","50":"shipping-taxable","51":"purchasable","52":"product-type-simple"},"bundled_by":[],"bundle_stock_status":"onbackorder","bundle_stock_quantity":0,"bundle_virtual":false,"bundle_layout":"","bundle_add_to_cart_form_location":"","bundle_editable_in_cart":false,"bundle_sold_individually_context":"","bundle_item_grouping":"","bundle_min_size":"","bundle_max_size":"","bundle_price":[],"bundled_items":[],"bundle_sell_ids":[],"exclude_global_add_ons":[],"addons":[],"acf":[],"_links":{"self":[{"href":"https:\/\/kraftwerk-shop.cc\/it\/wp-json\/wp\/v2\/product\/68253690","targetHints":{"allow":["GET"]}}],"collection":[{"href":"https:\/\/kraftwerk-shop.cc\/it\/wp-json\/wp\/v2\/product"}],"about":[{"href":"https:\/\/kraftwerk-shop.cc\/it\/wp-json\/wp\/v2\/types\/product"}],"replies":[{"embeddable":true,"href":"https:\/\/kraftwerk-shop.cc\/it\/wp-json\/wp\/v2\/comments?post=68253690"}],"version-history":[{"count":0,"href":"https:\/\/kraftwerk-shop.cc\/it\/wp-json\/wp\/v2\/product\/68253690\/revisions"}],"wp:featuredmedia":[{"embeddable":true,"href":"https:\/\/kraftwerk-shop.cc\/it\/wp-json\/wp\/v2\/media\/68275451"}],"wp:attachment":[{"href":"https:\/\/kraftwerk-shop.cc\/it\/wp-json\/wp\/v2\/media?parent=68253690"}],"wp:term":[{"taxonomy":"product_brand","embeddable":true,"href":"https:\/\/kraftwerk-shop.cc\/it\/wp-json\/wp\/v2\/product_brand?post=68253690"},{"taxonomy":"product_cat","embeddable":true,"href":"https:\/\/kraftwerk-shop.cc\/it\/wp-json\/wp\/v2\/product_cat?post=68253690"},{"taxonomy":"product_tag","embeddable":true,"href":"https:\/\/kraftwerk-shop.cc\/it\/wp-json\/wp\/v2\/product_tag?post=68253690"}],"curies":[{"name":"wp","href":"https:\/\/api.w.org\/{rel}","templated":true}]}}