{"id":68254188,"date":"2021-09-17T12:59:12","date_gmt":"2021-09-17T12:59:12","guid":{"rendered":"https:\/\/kraftwerk-gruppe.de\/?post_type=product&#038;p=68254188"},"modified":"2026-02-15T00:02:41","modified_gmt":"2026-02-14T23:02:41","slug":"afe-power-54-76205-1-momentum-gt-pro-5r-presa-daria-fredda-grand-cherokee-durango-5-7","status":"publish","type":"product","link":"https:\/\/kraftwerk-shop.cc\/it\/produkt\/afe-power-54-76205-1-momentum-gt-pro-5r-cold-air-intake-grand-cherokee-durango-5-7\/","title":{"rendered":"Presa d'aria fredda aFe Momentum GT \/ Filtro aria sportivo Grand Cherokee &amp; Durango 5.7"},"content":{"rendered":"<h1>aFe POWER 54-76205-1 Sistema di aspirazione dell'aria fredda Momentum GT Pro 5R per Jeep Grand Cherokee e Dodge Durango 5.7<\/h1>\n<p>&nbsp;<\/p>\n<p><strong>Alloggiamento unico<\/strong><br \/>\nL'alloggiamento progettato al CAD in materiale resistente al calore garantisce una temperatura di aspirazione minima.<br \/>\nL'alloggiamento, stampato a rotazione, \u00e8 realizzato in polietilene reticolato nero.<\/p>\n<p><strong>Collettore di aspirazione<\/strong><br \/>\nQuesto sistema utilizza un collettore di aspirazione progettato al CAD, sviluppato sul banco di prova e prodotto con un processo rotativo, per garantire il massimo incremento delle prestazioni con un accoppiamento perfetto.<\/p>\n<p><strong>Grande filtro dell'aria a 5 strati ad alte prestazioni<\/strong><br \/>\nIl sistema di aspirazione Momentum GT \u00e8 stato progettato attorno al filtro dell'aria pi\u00f9 grande possibile per massimizzare il filtraggio e le prestazioni.<br \/>\nIl filtro conico ha una solida flangia ovale da 9 pollici.<br \/>\nIl filtro dell'aria Pro 5R Performance \u00e8 costituito da 5 strati di materiale filtrante in cotone a maglie progressivamente pi\u00f9 strette, che viene bagnato con uno speciale olio filtrante e pu\u00f2 essere lavato.<\/p>\n<p><strong>Materiale di installazione di alta qualit\u00e0<\/strong><br \/>\nI morsetti a vite senza fine in acciaio inox e il tubo flessibile in silicone rinforzato garantiscono stabilit\u00e0 e durata, oltre a un'installazione facile e sicura. I sistemi di aspirazione Momentum sono progettati con il minor numero possibile di componenti singoli per garantire un'installazione rapida e semplice.<\/p>\n<p>&nbsp;<\/p>\n<p><strong>dettagli<\/strong><\/p>\n<p>- + 16 PS, + 32 NM aumento massimo di potenza<br \/>\n- 38% maggiore portata rispetto al filtro aria standard<br \/>\n- Collettore di aspirazione sviluppato al CAD<br \/>\n- Alloggiamento in un unico pezzo chiuso nella parte superiore con finestra di visualizzazione incorporata<br \/>\n- Filtro aria Pro 10R pre-oliato, lavabile e riutilizzabile per le massime prestazioni<br \/>\n- Design unico dell'alloggiamento del filtro<br \/>\n- Montaggio perfetto, non \u00e8 necessario forare o tagliare le parti originali.<\/p>\n<p><strong>Adatto per:<\/strong><\/p>\n<table width=\"584\">\n<tbody>\n<tr>\n<td width=\"97\"><strong>Anno di costruzione<\/strong><\/td>\n<td width=\"158\"><strong>Marchio<\/strong><\/td>\n<td width=\"134\"><strong>Modello<\/strong><\/td>\n<td width=\"112\"><strong>Variante<\/strong><\/td>\n<td width=\"83\"><strong>Motore<\/strong><\/td>\n<\/tr>\n<tr>\n<td width=\"97\">2011-2025<\/td>\n<td width=\"158\">Dodge<\/td>\n<td width=\"134\">Durango<\/td>\n<td width=\"112\">5.7 Hemi<\/td>\n<td width=\"83\">V8 5.7L<\/td>\n<\/tr>\n<tr>\n<td width=\"97\">2011-2021<\/td>\n<td width=\"158\">Jeep<\/td>\n<td width=\"134\">Grand Cherokee (WK)<\/td>\n<td width=\"112\">5.7 Hemi<\/td>\n<td width=\"83\">V8 5.7L<\/td>\n<\/tr>\n<\/tbody>\n<\/table>","protected":false},"excerpt":{"rendered":"<p>aFe POWER 54-76205-1 Sistema di aspirazione dell'aria fredda Momentum GT Pro 5R per Jeep Grand Cherokee e Dodge Durango 5.7 &nbsp;<\/p>","protected":false},"featured_media":68276994,"comment_status":"open","ping_status":"closed","template":"","meta":{"_acf_changed":false},"product_brand":[16879],"product_cat":[2521,2500],"product_tag":[176,177,165,248,249,250,251,252,419,420,2066,4527,91,899,16880,498,2441,826,824,825,49,95,56,126,50,4425,20273,57,822,500],"class_list":{"0":"post-68254188","1":"product","2":"type-product","3":"status-publish","4":"has-post-thumbnail","6":"product_brand-afe-power","7":"product_cat-durango-57-ansaugung","8":"product_cat-grand-cherokee-57-2011-2021-ansaugung","9":"product_tag-176","10":"product_tag-177","11":"product_tag-165","12":"product_tag-248","13":"product_tag-249","14":"product_tag-250","15":"product_tag-251","16":"product_tag-252","17":"product_tag-419","18":"product_tag-420","19":"product_tag-2066","20":"product_tag-2022-2023","21":"product_tag-5-7","22":"product_tag-54-76205-1","23":"product_tag-advanced-flow-engineering","24":"product_tag-afe","25":"product_tag-afe-power","26":"product_tag-ansaugung","27":"product_tag-cai","28":"product_tag-cold-air-intake","29":"product_tag-dodge","30":"product_tag-durango","31":"product_tag-grand-cherokee","32":"product_tag-hemi","33":"product_tag-jeep","34":"product_tag-jeep-grand-cherokee","35":"product_tag-keintuev","36":"product_tag-luftfilter","37":"product_tag-momentum","38":"product_tag-sportluftfilter","39":"product_shipping_class-deutschlandohne","41":"first","42":"instock","43":"taxable","44":"shipping-taxable","45":"purchasable","46":"product-type-simple"},"bundled_by":[],"bundle_stock_status":"instock","bundle_stock_quantity":1,"bundle_virtual":false,"bundle_layout":"","bundle_add_to_cart_form_location":"","bundle_editable_in_cart":false,"bundle_sold_individually_context":"","bundle_item_grouping":"","bundle_min_size":"","bundle_max_size":"","bundle_price":[],"bundled_items":[],"bundle_sell_ids":[],"exclude_global_add_ons":[],"addons":[],"acf":[],"_links":{"self":[{"href":"https:\/\/kraftwerk-shop.cc\/it\/wp-json\/wp\/v2\/product\/68254188","targetHints":{"allow":["GET"]}}],"collection":[{"href":"https:\/\/kraftwerk-shop.cc\/it\/wp-json\/wp\/v2\/product"}],"about":[{"href":"https:\/\/kraftwerk-shop.cc\/it\/wp-json\/wp\/v2\/types\/product"}],"replies":[{"embeddable":true,"href":"https:\/\/kraftwerk-shop.cc\/it\/wp-json\/wp\/v2\/comments?post=68254188"}],"version-history":[{"count":0,"href":"https:\/\/kraftwerk-shop.cc\/it\/wp-json\/wp\/v2\/product\/68254188\/revisions"}],"wp:featuredmedia":[{"embeddable":true,"href":"https:\/\/kraftwerk-shop.cc\/it\/wp-json\/wp\/v2\/media\/68276994"}],"wp:attachment":[{"href":"https:\/\/kraftwerk-shop.cc\/it\/wp-json\/wp\/v2\/media?parent=68254188"}],"wp:term":[{"taxonomy":"product_brand","embeddable":true,"href":"https:\/\/kraftwerk-shop.cc\/it\/wp-json\/wp\/v2\/product_brand?post=68254188"},{"taxonomy":"product_cat","embeddable":true,"href":"https:\/\/kraftwerk-shop.cc\/it\/wp-json\/wp\/v2\/product_cat?post=68254188"},{"taxonomy":"product_tag","embeddable":true,"href":"https:\/\/kraftwerk-shop.cc\/it\/wp-json\/wp\/v2\/product_tag?post=68254188"}],"curies":[{"name":"wp","href":"https:\/\/api.w.org\/{rel}","templated":true}]}}