{"id":68254302,"date":"2021-09-17T13:00:04","date_gmt":"2021-09-17T13:00:04","guid":{"rendered":"https:\/\/kraftwerk-gruppe.de\/?post_type=product&#038;p=68254302"},"modified":"2026-04-15T11:03:31","modified_gmt":"2026-04-15T09:03:31","slug":"dodge-challenger-hellcat-scatola-filtro-aria-airbox","status":"publish","type":"product","link":"https:\/\/kraftwerk-shop.cc\/it\/produkt\/dodge-challenger-hellcat-luftfilterkasten-airbox\/","title":{"rendered":"Dodge Challenger Hellcat scatola filtro aria \/ airbox (ricambio originale Mopar)"},"content":{"rendered":"<h1>Scatola filtro aria originale Mopar Dodge Challenger Hellcat<\/h1>\n<p>&nbsp;<\/p>\n<p>Desiderate una maggiore potenza per il vostro Dodge Challenger (anno di modello 2015 - 2023)?<\/p>\n<p>Quindi convertire la scatola del filtro dell'aria nella variante dell'Hellcat con aspirazione attraverso il faro.<\/p>\n<p>Con questo condotto d'aria si ottengono migliori prestazioni grazie a un'aspirazione dell'aria ancora pi\u00f9 efficace.<br \/>\nQuesto sistema utilizza l'opzione di alimentazione dell'aria direttamente attraverso il faro, montata in fabbrica ma non attiva.<\/p>\n<p>L'aria fredda viene convogliata direttamente al filtro dell'aria attraverso il percorso pi\u00f9 breve.<br \/>\nL'aria pi\u00f9 fredda e densa significa che il motore funziona in modo pi\u00f9 efficiente e quindi sviluppa pi\u00f9 potenza.<br \/>\nProprio come la Challenger Hellcat, questa presa funziona con la scatola del filtro dell'aria di fabbrica della Hellcat e con il tubo di collegamento Dynamic AIr Scoop per il faro.<\/p>\n<p>\u00c8 disponibile in 2 versioni:<\/p>\n<p><a href=\"https:\/\/kraftwerk-shop.cc\/it\/prodotto\/afe-power-54-72203-s-momentum-gt-sistema-di-aspirazione-dinamico-air-scoop\/\">Variante 1 ( 2015 - 2018)<\/a><br \/>\n<a href=\"https:\/\/kraftwerk-shop.cc\/it\/prodotto\/afe-power-50-70009s-sistema-di-aspirazione-momentum-gt-con-presa-daria-dinamica\/\">Variante 2 (2019 - 2023)<\/a><\/p>\n<p>&nbsp;<\/p>\n<p>La scatola del filtro dell'aria viene sostituita con quella originale e collegata alla presa d'aria esistente nel faro.<br \/>\n\u00c8 disponibile su tutti i modelli Challenger dal 2015 ed \u00e8 chiuso solo da un coperchio rimovibile.<\/p>\n<p>Non sono necessarie ulteriori modifiche al veicolo.<br \/>\nIl filtro dell'aria originale pu\u00f2 continuare a essere utilizzato o pu\u00f2 essere sostituito con uno nuovo. <a href=\"https:\/\/kraftwerk-shop.cc\/it\/prodotto\/filtro-aria-sportivo-afe-magnum-flow-pro-5r-30-10220\/\">Filtro aria ad alto flusso<\/a> essere scambiati.<\/p>\n<h4><\/h4>\n<p><strong>Ambito di fornitura:<\/strong><\/p>\n<ul>\n<li>Parte inferiore della scatola del filtro dell'aria (parte originale Mopar)<\/li>\n<\/ul>\n<p>&nbsp;<\/p>\n<p><strong>Adatto per:<\/strong><\/p>\n<table border=\"0\" width=\"802\" cellspacing=\"0\" cellpadding=\"0\">\n<colgroup>\n<col \/>\n<col \/>\n<col \/>\n<col \/>\n<col \/> <\/colgroup>\n<tbody>\n<tr>\n<td style=\"height: 20px; width: 171px;\" height=\"20\"><strong>Anno di costruzione<\/strong><\/td>\n<td style=\"width: 165px;\"><strong>Marchio<\/strong><\/td>\n<td style=\"width: 179px;\"><strong>Modello<\/strong><\/td>\n<td style=\"width: 220px;\"><strong>Variante<\/strong><\/td>\n<td style=\"width: 68px;\"><strong>Motore<\/strong><\/td>\n<\/tr>\n<tr>\n<td style=\"height: 20px; width: 171px;\" height=\"20\">2015-2023<\/td>\n<td style=\"width: 165px;\">Dodge<\/td>\n<td style=\"width: 179px;\">Challenger<\/td>\n<td style=\"width: 220px;\">SE\/SXT\/SXT Plus<\/td>\n<td style=\"width: 68px;\">V6 3.6L<\/td>\n<\/tr>\n<tr>\n<td style=\"height: 20px; width: 171px;\" height=\"20\">2015-2023<\/td>\n<td style=\"width: 165px;\">Dodge<\/td>\n<td style=\"width: 179px;\">Challenger<\/td>\n<td style=\"width: 220px;\">R\/T HEMI; SRT 392 HEMI<\/td>\n<td style=\"width: 68px;\">V8 5.7L<\/td>\n<\/tr>\n<tr>\n<td style=\"height: 20px; width: 171px;\" height=\"20\">2015-2023<\/td>\n<td style=\"width: 165px;\">Dodge<\/td>\n<td style=\"width: 179px;\">Challenger<\/td>\n<td style=\"width: 220px;\">SRT 392 HEMI<\/td>\n<td style=\"width: 68px;\">V8 6.4L<\/td>\n<\/tr>\n<\/tbody>\n<\/table>\n<p>&nbsp;<\/p>\n<p><iframe loading=\"lazy\" title=\"Lettore video di YouTube\" src=\"https:\/\/www.youtube.com\/embed\/02Pzi6CWgrQ\" width=\"560\" height=\"315\" frameborder=\"0\" allowfullscreen=\"allowfullscreen\"><\/iframe><\/p>","protected":false},"excerpt":{"rendered":"<p>Scatola filtro aria originale Mopar Hellcat per il collegamento della presa d'aria nel proiettore<\/p>","protected":false},"featured_media":68269326,"comment_status":"open","ping_status":"closed","template":"","meta":{"_acf_changed":false},"product_brand":[16879],"product_cat":[2523,2501,2512],"product_tag":[249,250,251,252,419,420,2066,935,16880,498,2441,894,826,824,54,53,825,49,3853,613,100,126,57,2327,31,7221,34,895,500,96],"class_list":{"0":"post-68254302","1":"product","2":"type-product","3":"status-publish","4":"has-post-thumbnail","6":"product_brand-afe-power","7":"product_cat-challenger-36-ansaugung","8":"product_cat-challenger-57-ansaugung","9":"product_cat-challenger-64-ansaugung","10":"product_tag-249","11":"product_tag-250","12":"product_tag-251","13":"product_tag-252","14":"product_tag-419","15":"product_tag-420","16":"product_tag-2066","17":"product_tag-68175164ac","18":"product_tag-advanced-flow-engineering","19":"product_tag-afe","20":"product_tag-afe-power","21":"product_tag-air-scoop","22":"product_tag-ansaugung","23":"product_tag-cai","24":"product_tag-challenger","25":"product_tag-charger","26":"product_tag-cold-air-intake","27":"product_tag-dodge","28":"product_tag-dodge-challenger","29":"product_tag-gehaeuse","30":"product_tag-hellcat","31":"product_tag-hemi","32":"product_tag-luftfilter","33":"product_tag-luftfilterkasten","34":"product_tag-mopar","35":"product_tag-mopar10","36":"product_tag-original","37":"product_tag-scheinwerfer","38":"product_tag-sportluftfilter","39":"product_tag-srt","41":"first","42":"instock","43":"taxable","44":"shipping-taxable","45":"purchasable","46":"product-type-simple"},"bundled_by":[],"bundle_stock_status":"instock","bundle_stock_quantity":5,"bundle_virtual":false,"bundle_layout":"","bundle_add_to_cart_form_location":"","bundle_editable_in_cart":false,"bundle_sold_individually_context":"","bundle_item_grouping":"","bundle_min_size":"","bundle_max_size":"","bundle_price":[],"bundled_items":[],"bundle_sell_ids":[],"exclude_global_add_ons":[],"addons":[],"acf":[],"_links":{"self":[{"href":"https:\/\/kraftwerk-shop.cc\/it\/wp-json\/wp\/v2\/product\/68254302","targetHints":{"allow":["GET"]}}],"collection":[{"href":"https:\/\/kraftwerk-shop.cc\/it\/wp-json\/wp\/v2\/product"}],"about":[{"href":"https:\/\/kraftwerk-shop.cc\/it\/wp-json\/wp\/v2\/types\/product"}],"replies":[{"embeddable":true,"href":"https:\/\/kraftwerk-shop.cc\/it\/wp-json\/wp\/v2\/comments?post=68254302"}],"version-history":[{"count":0,"href":"https:\/\/kraftwerk-shop.cc\/it\/wp-json\/wp\/v2\/product\/68254302\/revisions"}],"wp:featuredmedia":[{"embeddable":true,"href":"https:\/\/kraftwerk-shop.cc\/it\/wp-json\/wp\/v2\/media\/68269326"}],"wp:attachment":[{"href":"https:\/\/kraftwerk-shop.cc\/it\/wp-json\/wp\/v2\/media?parent=68254302"}],"wp:term":[{"taxonomy":"product_brand","embeddable":true,"href":"https:\/\/kraftwerk-shop.cc\/it\/wp-json\/wp\/v2\/product_brand?post=68254302"},{"taxonomy":"product_cat","embeddable":true,"href":"https:\/\/kraftwerk-shop.cc\/it\/wp-json\/wp\/v2\/product_cat?post=68254302"},{"taxonomy":"product_tag","embeddable":true,"href":"https:\/\/kraftwerk-shop.cc\/it\/wp-json\/wp\/v2\/product_tag?post=68254302"}],"curies":[{"name":"wp","href":"https:\/\/api.w.org\/{rel}","templated":true}]}}