{"id":68255358,"date":"2021-09-17T13:03:22","date_gmt":"2021-09-17T13:03:22","guid":{"rendered":"https:\/\/kraftwerk-gruppe.de\/?post_type=product&#038;p=68255358"},"modified":"2026-02-15T00:00:53","modified_gmt":"2026-02-14T23:00:53","slug":"sistema-di-scarico-borla-touring-ram-1500-5-7-140758","status":"publish","type":"product","link":"https:\/\/kraftwerk-shop.cc\/it\/produkt\/borla-touring-auspuffanlage-ram-1500-5-7-140758\/","title":{"rendered":"Sistema di scarico BORLA Touring per RAM 1500 5.7"},"content":{"rendered":"<h1>BORLA Touring 140758 Sistema di scarico ad alte prestazioni per RAM 1500 5.7 modello 2019 - 2024<\/h1>\n<p>&nbsp;<\/p>\n<p>Il suono profondo e gutturale \u00e8 appena pi\u00f9 forte di quello standard ed enfatizza il carattere del motore senza il fastidioso ronzio che si verifica con molti sistemi aftermarket. \u00c8 ideale per l'uso quotidiano e anche i passeggeri pi\u00f9 sensibili apprezzeranno il suono.<\/p>\n<p><strong>Sviluppata appositamente per i motociclisti esigenti che percorrono lunghe distanze, la Touring \u00e8 la pi\u00f9 silenziosa delle tre varianti audio Borla.<\/strong><\/p>\n<p>Durante lo sviluppo di questo sistema di scarico, la progettazione gas-dinamica e aerodinamica \u00e8 stata la prima priorit\u00e0, seguita dall'ingegneria del suono.<br \/>\nQuesto approccio elaborato, raramente praticato nel settore, significa che la potenza e la coppia non vengono sacrificate per il suono, ma sono armonizzate tra loro.<\/p>\n<p>Questo \u00e8 il risultato speciale di Borla. Non \u00e8 sempre riconoscibile a prima vista - ma \u00e8 questo che fa la grande differenza tra la mediocrit\u00e0 e la genialit\u00e0 tecnica.<\/p>\n<p>Con molti altri sistemi di scarico, i costi di sviluppo vengono mantenuti bassi e si presta attenzione solo al suono. Di conseguenza, questi sistemi hanno spesso un buon suono, ma comportano una perdita di potenza e quindi non meritano di essere chiamati \"scarichi sportivi\".<\/p>\n<p>Dovrebbe esserne consapevole. Con questa conoscenza, potr\u00e0 prendere una decisione informata a favore o contro un particolare sistema di scarico sportivo.<\/p>\n<p>I sistemi di scarico sportivi Borla sono realizzati in acciaio inossidabile ad alta lega della serie T304, secondo lo standard americano AISI.<\/p>\n<p>&nbsp;<\/p>\n<table border=\"0\" width=\"335\" cellspacing=\"0\" cellpadding=\"0\">\n<colgroup>\n<col \/>\n<col \/> <\/colgroup>\n<tbody>\n<tr>\n<td style=\"height: 20px; width: 149px;\" height=\"20\">Tipo di scarico<\/td>\n<td style=\"width: 187px;\">Cat-Back<\/td>\n<\/tr>\n<tr>\n<td style=\"height: 40px; width: 149px;\" height=\"40\">Diametro del tubo<\/td>\n<td>Da 3 a 2,5 pollici<\/td>\n<\/tr>\n<tr>\n<td style=\"height: 80px; width: 149px;\" height=\"80\">Tubo di scappamento<\/td>\n<td style=\"width: 187px;\">Taglio angolare rotondo singolo, si inserisce nelle scanalature del paraurti originale (vedere le immagini).<\/td>\n<\/tr>\n<\/tbody>\n<\/table>\n<p><u><strong>Non \u00e8 adatto per RAM Classic.<\/strong><\/u><\/p>\n<p>&nbsp;<\/p>\n<p><strong>Nota importante per i veicoli con disattivazione dei cilindri:<\/strong><\/p>\n<p>A causa della disattivazione dei cilindri, il suono in modalit\u00e0 4 cilindri in combinazione con uno scarico sportivo (indipendentemente dal produttore) \u00e8 spesso percepito come \"inadatto\".<br \/>\nPossiamo rimediare a questo problema disattivando elettronicamente la disattivazione dei cilindri.<br \/>\nIl veicolo funziona sempre con tutti gli 8 cilindri e ha sempre il suono V8 desiderato.<\/p>\n<p>Ai clienti che acquistano questo impianto di scarico Borla da noi, offriamo la disattivazione dei cilindri per questo modello a un prezzo speciale di 179 euro (invece di 279 euro) IVA inclusa.<\/p>\n<p>&nbsp;<\/p>\n<p><iframe loading=\"lazy\" title=\"Scarico Borla per il 2019 2022 RAM 1500 Suoni di scarico\" width=\"500\" height=\"281\" src=\"https:\/\/www.youtube.com\/embed\/LrUXBwdG8ow?feature=oembed\" frameborder=\"0\" allow=\"accelerometer; autoplay; clipboard-write; encrypted-media; gyroscope; picture-in-picture; web-share\" referrerpolicy=\"strict-origin-when-cross-origin\" allowfullscreen><\/iframe><\/p>","protected":false},"excerpt":{"rendered":"<p>2019 \u2013 2024<\/p>","protected":false},"featured_media":68276573,"comment_status":"open","ping_status":"closed","template":"","meta":{"_acf_changed":false},"product_brand":[17170],"product_cat":[3024,6623],"product_tag":[2249,475,1046,1035,1036,546,1037,1032,2443,1047,429,49,1043,1039,1042,532,529,441,20273,1040,1044,86,1045,1041,547,1034,1038,1057,233],"class_list":{"0":"post-68255358","1":"product","2":"type-product","3":"status-publish","4":"has-post-thumbnail","6":"product_brand-borla","7":"product_cat-nicht-nach-eu","8":"product_cat-1500-57-dt-abgasanlage-catback","9":"product_tag-2249","10":"product_tag-475","11":"product_tag-abe","12":"product_tag-abgasanlage","13":"product_tag-abgassystem","14":"product_tag-auspuff","15":"product_tag-auspuffsystem","16":"product_tag-borla","17":"product_tag-borla-exhaust","18":"product_tag-cat-back","19":"product_tag-deutschland","20":"product_tag-dodge","21":"product_tag-endrohr","22":"product_tag-endschalldaempfer","23":"product_tag-endtopf","24":"product_tag-kat","25":"product_tag-katalysator","26":"product_tag-kaufen","27":"product_tag-keintuev","28":"product_tag-laut","29":"product_tag-mittelschalldaempfer","30":"product_tag-ram","31":"product_tag-sound","32":"product_tag-sport","33":"product_tag-sportauspuff","34":"product_tag-sportauspuffanlage","35":"product_tag-sportendschalldaempfer","36":"product_tag-touring","37":"product_tag-tuning","38":"product_shipping_class-spedition-1","40":"first","41":"onbackorder","42":"taxable","43":"shipping-taxable","44":"purchasable","45":"product-type-simple"},"bundled_by":[],"bundle_stock_status":"onbackorder","bundle_stock_quantity":0,"bundle_virtual":false,"bundle_layout":"","bundle_add_to_cart_form_location":"","bundle_editable_in_cart":false,"bundle_sold_individually_context":"","bundle_item_grouping":"","bundle_min_size":"","bundle_max_size":"","bundle_price":[],"bundled_items":[],"bundle_sell_ids":[],"exclude_global_add_ons":[],"addons":[],"acf":[],"_links":{"self":[{"href":"https:\/\/kraftwerk-shop.cc\/it\/wp-json\/wp\/v2\/product\/68255358","targetHints":{"allow":["GET"]}}],"collection":[{"href":"https:\/\/kraftwerk-shop.cc\/it\/wp-json\/wp\/v2\/product"}],"about":[{"href":"https:\/\/kraftwerk-shop.cc\/it\/wp-json\/wp\/v2\/types\/product"}],"replies":[{"embeddable":true,"href":"https:\/\/kraftwerk-shop.cc\/it\/wp-json\/wp\/v2\/comments?post=68255358"}],"version-history":[{"count":0,"href":"https:\/\/kraftwerk-shop.cc\/it\/wp-json\/wp\/v2\/product\/68255358\/revisions"}],"wp:featuredmedia":[{"embeddable":true,"href":"https:\/\/kraftwerk-shop.cc\/it\/wp-json\/wp\/v2\/media\/68276573"}],"wp:attachment":[{"href":"https:\/\/kraftwerk-shop.cc\/it\/wp-json\/wp\/v2\/media?parent=68255358"}],"wp:term":[{"taxonomy":"product_brand","embeddable":true,"href":"https:\/\/kraftwerk-shop.cc\/it\/wp-json\/wp\/v2\/product_brand?post=68255358"},{"taxonomy":"product_cat","embeddable":true,"href":"https:\/\/kraftwerk-shop.cc\/it\/wp-json\/wp\/v2\/product_cat?post=68255358"},{"taxonomy":"product_tag","embeddable":true,"href":"https:\/\/kraftwerk-shop.cc\/it\/wp-json\/wp\/v2\/product_tag?post=68255358"}],"curies":[{"name":"wp","href":"https:\/\/api.w.org\/{rel}","templated":true}]}}