{"id":68255422,"date":"2021-09-17T13:03:54","date_gmt":"2021-09-17T13:03:54","guid":{"rendered":"https:\/\/kraftwerk-gruppe.de\/?post_type=product&#038;p=68255422"},"modified":"2026-03-18T18:44:06","modified_gmt":"2026-03-18T17:44:06","slug":"pastiglie-freno-dba-db2375xp","status":"publish","type":"product","link":"https:\/\/kraftwerk-shop.cc\/it\/produkt\/dba-bremsbelaege-db2375xp\/","title":{"rendered":"Pastiglie freno DBA Xtreme Performance Dodge SRT, Hellcat &amp; Grand Cherokee SRT"},"content":{"rendered":"<h1>Pastiglie freno DBA DB2375XP per Chrysler 300C, Dodge Challenger e Charger 6.2 Hellcat e 6.4 SRT, Dodge Durango 6.4 SRT e Jeep Grand Cherokee 6.4 SRT<\/h1>\n<p>&nbsp;<\/p>\n<p>Le pastiglie freno Xtreme Performance di DBA sono state sviluppate per i conducenti che si aspettano un'elevata aderenza iniziale e resistenza all'attrito dalle basse alle alte temperature.<br \/>\nLa serie XP \u00e8 progettata per applicazioni pesanti in cui \u00e8 richiesto un livello di attrito pi\u00f9 elevato per frenare in sicurezza in condizioni estreme.<\/p>\n<p>DBA consiglia l'abbinamento con i rotori scanalati T3 delle serie 4000 e 5000 per ottenere prestazioni di frenata ottimali.<br \/>\nSpecifiche:<\/p>\n<ul>\n<li>Materiale d'attrito semi-metallico rinforzato con fibre di carbonio<\/li>\n<li>Il coefficiente di attrito \u00e8 in media di 0,45 dalle basse alle alte temperature.<\/li>\n<li>\u00a0Prestazioni eccezionali alle alte temperature<\/li>\n<li>Consistenza ottimale della frenata fino a 550<span style=\"font-family: cambria math,serif;\">\u2103<\/span> (1022<span style=\"font-family: cambria math,serif;\">\u2109<\/span>)<\/li>\n<\/ul>\n<p>&nbsp;<\/p>\n<p><strong>Numeri di confronto Mopar:<\/strong> 68144427AA, 68144427AB, 68303052AA, 68248384AA, 68248384AB, 68248384AC, 68248384AD, 68525329AA, 68525329AB<\/p>\n<p>&nbsp;<\/p>\n<p><strong>Adatto per:<\/strong><\/p>\n<table width=\"873\">\n<tbody>\n<tr>\n<td width=\"209\">Chrysler<\/td>\n<td width=\"133\">300C<\/td>\n<td width=\"206\">6.4<\/td>\n<td width=\"325\">2015 - 2020 con dischi freno da 390 mm<\/td>\n<\/tr>\n<tr>\n<td width=\"209\">Chrysler<\/td>\n<td width=\"133\">300C<\/td>\n<td width=\"206\">6.4<\/td>\n<td width=\"325\">2021 - 2023 con dischi freno da 400 mm<\/td>\n<\/tr>\n<tr>\n<td width=\"209\">Dodge<\/td>\n<td width=\"133\">Challenger<\/td>\n<td width=\"206\">6.4<\/td>\n<td width=\"325\">2015 - 2020 con dischi freno da 390 mm<\/td>\n<\/tr>\n<tr>\n<td width=\"209\">Dodge<\/td>\n<td width=\"133\">Challenger<\/td>\n<td width=\"206\">6.4<\/td>\n<td width=\"325\">2021 - 2023 con dischi freno da 400 mm<\/td>\n<\/tr>\n<tr>\n<td width=\"209\">Dodge<\/td>\n<td width=\"133\">Challenger Hellcat<\/td>\n<td width=\"206\">6.2<\/td>\n<td width=\"325\">2015 - 2020 con dischi freno da 390 mm<\/td>\n<\/tr>\n<tr>\n<td width=\"209\">Dodge<\/td>\n<td width=\"133\">Challenger Hellcat<\/td>\n<td width=\"206\">6.2<\/td>\n<td width=\"325\">2021 - 2023 con dischi freno da 400 mm<\/td>\n<\/tr>\n<tr>\n<td width=\"209\">Dodge<\/td>\n<td width=\"133\">Charger<\/td>\n<td width=\"206\">6.4<\/td>\n<td width=\"325\">2015 - 2020 con dischi freno da 390 mm<\/td>\n<\/tr>\n<tr>\n<td width=\"209\">Dodge<\/td>\n<td width=\"133\">Charger<\/td>\n<td width=\"206\">6.4<\/td>\n<td width=\"325\">2021 - 2023 con dischi freno da 400 mm<\/td>\n<\/tr>\n<tr>\n<td width=\"209\">Dodge<\/td>\n<td width=\"133\">Charger Hellcat<\/td>\n<td width=\"206\">6.2<\/td>\n<td width=\"325\">2015 - 2020 con dischi freno da 390 mm<\/td>\n<\/tr>\n<tr>\n<td width=\"209\">Dodge<\/td>\n<td width=\"133\">Charger Hellcat<\/td>\n<td width=\"206\">6.2<\/td>\n<td width=\"325\">2021 - 2023 con dischi freno da 400 mm<\/td>\n<\/tr>\n<tr>\n<td width=\"209\">Jeep<\/td>\n<td width=\"133\">Grand Cherokee<\/td>\n<td width=\"206\">6.4<\/td>\n<td width=\"325\">2011 - 2021 con dischi freno da 380 mm<\/td>\n<\/tr>\n<tr>\n<td width=\"209\">Dodge<\/td>\n<td width=\"133\">Durango<\/td>\n<td width=\"206\">6.4<\/td>\n<td width=\"325\">2018 - 2024 con dischi freno da 380 mm<\/td>\n<\/tr>\n<\/tbody>\n<\/table>\n<p>&nbsp;<\/p>\n<p><strong>Autorizzazione:<\/strong> S\u00ec<\/p>\n<p>Il prezzo si riferisce a 1 set per l'asse anteriore completo.<\/p>\n<p>&nbsp;<\/p>","protected":false},"excerpt":{"rendered":"<p>Adatto per dischi freno da 380, 390 e 400 mm<\/p>","protected":false},"featured_media":68271227,"comment_status":"open","ping_status":"closed","template":"","meta":{"_acf_changed":false},"product_brand":[18922],"product_cat":[17735,17691,17687,17759,17763,17932,17966],"product_tag":[929,930,945,943,944,6821,931,1046,832,838,590,10803,10805,795,839,840,54,53,9901,789,49,3853,3854,95,2325,692,56,1070,100,50,4425,31,96,102,2139,842,841,673,2137],"class_list":{"0":"post-68255422","1":"product","2":"type-product","3":"status-publish","4":"has-post-thumbnail","6":"product_brand-dba","7":"product_cat-300c-64-bremsbelaege-vorne","8":"product_cat-challenger-hellcat-bremsbelaege-vorne","9":"product_cat-challenger-64-bremsbelaege-vorne","10":"product_cat-charger-hellcat-bremsbelaege-vorne","11":"product_cat-charger-64-bremsbelaege-vorne","12":"product_cat-durango-64-bremsbelaege-vorne","13":"product_cat-grand-cherokee-64-bremsbelaege-vorne","14":"product_tag-68144427aa","15":"product_tag-68144427ab","16":"product_tag-68248384aa","17":"product_tag-68248384ab","18":"product_tag-68248384ac","19":"product_tag-68248384ad","20":"product_tag-68303052aa","21":"product_tag-abe","22":"product_tag-brembo","23":"product_tag-bremsbelag","24":"product_tag-bremsbelaege","25":"product_tag-bremsbelaege-fuer-dodge-challenger-6-4","26":"product_tag-bremsbelaege-fuer-jeep-grand-cherokee-6-4-srt","27":"product_tag-bremse","28":"product_tag-bremsklotz","29":"product_tag-bremskloetze","30":"product_tag-challenger","31":"product_tag-charger","32":"product_tag-db2375xp","33":"product_tag-dba","34":"product_tag-dodge","35":"product_tag-dodge-challenger","36":"product_tag-dodge-charger","37":"product_tag-durango","38":"product_tag-eg","39":"product_tag-ersatzteil","40":"product_tag-grand-cherokee","41":"product_tag-hawk","42":"product_tag-hellcat","43":"product_tag-jeep","44":"product_tag-jeep-grand-cherokee","45":"product_tag-mopar","46":"product_tag-srt","47":"product_tag-trackhawk","48":"product_tag-tuev","49":"product_tag-vorderachse","50":"product_tag-vorne","51":"product_tag-zubehoer","52":"product_tag-zulassung","54":"first","55":"instock","56":"taxable","57":"shipping-taxable","58":"purchasable","59":"product-type-simple"},"bundled_by":[],"bundle_stock_status":"instock","bundle_stock_quantity":10,"bundle_virtual":false,"bundle_layout":"","bundle_add_to_cart_form_location":"","bundle_editable_in_cart":false,"bundle_sold_individually_context":"","bundle_item_grouping":"","bundle_min_size":"","bundle_max_size":"","bundle_price":[],"bundled_items":[],"bundle_sell_ids":[],"exclude_global_add_ons":[],"addons":[],"acf":[],"_links":{"self":[{"href":"https:\/\/kraftwerk-shop.cc\/it\/wp-json\/wp\/v2\/product\/68255422","targetHints":{"allow":["GET"]}}],"collection":[{"href":"https:\/\/kraftwerk-shop.cc\/it\/wp-json\/wp\/v2\/product"}],"about":[{"href":"https:\/\/kraftwerk-shop.cc\/it\/wp-json\/wp\/v2\/types\/product"}],"replies":[{"embeddable":true,"href":"https:\/\/kraftwerk-shop.cc\/it\/wp-json\/wp\/v2\/comments?post=68255422"}],"version-history":[{"count":0,"href":"https:\/\/kraftwerk-shop.cc\/it\/wp-json\/wp\/v2\/product\/68255422\/revisions"}],"wp:featuredmedia":[{"embeddable":true,"href":"https:\/\/kraftwerk-shop.cc\/it\/wp-json\/wp\/v2\/media\/68271227"}],"wp:attachment":[{"href":"https:\/\/kraftwerk-shop.cc\/it\/wp-json\/wp\/v2\/media?parent=68255422"}],"wp:term":[{"taxonomy":"product_brand","embeddable":true,"href":"https:\/\/kraftwerk-shop.cc\/it\/wp-json\/wp\/v2\/product_brand?post=68255422"},{"taxonomy":"product_cat","embeddable":true,"href":"https:\/\/kraftwerk-shop.cc\/it\/wp-json\/wp\/v2\/product_cat?post=68255422"},{"taxonomy":"product_tag","embeddable":true,"href":"https:\/\/kraftwerk-shop.cc\/it\/wp-json\/wp\/v2\/product_tag?post=68255422"}],"curies":[{"name":"wp","href":"https:\/\/api.w.org\/{rel}","templated":true}]}}