{"id":68255424,"date":"2021-09-17T13:03:54","date_gmt":"2021-09-17T13:03:54","guid":{"rendered":"https:\/\/kraftwerk-gruppe.de\/?post_type=product&#038;p=68255424"},"modified":"2026-04-10T15:15:44","modified_gmt":"2026-04-10T13:15:44","slug":"pastiglie-freno-dba-db8805xp","status":"publish","type":"product","link":"https:\/\/kraftwerk-shop.cc\/it\/produkt\/dba-bremsbelaege-db8805xp\/","title":{"rendered":"Pastiglie freno DBA Xtreme Performance Chrysler &amp; Dodge SRT, Hellcat, Grand Cherokee SRT"},"content":{"rendered":"<h1>Pastiglie freno DBA Xtreme Performance DB8805XP per Chrysler e Dodge SRT, Hellcat e Grand Cherokee SRT (asse posteriore)<\/h1>\n<p>&nbsp;<\/p>\n<p>Le pastiglie freno Xtreme Performance di DBA sono state sviluppate per i conducenti che si aspettano un'elevata aderenza iniziale e resistenza all'attrito dalle basse alle alte temperature.<br \/>\nLa serie XP \u00e8 progettata per applicazioni pesanti in cui \u00e8 richiesto un livello di attrito pi\u00f9 elevato per frenare in sicurezza in condizioni estreme.<\/p>\n<p>DBA consiglia l'abbinamento con i rotori scanalati T3 delle serie 4000 e 5000 per ottenere prestazioni di frenata ottimali.<br \/>\nSpecifiche:<\/p>\n<ul>\n<li>Materiale d'attrito semi-metallico rinforzato con fibre di carbonio<\/li>\n<li>Il coefficiente di attrito \u00e8 in media di 0,45 dalle basse alle alte temperature.<\/li>\n<li>\u00a0Prestazioni eccezionali alle alte temperature<\/li>\n<li>Consistenza ottimale della frenata fino a 550<span style=\"font-family: cambria math,serif;\">\u2103<\/span> (1022<span style=\"font-family: cambria math,serif;\">\u2109<\/span>)<\/li>\n<\/ul>\n<p>&nbsp;<\/p>\n<p><strong><br \/>\nNumeri di confronto Mopar:<\/strong> 68144223AA, 68144223AB, 68144223AC, 68144432AA, <span class=\"list-value sku-display\">68399102AB<\/span><\/p>\n<p>&nbsp;<\/p>\n<p><strong>Adatto per:<\/strong><\/p>\n<table width=\"637\">\n<tbody>\n<tr>\n<td width=\"115\"><strong>Marchio<\/strong><\/td>\n<td width=\"145\"><strong>Modello<\/strong><\/td>\n<td width=\"214\"><strong>Motore<\/strong><\/td>\n<td width=\"163\"><strong>Anno di costruzione<\/strong><\/td>\n<\/tr>\n<tr>\n<td>Chrysler<\/td>\n<td>300C<\/td>\n<td>6.1<\/td>\n<td>2005 \u2013 2010<\/td>\n<\/tr>\n<tr>\n<td width=\"115\">Chrysler<\/td>\n<td width=\"145\">300C<\/td>\n<td>6.4<\/td>\n<td width=\"163\">2012 \u2013 2023<\/td>\n<\/tr>\n<tr>\n<td>Dodge<\/td>\n<td>Challenger<\/td>\n<td>6.1<\/td>\n<td>2008 \u2013 2010<\/td>\n<\/tr>\n<tr>\n<td width=\"115\">Dodge<\/td>\n<td width=\"145\">Challenger<\/td>\n<td width=\"214\">6.2 Hellcat<\/td>\n<td width=\"163\">2015 \u2013 2023<\/td>\n<\/tr>\n<tr>\n<td width=\"115\">Dodge<\/td>\n<td width=\"145\">Challenger<\/td>\n<td>6.4<\/td>\n<td width=\"163\">2011 \u2013 2023<\/td>\n<\/tr>\n<tr>\n<td>Dodge<\/td>\n<td>Charger<\/td>\n<td>6.1<\/td>\n<td>2005 \u2013 2010<\/td>\n<\/tr>\n<tr>\n<td width=\"115\">Dodge<\/td>\n<td width=\"145\">Charger<\/td>\n<td width=\"214\">6.2 Hellcat<\/td>\n<td width=\"163\">2015 \u2013 2023<\/td>\n<\/tr>\n<tr>\n<td width=\"115\">Dodge<\/td>\n<td width=\"145\">Charger<\/td>\n<td>6.4<\/td>\n<td width=\"163\">2011 \u2013 2023<\/td>\n<\/tr>\n<tr>\n<td width=\"115\">Dodge<\/td>\n<td width=\"145\">Durango<\/td>\n<td width=\"214\">6.2 Hellcat<\/td>\n<td width=\"163\">2021 \u2013 2025<\/td>\n<\/tr>\n<tr>\n<td>Dodge<\/td>\n<td>Durango<\/td>\n<td>6.4<\/td>\n<td>2018 \u2013 2024<\/td>\n<\/tr>\n<tr>\n<td>Dodge<\/td>\n<td>Magnum<\/td>\n<td>6.1<\/td>\n<td>2006 \u2013 2008<\/td>\n<\/tr>\n<tr>\n<td>Jeep<\/td>\n<td>Grand Cherokee<\/td>\n<td>6.1<\/td>\n<td>2006 \u2013 2010<\/td>\n<\/tr>\n<tr>\n<td width=\"115\">Jeep<\/td>\n<td width=\"145\">Grand Cherokee<\/td>\n<td width=\"214\">6.2 Trackhawk<\/td>\n<td width=\"163\">2018 \u2013 2021<\/td>\n<\/tr>\n<tr>\n<td>Jeep<\/td>\n<td>Grand Cherokee<\/td>\n<td>6.4<\/td>\n<td>2011 \u2013 2021<\/td>\n<\/tr>\n<\/tbody>\n<\/table>\n<p>&nbsp;<\/p>\n<p><strong>Autorizzazione:<\/strong> S\u00ec<\/p>\n<p>Il prezzo si riferisce a 1 set per l'asse posteriore completo.<\/p>\n<p>&nbsp;<\/p>\n<p>&nbsp;<\/p>","protected":false},"excerpt":{"rendered":"<p>DBA Xtreme Performance Bremsbel\u00e4ge DB8805XP f\u00fcr Chrysler &amp; Dodge SRT, Hellcat, &amp; Grand Cherokee SRT (Hinterachse) &nbsp; Die Xtreme Performance-Bremsbel\u00e4ge<\/p>","protected":false},"featured_media":68271230,"comment_status":"open","ping_status":"closed","template":"","meta":{"_acf_changed":false},"product_brand":[18922],"product_cat":[17732,17736,17696,17692,17688,17756,17760,17764,17929,17933,17776,17957,17962,17967],"product_tag":[52,217,92,101,93,928,949,950,933,2436,832,838,590,10803,795,839,840,54,53,48,536,789,49,3853,3854,95,2325,692,56,1070,100,798,799,50,4425,4427,4426,55,31,794,96,102,2139,673,2137],"class_list":{"0":"post-68255424","1":"product","2":"type-product","3":"status-publish","4":"has-post-thumbnail","6":"product_brand-dba","7":"product_cat-300c-61-bremsbelaege-hinten","8":"product_cat-300c-64-bremsbelaege-hinten","9":"product_cat-challenger-61-bremsbelaege-hinten","10":"product_cat-challenger-hellcat-bremsbelaege-hinten","11":"product_cat-challenger-64-bremsbelaege-hinten","12":"product_cat-charger-61-bremsbelaege-hinten","13":"product_cat-charger-hellcat-bremsbelaege-hinten","14":"product_cat-charger-64-bremsbelaege-hinten","15":"product_cat-durango-hellcat-bremsbelaege-hinten","16":"product_cat-durango-64-bremsbelaege-hinten","17":"product_cat-magnum-61-bremsbelaege-hinten","18":"product_cat-grand-cherokee-61-bremsbelaege-hinten","19":"product_cat-trackhawk-bremsbelaege-hinten","20":"product_cat-grand-cherokee-64-bremsbelaege-hinten","21":"product_tag-300c","22":"product_tag-217","23":"product_tag-6-1","24":"product_tag-6-2","25":"product_tag-6-4","26":"product_tag-68144223aa","27":"product_tag-68144223ab","28":"product_tag-68144223ac","29":"product_tag-68144432aa","30":"product_tag-68399102ab","31":"product_tag-brembo","32":"product_tag-bremsbelag","33":"product_tag-bremsbelaege","34":"product_tag-bremsbelaege-fuer-dodge-challenger-6-4","35":"product_tag-bremse","36":"product_tag-bremsklotz","37":"product_tag-bremskloetze","38":"product_tag-challenger","39":"product_tag-charger","40":"product_tag-chrysler","41":"product_tag-chrysler-300c","42":"product_tag-dba","43":"product_tag-dodge","44":"product_tag-dodge-challenger","45":"product_tag-dodge-charger","46":"product_tag-durango","47":"product_tag-eg","48":"product_tag-ersatzteil","49":"product_tag-grand-cherokee","50":"product_tag-hawk","51":"product_tag-hellcat","52":"product_tag-hinten","53":"product_tag-hinterachse","54":"product_tag-jeep","55":"product_tag-jeep-grand-cherokee","56":"product_tag-jeep-grand-cherokee-trackhawk","57":"product_tag-jeep-trackhawk","58":"product_tag-magnum","59":"product_tag-mopar","60":"product_tag-premium","61":"product_tag-srt","62":"product_tag-trackhawk","63":"product_tag-tuev","64":"product_tag-zubehoer","65":"product_tag-zulassung","67":"first","68":"instock","69":"taxable","70":"shipping-taxable","71":"purchasable","72":"product-type-simple"},"bundled_by":[],"bundle_stock_status":"instock","bundle_stock_quantity":9,"bundle_virtual":false,"bundle_layout":"","bundle_add_to_cart_form_location":"","bundle_editable_in_cart":false,"bundle_sold_individually_context":"","bundle_item_grouping":"","bundle_min_size":"","bundle_max_size":"","bundle_price":[],"bundled_items":[],"bundle_sell_ids":[],"exclude_global_add_ons":[],"addons":[],"acf":[],"_links":{"self":[{"href":"https:\/\/kraftwerk-shop.cc\/it\/wp-json\/wp\/v2\/product\/68255424","targetHints":{"allow":["GET"]}}],"collection":[{"href":"https:\/\/kraftwerk-shop.cc\/it\/wp-json\/wp\/v2\/product"}],"about":[{"href":"https:\/\/kraftwerk-shop.cc\/it\/wp-json\/wp\/v2\/types\/product"}],"replies":[{"embeddable":true,"href":"https:\/\/kraftwerk-shop.cc\/it\/wp-json\/wp\/v2\/comments?post=68255424"}],"version-history":[{"count":0,"href":"https:\/\/kraftwerk-shop.cc\/it\/wp-json\/wp\/v2\/product\/68255424\/revisions"}],"wp:featuredmedia":[{"embeddable":true,"href":"https:\/\/kraftwerk-shop.cc\/it\/wp-json\/wp\/v2\/media\/68271230"}],"wp:attachment":[{"href":"https:\/\/kraftwerk-shop.cc\/it\/wp-json\/wp\/v2\/media?parent=68255424"}],"wp:term":[{"taxonomy":"product_brand","embeddable":true,"href":"https:\/\/kraftwerk-shop.cc\/it\/wp-json\/wp\/v2\/product_brand?post=68255424"},{"taxonomy":"product_cat","embeddable":true,"href":"https:\/\/kraftwerk-shop.cc\/it\/wp-json\/wp\/v2\/product_cat?post=68255424"},{"taxonomy":"product_tag","embeddable":true,"href":"https:\/\/kraftwerk-shop.cc\/it\/wp-json\/wp\/v2\/product_tag?post=68255424"}],"curies":[{"name":"wp","href":"https:\/\/api.w.org\/{rel}","templated":true}]}}