{"id":68255511,"date":"2021-09-17T13:04:04","date_gmt":"2021-09-17T13:04:04","guid":{"rendered":"https:\/\/kraftwerk-gruppe.de\/?post_type=product&#038;p=68255511"},"modified":"2026-02-14T23:59:16","modified_gmt":"2026-02-14T22:59:16","slug":"presa-daria-fredda-jlt-300c-charger-challenger-magnum-57-61","status":"publish","type":"product","link":"https:\/\/kraftwerk-shop.cc\/it\/produkt\/jlt-cold-air-intake-300c-charger-challenger-magnum-57-61\/","title":{"rendered":"Presa d'aria fredda JLT 300C, Charger, Challenger, Magnum 5.7 &amp; 6.1 SRT8"},"content":{"rendered":"<h1>Sistema di aspirazione dell'aria fredda JLT \/ filtro aria sportivo per Chrysler 300C, Dodge Charger, Challenger e Magnum 5.7 e 6.1 SRT8<\/h1>\n<p>&nbsp;<\/p>\n<p><strong>Filtro aria di grandi dimensioni<\/strong><br \/>\nIl filtro dell'aria di dimensioni generose consente un flusso d'aria maggiore rispetto al filtro standard.<br \/>\nL'elemento del filtro dell'aria \u00e8 costituito da materiale filtrante in cotone, che viene bagnato con uno speciale olio filtrante e pu\u00f2 essere lavato. In questo modo si massimizzano la capacit\u00e0 e le prestazioni del filtro.<\/p>\n<p><strong>Collettore di aspirazione<\/strong><br \/>\nIl tubo di aspirazione \u00e8 realizzato in plastica rotostampata con un'enorme apertura del filtro da 5\u2033 per un flusso d'aria superiore e nessun accumulo di calore come nei tubi in metallo.<br \/>\nCon un'apertura di 4\u2033 all'estremit\u00e0 della valvola a farfalla, \u00e8 adatto anche alle valvole a farfalla pi\u00f9 grandi.<\/p>\n<p><strong>Alloggiamento del filtro dell'aria<\/strong><br \/>\nInclude il nostro grande scudo termico in plastica ABS per isolare l'aria di aspirazione dal calore del motore al minimo e a bassa velocit\u00e0.<br \/>\nUtilizza un'ampia superficie per garantire che il filtro riceva molta aria fredda, che viene convogliata attraverso la griglia e l'area dei fari per mantenere le temperature pi\u00f9 basse possibile.<\/p>\n<p>&nbsp;<\/p>\n<p><strong>Materiale di installazione di alta qualit\u00e0<\/strong><\/p>\n<ul>\n<li>Collettore di aspirazione in plastica stampata JLT Roto<\/li>\n<li>Riduttore in silicone<\/li>\n<li>Filtro aria 5\u00d77 S&amp;B Powerstack<\/li>\n<li>Scudo termico in ABS<\/li>\n<li>Morsetti HD, tutte le parti necessarie<\/li>\n<li>Istruzioni di installazione in tedesco<\/li>\n<\/ul>\n<p>&nbsp;<\/p>\n<p><strong>dettagli<\/strong><\/p>\n<p>- + 10 - 15 PS, + 15 - 20 NM aumento di potenza massimo 5,7 (specifica del produttore)<br \/>\n- + 15 - 20 PS, + 20 - 25 NM aumento di potenza massimo 6,1 (specifica del costruttore)<br \/>\n- Alloggiamento del filtro dell'aria con staffe per il montaggio diretto<br \/>\n- Filtro aria Pro 10R pre-oliato, lavabile e riutilizzabile per le massime prestazioni<\/p>\n<p>&nbsp;<\/p>\n<p><strong>Adatto per:<\/strong><\/p>\n<table border=\"0\" width=\"858\" cellspacing=\"0\" cellpadding=\"0\">\n<tbody>\n<tr>\n<td style=\"height: 20px; width: 163px;\" height=\"20\"><strong>Anno di costruzione<\/strong><\/td>\n<td style=\"width: 215px;\"><strong>Marchio<\/strong><\/td>\n<td style=\"width: 153px;\"><strong>Modello<\/strong><\/td>\n<td style=\"width: 209px;\"><strong>Variante<\/strong><\/td>\n<td style=\"width: 119px;\"><strong>Motore<\/strong><\/td>\n<\/tr>\n<tr>\n<td style=\"height: 20px; width: 163px;\" height=\"20\">2005-2010<\/td>\n<td style=\"width: 215px;\">Chrysler<\/td>\n<td style=\"width: 153px;\">300<\/td>\n<td style=\"width: 209px;\">C HEMI<\/td>\n<td style=\"width: 119px;\">V8 5.7L<\/td>\n<\/tr>\n<tr>\n<td style=\"height: 20px; width: 163px;\" height=\"20\">2006-2010<\/td>\n<td style=\"width: 215px;\">Chrysler<\/td>\n<td style=\"width: 153px;\">300<\/td>\n<td style=\"width: 209px;\">SRT-8 HEMI<\/td>\n<td style=\"width: 119px;\">V8 6.1L<\/td>\n<\/tr>\n<tr>\n<td style=\"height: 20px; width: 163px;\" height=\"20\">2009-2010<\/td>\n<td style=\"width: 215px;\">Dodge<\/td>\n<td style=\"width: 153px;\">Challenger<\/td>\n<td style=\"width: 209px;\">R\/T HEMI<\/td>\n<td style=\"width: 119px;\">V8 5.7L<\/td>\n<\/tr>\n<tr>\n<td style=\"height: 20px; width: 163px;\" height=\"20\">2008-2010<\/td>\n<td style=\"width: 215px;\">Dodge<\/td>\n<td style=\"width: 153px;\">Challenger<\/td>\n<td style=\"width: 209px;\">R\/T HEMI<\/td>\n<td style=\"width: 119px;\">V8 6.1L<\/td>\n<\/tr>\n<tr>\n<td style=\"height: 20px; width: 163px;\" height=\"20\">2006-2010<\/td>\n<td style=\"width: 215px;\">Dodge<\/td>\n<td style=\"width: 153px;\">Charger<\/td>\n<td style=\"width: 209px;\">R\/T HEMI<\/td>\n<td style=\"width: 119px;\">V8 5.7L<\/td>\n<\/tr>\n<tr>\n<td style=\"height: 20px; width: 163px;\" height=\"20\">2006-2010<\/td>\n<td style=\"width: 215px;\">Dodge<\/td>\n<td style=\"width: 153px;\">Charger<\/td>\n<td style=\"width: 209px;\">SRT-8 HEMI<\/td>\n<td style=\"width: 119px;\">V8 6.1L<\/td>\n<\/tr>\n<tr>\n<td style=\"height: 20px; width: 163px;\" height=\"20\">2005-2008<\/td>\n<td style=\"width: 215px;\">Dodge<\/td>\n<td style=\"width: 153px;\">Magnum<\/td>\n<td style=\"width: 209px;\">R\/T HEMI<\/td>\n<td style=\"width: 119px;\">V8 5.7L<\/td>\n<\/tr>\n<tr>\n<td style=\"height: 20px; width: 163px;\" height=\"20\">2006-2008<\/td>\n<td style=\"width: 215px;\">Dodge<\/td>\n<td style=\"width: 153px;\">Magnum<\/td>\n<td style=\"width: 209px;\">SRT-8 HEMI<\/td>\n<td style=\"width: 119px;\">V8 6.1L<\/td>\n<\/tr>\n<\/tbody>\n<\/table>\n<p>&nbsp;<\/p>\n<p><iframe loading=\"lazy\" title=\"Video dell&#039;installazione delle prese d&#039;aria fredda JLT 300C, Charger, Challenger, Magnum 5.7 e 6.1 SRT8\" width=\"500\" height=\"281\" src=\"https:\/\/www.youtube.com\/embed\/CH-AuorUKQ4?feature=oembed\" frameborder=\"0\" allow=\"accelerometer; autoplay; clipboard-write; encrypted-media; gyroscope; picture-in-picture; web-share\" referrerpolicy=\"strict-origin-when-cross-origin\" allowfullscreen><\/iframe><\/p>\n<p>&nbsp;<\/p>\n<p>&nbsp;<\/p>\n<p>&nbsp;<\/p>","protected":false},"excerpt":{"rendered":"<p>2005 \u2013 2010<\/p>","protected":false},"featured_media":68277475,"comment_status":"open","ping_status":"closed","template":"","meta":{"_acf_changed":false},"product_brand":[17168],"product_cat":[2506,2507,2501,2514,2502,2504,2503,2505],"product_tag":[207,208,209,210,213,214,52,91,92,826,824,54,53,48,536,825,49,3853,3854,126,1094,1093,2444,2241,20273,57,55,500,164],"class_list":{"0":"post-68255511","1":"product","2":"type-product","3":"status-publish","4":"has-post-thumbnail","6":"product_brand-jlt","7":"product_cat-300c-57-2005-2010-ansaugung","8":"product_cat-300c-61-ansaugung","9":"product_cat-challenger-57-ansaugung","10":"product_cat-challenger-61-ansaugung","11":"product_cat-charger-57-ansaugung","12":"product_cat-charger-61-ansaugung","13":"product_cat-magnum-57-ansaugung","14":"product_cat-magnum-61-ansaugung","15":"product_tag-207","16":"product_tag-208","17":"product_tag-209","18":"product_tag-210","19":"product_tag-213","20":"product_tag-214","21":"product_tag-300c","22":"product_tag-5-7","23":"product_tag-6-1","24":"product_tag-ansaugung","25":"product_tag-cai","26":"product_tag-challenger","27":"product_tag-charger","28":"product_tag-chrysler","29":"product_tag-chrysler-300c","30":"product_tag-cold-air-intake","31":"product_tag-dodge","32":"product_tag-dodge-challenger","33":"product_tag-dodge-charger","34":"product_tag-hemi","35":"product_tag-intake","36":"product_tag-jlt","37":"product_tag-jlt-performance","38":"product_tag-jlt_cai-dh05","39":"product_tag-keintuev","40":"product_tag-luftfilter","41":"product_tag-magnum","42":"product_tag-sportluftfilter","43":"product_tag-srt8","44":"product_shipping_class-deutschlandohne","46":"first","47":"instock","48":"taxable","49":"shipping-taxable","50":"purchasable","51":"product-type-simple"},"bundled_by":[],"bundle_stock_status":"instock","bundle_stock_quantity":1,"bundle_virtual":false,"bundle_layout":"","bundle_add_to_cart_form_location":"","bundle_editable_in_cart":false,"bundle_sold_individually_context":"","bundle_item_grouping":"","bundle_min_size":"","bundle_max_size":"","bundle_price":[],"bundled_items":[],"bundle_sell_ids":[],"exclude_global_add_ons":[],"addons":[],"acf":[],"_links":{"self":[{"href":"https:\/\/kraftwerk-shop.cc\/it\/wp-json\/wp\/v2\/product\/68255511","targetHints":{"allow":["GET"]}}],"collection":[{"href":"https:\/\/kraftwerk-shop.cc\/it\/wp-json\/wp\/v2\/product"}],"about":[{"href":"https:\/\/kraftwerk-shop.cc\/it\/wp-json\/wp\/v2\/types\/product"}],"replies":[{"embeddable":true,"href":"https:\/\/kraftwerk-shop.cc\/it\/wp-json\/wp\/v2\/comments?post=68255511"}],"version-history":[{"count":0,"href":"https:\/\/kraftwerk-shop.cc\/it\/wp-json\/wp\/v2\/product\/68255511\/revisions"}],"wp:featuredmedia":[{"embeddable":true,"href":"https:\/\/kraftwerk-shop.cc\/it\/wp-json\/wp\/v2\/media\/68277475"}],"wp:attachment":[{"href":"https:\/\/kraftwerk-shop.cc\/it\/wp-json\/wp\/v2\/media?parent=68255511"}],"wp:term":[{"taxonomy":"product_brand","embeddable":true,"href":"https:\/\/kraftwerk-shop.cc\/it\/wp-json\/wp\/v2\/product_brand?post=68255511"},{"taxonomy":"product_cat","embeddable":true,"href":"https:\/\/kraftwerk-shop.cc\/it\/wp-json\/wp\/v2\/product_cat?post=68255511"},{"taxonomy":"product_tag","embeddable":true,"href":"https:\/\/kraftwerk-shop.cc\/it\/wp-json\/wp\/v2\/product_tag?post=68255511"}],"curies":[{"name":"wp","href":"https:\/\/api.w.org\/{rel}","templated":true}]}}