{"id":68255513,"date":"2021-09-17T13:04:04","date_gmt":"2021-09-17T13:04:04","guid":{"rendered":"https:\/\/kraftwerk-gruppe.de\/?post_type=product&#038;p=68255513"},"modified":"2026-02-15T00:51:42","modified_gmt":"2026-02-14T23:51:42","slug":"presa-daria-fredda-jlt-grand-cherokee-durango-57","status":"publish","type":"product","link":"https:\/\/kraftwerk-shop.cc\/it\/produkt\/jlt-cold-air-intake-grand-cherokee-durango-57\/","title":{"rendered":"Presa d'aria fredda JLT Jeep Grand Cherokee e Dodge Durango 5.7"},"content":{"rendered":"<h1>JLT Sistema di aspirazione aria fredda \/ filtro aria sportivo per Jeep Grand Cherokee e Dodge Durango 5.7<\/h1>\n<p>&nbsp;<\/p>\n<p><strong>Filtro aria di grandi dimensioni<\/strong><br \/>\nIl filtro dell'aria di dimensioni generose consente un flusso d'aria maggiore rispetto al filtro standard.<br \/>\nL'elemento del filtro dell'aria \u00e8 costituito da materiale filtrante in cotone, che viene bagnato con uno speciale olio filtrante e pu\u00f2 essere lavato. In questo modo si massimizzano la capacit\u00e0 e le prestazioni del filtro.<\/p>\n<p><strong>Collettore di aspirazione<\/strong><br \/>\nIl tubo di aspirazione \u00e8 realizzato in plastica rotostampata con un'enorme apertura del filtro da 5\u2033 per un flusso d'aria superiore e nessun accumulo di calore come nei tubi in metallo.<br \/>\nCon un'apertura di 4\u2033 all'estremit\u00e0 della valvola a farfalla, \u00e8 adatto anche alle valvole a farfalla pi\u00f9 grandi.<\/p>\n<p><strong>Alloggiamento del filtro dell'aria<\/strong><br \/>\nInclude il nostro grande scudo termico in plastica ABS per isolare l'aria di aspirazione dal calore del motore al minimo e a bassa velocit\u00e0.<br \/>\nUtilizza un'ampia superficie per garantire che il filtro riceva molta aria fredda e sfrutta la presa d'aria fresca di fabbrica dal paraurti per mantenere le temperature pi\u00f9 basse possibile.<\/p>\n<p>&nbsp;<\/p>\n<p><strong>Materiale di installazione di alta qualit\u00e0<\/strong><\/p>\n<ul>\n<li>Collettore di aspirazione in plastica stampata JLT Roto<\/li>\n<li>Riduttore in silicone<\/li>\n<li>Filtro aria 5\u00d77 S&amp;B Powerstack<\/li>\n<li>Scudo termico in ABS<\/li>\n<li>Morsetti HD, tutte le parti necessarie<\/li>\n<li>Parapioggia per Durango dal 2019 con cofano ventilato<\/li>\n<li>Istruzioni di installazione in tedesco<\/li>\n<\/ul>\n<p>&nbsp;<\/p>\n<p><strong>dettagli<\/strong><\/p>\n<p>- + 6-12 CV, + 8-16 NM aumento di potenza massima (specifiche del produttore)<br \/>\n- Alloggiamento del filtro dell'aria con staffe per il montaggio diretto<br \/>\n- Filtro aria Pro 10R pre-oliato, lavabile e riutilizzabile per le massime prestazioni<\/p>\n<p>&nbsp;<\/p>\n<p><strong>Adatto per:<\/strong><\/p>\n<table border=\"0\" width=\"970\" cellspacing=\"0\" cellpadding=\"0\">\n<tbody>\n<tr>\n<td style=\"height: 20px; width: 177px;\" height=\"20\"><strong>Anno di costruzione<\/strong><\/td>\n<td style=\"width: 167px;\"><strong>Marchio<\/strong><\/td>\n<td style=\"width: 131px;\"><strong>Modello<\/strong><\/td>\n<td style=\"width: 367px;\"><strong>Variante<\/strong><\/td>\n<td style=\"width: 129px;\"><strong>Motore<\/strong><\/td>\n<\/tr>\n<tr>\n<td style=\"height: 20px; width: 177px;\" height=\"20\">2011 \u2013 2025<\/td>\n<td style=\"width: 167px;\">Dodge<\/td>\n<td style=\"width: 131px;\">Durango<\/td>\n<td style=\"width: 367px;\">5.7 Hemi<\/td>\n<td style=\"width: 129px;\">V8 5.7<\/td>\n<\/tr>\n<tr>\n<td style=\"height: 20px; width: 177px;\" height=\"20\">2011 \u2013 2021<\/td>\n<td style=\"width: 167px;\">Jeep<\/td>\n<td style=\"width: 131px;\">Grand Cherokee<\/td>\n<td style=\"width: 367px;\">5.7 Hemi<\/td>\n<td style=\"width: 129px;\">V8 5.7<\/td>\n<\/tr>\n<\/tbody>\n<\/table>\n<p>&nbsp;<\/p>\n<p><iframe loading=\"lazy\" title=\"Installazione filtro aria JLT Jeep Grand Cherokee &amp; Dodge Durango 5.7 dal 2011\" width=\"500\" height=\"281\" src=\"https:\/\/www.youtube.com\/embed\/13CUVjHBV-c?feature=oembed\" frameborder=\"0\" allow=\"accelerometer; autoplay; clipboard-write; encrypted-media; gyroscope; picture-in-picture; web-share\" referrerpolicy=\"strict-origin-when-cross-origin\" allowfullscreen><\/iframe><\/p>\n<p>&nbsp;<\/p>\n<p>&nbsp;<\/p>\n<p>&nbsp;<\/p>","protected":false},"excerpt":{"rendered":"<p>2011 \u2013 2025<\/p>","protected":false},"featured_media":68277472,"comment_status":"open","ping_status":"closed","template":"","meta":{"_acf_changed":false},"product_brand":[17168],"product_cat":[2521,2500],"product_tag":[176,177,165,248,249,250,251,252,1096,2066,91,826,824,825,56,126,1094,50,4425,1093,2444,2242,20273,57,500],"class_list":{"0":"post-68255513","1":"product","2":"type-product","3":"status-publish","4":"has-post-thumbnail","6":"product_brand-jlt","7":"product_cat-durango-57-ansaugung","8":"product_cat-grand-cherokee-57-2011-2021-ansaugung","9":"product_tag-176","10":"product_tag-177","11":"product_tag-165","12":"product_tag-248","13":"product_tag-249","14":"product_tag-250","15":"product_tag-251","16":"product_tag-252","17":"product_tag-2019-2020","18":"product_tag-2066","19":"product_tag-5-7","20":"product_tag-ansaugung","21":"product_tag-cai","22":"product_tag-cold-air-intake","23":"product_tag-grand-cherokee","24":"product_tag-hemi","25":"product_tag-intake","26":"product_tag-jeep","27":"product_tag-jeep-grand-cherokee","28":"product_tag-jlt","29":"product_tag-jlt-performance","30":"product_tag-jlt_cai-dj57-11","31":"product_tag-keintuev","32":"product_tag-luftfilter","33":"product_tag-sportluftfilter","34":"product_shipping_class-deutschlandohne","36":"first","37":"instock","38":"taxable","39":"shipping-taxable","40":"purchasable","41":"product-type-simple"},"bundled_by":[],"bundle_stock_status":"instock","bundle_stock_quantity":1,"bundle_virtual":false,"bundle_layout":"","bundle_add_to_cart_form_location":"","bundle_editable_in_cart":false,"bundle_sold_individually_context":"","bundle_item_grouping":"","bundle_min_size":"","bundle_max_size":"","bundle_price":[],"bundled_items":[],"bundle_sell_ids":[],"exclude_global_add_ons":[],"addons":[],"acf":[],"_links":{"self":[{"href":"https:\/\/kraftwerk-shop.cc\/it\/wp-json\/wp\/v2\/product\/68255513","targetHints":{"allow":["GET"]}}],"collection":[{"href":"https:\/\/kraftwerk-shop.cc\/it\/wp-json\/wp\/v2\/product"}],"about":[{"href":"https:\/\/kraftwerk-shop.cc\/it\/wp-json\/wp\/v2\/types\/product"}],"replies":[{"embeddable":true,"href":"https:\/\/kraftwerk-shop.cc\/it\/wp-json\/wp\/v2\/comments?post=68255513"}],"version-history":[{"count":0,"href":"https:\/\/kraftwerk-shop.cc\/it\/wp-json\/wp\/v2\/product\/68255513\/revisions"}],"wp:featuredmedia":[{"embeddable":true,"href":"https:\/\/kraftwerk-shop.cc\/it\/wp-json\/wp\/v2\/media\/68277472"}],"wp:attachment":[{"href":"https:\/\/kraftwerk-shop.cc\/it\/wp-json\/wp\/v2\/media?parent=68255513"}],"wp:term":[{"taxonomy":"product_brand","embeddable":true,"href":"https:\/\/kraftwerk-shop.cc\/it\/wp-json\/wp\/v2\/product_brand?post=68255513"},{"taxonomy":"product_cat","embeddable":true,"href":"https:\/\/kraftwerk-shop.cc\/it\/wp-json\/wp\/v2\/product_cat?post=68255513"},{"taxonomy":"product_tag","embeddable":true,"href":"https:\/\/kraftwerk-shop.cc\/it\/wp-json\/wp\/v2\/product_tag?post=68255513"}],"curies":[{"name":"wp","href":"https:\/\/api.w.org\/{rel}","templated":true}]}}