{"id":68255873,"date":"2021-09-25T15:45:55","date_gmt":"2021-09-25T13:45:55","guid":{"rendered":"https:\/\/kraftwerk-gruppe.de\/?post_type=product&#038;p=68255873"},"modified":"2026-03-03T13:18:12","modified_gmt":"2026-03-03T12:18:12","slug":"dischi-freno-ebc-premium-gd7240","status":"publish","type":"product","link":"https:\/\/kraftwerk-shop.cc\/it\/produkt\/ebc-premium-bremsscheiben-gd7240\/","title":{"rendered":"Dischi freno sportivi EBC Turbo Groove GD7240"},"content":{"rendered":"<h1>Dischi freno EBC Turbo Groove per Chrysler 300C, Dodge Challenger, Charger, Magnum e Lancia Thema 3.5, 3.6 e 5.7 (asse anteriore)<\/h1>\n<p>&nbsp;<\/p>\n<p>La superficie d'attrito del disco freno sportivo Turbo Groove \u00e8 scanalata e scanalata.<\/p>\n<p>Le fessure di questi dischi freno sono fresate fino al bordo esterno.<br \/>\nIn questo modo, i gas dei freni, l'abrasione, lo sporco e l'acqua possono essere rimossi quasi completamente dalla superficie di attrito dei dischi dei freni.<\/p>\n<p>Inoltre, attraverso le fessure viene immessa aria pi\u00f9 \"fredda\" per contrastare in modo ottimale il surriscaldamento delle pastiglie e dei dischi dei freni.<\/p>\n<p>Le scanalature aggiuntive sui gradini migliorano ulteriormente questa propriet\u00e0.<br \/>\nIn questo modo si ottengono tutti i vantaggi di un disco freno sportivo forato, ma senza il rischio delle ben note crepe da calore associate ai dischi freno completamente forati.<\/p>\n<p>Grazie alla scanalatura, le pastiglie dei freni si consumano in modo uniforme e parallelo per tutta la loro durata.<\/p>\n<p>La verniciatura a polvere nera dei dischi Black Dash offre la migliore protezione possibile contro la corrosione ed \u00e8 particolarmente adatta ai veicoli con design a cerchi aperti.<\/p>\n<p>&nbsp;<\/p>\n<p><strong>Vantaggi e svantaggi in sintesi:<\/strong><\/p>\n<p>+ Miglior raffreddamento possibile grazie a scanalature e fessure<br \/>\n+ Migliore rimozione possibile di gas, sporco, acqua, ecc.<br \/>\n+ Protezione dalla corrosione grazie al rivestimento color oro<br \/>\n+ Non c'\u00e8 rischio di crepe da calore perch\u00e9 non \u00e8 perforato<br \/>\n+ Usura uniforme delle pastiglie dei freni per tutta la loro durata di vita<\/p>\n<p>- Livello di rumorosit\u00e0 pi\u00f9 elevato rispetto ai dischi freno Black Dash<\/p>\n<p>&nbsp;<\/p>\n<p><strong>Caratteristiche del prodotto:<\/strong><\/p>\n<p>345x28mm \/ altezza: 55mm \/ numero di fori: 5 \/ cerchio di fissaggio: 114,3mm \/ ventilato \/ posizione di montaggio: anteriore<br \/>\nAutorizzazione: s\u00ec<\/p>\n<p>Numero OE (solo a scopo di confronto): 04779196AA, K04779196AF, 00K04779196AG, 4779196AD, 4779196AE, 4779196AF, 4779196AG, 68368064AA<\/p>\n<p>&nbsp;<\/p>\n<p><strong>Adatto per:<\/strong><\/p>\n<table width=\"0\">\n<tbody>\n<tr>\n<td width=\"64\">Chrysler<\/td>\n<td width=\"100\">300C<\/td>\n<td width=\"163\">3.5, 3.6, 5.7<\/td>\n<td width=\"305\">Tutti i modelli con dischi freno da 320 mm<\/td>\n<\/tr>\n<tr>\n<td width=\"64\">Dodge<\/td>\n<td width=\"100\">Challenger<\/td>\n<td width=\"163\">3.5, 3.6, 5.7<\/td>\n<td width=\"305\">Tutti i modelli con dischi freno da 320 mm<\/td>\n<\/tr>\n<tr>\n<td width=\"64\">Dodge<\/td>\n<td width=\"100\">Charger<\/td>\n<td width=\"163\">3.5, 3.6, 5.7<\/td>\n<td width=\"305\">Tutti i modelli con dischi freno da 320 mm<\/td>\n<\/tr>\n<tr>\n<td width=\"64\">Dodge<\/td>\n<td width=\"100\">Magnum<\/td>\n<td width=\"163\">3.5, 5.7<\/td>\n<td width=\"305\">Tutti i modelli con dischi freno da 320 mm<\/td>\n<\/tr>\n<tr>\n<td width=\"64\">Lancia<\/td>\n<td width=\"100\">Argomento<\/td>\n<td width=\"163\">3.6<\/td>\n<td width=\"305\">Tutti i modelli con dischi freno da 320 mm<\/td>\n<\/tr>\n<\/tbody>\n<\/table>\n<p><strong><br \/>\nAmbito di fornitura: <\/strong><\/p>\n<p>- 2 dischi freno EBC Turbo Groove (GD7240) per l'asse anteriore<\/p>\n<p><strong>Nota:<\/strong><\/p>\n<p>Prima di effettuare l'ordine, verificare se sulla parte anteriore del veicolo sono montati dischi freno da 345 mm o 320 mm.<br \/>\n\u00c8 possibile confrontare le dimensioni dei dischi dei freni anteriori e posteriori per orientarsi.<br \/>\nI dischi dei freni posteriori hanno sempre un diametro di 320 mm.<\/p>","protected":false},"excerpt":{"rendered":"<p>Dischi freno da 320 mm<\/p>","protected":false},"featured_media":68274136,"comment_status":"open","ping_status":"closed","template":"","meta":{"_acf_changed":false},"product_brand":[16875],"product_cat":[17714,17717,17721,17725,17729,17707,17705,17699,17741,17745,17749,17753,17769,17773],"product_tag":[2053,2051,18211,18212,18213,18214,87,572,88,52,18210,2054,17578,17579,17580,91,17581,795,796,54,53,48,536,49,3853,3854,964,2442,16877,16876,16878,692,2109,942,2111,941,126,2052,36,173,55,797,174,2110,216,842,841,673],"class_list":{"0":"post-68255873","1":"product","2":"type-product","3":"status-publish","4":"has-post-thumbnail","6":"product_brand-ebc-brakes","7":"product_cat-300c-30-diesel-bremsscheiben-vorne","8":"product_cat-300c-35-bremsscheiben-vorne","9":"product_cat-300c-36-bremsscheiben-vorne","10":"product_cat-300c-57-2005-2010-bremsscheiben-vorne","11":"product_cat-300c-57-2011-2023-bremsscheiben-vorne","12":"product_cat-challenger-35-bremsscheiben-vorne","13":"product_cat-challenger-36-bremsscheiben-vorne","14":"product_cat-challenger-57-bremsscheiben-vorne","15":"product_cat-charger-35-bremsscheiben-vorne","16":"product_cat-charger-36-bremsscheiben-vorne","17":"product_cat-charger-57-bremsscheiben-vorne","18":"product_cat-charger-57-2011-2023-bremsscheiben-vorne","19":"product_cat-magnum-35-bremsscheiben-vorne","20":"product_cat-magnum-57-bremsscheiben-vorne","21":"product_tag-00k04779196ag","22":"product_tag-04779196aa","23":"product_tag-04779196ad","24":"product_tag-04779196ae","25":"product_tag-04779196af","26":"product_tag-04779196ag","27":"product_tag-2-7","28":"product_tag-3-0-crd","29":"product_tag-3-5","30":"product_tag-300c","31":"product_tag-4779196aa","32":"product_tag-4779196ad","33":"product_tag-4779196ae","34":"product_tag-4779196af","35":"product_tag-4779196ag","36":"product_tag-5-7","37":"product_tag-68368064aa","38":"product_tag-bremse","39":"product_tag-bremsscheibe","40":"product_tag-challenger","41":"product_tag-charger","42":"product_tag-chrysler","43":"product_tag-chrysler-300c","44":"product_tag-dodge","45":"product_tag-dodge-challenger","46":"product_tag-dodge-charger","47":"product_tag-ebc","48":"product_tag-ebc-brakes","49":"product_tag-ebc-bremsbelaege","50":"product_tag-ebc-bremsen","51":"product_tag-ebc-bremsscheiben","52":"product_tag-ersatzteil","53":"product_tag-gd7240","54":"product_tag-gelocht","55":"product_tag-genutet","56":"product_tag-geschlitzt","57":"product_tag-hemi","58":"product_tag-k04779196af","59":"product_tag-kraftwerk","60":"product_tag-lancia","61":"product_tag-magnum","62":"product_tag-sportbremsscheibe","63":"product_tag-thema","64":"product_tag-turbo-groove","65":"product_tag-upgrade","66":"product_tag-vorderachse","67":"product_tag-vorne","68":"product_tag-zubehoer","69":"product_shipping_class-deutschlandohne","71":"first","72":"onbackorder","73":"taxable","74":"shipping-taxable","75":"purchasable","76":"product-type-simple"},"bundled_by":[],"bundle_stock_status":"onbackorder","bundle_stock_quantity":0,"bundle_virtual":false,"bundle_layout":"","bundle_add_to_cart_form_location":"","bundle_editable_in_cart":false,"bundle_sold_individually_context":"","bundle_item_grouping":"","bundle_min_size":"","bundle_max_size":"","bundle_price":[],"bundled_items":[],"bundle_sell_ids":[],"exclude_global_add_ons":[],"addons":[],"acf":[],"_links":{"self":[{"href":"https:\/\/kraftwerk-shop.cc\/it\/wp-json\/wp\/v2\/product\/68255873","targetHints":{"allow":["GET"]}}],"collection":[{"href":"https:\/\/kraftwerk-shop.cc\/it\/wp-json\/wp\/v2\/product"}],"about":[{"href":"https:\/\/kraftwerk-shop.cc\/it\/wp-json\/wp\/v2\/types\/product"}],"replies":[{"embeddable":true,"href":"https:\/\/kraftwerk-shop.cc\/it\/wp-json\/wp\/v2\/comments?post=68255873"}],"version-history":[{"count":0,"href":"https:\/\/kraftwerk-shop.cc\/it\/wp-json\/wp\/v2\/product\/68255873\/revisions"}],"wp:featuredmedia":[{"embeddable":true,"href":"https:\/\/kraftwerk-shop.cc\/it\/wp-json\/wp\/v2\/media\/68274136"}],"wp:attachment":[{"href":"https:\/\/kraftwerk-shop.cc\/it\/wp-json\/wp\/v2\/media?parent=68255873"}],"wp:term":[{"taxonomy":"product_brand","embeddable":true,"href":"https:\/\/kraftwerk-shop.cc\/it\/wp-json\/wp\/v2\/product_brand?post=68255873"},{"taxonomy":"product_cat","embeddable":true,"href":"https:\/\/kraftwerk-shop.cc\/it\/wp-json\/wp\/v2\/product_cat?post=68255873"},{"taxonomy":"product_tag","embeddable":true,"href":"https:\/\/kraftwerk-shop.cc\/it\/wp-json\/wp\/v2\/product_tag?post=68255873"}],"curies":[{"name":"wp","href":"https:\/\/api.w.org\/{rel}","templated":true}]}}