{"id":68255875,"date":"2021-09-25T15:47:18","date_gmt":"2021-09-25T13:47:18","guid":{"rendered":"https:\/\/kraftwerk-gruppe.de\/?post_type=product&#038;p=68255875"},"modified":"2026-03-13T14:21:05","modified_gmt":"2026-03-13T13:21:05","slug":"dischi-freno-ebc-premium-gd7243","status":"publish","type":"product","link":"https:\/\/kraftwerk-shop.cc\/it\/produkt\/ebc-premium-bremsscheiben-gd7243\/","title":{"rendered":"Dischi freno sportivi EBC Turbo Groove GD7243"},"content":{"rendered":"<h1>Dischi freno EBC Turbo Groove per Chrysler 300C, Dodge Challenger, Charger, Magnum e Lancia Thema 3.0 CRD, 3.5, 3.6 e 5.7 (asse posteriore)<\/h1>\n<p>&nbsp;<\/p>\n<p>La superficie d'attrito del disco freno sportivo Turbo Groove \u00e8 scanalata e scanalata.<\/p>\n<p>Le fessure di questi dischi freno sono fresate fino al bordo esterno.<br \/>\nIn questo modo, i gas dei freni, l'abrasione, lo sporco e l'acqua possono essere rimossi quasi completamente dalla superficie di attrito dei dischi dei freni.<\/p>\n<p>Inoltre, attraverso le fessure viene immessa aria pi\u00f9 \"fredda\" per contrastare in modo ottimale il surriscaldamento delle pastiglie e dei dischi dei freni.<\/p>\n<p>Le scanalature aggiuntive sui gradini migliorano ulteriormente questa propriet\u00e0.<br \/>\nIn questo modo si ottengono tutti i vantaggi di un disco freno sportivo forato, ma senza il rischio delle ben note crepe da calore associate ai dischi freno completamente forati.<\/p>\n<p>Grazie alla scanalatura, le pastiglie dei freni si consumano in modo uniforme e parallelo per tutta la loro durata.<\/p>\n<p>La verniciatura a polvere nera dei dischi Black Dash offre la migliore protezione possibile contro la corrosione ed \u00e8 particolarmente adatta ai veicoli con design a cerchi aperti.<\/p>\n<p>&nbsp;<\/p>\n<p><strong>Vantaggi e svantaggi in sintesi:<\/strong><\/p>\n<p>+ Miglior raffreddamento possibile grazie a scanalature e fessure<br \/>\n+ Migliore rimozione possibile di gas, sporco, acqua, ecc.<br \/>\n+ Protezione dalla corrosione grazie al rivestimento color oro<br \/>\n+ Non c'\u00e8 rischio di crepe da calore perch\u00e9 non \u00e8 perforato<br \/>\n+ Usura uniforme delle pastiglie dei freni per tutta la loro durata di vita<\/p>\n<p>- Livello di rumorosit\u00e0 pi\u00f9 elevato rispetto ai dischi freno Black Dash<\/p>\n<p>&nbsp;<\/p>\n<p><strong>Caratteristiche del prodotto:<\/strong><\/p>\n<p>320x22mm \/ altezza: 67mm \/ numero di fori: 5 \/ cerchio di fissaggio: 114,3mm \/ ventilato \/ montaggio: posteriore<br \/>\nAutorizzazione: s\u00ec<\/p>\n<p>Numero OE (solo a scopo di confronto): 4779209AB, 4779209AC, 4779209AD, 4779209AE, 4779209AF, 4779209AG, 68241042AA, 68241042AB, 68368072AA, 68368071AA<\/p>\n<p>&nbsp;<\/p>\n<p><strong>Adatto per:<\/strong><\/p>\n<table width=\"0\">\n<tbody>\n<tr>\n<td width=\"64\">Chrysler<\/td>\n<td width=\"100\">300C<\/td>\n<td width=\"163\">3.0 CRD, 3.5, 3.6, 5.7<\/td>\n<td width=\"305\">Tutti i modelli con dischi freno ventilati<\/td>\n<\/tr>\n<tr>\n<td width=\"64\">Dodge<\/td>\n<td width=\"100\">Challenger<\/td>\n<td width=\"163\">3.5, 3.6, 5.7<\/td>\n<td width=\"305\">Tutti i modelli con dischi freno ventilati<\/td>\n<\/tr>\n<tr>\n<td width=\"64\">Dodge<\/td>\n<td width=\"100\">Charger<\/td>\n<td width=\"163\">3.5, 3.6, 5.7<\/td>\n<td width=\"305\">Tutti i modelli con dischi freno ventilati<\/td>\n<\/tr>\n<tr>\n<td width=\"64\">Dodge<\/td>\n<td width=\"100\">Magnum<\/td>\n<td width=\"163\">3.5, 5.7<\/td>\n<td width=\"305\">Tutti i modelli con dischi freno ventilati<\/td>\n<\/tr>\n<tr>\n<td width=\"64\">Lancia<\/td>\n<td width=\"100\">Argomento<\/td>\n<td width=\"163\">3.0 MultiJet, 3.6<\/td>\n<td width=\"305\">Tutti i modelli con dischi freno ventilati<\/td>\n<\/tr>\n<\/tbody>\n<\/table>\n<p><strong><br \/>\nAmbito di fornitura: <\/strong><\/p>\n<p>- 2 dischi freno EBC Turbo Groove (GD7243) per l'asse posteriore<\/p>\n<p><strong>Nota:<\/strong><\/p>\n<p>Prima di ordinare, verificare se il veicolo \u00e8 dotato di dischi freno ventilati o non ventilati.<br \/>\nSolo pochissimi veicoli hanno dischi freno non ventilati nella parte posteriore. Questi veicoli hanno solitamente i piccoli dischi freno da 320 mm sull'asse anteriore.<\/p>","protected":false},"excerpt":{"rendered":"<p>Dischi freno ventilati<\/p>","protected":false},"featured_media":68274134,"comment_status":"open","ping_status":"closed","template":"","meta":{"_acf_changed":false},"product_brand":[16875],"product_cat":[17713,17718,17722,17726,17730,17708,17706,17700,17742,17746,17750,17754,17770,17774],"product_tag":[18193,18194,18195,18196,18197,18198,87,572,88,52,2071,2072,2074,2073,2075,2077,91,2060,17574,17575,17577,17576,795,796,54,53,48,536,49,3853,3854,964,2442,16877,16876,16878,692,2113,942,2111,941,126,2076,36,173,55,797,174,2110,216,842,841,673],"class_list":{"0":"post-68255875","1":"product","2":"type-product","3":"status-publish","4":"has-post-thumbnail","6":"product_brand-ebc-brakes","7":"product_cat-300c-30-diesel-bremsscheiben-hinten","8":"product_cat-300c-35-bremsscheiben-hinten","9":"product_cat-300c-36-bremsscheiben-hinten","10":"product_cat-300c-57-2005-2010-bremsscheiben-hinten","11":"product_cat-300c-57-2011-2023-bremsscheiben-hinten","12":"product_cat-challenger-35-bremsscheiben-hinten","13":"product_cat-challenger-36-bremsscheiben-hinten","14":"product_cat-challenger-57-bremsscheiben-hinten","15":"product_cat-charger-35-bremsscheiben-hinten","16":"product_cat-charger-36-bremsscheiben-hinten","17":"product_cat-charger-57-bremsscheiben-hinten","18":"product_cat-charger-57-2011-2023-bremsscheiben-hinten","19":"product_cat-magnum-35-bremsscheiben-hinten","20":"product_cat-magnum-57-bremsscheiben-hinten","21":"product_tag-04779209ab","22":"product_tag-04779209ac","23":"product_tag-04779209ad","24":"product_tag-04779209ae","25":"product_tag-04779209af","26":"product_tag-04779209ag","27":"product_tag-2-7","28":"product_tag-3-0-crd","29":"product_tag-3-5","30":"product_tag-300c","31":"product_tag-4779209ab","32":"product_tag-4779209ac","33":"product_tag-4779209ad","34":"product_tag-4779209ae","35":"product_tag-4779209af","36":"product_tag-4779209ag","37":"product_tag-5-7","38":"product_tag-5154118aa","39":"product_tag-68241042aa","40":"product_tag-68241042ab","41":"product_tag-68368071aa","42":"product_tag-68368072aa","43":"product_tag-bremse","44":"product_tag-bremsscheibe","45":"product_tag-challenger","46":"product_tag-charger","47":"product_tag-chrysler","48":"product_tag-chrysler-300c","49":"product_tag-dodge","50":"product_tag-dodge-challenger","51":"product_tag-dodge-charger","52":"product_tag-ebc","53":"product_tag-ebc-brakes","54":"product_tag-ebc-bremsbelaege","55":"product_tag-ebc-bremsen","56":"product_tag-ebc-bremsscheiben","57":"product_tag-ersatzteil","58":"product_tag-gd7243","59":"product_tag-gelocht","60":"product_tag-genutet","61":"product_tag-geschlitzt","62":"product_tag-hemi","63":"product_tag-k04779209aa","64":"product_tag-kraftwerk","65":"product_tag-lancia","66":"product_tag-magnum","67":"product_tag-sportbremsscheibe","68":"product_tag-thema","69":"product_tag-turbo-groove","70":"product_tag-upgrade","71":"product_tag-vorderachse","72":"product_tag-vorne","73":"product_tag-zubehoer","75":"first","76":"instock","77":"taxable","78":"shipping-taxable","79":"purchasable","80":"product-type-simple"},"bundled_by":[],"bundle_stock_status":"instock","bundle_stock_quantity":1,"bundle_virtual":false,"bundle_layout":"","bundle_add_to_cart_form_location":"","bundle_editable_in_cart":false,"bundle_sold_individually_context":"","bundle_item_grouping":"","bundle_min_size":"","bundle_max_size":"","bundle_price":[],"bundled_items":[],"bundle_sell_ids":[],"exclude_global_add_ons":[],"addons":[],"acf":[],"_links":{"self":[{"href":"https:\/\/kraftwerk-shop.cc\/it\/wp-json\/wp\/v2\/product\/68255875","targetHints":{"allow":["GET"]}}],"collection":[{"href":"https:\/\/kraftwerk-shop.cc\/it\/wp-json\/wp\/v2\/product"}],"about":[{"href":"https:\/\/kraftwerk-shop.cc\/it\/wp-json\/wp\/v2\/types\/product"}],"replies":[{"embeddable":true,"href":"https:\/\/kraftwerk-shop.cc\/it\/wp-json\/wp\/v2\/comments?post=68255875"}],"version-history":[{"count":0,"href":"https:\/\/kraftwerk-shop.cc\/it\/wp-json\/wp\/v2\/product\/68255875\/revisions"}],"wp:featuredmedia":[{"embeddable":true,"href":"https:\/\/kraftwerk-shop.cc\/it\/wp-json\/wp\/v2\/media\/68274134"}],"wp:attachment":[{"href":"https:\/\/kraftwerk-shop.cc\/it\/wp-json\/wp\/v2\/media?parent=68255875"}],"wp:term":[{"taxonomy":"product_brand","embeddable":true,"href":"https:\/\/kraftwerk-shop.cc\/it\/wp-json\/wp\/v2\/product_brand?post=68255875"},{"taxonomy":"product_cat","embeddable":true,"href":"https:\/\/kraftwerk-shop.cc\/it\/wp-json\/wp\/v2\/product_cat?post=68255875"},{"taxonomy":"product_tag","embeddable":true,"href":"https:\/\/kraftwerk-shop.cc\/it\/wp-json\/wp\/v2\/product_tag?post=68255875"}],"curies":[{"name":"wp","href":"https:\/\/api.w.org\/{rel}","templated":true}]}}