{"id":68255877,"date":"2021-09-25T15:48:03","date_gmt":"2021-09-25T13:48:03","guid":{"rendered":"https:\/\/kraftwerk-gruppe.de\/?post_type=product&#038;p=68255877"},"modified":"2026-02-15T00:05:28","modified_gmt":"2026-02-14T23:05:28","slug":"dischi-freno-ebc-premium-gd7366","status":"publish","type":"product","link":"https:\/\/kraftwerk-shop.cc\/it\/produkt\/ebc-premium-bremsscheiben-gd7366\/","title":{"rendered":"Dischi freno sportivi EBC Turbo Groove GD7366"},"content":{"rendered":"<h1>Dischi freno EBC Turbo Groove per Chrysler 300C, Dodge Challenger, Charger, Magnum 6.1 SRT8, 6.2 Hellcat e 6.4 SRT (asse posteriore)<\/h1>\n<p>&nbsp;<\/p>\n<p>La superficie d'attrito del disco freno sportivo Turbo Groove \u00e8 scanalata e scanalata.<\/p>\n<p>Le fessure di questi dischi freno sono fresate fino al bordo esterno.<br \/>\nIn questo modo, i gas dei freni, l'abrasione, lo sporco e l'acqua possono essere rimossi quasi completamente dalla superficie di attrito dei dischi dei freni.<\/p>\n<p>Inoltre, attraverso le fessure viene immessa aria pi\u00f9 \"fredda\" per contrastare in modo ottimale il surriscaldamento delle pastiglie e dei dischi dei freni.<\/p>\n<p>Le scanalature aggiuntive sui gradini migliorano ulteriormente questa propriet\u00e0.<br \/>\nIn questo modo si ottengono tutti i vantaggi di un disco freno sportivo forato, ma senza il rischio delle ben note crepe da calore associate ai dischi freno completamente forati.<\/p>\n<p>Grazie alla scanalatura, le pastiglie dei freni si consumano in modo uniforme e parallelo per tutta la loro durata.<\/p>\n<p>La verniciatura a polvere nera dei dischi Black Dash offre la migliore protezione possibile contro la corrosione ed \u00e8 particolarmente adatta ai veicoli con design a cerchi aperti.<\/p>\n<p>&nbsp;<\/p>\n<p><strong>Vantaggi e svantaggi in sintesi:<\/strong><\/p>\n<p>+ Miglior raffreddamento possibile grazie a scanalature e fessure<br \/>\n+ Migliore rimozione possibile di gas, sporco, acqua, ecc.<br \/>\n+ Protezione dalla corrosione grazie al rivestimento color oro<br \/>\n+ Non c'\u00e8 rischio di crepe da calore perch\u00e9 non \u00e8 perforato<br \/>\n+ Usura uniforme delle pastiglie dei freni per tutta la loro durata di vita<\/p>\n<p>- Livello di rumorosit\u00e0 pi\u00f9 elevato rispetto ai dischi freno Black Dash<\/p>\n<p>&nbsp;<\/p>\n<p><strong>Caratteristiche del prodotto:<\/strong><\/p>\n<p>350x28mm \/ altezza: 68mm \/ numero di fori: 5 \/ giro di vite: 115mm \/ ventilato \/ montaggio: posteriore<br \/>\nAutorizzazione: in preparazione<\/p>\n<p>Numero OE (solo a scopo di confronto): 5290538AA, 5290538AB, 5290538AC, 5290538AD, 5290538AE, 4755539AA<\/p>\n<p>&nbsp;<\/p>\n<p><strong>Adatto per:<br \/>\n<\/strong><\/p>\n<table width=\"0\">\n<tbody>\n<tr>\n<td width=\"64\">Chrysler<\/td>\n<td width=\"100\">300C<\/td>\n<td width=\"163\">6.1, 6.4<\/td>\n<td width=\"305\">tutti gli anni di costruzione<\/td>\n<\/tr>\n<tr>\n<td width=\"64\">Dodge<\/td>\n<td width=\"100\">Challenger<\/td>\n<td width=\"163\">6.1, 6.2 Hellcat, 6.4<\/td>\n<td width=\"305\">tutti gli anni di costruzione<\/td>\n<\/tr>\n<tr>\n<td width=\"64\">Dodge<\/td>\n<td width=\"100\">Charger<\/td>\n<td width=\"163\">6.1, 6.2 Hellcat, 6.4<\/td>\n<td width=\"305\">tutti gli anni di costruzione<\/td>\n<\/tr>\n<tr>\n<td width=\"64\">Dodge<\/td>\n<td width=\"100\">Magnum<\/td>\n<td width=\"163\">6.1<\/td>\n<td width=\"305\">tutti gli anni di costruzione<\/td>\n<\/tr>\n<\/tbody>\n<\/table>\n<p><strong><br \/>\nAmbito di fornitura: <\/strong><\/p>\n<p>- 2 dischi freno EBC Turbo Groove (GD7366) per l'asse posteriore<\/p>","protected":false},"excerpt":{"rendered":"<p>Dischi freno EBC Turbo Groove per Chrysler 300C, Dodge Challenger, Charger, Magnum 6.1 SRT8, 6.2 Hellcat e 6.4 SRT (asse posteriore) &nbsp;<\/p>","protected":false},"featured_media":68274132,"comment_status":"open","ping_status":"closed","template":"","meta":{"_acf_changed":false},"product_brand":[16875],"product_cat":[17734,17738,17698,17694,17690,17758,17762,17766,17778],"product_tag":[17167,6816,6817,6818,6819,6820,52,217,17166,791,792,790,793,3744,795,796,3946,10802,54,53,48,536,49,3853,3854,964,2442,16877,16876,16878,692,2115,942,2111,941,100,126,36,55,797,96,2110,216,842,841,673],"class_list":{"0":"post-68255877","1":"product","2":"type-product","3":"status-publish","4":"has-post-thumbnail","6":"product_brand-ebc-brakes","7":"product_cat-300c-61-bremsscheiben-hinten","8":"product_cat-300c-64-bremsscheiben-hinten","9":"product_cat-challenger-61-bremsscheiben-hinten","10":"product_cat-challenger-hellcat-bremsscheiben-hinten","11":"product_cat-challenger-64-bremsscheiben-hinten","12":"product_cat-charger-61-bremsscheiben-hinten","13":"product_cat-charger-hellcat-bremsscheiben-hinten","14":"product_cat-charger-64-bremsscheiben-hinten","15":"product_cat-magnum-61-bremsscheiben-hinten","16":"product_tag-04755539aa","17":"product_tag-05290538aa","18":"product_tag-05290538ab","19":"product_tag-05290538ac","20":"product_tag-05290538ad","21":"product_tag-05290538ae","22":"product_tag-300c","23":"product_tag-217","24":"product_tag-4755539aa","25":"product_tag-5290538aa","26":"product_tag-5290538ab","27":"product_tag-5290538ac","28":"product_tag-5290538ad","29":"product_tag-5290538ae","30":"product_tag-bremse","31":"product_tag-bremsscheibe","32":"product_tag-bremsscheiben-fuer-dodge-challenger","33":"product_tag-bremsscheiben-fuer-dodge-challenger-6-4","34":"product_tag-challenger","35":"product_tag-charger","36":"product_tag-chrysler","37":"product_tag-chrysler-300c","38":"product_tag-dodge","39":"product_tag-dodge-challenger","40":"product_tag-dodge-charger","41":"product_tag-ebc","42":"product_tag-ebc-brakes","43":"product_tag-ebc-bremsbelaege","44":"product_tag-ebc-bremsen","45":"product_tag-ebc-bremsscheiben","46":"product_tag-ersatzteil","47":"product_tag-gd7366","48":"product_tag-gelocht","49":"product_tag-genutet","50":"product_tag-geschlitzt","51":"product_tag-hellcat","52":"product_tag-hemi","53":"product_tag-kraftwerk","54":"product_tag-magnum","55":"product_tag-sportbremsscheibe","56":"product_tag-srt","57":"product_tag-turbo-groove","58":"product_tag-upgrade","59":"product_tag-vorderachse","60":"product_tag-vorne","61":"product_tag-zubehoer","63":"first","64":"onbackorder","65":"taxable","66":"shipping-taxable","67":"purchasable","68":"product-type-simple"},"bundled_by":[],"bundle_stock_status":"onbackorder","bundle_stock_quantity":0,"bundle_virtual":false,"bundle_layout":"","bundle_add_to_cart_form_location":"","bundle_editable_in_cart":false,"bundle_sold_individually_context":"","bundle_item_grouping":"","bundle_min_size":"","bundle_max_size":"","bundle_price":[],"bundled_items":[],"bundle_sell_ids":[],"exclude_global_add_ons":[],"addons":[],"acf":[],"_links":{"self":[{"href":"https:\/\/kraftwerk-shop.cc\/it\/wp-json\/wp\/v2\/product\/68255877","targetHints":{"allow":["GET"]}}],"collection":[{"href":"https:\/\/kraftwerk-shop.cc\/it\/wp-json\/wp\/v2\/product"}],"about":[{"href":"https:\/\/kraftwerk-shop.cc\/it\/wp-json\/wp\/v2\/types\/product"}],"replies":[{"embeddable":true,"href":"https:\/\/kraftwerk-shop.cc\/it\/wp-json\/wp\/v2\/comments?post=68255877"}],"version-history":[{"count":0,"href":"https:\/\/kraftwerk-shop.cc\/it\/wp-json\/wp\/v2\/product\/68255877\/revisions"}],"wp:featuredmedia":[{"embeddable":true,"href":"https:\/\/kraftwerk-shop.cc\/it\/wp-json\/wp\/v2\/media\/68274132"}],"wp:attachment":[{"href":"https:\/\/kraftwerk-shop.cc\/it\/wp-json\/wp\/v2\/media?parent=68255877"}],"wp:term":[{"taxonomy":"product_brand","embeddable":true,"href":"https:\/\/kraftwerk-shop.cc\/it\/wp-json\/wp\/v2\/product_brand?post=68255877"},{"taxonomy":"product_cat","embeddable":true,"href":"https:\/\/kraftwerk-shop.cc\/it\/wp-json\/wp\/v2\/product_cat?post=68255877"},{"taxonomy":"product_tag","embeddable":true,"href":"https:\/\/kraftwerk-shop.cc\/it\/wp-json\/wp\/v2\/product_tag?post=68255877"}],"curies":[{"name":"wp","href":"https:\/\/api.w.org\/{rel}","templated":true}]}}