{"id":68255879,"date":"2021-09-25T15:48:08","date_gmt":"2021-09-25T13:48:08","guid":{"rendered":"https:\/\/kraftwerk-gruppe.de\/?post_type=product&#038;p=68255879"},"modified":"2026-02-15T00:05:39","modified_gmt":"2026-02-14T23:05:39","slug":"dischi-freno-ebc-premium-gd7386","status":"publish","type":"product","link":"https:\/\/kraftwerk-shop.cc\/it\/produkt\/ebc-premium-bremsscheiben-gd7386\/","title":{"rendered":"Dischi freno sportivi EBC Turbo Groove GD7386"},"content":{"rendered":"<h1>Dischi freno EBC Turbo Groove per Jeep Grand Cherokee 6.1 SRT8 (asse posteriore)<\/h1>\n<p>&nbsp;<\/p>\n<p>La superficie d'attrito del disco freno sportivo Turbo Groove \u00e8 scanalata e scanalata.<\/p>\n<p>Le fessure di questi dischi freno sono fresate fino al bordo esterno.<br \/>\nIn questo modo, i gas dei freni, l'abrasione, lo sporco e l'acqua possono essere rimossi quasi completamente dalla superficie di attrito dei dischi dei freni.<\/p>\n<p>Inoltre, attraverso le fessure viene immessa aria pi\u00f9 \"fredda\" per contrastare in modo ottimale il surriscaldamento delle pastiglie e dei dischi dei freni.<\/p>\n<p>Le scanalature aggiuntive sui gradini migliorano ulteriormente questa propriet\u00e0.<br \/>\nIn questo modo si ottengono tutti i vantaggi di un disco freno sportivo forato, ma senza il rischio delle ben note crepe da calore associate ai dischi freno completamente forati.<\/p>\n<p>Grazie alla scanalatura, le pastiglie dei freni si consumano in modo uniforme e parallelo per tutta la loro durata.<\/p>\n<p>La verniciatura a polvere nera dei dischi Black Dash offre la migliore protezione possibile contro la corrosione ed \u00e8 particolarmente adatta ai veicoli con design a cerchi aperti.<\/p>\n<p>&nbsp;<\/p>\n<p><strong>Vantaggi e svantaggi in sintesi:<\/strong><\/p>\n<p>+ Miglior raffreddamento possibile grazie a scanalature e fessure<br \/>\n+ Migliore rimozione possibile di gas, sporco, acqua, ecc.<br \/>\n+ Protezione dalla corrosione grazie al rivestimento color oro<br \/>\n+ Non c'\u00e8 rischio di crepe da calore perch\u00e9 non \u00e8 perforato<br \/>\n+ Usura uniforme delle pastiglie dei freni per tutta la loro durata di vita<\/p>\n<p>- Livello di rumorosit\u00e0 pi\u00f9 elevato rispetto ai dischi freno Black Dash<\/p>\n<p>&nbsp;<\/p>\n<p><strong>Caratteristiche del prodotto:<\/strong><\/p>\n<p>350x29mm \/ altezza: 68mm \/ numero di fori: 5 \/ giro di vite: 127mm \/ ventilato \/ montato: posteriore<br \/>\nAutorizzazione: in preparazione<\/p>\n<p>Numero OE (solo a scopo di confronto): 5290731AB<\/p>\n<p>&nbsp;<\/p>\n<p><strong>Adatto per:<br \/>\n<\/strong><\/p>\n<table width=\"0\">\n<tbody>\n<tr>\n<td width=\"64\">Jeep<\/td>\n<td width=\"117\">Grand Cherokee<\/td>\n<td width=\"137\">6.1<\/td>\n<td width=\"391\">tutti gli anni di costruzione<\/td>\n<\/tr>\n<\/tbody>\n<\/table>\n<p><strong><br \/>\nAmbito di fornitura: <\/strong><\/p>\n<p>- 2 dischi freno EBC Turbo Groove (GD7386) per l'asse posteriore<\/p>\n<p><strong>Nota:<\/strong><\/p>\n<p>Prima di ordinare, verificare se il veicolo \u00e8 dotato di dischi freno ventilati o non ventilati.<br \/>\nSolo pochissimi veicoli hanno dischi freno non ventilati nella parte posteriore. Questi veicoli hanno solitamente i piccoli dischi freno da 320 mm sull'asse anteriore.<\/p>","protected":false},"excerpt":{"rendered":"<p>EBC Turbo Groove Bremsscheiben f\u00fcr Jeep Grand Cherokee 6.1 SRT8 (Hinterachse) &nbsp; Die Reibfl\u00e4che der Turbo Groove Sportbremsscheibe ist genutet<\/p>","protected":false},"featured_media":68274130,"comment_status":"open","ping_status":"closed","template":"","meta":{"_acf_changed":false},"product_brand":[16875],"product_cat":[17959],"product_tag":[18237,2085,92,795,796,964,2442,16877,16876,16878,692,2117,942,2111,941,56,798,799,50,4425,36,797,96,2110,216,673],"class_list":{"0":"post-68255879","1":"product","2":"type-product","3":"status-publish","4":"has-post-thumbnail","6":"product_brand-ebc-brakes","7":"product_cat-grand-cherokee-61-bremsscheiben-hinten","8":"product_tag-05290731ab","9":"product_tag-5290731ab","10":"product_tag-6-1","11":"product_tag-bremse","12":"product_tag-bremsscheibe","13":"product_tag-ebc","14":"product_tag-ebc-brakes","15":"product_tag-ebc-bremsbelaege","16":"product_tag-ebc-bremsen","17":"product_tag-ebc-bremsscheiben","18":"product_tag-ersatzteil","19":"product_tag-gd7386","20":"product_tag-gelocht","21":"product_tag-genutet","22":"product_tag-geschlitzt","23":"product_tag-grand-cherokee","24":"product_tag-hinten","25":"product_tag-hinterachse","26":"product_tag-jeep","27":"product_tag-jeep-grand-cherokee","28":"product_tag-kraftwerk","29":"product_tag-sportbremsscheibe","30":"product_tag-srt","31":"product_tag-turbo-groove","32":"product_tag-upgrade","33":"product_tag-zubehoer","34":"product_shipping_class-deutschlandohne","36":"first","37":"onbackorder","38":"taxable","39":"shipping-taxable","40":"purchasable","41":"product-type-simple"},"bundled_by":[],"bundle_stock_status":"onbackorder","bundle_stock_quantity":0,"bundle_virtual":false,"bundle_layout":"","bundle_add_to_cart_form_location":"","bundle_editable_in_cart":false,"bundle_sold_individually_context":"","bundle_item_grouping":"","bundle_min_size":"","bundle_max_size":"","bundle_price":[],"bundled_items":[],"bundle_sell_ids":[],"exclude_global_add_ons":[],"addons":[],"acf":[],"_links":{"self":[{"href":"https:\/\/kraftwerk-shop.cc\/it\/wp-json\/wp\/v2\/product\/68255879","targetHints":{"allow":["GET"]}}],"collection":[{"href":"https:\/\/kraftwerk-shop.cc\/it\/wp-json\/wp\/v2\/product"}],"about":[{"href":"https:\/\/kraftwerk-shop.cc\/it\/wp-json\/wp\/v2\/types\/product"}],"replies":[{"embeddable":true,"href":"https:\/\/kraftwerk-shop.cc\/it\/wp-json\/wp\/v2\/comments?post=68255879"}],"version-history":[{"count":0,"href":"https:\/\/kraftwerk-shop.cc\/it\/wp-json\/wp\/v2\/product\/68255879\/revisions"}],"wp:featuredmedia":[{"embeddable":true,"href":"https:\/\/kraftwerk-shop.cc\/it\/wp-json\/wp\/v2\/media\/68274130"}],"wp:attachment":[{"href":"https:\/\/kraftwerk-shop.cc\/it\/wp-json\/wp\/v2\/media?parent=68255879"}],"wp:term":[{"taxonomy":"product_brand","embeddable":true,"href":"https:\/\/kraftwerk-shop.cc\/it\/wp-json\/wp\/v2\/product_brand?post=68255879"},{"taxonomy":"product_cat","embeddable":true,"href":"https:\/\/kraftwerk-shop.cc\/it\/wp-json\/wp\/v2\/product_cat?post=68255879"},{"taxonomy":"product_tag","embeddable":true,"href":"https:\/\/kraftwerk-shop.cc\/it\/wp-json\/wp\/v2\/product_tag?post=68255879"}],"curies":[{"name":"wp","href":"https:\/\/api.w.org\/{rel}","templated":true}]}}