{"id":68255881,"date":"2021-09-25T15:48:12","date_gmt":"2021-09-25T13:48:12","guid":{"rendered":"https:\/\/kraftwerk-gruppe.de\/?post_type=product&#038;p=68255881"},"modified":"2026-02-14T23:59:44","modified_gmt":"2026-02-14T22:59:44","slug":"dischi-freno-ebc-premium-gd7520","status":"publish","type":"product","link":"https:\/\/kraftwerk-shop.cc\/it\/produkt\/ebc-premium-bremsscheiben-gd7520\/","title":{"rendered":"Dischi freno sportivi EBC Turbo Groove GD7520"},"content":{"rendered":"<h1>Dischi freno EBC Turbo Groove per Chevrolet Camaro SS LS3 e L99 dal 2010 al 2015 (asse anteriore)<\/h1>\n<p>&nbsp;<\/p>\n<p>La superficie d'attrito del disco freno sportivo Turbo Groove \u00e8 scanalata e scanalata.<\/p>\n<p>Le fessure di questi dischi freno sono fresate fino al bordo esterno.<br \/>\nIn questo modo, i gas dei freni, l'abrasione, lo sporco e l'acqua possono essere rimossi quasi completamente dalla superficie di attrito dei dischi dei freni.<\/p>\n<p>Inoltre, attraverso le fessure viene immessa aria pi\u00f9 \"fredda\" per contrastare in modo ottimale il surriscaldamento delle pastiglie e dei dischi dei freni.<\/p>\n<p>Le scanalature aggiuntive sui gradini migliorano ulteriormente questa propriet\u00e0.<br \/>\nIn questo modo si ottengono tutti i vantaggi di un disco freno sportivo forato, ma senza il rischio delle ben note crepe da calore associate ai dischi freno completamente forati.<\/p>\n<p>Grazie alla scanalatura, le pastiglie dei freni si consumano in modo uniforme e parallelo per tutta la loro durata.<\/p>\n<p>La verniciatura a polvere nera dei dischi Black Dash offre la migliore protezione possibile contro la corrosione ed \u00e8 particolarmente adatta ai veicoli con design a cerchi aperti.<\/p>\n<p>&nbsp;<\/p>\n<p><strong>Vantaggi e svantaggi in sintesi:<\/strong><\/p>\n<p>+ Miglior raffreddamento possibile grazie a scanalature e fessure<br \/>\n+ Migliore rimozione possibile di gas, sporco, acqua, ecc.<br \/>\n+ Protezione dalla corrosione grazie al rivestimento color oro<br \/>\n+ Non c'\u00e8 rischio di crepe da calore perch\u00e9 non \u00e8 perforato<br \/>\n+ Usura uniforme delle pastiglie dei freni per tutta la loro durata di vita<\/p>\n<p>- Livello di rumorosit\u00e0 pi\u00f9 elevato rispetto ai dischi freno Black Dash<\/p>\n<p>&nbsp;<\/p>\n<p><strong>Caratteristiche del prodotto:<\/strong><\/p>\n<p>355x32mm \/ altezza: 50mm \/ numero di fori: 5 \/ cerchio di fissaggio: 120mm \/ ventilato \/ montaggio: anteriore<br \/>\nAutorizzazione: s\u00ec<\/p>\n<p>Numero OE (solo a scopo di confronto): 92245928<\/p>\n<p>&nbsp;<\/p>\n<p><strong>Adatto per:<br \/>\n<\/strong><\/p>\n<table width=\"0\">\n<tbody>\n<tr>\n<td width=\"66\">Chevrolet<\/td>\n<td width=\"100\">Camaro<\/td>\n<td width=\"163\">6.2 L99 (405 CV)<\/td>\n<\/tr>\n<tr>\n<td width=\"66\">Chevrolet<\/td>\n<td width=\"100\">Camaro<\/td>\n<td width=\"163\">6.2 LS3 (432 CV)<\/td>\n<\/tr>\n<\/tbody>\n<\/table>\n<p><strong><br \/>\nAmbito di fornitura: <\/strong><\/p>\n<p>- 2 dischi freno EBC Turbo Groove (GD7520) per l'asse anteriore<\/p>","protected":false},"excerpt":{"rendered":"<p>Dischi freno EBC Turbo Groove per Chevrolet Camaro SS LS3 e L99 dal 2010 al 2015 (asse anteriore) La superficie di attrito dei dischi freno \u00e8<\/p>","protected":false},"featured_media":68274103,"comment_status":"open","ping_status":"closed","template":"","meta":{"_acf_changed":false},"product_brand":[16875],"product_cat":[2679],"product_tag":[2089,795,796,191,189,190,964,2442,16877,16876,16878,692,2119,942,2111,941,36,192,193,797,2110,216,842,841,673],"class_list":{"0":"post-68255881","1":"product","2":"type-product","3":"status-publish","4":"has-post-thumbnail","6":"product_brand-ebc-brakes","7":"product_cat-camaro-62-2010-2015-bremsen-vorne","8":"product_tag-2089","9":"product_tag-bremse","10":"product_tag-bremsscheibe","11":"product_tag-camaro","12":"product_tag-chevrolet","13":"product_tag-chevy","14":"product_tag-ebc","15":"product_tag-ebc-brakes","16":"product_tag-ebc-bremsbelaege","17":"product_tag-ebc-bremsen","18":"product_tag-ebc-bremsscheiben","19":"product_tag-ersatzteil","20":"product_tag-gd7520","21":"product_tag-gelocht","22":"product_tag-genutet","23":"product_tag-geschlitzt","24":"product_tag-kraftwerk","25":"product_tag-l99","26":"product_tag-ls3","27":"product_tag-sportbremsscheibe","28":"product_tag-turbo-groove","29":"product_tag-upgrade","30":"product_tag-vorderachse","31":"product_tag-vorne","32":"product_tag-zubehoer","34":"first","35":"onbackorder","36":"taxable","37":"shipping-taxable","38":"purchasable","39":"product-type-simple"},"bundled_by":[],"bundle_stock_status":"onbackorder","bundle_stock_quantity":0,"bundle_virtual":false,"bundle_layout":"","bundle_add_to_cart_form_location":"","bundle_editable_in_cart":false,"bundle_sold_individually_context":"","bundle_item_grouping":"","bundle_min_size":"","bundle_max_size":"","bundle_price":[],"bundled_items":[],"bundle_sell_ids":[],"exclude_global_add_ons":[],"addons":[],"acf":[],"_links":{"self":[{"href":"https:\/\/kraftwerk-shop.cc\/it\/wp-json\/wp\/v2\/product\/68255881","targetHints":{"allow":["GET"]}}],"collection":[{"href":"https:\/\/kraftwerk-shop.cc\/it\/wp-json\/wp\/v2\/product"}],"about":[{"href":"https:\/\/kraftwerk-shop.cc\/it\/wp-json\/wp\/v2\/types\/product"}],"replies":[{"embeddable":true,"href":"https:\/\/kraftwerk-shop.cc\/it\/wp-json\/wp\/v2\/comments?post=68255881"}],"version-history":[{"count":0,"href":"https:\/\/kraftwerk-shop.cc\/it\/wp-json\/wp\/v2\/product\/68255881\/revisions"}],"wp:featuredmedia":[{"embeddable":true,"href":"https:\/\/kraftwerk-shop.cc\/it\/wp-json\/wp\/v2\/media\/68274103"}],"wp:attachment":[{"href":"https:\/\/kraftwerk-shop.cc\/it\/wp-json\/wp\/v2\/media?parent=68255881"}],"wp:term":[{"taxonomy":"product_brand","embeddable":true,"href":"https:\/\/kraftwerk-shop.cc\/it\/wp-json\/wp\/v2\/product_brand?post=68255881"},{"taxonomy":"product_cat","embeddable":true,"href":"https:\/\/kraftwerk-shop.cc\/it\/wp-json\/wp\/v2\/product_cat?post=68255881"},{"taxonomy":"product_tag","embeddable":true,"href":"https:\/\/kraftwerk-shop.cc\/it\/wp-json\/wp\/v2\/product_tag?post=68255881"}],"curies":[{"name":"wp","href":"https:\/\/api.w.org\/{rel}","templated":true}]}}