{"id":68255883,"date":"2021-09-25T15:48:18","date_gmt":"2021-09-25T13:48:18","guid":{"rendered":"https:\/\/kraftwerk-gruppe.de\/?post_type=product&#038;p=68255883"},"modified":"2026-02-15T00:43:29","modified_gmt":"2026-02-14T23:43:29","slug":"dischi-freno-ebc-premium-gd7558","status":"publish","type":"product","link":"https:\/\/kraftwerk-shop.cc\/it\/produkt\/ebc-premium-bremsscheiben-gd7558\/","title":{"rendered":"Dischi freno sportivi EBC Turbo Groove GD7558"},"content":{"rendered":"<h1>Dischi freno EBC Turbo Groove per Dodge Durango 3.6, 5.7 e Jeep Grand Cherokee 3.0 MultiJet, 3.6 e 5.7 dal 2011 (asse posteriore)<\/h1>\n<p>&nbsp;<\/p>\n<p>La superficie d'attrito del disco freno sportivo Turbo Groove \u00e8 scanalata e scanalata.<\/p>\n<p>Le fessure di questi dischi freno sono fresate fino al bordo esterno.<br \/>\nIn questo modo, i gas dei freni, l'abrasione, lo sporco e l'acqua possono essere rimossi quasi completamente dalla superficie di attrito dei dischi dei freni.<\/p>\n<p>Inoltre, attraverso le fessure viene immessa aria pi\u00f9 \"fredda\" per contrastare in modo ottimale il surriscaldamento delle pastiglie e dei dischi dei freni.<\/p>\n<p>Le scanalature aggiuntive sui gradini migliorano ulteriormente questa propriet\u00e0.<br \/>\nIn questo modo si ottengono tutti i vantaggi di un disco freno sportivo forato, ma senza il rischio delle ben note crepe da calore associate ai dischi freno completamente forati.<\/p>\n<p>Grazie alla scanalatura, le pastiglie dei freni si consumano in modo uniforme e parallelo per tutta la loro durata.<\/p>\n<p>La verniciatura a polvere nera dei dischi Black Dash offre la migliore protezione possibile contro la corrosione ed \u00e8 particolarmente adatta ai veicoli con design a cerchi aperti.<\/p>\n<p>&nbsp;<\/p>\n<p><strong>Vantaggi e svantaggi in sintesi:<\/strong><\/p>\n<p>+ Miglior raffreddamento possibile grazie a scanalature e fessure<br \/>\n+ Migliore rimozione possibile di gas, sporco, acqua, ecc.<br \/>\n+ Protezione dalla corrosione grazie al rivestimento color oro<br \/>\n+ Non c'\u00e8 rischio di crepe da calore perch\u00e9 non \u00e8 perforato<br \/>\n+ Usura uniforme delle pastiglie dei freni per tutta la loro durata di vita<\/p>\n<p>- Livello di rumorosit\u00e0 pi\u00f9 elevato rispetto ai dischi freno Black Dash<\/p>\n<p>&nbsp;<\/p>\n<p><strong>Caratteristiche del prodotto:<\/strong><\/p>\n<p>330x22mm \/ altezza: 63mm \/ numero di fori: 5 \/ cerchio di fissaggio: 127mm \/ ventilato \/ montaggio: posteriore<br \/>\nAutorizzazione: s\u00ec<\/p>\n<p>Numero OE (solo a scopo di confronto): 68035022AA, 68035022AB, 68035022AC, 68035022AD, 68035022AE<\/p>\n<p>&nbsp;<\/p>\n<p><strong>Adatto per:<br \/>\n<\/strong><\/p>\n<table width=\"0\">\n<tbody>\n<tr>\n<td width=\"64\">Dodge<\/td>\n<td width=\"117\">Durango<\/td>\n<td width=\"147\">3.6, 5.7<\/td>\n<td width=\"208\">2011 \u2013 2025<\/td>\n<\/tr>\n<tr>\n<td width=\"64\">Jeep<\/td>\n<td width=\"117\">Grand Cherokee<\/td>\n<td width=\"147\">3.0 MultiJet, 3.6, 5.7<\/td>\n<td width=\"208\">2011 \u2013 2021<\/td>\n<\/tr>\n<\/tbody>\n<\/table>\n<p><strong><br \/>\nAmbito di fornitura: <\/strong><\/p>\n<p>- 2 dischi freno EBC Turbo Groove (GD7558) per l'asse posteriore<\/p>\n<p><strong>Nota:<\/strong><\/p>\n<p>Prima di ordinare, verificare se il veicolo \u00e8 dotato di dischi freno ventilati o non ventilati.<br \/>\nSolo pochissimi veicoli hanno dischi freno non ventilati nella parte posteriore. Questi veicoli hanno solitamente i piccoli dischi freno da 320 mm sull'asse anteriore.<\/p>","protected":false},"excerpt":{"rendered":"<p>2011 \u2013 2023<\/p>","protected":false},"featured_media":68274101,"comment_status":"open","ping_status":"closed","template":"","meta":{"_acf_changed":false},"product_brand":[16875],"product_cat":[17919,17923,17939,17944,17954],"product_tag":[572,169,91,2098,2099,2100,2101,2102,795,796,49,95,964,2442,16877,16876,16878,692,2121,942,2111,941,56,126,798,799,50,4425,36,877,797,2110,216,673],"class_list":{"0":"post-68255883","1":"product","2":"type-product","3":"status-publish","4":"has-post-thumbnail","6":"product_brand-ebc-brakes","7":"product_cat-durango-36-bremsscheiben-hinten","8":"product_cat-durango-57-bremsscheiben-hinten","9":"product_cat-grand-cherokee-30-diesel-bremsscheiben-hinten","10":"product_cat-grand-cherokee-36-bremsscheiben-hinten","11":"product_cat-grand-cherokee-57-2011-2021-bremsscheiben-hinten","12":"product_tag-3-0-crd","13":"product_tag-3-6","14":"product_tag-5-7","15":"product_tag-68035022aa","16":"product_tag-68035022ab","17":"product_tag-68035022ac","18":"product_tag-68035022ad","19":"product_tag-68035022ae","20":"product_tag-bremse","21":"product_tag-bremsscheibe","22":"product_tag-dodge","23":"product_tag-durango","24":"product_tag-ebc","25":"product_tag-ebc-brakes","26":"product_tag-ebc-bremsbelaege","27":"product_tag-ebc-bremsen","28":"product_tag-ebc-bremsscheiben","29":"product_tag-ersatzteil","30":"product_tag-gd7558","31":"product_tag-gelocht","32":"product_tag-genutet","33":"product_tag-geschlitzt","34":"product_tag-grand-cherokee","35":"product_tag-hemi","36":"product_tag-hinten","37":"product_tag-hinterachse","38":"product_tag-jeep","39":"product_tag-jeep-grand-cherokee","40":"product_tag-kraftwerk","41":"product_tag-multijet","42":"product_tag-sportbremsscheibe","43":"product_tag-turbo-groove","44":"product_tag-upgrade","45":"product_tag-zubehoer","47":"first","48":"onbackorder","49":"taxable","50":"shipping-taxable","51":"purchasable","52":"product-type-simple"},"bundled_by":[],"bundle_stock_status":"onbackorder","bundle_stock_quantity":0,"bundle_virtual":false,"bundle_layout":"","bundle_add_to_cart_form_location":"","bundle_editable_in_cart":false,"bundle_sold_individually_context":"","bundle_item_grouping":"","bundle_min_size":"","bundle_max_size":"","bundle_price":[],"bundled_items":[],"bundle_sell_ids":[],"exclude_global_add_ons":[],"addons":[],"acf":[],"_links":{"self":[{"href":"https:\/\/kraftwerk-shop.cc\/it\/wp-json\/wp\/v2\/product\/68255883","targetHints":{"allow":["GET"]}}],"collection":[{"href":"https:\/\/kraftwerk-shop.cc\/it\/wp-json\/wp\/v2\/product"}],"about":[{"href":"https:\/\/kraftwerk-shop.cc\/it\/wp-json\/wp\/v2\/types\/product"}],"replies":[{"embeddable":true,"href":"https:\/\/kraftwerk-shop.cc\/it\/wp-json\/wp\/v2\/comments?post=68255883"}],"version-history":[{"count":0,"href":"https:\/\/kraftwerk-shop.cc\/it\/wp-json\/wp\/v2\/product\/68255883\/revisions"}],"wp:featuredmedia":[{"embeddable":true,"href":"https:\/\/kraftwerk-shop.cc\/it\/wp-json\/wp\/v2\/media\/68274101"}],"wp:attachment":[{"href":"https:\/\/kraftwerk-shop.cc\/it\/wp-json\/wp\/v2\/media?parent=68255883"}],"wp:term":[{"taxonomy":"product_brand","embeddable":true,"href":"https:\/\/kraftwerk-shop.cc\/it\/wp-json\/wp\/v2\/product_brand?post=68255883"},{"taxonomy":"product_cat","embeddable":true,"href":"https:\/\/kraftwerk-shop.cc\/it\/wp-json\/wp\/v2\/product_cat?post=68255883"},{"taxonomy":"product_tag","embeddable":true,"href":"https:\/\/kraftwerk-shop.cc\/it\/wp-json\/wp\/v2\/product_tag?post=68255883"}],"curies":[{"name":"wp","href":"https:\/\/api.w.org\/{rel}","templated":true}]}}