{"id":68255885,"date":"2021-09-25T15:48:23","date_gmt":"2021-09-25T13:48:23","guid":{"rendered":"https:\/\/kraftwerk-gruppe.de\/?post_type=product&#038;p=68255885"},"modified":"2026-02-15T00:01:15","modified_gmt":"2026-02-14T23:01:15","slug":"dischi-freno-ebc-premium-gd7598","status":"publish","type":"product","link":"https:\/\/kraftwerk-shop.cc\/it\/produkt\/ebc-premium-bremsscheiben-gd7598\/","title":{"rendered":"Dischi freno sportivi EBC Turbo Groove GD7598"},"content":{"rendered":"<h1>Dischi freno EBC Turbo Groove per Dodge Durango 6.2 Hellcat, 6.4 SRT, Jeep Grand Cherokee 6.2 Trackhawk e 6.4 SRT (asse posteriore)<\/h1>\n<p>&nbsp;<\/p>\n<p>La superficie d'attrito del disco freno sportivo Turbo Groove \u00e8 scanalata e scanalata.<\/p>\n<p>Le fessure di questi dischi freno sono fresate fino al bordo esterno.<br \/>\nIn questo modo, i gas dei freni, l'abrasione, lo sporco e l'acqua possono essere rimossi quasi completamente dalla superficie di attrito dei dischi dei freni.<\/p>\n<p>Inoltre, attraverso le fessure viene immessa aria pi\u00f9 \"fredda\" per contrastare in modo ottimale il surriscaldamento delle pastiglie e dei dischi dei freni.<\/p>\n<p>Le scanalature aggiuntive sui gradini migliorano ulteriormente questa propriet\u00e0.<br \/>\nIn questo modo si ottengono tutti i vantaggi di un disco freno sportivo forato, ma senza il rischio delle ben note crepe da calore associate ai dischi freno completamente forati.<\/p>\n<p>Grazie alla scanalatura, le pastiglie dei freni si consumano in modo uniforme e parallelo per tutta la loro durata.<\/p>\n<p>La verniciatura a polvere nera dei dischi Black Dash offre la migliore protezione possibile contro la corrosione ed \u00e8 particolarmente adatta ai veicoli con design a cerchi aperti.<\/p>\n<p>&nbsp;<\/p>\n<p><strong>Vantaggi e svantaggi in sintesi:<\/strong><\/p>\n<p>+ Miglior raffreddamento possibile grazie a scanalature e fessure<br \/>\n+ Migliore rimozione possibile di gas, sporco, acqua, ecc.<br \/>\n+ Protezione dalla corrosione grazie al rivestimento color oro<br \/>\n+ Non c'\u00e8 rischio di crepe da calore perch\u00e9 non \u00e8 perforato<br \/>\n+ Usura uniforme delle pastiglie dei freni per tutta la loro durata di vita<\/p>\n<p>- Livello di rumorosit\u00e0 pi\u00f9 elevato rispetto ai dischi freno Black Dash<\/p>\n<p>&nbsp;<\/p>\n<p><strong>Caratteristiche del prodotto:<\/strong><\/p>\n<p>350x28mm \/ altezza: 64mm \/ numero di fori: 5 \/ cerchio di fissaggio: 127mm \/ ventilato \/ montaggio: posteriore<br \/>\nAutorizzazione: in preparazione<\/p>\n<p>Numero OE (solo a scopo di confronto): 5181512AA, 5181512AB, 5181512AC, 68256680AA, 68256680AB, 68256680AC<\/p>\n<p>&nbsp;<\/p>\n<p><strong>Adatto per:<\/strong><\/p>\n<table width=\"530\">\n<tbody>\n<tr>\n<td width=\"141\">Dodge<\/td>\n<td width=\"116\">Durango<\/td>\n<td width=\"176\">6.2 Hellcat<\/td>\n<td width=\"97\">2021 \u2013 2025<\/td>\n<\/tr>\n<tr>\n<td>Dodge<\/td>\n<td>Durango<\/td>\n<td>6,4 SRT<\/td>\n<td>2018 \u2013 2024<\/td>\n<\/tr>\n<tr>\n<td width=\"141\">Jeep<\/td>\n<td width=\"116\">Grand Cherokee<\/td>\n<td width=\"176\">6.2 Trackhawk<\/td>\n<td width=\"97\">2018 \u2013 2021<\/td>\n<\/tr>\n<tr>\n<td>Jeep<\/td>\n<td width=\"116\">Grand Cherokee<\/td>\n<td>6,4 SRT<\/td>\n<td>2011 \u2013 2021<\/td>\n<\/tr>\n<\/tbody>\n<\/table>\n<p>&nbsp;<\/p>\n<p><strong>Ambito di fornitura: <\/strong><\/p>\n<p>- 2 dischi freno EBC Turbo Groove (GD7598) per l'asse posteriore<\/p>\n<p>&nbsp;<\/p>","protected":false},"excerpt":{"rendered":"<p>Dischi freno EBC Turbo Groove per Dodge Durango 6.2 Hellcat, 6.4 SRT, Jeep Grand Cherokee 6.2 Trackhawk e 6.4 SRT (asse posteriore)<\/p>","protected":false},"featured_media":68274099,"comment_status":"open","ping_status":"closed","template":"","meta":{"_acf_changed":false},"product_brand":[16875],"product_cat":[17931,17935,17964,17969],"product_tag":[18232,18233,18234,217,2106,2107,2108,93,807,808,809,795,796,49,95,964,2442,16877,16876,16878,692,2123,942,2111,941,56,100,126,798,799,50,4425,4427,4426,36,797,96,102,2110,216,673],"class_list":{"0":"post-68255885","1":"product","2":"type-product","3":"status-publish","4":"has-post-thumbnail","6":"product_brand-ebc-brakes","7":"product_cat-durango-hellcat-bremsscheiben-hinten","8":"product_cat-durango-64-bremsscheiben-hinten","9":"product_cat-trackhawk-bremsscheiben-hinten","10":"product_cat-grand-cherokee-64-bremsscheiben-hinten","11":"product_tag-05181512aa","12":"product_tag-05181512ab","13":"product_tag-05181512ac","14":"product_tag-217","15":"product_tag-5181512aa","16":"product_tag-5181512ab","17":"product_tag-5181512ac","18":"product_tag-6-4","19":"product_tag-68256680aa","20":"product_tag-68256680ab","21":"product_tag-68256680ac","22":"product_tag-bremse","23":"product_tag-bremsscheibe","24":"product_tag-dodge","25":"product_tag-durango","26":"product_tag-ebc","27":"product_tag-ebc-brakes","28":"product_tag-ebc-bremsbelaege","29":"product_tag-ebc-bremsen","30":"product_tag-ebc-bremsscheiben","31":"product_tag-ersatzteil","32":"product_tag-gd7598","33":"product_tag-gelocht","34":"product_tag-genutet","35":"product_tag-geschlitzt","36":"product_tag-grand-cherokee","37":"product_tag-hellcat","38":"product_tag-hemi","39":"product_tag-hinten","40":"product_tag-hinterachse","41":"product_tag-jeep","42":"product_tag-jeep-grand-cherokee","43":"product_tag-jeep-grand-cherokee-trackhawk","44":"product_tag-jeep-trackhawk","45":"product_tag-kraftwerk","46":"product_tag-sportbremsscheibe","47":"product_tag-srt","48":"product_tag-trackhawk","49":"product_tag-turbo-groove","50":"product_tag-upgrade","51":"product_tag-zubehoer","53":"first","54":"outofstock","55":"taxable","56":"shipping-taxable","57":"purchasable","58":"product-type-simple"},"bundled_by":[],"bundle_stock_status":"outofstock","bundle_stock_quantity":0,"bundle_virtual":false,"bundle_layout":"","bundle_add_to_cart_form_location":"","bundle_editable_in_cart":false,"bundle_sold_individually_context":"","bundle_item_grouping":"","bundle_min_size":"","bundle_max_size":"","bundle_price":[],"bundled_items":[],"bundle_sell_ids":[],"exclude_global_add_ons":[],"addons":[],"acf":[],"_links":{"self":[{"href":"https:\/\/kraftwerk-shop.cc\/it\/wp-json\/wp\/v2\/product\/68255885","targetHints":{"allow":["GET"]}}],"collection":[{"href":"https:\/\/kraftwerk-shop.cc\/it\/wp-json\/wp\/v2\/product"}],"about":[{"href":"https:\/\/kraftwerk-shop.cc\/it\/wp-json\/wp\/v2\/types\/product"}],"replies":[{"embeddable":true,"href":"https:\/\/kraftwerk-shop.cc\/it\/wp-json\/wp\/v2\/comments?post=68255885"}],"version-history":[{"count":0,"href":"https:\/\/kraftwerk-shop.cc\/it\/wp-json\/wp\/v2\/product\/68255885\/revisions"}],"wp:featuredmedia":[{"embeddable":true,"href":"https:\/\/kraftwerk-shop.cc\/it\/wp-json\/wp\/v2\/media\/68274099"}],"wp:attachment":[{"href":"https:\/\/kraftwerk-shop.cc\/it\/wp-json\/wp\/v2\/media?parent=68255885"}],"wp:term":[{"taxonomy":"product_brand","embeddable":true,"href":"https:\/\/kraftwerk-shop.cc\/it\/wp-json\/wp\/v2\/product_brand?post=68255885"},{"taxonomy":"product_cat","embeddable":true,"href":"https:\/\/kraftwerk-shop.cc\/it\/wp-json\/wp\/v2\/product_cat?post=68255885"},{"taxonomy":"product_tag","embeddable":true,"href":"https:\/\/kraftwerk-shop.cc\/it\/wp-json\/wp\/v2\/product_tag?post=68255885"}],"curies":[{"name":"wp","href":"https:\/\/api.w.org\/{rel}","templated":true}]}}