{"id":68256000,"date":"2021-09-26T16:59:29","date_gmt":"2021-09-26T14:59:29","guid":{"rendered":"https:\/\/kraftwerk-gruppe.de\/?post_type=product&#038;p=68256000"},"modified":"2026-02-15T00:45:46","modified_gmt":"2026-02-14T23:45:46","slug":"pastiglie-freno-ebc-redstuff-dp31829c","status":"publish","type":"product","link":"https:\/\/kraftwerk-shop.cc\/it\/produkt\/ebc-redstuff-bremsbelaege-dp31829c\/","title":{"rendered":"Pastiglie freno EBC Redstuff DP31829C"},"content":{"rendered":"<h1>Pastiglie freno EBC Redstuff per Chevrolet Camaro 3.6 V6 dal 2010 al 2015 (asse posteriore)<\/h1>\n<p>&nbsp;<\/p>\n<p>Redstuff \u00e8 la seconda categoria di pastiglie freno sportive EBC.<\/p>\n<p>Questa pastiglia ad alte prestazioni \u00e8 composta da fibre di Kevlar\u00ae e particelle di ceramica ed \u00e8 stata sviluppata appositamente per i veicoli stradali ad alta motorizzazione. La formazione di polvere dei freni \u00e8 minima e la polvere prodotta pu\u00f2 essere facilmente lavata via dai cerchi con acqua. Non sono necessari detergenti per cerchi aggressivi e non c'\u00e8 pi\u00f9 il rischio di danneggiare i cerchi con la polvere dei freni.<\/p>\n<p>Nonostante il materiale delle pastiglie dei freni sia relativamente duro, le nostre pastiglie Redstuff raggiungono un coefficiente di attrito molto elevato (0,5) e garantiscono quindi una maggiore potenza di frenata e una decelerazione pi\u00f9 rapida per il vostro veicolo senza gravare eccessivamente sul disco del freno. Le eccellenti prestazioni di frenata si ottengono anche quando i freni sono freddi. Il risultato migliora sempre di pi\u00f9 con l'aumentare della temperatura delle pastiglie dei freni. L'intervallo di funzionamento illimitato di questa pastiglia si estende fino a 750\u00b0C.<br \/>\nCome tutte le pastiglie per freni EBC nel settore automobilistico, tutte le pastiglie per freni sportivi EBC Greenstuff sono dotate di un rivestimento per il rodaggio, di bordi rotti, di una scanalatura termica e di un rivestimento in polvere.<\/p>\n<p>&nbsp;<\/p>\n<p>Caratteristiche:<\/p>\n<p>- Riduzione della polvere dei freni<br \/>\n- Durata media<br \/>\n- Delicato sui dischi dei freni<br \/>\n- Miglioramento economico delle prestazioni di frenata<\/p>\n<div id=\"attachment_68255994\" style=\"width: 460px\" class=\"wp-caption alignnone\"><img decoding=\"async\" aria-describedby=\"caption-attachment-68255994\" class=\"wp-image-68255994\" src=\"https:\/\/kraftwerk-shop.cc\/wp-content\/uploads\/2021\/09\/EBC_Redstuff_Info-300x229.jpg\" alt=\"EBC Redstuff Chrysler, Dodge, Jeep\" width=\"450\" height=\"343\" \/><p id=\"caption-attachment-68255994\" class=\"wp-caption-text\">Caratteristiche delle pastiglie freno EBC Redstuff<\/p><\/div>\n<p>&nbsp;<\/p>\n<p>Numero OE (solo a scopo di confronto): 25997338<br \/>\nAutorizzazione: no<\/p>\n<p>Luogo di installazione: asse posteriore<\/p>\n<p>&nbsp;<\/p>\n<p><strong>Adatto per:<br \/>\n<\/strong><\/p>\n<table width=\"0\">\n<tbody>\n<tr>\n<td width=\"66\">Chevrolet<\/td>\n<td width=\"97\">Camaro<\/td>\n<td width=\"137\">3,6 fino al 2015<\/td>\n<\/tr>\n<\/tbody>\n<\/table>\n<p><strong>\u00a0<\/strong><\/p>\n<p><strong>Ambito di fornitura: <\/strong><\/p>\n<p>- 1 set di pastiglie freno EBC Redstuff (DP31829C) per l'asse posteriore<\/p>","protected":false},"excerpt":{"rendered":"<p>EBC Redstuff Bremsbel\u00e4ge f\u00fcr Chevrolet Camaro 3.6 V6 von 2010 bis 2015 (Hinterachse) &nbsp; Redstuff ist die 2. Kategorie der<\/p>","protected":false},"featured_media":68274380,"comment_status":"open","ping_status":"closed","template":"","meta":{"_acf_changed":false},"product_brand":[16875],"product_cat":[2678],"product_tag":[2185,169,1046,590,795,840,191,189,190,2184,964,2442,16877,16876,16878,100,798,799,36,972,2138,970,2139,198,673,2135,2137],"class_list":{"0":"post-68256000","1":"product","2":"type-product","3":"status-publish","4":"has-post-thumbnail","6":"product_brand-ebc-brakes","7":"product_cat-camaro-36-2010-2015-bremsen-hinten","8":"product_tag-2185","9":"product_tag-3-6","10":"product_tag-abe","11":"product_tag-bremsbelaege","12":"product_tag-bremse","13":"product_tag-bremskloetze","14":"product_tag-camaro","15":"product_tag-chevrolet","16":"product_tag-chevy","17":"product_tag-dp31829c","18":"product_tag-ebc","19":"product_tag-ebc-brakes","20":"product_tag-ebc-bremsbelaege","21":"product_tag-ebc-bremsen","22":"product_tag-ebc-bremsscheiben","23":"product_tag-hellcat","24":"product_tag-hinten","25":"product_tag-hinterachse","26":"product_tag-kraftwerk","27":"product_tag-redstuff","28":"product_tag-reg90","29":"product_tag-sportbremsbelaege","30":"product_tag-tuev","31":"product_tag-v6","32":"product_tag-zubehoer","33":"product_tag-zubehoerbremsbelaege","34":"product_tag-zulassung","36":"first","37":"onbackorder","38":"taxable","39":"shipping-taxable","40":"purchasable","41":"product-type-simple"},"bundled_by":[],"bundle_stock_status":"onbackorder","bundle_stock_quantity":0,"bundle_virtual":false,"bundle_layout":"","bundle_add_to_cart_form_location":"","bundle_editable_in_cart":false,"bundle_sold_individually_context":"","bundle_item_grouping":"","bundle_min_size":"","bundle_max_size":"","bundle_price":[],"bundled_items":[],"bundle_sell_ids":[],"exclude_global_add_ons":[],"addons":[],"acf":[],"_links":{"self":[{"href":"https:\/\/kraftwerk-shop.cc\/it\/wp-json\/wp\/v2\/product\/68256000","targetHints":{"allow":["GET"]}}],"collection":[{"href":"https:\/\/kraftwerk-shop.cc\/it\/wp-json\/wp\/v2\/product"}],"about":[{"href":"https:\/\/kraftwerk-shop.cc\/it\/wp-json\/wp\/v2\/types\/product"}],"replies":[{"embeddable":true,"href":"https:\/\/kraftwerk-shop.cc\/it\/wp-json\/wp\/v2\/comments?post=68256000"}],"version-history":[{"count":0,"href":"https:\/\/kraftwerk-shop.cc\/it\/wp-json\/wp\/v2\/product\/68256000\/revisions"}],"wp:featuredmedia":[{"embeddable":true,"href":"https:\/\/kraftwerk-shop.cc\/it\/wp-json\/wp\/v2\/media\/68274380"}],"wp:attachment":[{"href":"https:\/\/kraftwerk-shop.cc\/it\/wp-json\/wp\/v2\/media?parent=68256000"}],"wp:term":[{"taxonomy":"product_brand","embeddable":true,"href":"https:\/\/kraftwerk-shop.cc\/it\/wp-json\/wp\/v2\/product_brand?post=68256000"},{"taxonomy":"product_cat","embeddable":true,"href":"https:\/\/kraftwerk-shop.cc\/it\/wp-json\/wp\/v2\/product_cat?post=68256000"},{"taxonomy":"product_tag","embeddable":true,"href":"https:\/\/kraftwerk-shop.cc\/it\/wp-json\/wp\/v2\/product_tag?post=68256000"}],"curies":[{"name":"wp","href":"https:\/\/api.w.org\/{rel}","templated":true}]}}