{"id":68256001,"date":"2021-09-26T16:59:30","date_gmt":"2021-09-26T14:59:30","guid":{"rendered":"https:\/\/kraftwerk-gruppe.de\/?post_type=product&#038;p=68256001"},"modified":"2026-02-23T18:23:46","modified_gmt":"2026-02-23T17:23:46","slug":"pastiglie-freno-ebc-redstuff-dp31853c","status":"publish","type":"product","link":"https:\/\/kraftwerk-shop.cc\/it\/produkt\/ebc-redstuff-bremsbelaege-dp31853c\/","title":{"rendered":"Pastiglie freno EBC Redstuff DP31853C"},"content":{"rendered":"<h1>Pastiglie freno EBC Redstuff per Chrysler 300C, Dodge Challenger e Charger 6.2 Hellcat e 6.4 SRT dal 2015 con dischi freno da 390 mm (asse anteriore)<\/h1>\n<p>&nbsp;<\/p>\n<p>Redstuff \u00e8 la seconda categoria di pastiglie freno sportive EBC.<\/p>\n<p>Questa pastiglia ad alte prestazioni \u00e8 composta da fibre di Kevlar\u00ae e particelle di ceramica ed \u00e8 stata sviluppata appositamente per i veicoli stradali ad alta motorizzazione. La formazione di polvere dei freni \u00e8 minima e la polvere prodotta pu\u00f2 essere facilmente lavata via dai cerchi con acqua. Non sono necessari detergenti per cerchi aggressivi e non c'\u00e8 pi\u00f9 il rischio di danneggiare i cerchi con la polvere dei freni.<\/p>\n<p>Nonostante il materiale delle pastiglie dei freni sia relativamente duro, le nostre pastiglie Redstuff raggiungono un coefficiente di attrito molto elevato (0,5) e garantiscono quindi una maggiore potenza di frenata e una decelerazione pi\u00f9 rapida per il vostro veicolo senza gravare eccessivamente sul disco del freno. Le eccellenti prestazioni di frenata si ottengono anche quando i freni sono freddi. Il risultato migliora sempre di pi\u00f9 con l'aumentare della temperatura delle pastiglie dei freni. L'intervallo di funzionamento illimitato di questa pastiglia si estende fino a 750\u00b0C.<br \/>\nCome tutte le pastiglie per freni EBC nel settore automobilistico, tutte le pastiglie per freni sportivi EBC Greenstuff sono dotate di un rivestimento per il rodaggio, di bordi rotti, di una scanalatura termica e di un rivestimento in polvere.<\/p>\n<p>&nbsp;<\/p>\n<p>Caratteristiche:<\/p>\n<p>- Riduzione della polvere dei freni<br \/>\n- Durata media<br \/>\n- Delicato sui dischi dei freni<br \/>\n- Miglioramento economico delle prestazioni di frenata<\/p>\n<div id=\"attachment_68255994\" style=\"width: 460px\" class=\"wp-caption alignnone\"><img decoding=\"async\" aria-describedby=\"caption-attachment-68255994\" class=\"wp-image-68255994\" src=\"https:\/\/kraftwerk-shop.cc\/wp-content\/uploads\/2021\/09\/EBC_Redstuff_Info-300x229.jpg\" alt=\"EBC Redstuff Chrysler, Dodge, Jeep\" width=\"450\" height=\"343\" \/><p id=\"caption-attachment-68255994\" class=\"wp-caption-text\">Caratteristiche delle pastiglie freno EBC Redstuff<\/p><\/div>\n<p>&nbsp;<\/p>\n<p>Numero OE (solo a scopo di confronto): 68248384AA, 68248384AB, 68248384AC, 68248384AD, 68303052AA<\/p>\n<p>Approvazione: REG90<\/p>\n<p>Luogo di installazione: Assale anteriore<\/p>\n<p>&nbsp;<\/p>\n<p><strong>Adatto per:<\/strong><\/p>\n<table width=\"905\">\n<tbody>\n<tr>\n<td width=\"209\">Chrysler<\/td>\n<td width=\"165\">300C<\/td>\n<td width=\"206\">6.4<\/td>\n<td width=\"325\">2015 - 2020 con dischi freno da 390 mm<\/td>\n<\/tr>\n<tr>\n<td width=\"209\">Chrysler<\/td>\n<td width=\"165\">300C<\/td>\n<td width=\"206\">6.4<\/td>\n<td width=\"325\">2021 - 2023 con dischi freno da 400 mm<\/td>\n<\/tr>\n<tr>\n<td width=\"209\">Dodge<\/td>\n<td width=\"165\">Challenger<\/td>\n<td width=\"206\">6.4<\/td>\n<td width=\"325\">2015 - 2020 con dischi freno da 390 mm<\/td>\n<\/tr>\n<tr>\n<td width=\"209\">Dodge<\/td>\n<td width=\"165\">Challenger<\/td>\n<td width=\"206\">6.4<\/td>\n<td width=\"325\">2021 - 2023 con dischi freno da 400 mm<\/td>\n<\/tr>\n<tr>\n<td width=\"209\">Dodge<\/td>\n<td width=\"165\">Challenger Hellcat<\/td>\n<td width=\"206\">6.2<\/td>\n<td width=\"325\">2015 - 2020 con dischi freno da 390 mm<\/td>\n<\/tr>\n<tr>\n<td width=\"209\">Dodge<\/td>\n<td width=\"165\">Challenger Hellcat<\/td>\n<td width=\"206\">6.2<\/td>\n<td width=\"325\">2021 - 2023 con dischi freno da 400 mm<\/td>\n<\/tr>\n<tr>\n<td width=\"209\">Dodge<\/td>\n<td width=\"165\">Charger<\/td>\n<td width=\"206\">6.4<\/td>\n<td width=\"325\">2015 - 2020 con dischi freno da 390 mm<\/td>\n<\/tr>\n<tr>\n<td width=\"209\">Dodge<\/td>\n<td width=\"165\">Charger<\/td>\n<td width=\"206\">6.4<\/td>\n<td width=\"325\">2021 - 2023 con dischi freno da 400 mm<\/td>\n<\/tr>\n<tr>\n<td width=\"209\">Dodge<\/td>\n<td width=\"165\">Charger Hellcat<\/td>\n<td width=\"206\">6.2<\/td>\n<td width=\"325\">2015 - 2020 con dischi freno da 390 mm<\/td>\n<\/tr>\n<tr>\n<td width=\"209\">Dodge<\/td>\n<td width=\"165\">Charger Hellcat<\/td>\n<td width=\"206\">6.2<\/td>\n<td width=\"325\">2021 - 2023 con dischi freno da 400 mm<\/td>\n<\/tr>\n<\/tbody>\n<\/table>\n<p><strong>\u00a0<\/strong><\/p>\n<p><strong>\u00a0<\/strong><\/p>\n<p><strong>Ambito di fornitura: <\/strong><\/p>\n<p>- 1 set di pastiglie freno EBC Redstuff (DP31853C) per l'asse anteriore<\/p>","protected":false},"excerpt":{"rendered":"<p>Adatto per dischi freno da 380, 390 e 400 mm<\/p>","protected":false},"featured_media":68274378,"comment_status":"open","ping_status":"closed","template":"","meta":{"_acf_changed":false},"product_brand":[16875],"product_cat":[17735,17691,17687,17759,17763],"product_tag":[217,101,93,945,943,944,6821,931,1046,590,10803,795,840,54,53,536,49,3853,3854,2186,964,2442,16877,16876,16878,100,126,36,972,2138,970,96,2139,842,841,673,2135,2137],"class_list":{"0":"post-68256001","1":"product","2":"type-product","3":"status-publish","4":"has-post-thumbnail","6":"product_brand-ebc-brakes","7":"product_cat-300c-64-bremsbelaege-vorne","8":"product_cat-challenger-hellcat-bremsbelaege-vorne","9":"product_cat-challenger-64-bremsbelaege-vorne","10":"product_cat-charger-hellcat-bremsbelaege-vorne","11":"product_cat-charger-64-bremsbelaege-vorne","12":"product_tag-217","13":"product_tag-6-2","14":"product_tag-6-4","15":"product_tag-68248384aa","16":"product_tag-68248384ab","17":"product_tag-68248384ac","18":"product_tag-68248384ad","19":"product_tag-68303052aa","20":"product_tag-abe","21":"product_tag-bremsbelaege","22":"product_tag-bremsbelaege-fuer-dodge-challenger-6-4","23":"product_tag-bremse","24":"product_tag-bremskloetze","25":"product_tag-challenger","26":"product_tag-charger","27":"product_tag-chrysler-300c","28":"product_tag-dodge","29":"product_tag-dodge-challenger","30":"product_tag-dodge-charger","31":"product_tag-dp31853c","32":"product_tag-ebc","33":"product_tag-ebc-brakes","34":"product_tag-ebc-bremsbelaege","35":"product_tag-ebc-bremsen","36":"product_tag-ebc-bremsscheiben","37":"product_tag-hellcat","38":"product_tag-hemi","39":"product_tag-kraftwerk","40":"product_tag-redstuff","41":"product_tag-reg90","42":"product_tag-sportbremsbelaege","43":"product_tag-srt","44":"product_tag-tuev","45":"product_tag-vorderachse","46":"product_tag-vorne","47":"product_tag-zubehoer","48":"product_tag-zubehoerbremsbelaege","49":"product_tag-zulassung","51":"first","52":"onbackorder","53":"taxable","54":"shipping-taxable","55":"purchasable","56":"product-type-simple"},"bundled_by":[],"bundle_stock_status":"onbackorder","bundle_stock_quantity":0,"bundle_virtual":false,"bundle_layout":"","bundle_add_to_cart_form_location":"","bundle_editable_in_cart":false,"bundle_sold_individually_context":"","bundle_item_grouping":"","bundle_min_size":"","bundle_max_size":"","bundle_price":[],"bundled_items":[],"bundle_sell_ids":[],"exclude_global_add_ons":[],"addons":[],"acf":[],"_links":{"self":[{"href":"https:\/\/kraftwerk-shop.cc\/it\/wp-json\/wp\/v2\/product\/68256001","targetHints":{"allow":["GET"]}}],"collection":[{"href":"https:\/\/kraftwerk-shop.cc\/it\/wp-json\/wp\/v2\/product"}],"about":[{"href":"https:\/\/kraftwerk-shop.cc\/it\/wp-json\/wp\/v2\/types\/product"}],"replies":[{"embeddable":true,"href":"https:\/\/kraftwerk-shop.cc\/it\/wp-json\/wp\/v2\/comments?post=68256001"}],"version-history":[{"count":0,"href":"https:\/\/kraftwerk-shop.cc\/it\/wp-json\/wp\/v2\/product\/68256001\/revisions"}],"wp:featuredmedia":[{"embeddable":true,"href":"https:\/\/kraftwerk-shop.cc\/it\/wp-json\/wp\/v2\/media\/68274378"}],"wp:attachment":[{"href":"https:\/\/kraftwerk-shop.cc\/it\/wp-json\/wp\/v2\/media?parent=68256001"}],"wp:term":[{"taxonomy":"product_brand","embeddable":true,"href":"https:\/\/kraftwerk-shop.cc\/it\/wp-json\/wp\/v2\/product_brand?post=68256001"},{"taxonomy":"product_cat","embeddable":true,"href":"https:\/\/kraftwerk-shop.cc\/it\/wp-json\/wp\/v2\/product_cat?post=68256001"},{"taxonomy":"product_tag","embeddable":true,"href":"https:\/\/kraftwerk-shop.cc\/it\/wp-json\/wp\/v2\/product_tag?post=68256001"}],"curies":[{"name":"wp","href":"https:\/\/api.w.org\/{rel}","templated":true}]}}