{"id":68256682,"date":"2021-10-08T19:41:25","date_gmt":"2021-10-08T17:41:25","guid":{"rendered":"https:\/\/kraftwerk-gruppe.de\/?post_type=product&#038;p=68256682"},"modified":"2026-02-15T00:44:50","modified_gmt":"2026-02-14T23:44:50","slug":"scambiatore-di-calore-dodge-challenger-charger-hellcat","status":"publish","type":"product","link":"https:\/\/kraftwerk-shop.cc\/it\/produkt\/waermetauscher-dodge-challenger-charger-hellcat\/","title":{"rendered":"Scambiatore di calore Dodge Challenger e Charger Hellcat"},"content":{"rendered":"<h1>Scambiatore di calore supplementare grande per Dodge Challenger e Charger Hellcat<\/h1>\n<p>&nbsp;<\/p>\n<p>Lo scambiatore di calore (che alcuni chiamano erroneamente intercooler) raddoppia quasi il volume totale del circuito del refrigerante nel sistema di raffreddamento dell'aria di sovralimentazione e migliora notevolmente le prestazioni di raffreddamento.<br \/>\nCi\u00f2 si traduce in temperature dell'aria di sovralimentazione pi\u00f9 basse e quindi in una maggiore potenza del motore.<\/p>\n<p>Con l'Hellcat in particolare, la temperatura dell'aria di sovralimentazione \u00e8 un fattore spesso trascurato quando si parla di prestazioni del motore.<\/p>\n<p>Questo scambiatore di calore non sostituisce quello installato nel veicolo, ma viene installato in aggiunta.<br \/>\nIn questo modo si massimizza la capacit\u00e0 di raffreddamento.<\/p>\n<p>&nbsp;<\/p>\n<p><strong>Ambito di fornitura:<\/strong><\/p>\n<ul>\n<li>Scambiatore di calore (66 x 18 x 9 cm)<\/li>\n<li>Staffe<\/li>\n<li>Tubi flessibili<\/li>\n<li>Materiale di fissaggio<\/li>\n<li>Additivo per refrigeranti Water Wetter<\/li>\n<li>Istruzioni dettagliate per l'installazione (inglese)<\/li>\n<\/ul>\n<p>Water Wetter \u00e8 un additivo per refrigeranti che migliora il trasferimento di calore.<\/p>\n<p>&nbsp;<\/p>\n<p><strong>Note:<\/strong><\/p>\n<ul>\n<li>l'inserto in schiuma del paraurti deve essere rimosso<\/li>\n<li>il condotto dell'aria dello scambiatore di calore originale sul lato conducente deve essere lavorato<\/li>\n<li>la grembiulatura anteriore deve essere accorciata\/modificata dietro la copertura del paraurti<\/li>\n<\/ul>\n<p>&nbsp;<\/p>\n<p><strong>Adatto per:<\/strong><\/p>\n<table width=\"449\">\n<tbody>\n<tr>\n<td width=\"115\"><strong>Marchio<\/strong><\/td>\n<td width=\"145\"><strong>Modello<\/strong><\/td>\n<td width=\"106\"><strong>Motore<\/strong><\/td>\n<td width=\"83\"><strong>Anno di costruzione<\/strong><\/td>\n<\/tr>\n<tr>\n<td width=\"115\">Dodge<\/td>\n<td width=\"145\">Charger<\/td>\n<td width=\"106\">6.2 Hellcat<\/td>\n<td width=\"83\">2015 \u2013 2023<\/td>\n<\/tr>\n<tr>\n<td width=\"115\">Dodge<\/td>\n<td width=\"145\">Challenger<\/td>\n<td width=\"106\">6.2 Hellcat<\/td>\n<td width=\"83\">2015 \u2013 2023<\/td>\n<\/tr>\n<\/tbody>\n<\/table>","protected":false},"excerpt":{"rendered":"<p>Gro\u00dfer Zusatzw\u00e4rmetauscher f\u00fcr Dodge Challenger &amp; Charger Hellcat &nbsp; Durch den W\u00e4rmetauscher (von einigen irrt\u00fcmlich auch als Ladeluftk\u00fchler bezeichnet) wird<\/p>","protected":false},"featured_media":68278309,"comment_status":"open","ping_status":"closed","template":"","meta":{"_acf_changed":false},"product_brand":[],"product_cat":[2550,2535],"product_tag":[249,250,251,252,419,420,2066,101,42,2403,2398,53,49,3853,3854,242,2401,664,2399,425,2400,2402,246,401],"class_list":{"0":"post-68256682","1":"product","2":"type-product","3":"status-publish","4":"has-post-thumbnail","6":"product_cat-challenger-hellcat-kuehlung","7":"product_cat-charger-hellcat-kuehlung","8":"product_tag-249","9":"product_tag-250","10":"product_tag-251","11":"product_tag-252","12":"product_tag-419","13":"product_tag-420","14":"product_tag-2066","15":"product_tag-6-2","16":"product_tag-ansaugtemperatur","17":"product_tag-bwoody","18":"product_tag-challenger-hellcat","19":"product_tag-charger","20":"product_tag-dodge","21":"product_tag-dodge-challenger","22":"product_tag-dodge-charger","23":"product_tag-kompressor","24":"product_tag-kreislauf","25":"product_tag-kuehlung","26":"product_tag-ladeluft","27":"product_tag-ladeluftkuehler","28":"product_tag-niedertemperatur","29":"product_tag-reduzieren","30":"product_tag-supercharger","31":"product_tag-zusatzkuehler","33":"first","34":"onbackorder","35":"taxable","36":"shipping-taxable","37":"purchasable","38":"product-type-simple"},"bundled_by":[],"bundle_stock_status":"onbackorder","bundle_stock_quantity":0,"bundle_virtual":false,"bundle_layout":"","bundle_add_to_cart_form_location":"","bundle_editable_in_cart":false,"bundle_sold_individually_context":"","bundle_item_grouping":"","bundle_min_size":"","bundle_max_size":"","bundle_price":[],"bundled_items":[],"bundle_sell_ids":[],"exclude_global_add_ons":[],"addons":[],"acf":[],"_links":{"self":[{"href":"https:\/\/kraftwerk-shop.cc\/it\/wp-json\/wp\/v2\/product\/68256682","targetHints":{"allow":["GET"]}}],"collection":[{"href":"https:\/\/kraftwerk-shop.cc\/it\/wp-json\/wp\/v2\/product"}],"about":[{"href":"https:\/\/kraftwerk-shop.cc\/it\/wp-json\/wp\/v2\/types\/product"}],"replies":[{"embeddable":true,"href":"https:\/\/kraftwerk-shop.cc\/it\/wp-json\/wp\/v2\/comments?post=68256682"}],"version-history":[{"count":0,"href":"https:\/\/kraftwerk-shop.cc\/it\/wp-json\/wp\/v2\/product\/68256682\/revisions"}],"wp:featuredmedia":[{"embeddable":true,"href":"https:\/\/kraftwerk-shop.cc\/it\/wp-json\/wp\/v2\/media\/68278309"}],"wp:attachment":[{"href":"https:\/\/kraftwerk-shop.cc\/it\/wp-json\/wp\/v2\/media?parent=68256682"}],"wp:term":[{"taxonomy":"product_brand","embeddable":true,"href":"https:\/\/kraftwerk-shop.cc\/it\/wp-json\/wp\/v2\/product_brand?post=68256682"},{"taxonomy":"product_cat","embeddable":true,"href":"https:\/\/kraftwerk-shop.cc\/it\/wp-json\/wp\/v2\/product_cat?post=68256682"},{"taxonomy":"product_tag","embeddable":true,"href":"https:\/\/kraftwerk-shop.cc\/it\/wp-json\/wp\/v2\/product_tag?post=68256682"}],"curies":[{"name":"wp","href":"https:\/\/api.w.org\/{rel}","templated":true}]}}