{"id":68256694,"date":"2021-10-09T13:37:27","date_gmt":"2021-10-09T11:37:27","guid":{"rendered":"https:\/\/kraftwerk-gruppe.de\/?post_type=product&#038;p=68256694"},"modified":"2026-02-15T00:43:33","modified_gmt":"2026-02-14T23:43:33","slug":"presa-daria-fredda-jlt-dodge-durango-srt","status":"publish","type":"product","link":"https:\/\/kraftwerk-shop.cc\/it\/produkt\/jlt-cold-air-intake-dodge-durango-srt\/","title":{"rendered":"Presa d'aria fredda JLT Dodge Durango SRT"},"content":{"rendered":"<h1>JLT Sistema di aspirazione dell'aria fredda \/ filtro aria sportivo per Dodge Durango SRT<\/h1>\n<p>&nbsp;<\/p>\n<p><strong>Filtro aria di grandi dimensioni<\/strong><br \/>\nIl filtro dell'aria di dimensioni generose consente un flusso d'aria maggiore rispetto al filtro standard.<br \/>\nL'elemento del filtro dell'aria \u00e8 costituito da materiale filtrante in cotone, che viene bagnato con uno speciale olio filtrante e pu\u00f2 essere lavato. In questo modo si massimizzano la capacit\u00e0 e le prestazioni del filtro.<\/p>\n<p><strong>Collettore di aspirazione<\/strong><br \/>\nIl tubo di aspirazione \u00e8 realizzato in plastica rotostampata con un'enorme apertura del filtro da 5\u2033 per un flusso d'aria superiore e nessun accumulo di calore come nei tubi in metallo.<br \/>\nCon un'apertura di 4\u2033 all'estremit\u00e0 della valvola a farfalla, \u00e8 adatto anche alle valvole a farfalla pi\u00f9 grandi.<\/p>\n<p><strong>Alloggiamento del filtro dell'aria<\/strong><br \/>\nInclude il nostro grande scudo termico in plastica ABS per isolare l'aria di aspirazione dal calore del motore al minimo e a bassa velocit\u00e0.<br \/>\nUtilizza un'ampia superficie per garantire che il filtro riceva molta aria fredda e sfrutta la presa d'aria fresca di fabbrica dal paraurti per mantenere le temperature pi\u00f9 basse possibile.<\/p>\n<p>&nbsp;<\/p>\n<p><strong>Materiale di installazione di alta qualit\u00e0<br \/>\n<\/strong><\/p>\n<ul>\n<li>Collettore di aspirazione in plastica stampata JLT Roto<\/li>\n<li>Riduttore in silicone<\/li>\n<li>Filtro aria 5\u00d77 S&amp;B Powerstack<\/li>\n<li>Scudo termico in ABS<\/li>\n<li>Morsetti HD, tutte le parti necessarie<\/li>\n<li>Istruzioni di installazione in tedesco<\/li>\n<\/ul>\n<p>&nbsp;<\/p>\n<p><strong>dettagli<\/strong><\/p>\n<p>- + 22 CV, + 30 NM aumento di potenza massima (specifiche del produttore)<br \/>\n- Alloggiamento del filtro dell'aria con staffe per il montaggio diretto<br \/>\n- Filtro aria Pro 10R pre-oliato, lavabile e riutilizzabile per le massime prestazioni<\/p>\n<p>&nbsp;<\/p>\n<p><strong>Adatto per:<\/strong><\/p>\n<table width=\"584\">\n<tbody>\n<tr>\n<td width=\"97\"><strong>Anno di costruzione<\/strong><\/td>\n<td width=\"158\"><strong>Marchio<\/strong><\/td>\n<td width=\"134\"><strong>Modello<\/strong><\/td>\n<td width=\"112\"><strong>Variante<\/strong><\/td>\n<td width=\"83\"><strong>Motore<\/strong><\/td>\n<\/tr>\n<tr>\n<td width=\"97\">2018 \u2013 2024<\/td>\n<td width=\"158\">Dodge<\/td>\n<td width=\"134\">Durango<\/td>\n<td width=\"112\">SRT<\/td>\n<td width=\"83\">V8 6,4 L<\/td>\n<\/tr>\n<\/tbody>\n<\/table>\n<p>&nbsp;<\/p>\n<p><iframe loading=\"lazy\" title=\"JLT Presa d&#039;aria fredda installare 2018 20 Dodge Durango SRT 6 4L\" width=\"500\" height=\"281\" src=\"https:\/\/www.youtube.com\/embed\/3J09CqhGIQ0?feature=oembed\" frameborder=\"0\" allow=\"accelerometer; autoplay; clipboard-write; encrypted-media; gyroscope; picture-in-picture; web-share\" referrerpolicy=\"strict-origin-when-cross-origin\" allowfullscreen><\/iframe><\/p>\n<p>&nbsp;<\/p>","protected":false},"excerpt":{"rendered":"<p>JLT Cold Air Intake System \/ Sportluftfilter f\u00fcr Dodge Durango SRT &nbsp; Gro\u00dfer Luftfilter Der gro\u00dfz\u00fcgig dimensionierte Luftfilter erlaubt mehr<\/p>","protected":false},"featured_media":68277438,"comment_status":"open","ping_status":"closed","template":"","meta":{"_acf_changed":false},"product_brand":[17168],"product_cat":[2520],"product_tag":[252,419,420,2066,217,93,826,824,2407,825,49,95,1094,1093,2444,20273,57,500,96],"class_list":{"0":"post-68256694","1":"product","2":"type-product","3":"status-publish","4":"has-post-thumbnail","6":"product_brand-jlt","7":"product_cat-durango-64-ansaugung","8":"product_tag-252","9":"product_tag-419","10":"product_tag-420","11":"product_tag-2066","12":"product_tag-217","13":"product_tag-6-4","14":"product_tag-ansaugung","15":"product_tag-cai","16":"product_tag-cai-dd64-18","17":"product_tag-cold-air-intake","18":"product_tag-dodge","19":"product_tag-durango","20":"product_tag-intake","21":"product_tag-jlt","22":"product_tag-jlt-performance","23":"product_tag-keintuev","24":"product_tag-luftfilter","25":"product_tag-sportluftfilter","26":"product_tag-srt","28":"first","29":"onbackorder","30":"taxable","31":"shipping-taxable","32":"purchasable","33":"product-type-simple"},"bundled_by":[],"bundle_stock_status":"onbackorder","bundle_stock_quantity":0,"bundle_virtual":false,"bundle_layout":"","bundle_add_to_cart_form_location":"","bundle_editable_in_cart":false,"bundle_sold_individually_context":"","bundle_item_grouping":"","bundle_min_size":"","bundle_max_size":"","bundle_price":[],"bundled_items":[],"bundle_sell_ids":[],"exclude_global_add_ons":[],"addons":[],"acf":[],"_links":{"self":[{"href":"https:\/\/kraftwerk-shop.cc\/it\/wp-json\/wp\/v2\/product\/68256694","targetHints":{"allow":["GET"]}}],"collection":[{"href":"https:\/\/kraftwerk-shop.cc\/it\/wp-json\/wp\/v2\/product"}],"about":[{"href":"https:\/\/kraftwerk-shop.cc\/it\/wp-json\/wp\/v2\/types\/product"}],"replies":[{"embeddable":true,"href":"https:\/\/kraftwerk-shop.cc\/it\/wp-json\/wp\/v2\/comments?post=68256694"}],"version-history":[{"count":0,"href":"https:\/\/kraftwerk-shop.cc\/it\/wp-json\/wp\/v2\/product\/68256694\/revisions"}],"wp:featuredmedia":[{"embeddable":true,"href":"https:\/\/kraftwerk-shop.cc\/it\/wp-json\/wp\/v2\/media\/68277438"}],"wp:attachment":[{"href":"https:\/\/kraftwerk-shop.cc\/it\/wp-json\/wp\/v2\/media?parent=68256694"}],"wp:term":[{"taxonomy":"product_brand","embeddable":true,"href":"https:\/\/kraftwerk-shop.cc\/it\/wp-json\/wp\/v2\/product_brand?post=68256694"},{"taxonomy":"product_cat","embeddable":true,"href":"https:\/\/kraftwerk-shop.cc\/it\/wp-json\/wp\/v2\/product_cat?post=68256694"},{"taxonomy":"product_tag","embeddable":true,"href":"https:\/\/kraftwerk-shop.cc\/it\/wp-json\/wp\/v2\/product_tag?post=68256694"}],"curies":[{"name":"wp","href":"https:\/\/api.w.org\/{rel}","templated":true}]}}