{"id":68256848,"date":"2021-10-22T18:42:22","date_gmt":"2021-10-22T16:42:22","guid":{"rendered":"https:\/\/kraftwerk-gruppe.de\/?post_type=product&#038;p=68256848"},"modified":"2026-02-15T00:59:56","modified_gmt":"2026-02-14T23:59:56","slug":"motore-6-4-hemi-completo-in-crate","status":"publish","type":"product","link":"https:\/\/kraftwerk-shop.cc\/it\/produkt\/6-4-hemi-komplettmotor-crate-engine\/","title":{"rendered":"Motore completo 6.4 Hemi \/ motore Crate"},"content":{"rendered":"<h1>Motore completo 6.4 Hemi con o senza MDS<\/h1>\n<p>Pezzo nuovo, senza accessori e coprimotore.<\/p>\n<p>&nbsp;<\/p>\n<p>Questo articolo viene venduto esclusivamente a clienti commerciali\/imprenditori ai sensi del \u00a714 BGB.<br \/>\nNessuna vendita a privati.<\/p>\n<p>I motori sono soggetti a particolari requisiti tecnici. Poich\u00e9 l'installazione corretta non pu\u00f2 essere garantita o verificata dai clienti privati e ci\u00f2 comporta rischi di garanzia, forniamo solo a clienti commerciali come officine, produttori di motori e aziende automobilistiche.<br \/>\nAl momento dell'acquisto \u00e8 necessaria una licenza commerciale.<\/p>\n<p>I prezzi di questo articolo sono visibili solo ai clienti commerciali.<br \/>\nPer visualizzare i prezzi ed effettuare ordini, vi preghiamo di creare un account cliente nel nostro negozio e di inviarci la prova della vostra attivit\u00e0 commerciale (ad es. partita IVA, estratto del registro delle imprese o registrazione dell'impresa).<br \/>\nDopo la verifica dell'account aziendale, l'accesso sar\u00e0 attivato e i prezzi saranno visibili.<\/p>\n<p>&nbsp;<\/p>\n<p>&nbsp;<\/p>\n<p><strong>Nota sul funzionamento con GPL\/autogas:<\/strong><\/p>\n<p>Questo motore non \u00e8 approvato dal costruttore per il funzionamento con impianti GPL\/autogas.<br \/>\nL'utilizzo con il GPL pu\u00f2 comportare un aumento dei carichi termici, che possono danneggiare le sedi delle valvole, i pistoni, le teste dei cilindri o il treno valvole.<br \/>\nInoltre, nel caso di sistemi a gas installati successivamente, l'installazione professionale, la messa a punto e l'affidabilit\u00e0 funzionale non possono essere verificate o controllate da noi, poich\u00e9 questi sistemi non fanno parte della configurazione del motore di fabbrica.<br \/>\nQuesto crea un rischio tecnico e legale incalcolabile per noi fornitori, per il quale non possiamo essere ritenuti responsabili.<br \/>\nPer questo motivo, la garanzia e l'assicurazione sono completamente escluse quando si utilizza questo motore con impianti GPL\/autogas.<\/p>\n<p>&nbsp;<\/p>","protected":false},"excerpt":{"rendered":"<p>Vendita esclusivamente al commercio.<br \/>\nPer vedere il prezzo, \u00e8 necessario disporre di un conto commerciale.<\/p>","protected":false},"featured_media":68278298,"comment_status":"open","ping_status":"closed","template":"","meta":{"_acf_changed":false},"product_brand":[],"product_cat":[19314,19315,19311,19316,19312,19313],"product_tag":[217,93,2459,2457,203,1021,48,2460,49,204,1022,50,2461,1020,2463,1023,86,64,96,2473,1024],"class_list":{"0":"post-68256848","1":"product","2":"type-product","3":"status-publish","4":"has-post-thumbnail","6":"product_cat-grand-cherokee-64-shortblock-longblock-komplettmotor","7":"product_cat-wagoneer-64-shortblock-longblock-komplettmotor","8":"product_cat-challenger-64-shortblock-longblock-komplettmotor","9":"product_cat-wrangler-64-shortblock-longblock-komplettmotor","10":"product_cat-charger-64-shortblock-longblock-komplettmotor","11":"product_cat-durango-64-shortblock-longblock-komplettmotor","12":"product_tag-217","13":"product_tag-6-4","14":"product_tag-68293008ab","15":"product_tag-68303090aa","16":"product_tag-austausch","17":"product_tag-austauschmotor","18":"product_tag-chrysler","19":"product_tag-crate-engine","20":"product_tag-dodge","21":"product_tag-ersatz","22":"product_tag-ersatzmotor","23":"product_tag-jeep","24":"product_tag-komplettmotor","25":"product_tag-motor","26":"product_tag-motorreparatur","27":"product_tag-motorschaden","28":"product_tag-ram","29":"product_tag-reparatur","30":"product_tag-srt","31":"product_tag-tausch","32":"product_tag-tauschmotor","33":"product_shipping_class-speditionsversand-2","35":"first","36":"onbackorder","37":"taxable","38":"shipping-taxable","39":"purchasable","40":"product-type-variable"},"bundled_by":[],"bundle_stock_status":"onbackorder","bundle_stock_quantity":0,"bundle_virtual":false,"bundle_layout":"","bundle_add_to_cart_form_location":"","bundle_editable_in_cart":false,"bundle_sold_individually_context":"","bundle_item_grouping":"","bundle_min_size":"","bundle_max_size":"","bundle_price":[],"bundled_items":[],"bundle_sell_ids":[],"exclude_global_add_ons":[],"addons":[],"acf":[],"_links":{"self":[{"href":"https:\/\/kraftwerk-shop.cc\/it\/wp-json\/wp\/v2\/product\/68256848","targetHints":{"allow":["GET"]}}],"collection":[{"href":"https:\/\/kraftwerk-shop.cc\/it\/wp-json\/wp\/v2\/product"}],"about":[{"href":"https:\/\/kraftwerk-shop.cc\/it\/wp-json\/wp\/v2\/types\/product"}],"replies":[{"embeddable":true,"href":"https:\/\/kraftwerk-shop.cc\/it\/wp-json\/wp\/v2\/comments?post=68256848"}],"version-history":[{"count":0,"href":"https:\/\/kraftwerk-shop.cc\/it\/wp-json\/wp\/v2\/product\/68256848\/revisions"}],"wp:featuredmedia":[{"embeddable":true,"href":"https:\/\/kraftwerk-shop.cc\/it\/wp-json\/wp\/v2\/media\/68278298"}],"wp:attachment":[{"href":"https:\/\/kraftwerk-shop.cc\/it\/wp-json\/wp\/v2\/media?parent=68256848"}],"wp:term":[{"taxonomy":"product_brand","embeddable":true,"href":"https:\/\/kraftwerk-shop.cc\/it\/wp-json\/wp\/v2\/product_brand?post=68256848"},{"taxonomy":"product_cat","embeddable":true,"href":"https:\/\/kraftwerk-shop.cc\/it\/wp-json\/wp\/v2\/product_cat?post=68256848"},{"taxonomy":"product_tag","embeddable":true,"href":"https:\/\/kraftwerk-shop.cc\/it\/wp-json\/wp\/v2\/product_tag?post=68256848"}],"curies":[{"name":"wp","href":"https:\/\/api.w.org\/{rel}","templated":true}]}}