{"id":68256895,"date":"2024-09-25T21:19:30","date_gmt":"2024-09-25T19:19:30","guid":{"rendered":"https:\/\/kraftwerk-gruppe.de\/?post_type=product&#038;p=68256895"},"modified":"2026-03-01T19:34:48","modified_gmt":"2026-03-01T18:34:48","slug":"6-4-hemi-longblock","status":"publish","type":"product","link":"https:\/\/kraftwerk-shop.cc\/it\/produkt\/6-4-hemi-longblock\/","title":{"rendered":"6.4 Hemi Longblock"},"content":{"rendered":"<h1>6.4 Hemi Longblock<\/h1>\n<p>&nbsp;<\/p>\n<p><strong>Disponibile in 3 varianti:<\/strong><\/p>\n<ul>\n<li>Ricambio originale, con MDS<br \/>\nTutte le parti corrispondono allo stato della serie<\/li>\n<li>Ricambio originale, senza MDS<br \/>\nComprese punterie idrauliche Hellcat e aste di spinta rinforzate<\/li>\n<li>Rinforzato, per motori turbo<br \/>\nComponenti di aggiornamento installati: Pistoni forgiati Mahle, bielle Molnar, cuscinetti rivestiti, punterie idrauliche Hellcat, aste di spinta rinforzate, albero a camme ad alta alzata, molle delle valvole potenziate, limitatore di fase, bulloni della testa del cilindro ARP, guarnizioni della testa del cilindro multistrato Cometic<\/li>\n<\/ul>\n<p>&nbsp;<\/p>\n<p>Questo articolo viene venduto esclusivamente a clienti commerciali\/imprenditori ai sensi del \u00a714 BGB.<br \/>\nNessuna vendita a privati.<\/p>\n<p>I motori sono soggetti a particolari requisiti tecnici. Poich\u00e9 l'installazione corretta non pu\u00f2 essere garantita o verificata dai clienti privati e ci\u00f2 comporta rischi di garanzia, forniamo solo a clienti commerciali come officine, produttori di motori e aziende automobilistiche.<br \/>\nAl momento dell'acquisto \u00e8 necessaria una licenza commerciale.<\/p>\n<p>I prezzi di questo articolo sono visibili solo ai clienti commerciali.<br \/>\nPer visualizzare i prezzi ed effettuare ordini, vi preghiamo di creare un account cliente nel nostro negozio e di inviarci la prova della vostra attivit\u00e0 commerciale (ad es. partita IVA, estratto del registro delle imprese o registrazione dell'impresa).<br \/>\nDopo la verifica dell'account aziendale, l'accesso sar\u00e0 attivato e i prezzi saranno visibili.<\/p>\n<p>&nbsp;<\/p>\n<p>&nbsp;<\/p>\n<p><strong>Nota sul funzionamento con GPL\/autogas:<\/strong><\/p>\n<p>Questo motore non \u00e8 approvato dal costruttore per il funzionamento con impianti GPL\/autogas.<br \/>\nL'utilizzo con il GPL pu\u00f2 comportare un aumento dei carichi termici, che possono danneggiare le sedi delle valvole, i pistoni, le teste dei cilindri o il treno valvole.<br \/>\nInoltre, nel caso di sistemi a gas installati successivamente, l'installazione professionale, la messa a punto e l'affidabilit\u00e0 funzionale non possono essere verificate o controllate da noi, poich\u00e9 questi sistemi non fanno parte della configurazione del motore di fabbrica.<br \/>\nQuesto crea un rischio tecnico e legale incalcolabile per noi fornitori, per il quale non possiamo essere ritenuti responsabili.<br \/>\nPer questo motivo, la garanzia e l'assicurazione sono completamente escluse quando si utilizza questo motore con impianti GPL\/autogas.<\/p>\n<p>&nbsp;<\/p>","protected":false},"excerpt":{"rendered":"<p>Vendita esclusivamente al commercio.<br \/>\nPer vedere il prezzo, \u00e8 necessario disporre di un conto commerciale.<\/p>","protected":false},"featured_media":68278278,"comment_status":"open","ping_status":"closed","template":"","meta":{"_acf_changed":false},"product_brand":[],"product_cat":[19313,19314,19310,19315,19311,19316,19312],"product_tag":[2470,217,93,2468,203,1021,48,49,204,1022,50,1029,411,1020,2463,1023,86,64,2471,407,96,2473,1024],"class_list":{"0":"post-68256895","1":"product","2":"type-product","3":"status-publish","4":"has-post-thumbnail","6":"product_cat-durango-64-shortblock-longblock-komplettmotor","7":"product_cat-grand-cherokee-64-shortblock-longblock-komplettmotor","8":"product_cat-300c-64-shortblock-longblock-komplettmotor","9":"product_cat-wagoneer-64-shortblock-longblock-komplettmotor","10":"product_cat-challenger-64-shortblock-longblock-komplettmotor","11":"product_cat-wrangler-64-shortblock-longblock-komplettmotor","12":"product_cat-charger-64-shortblock-longblock-komplettmotor","13":"product_tag-2470","14":"product_tag-217","15":"product_tag-6-4","16":"product_tag-68086564ab","17":"product_tag-austausch","18":"product_tag-austauschmotor","19":"product_tag-chrysler","20":"product_tag-dodge","21":"product_tag-ersatz","22":"product_tag-ersatzmotor","23":"product_tag-jeep","24":"product_tag-longblock","25":"product_tag-mahle","26":"product_tag-motor","27":"product_tag-motorreparatur","28":"product_tag-motorschaden","29":"product_tag-ram","30":"product_tag-reparatur","31":"product_tag-rumpfmotor","32":"product_tag-schmiedekolben","33":"product_tag-srt","34":"product_tag-tausch","35":"product_tag-tauschmotor","36":"product_shipping_class-speditionsversand-2","38":"first","39":"onbackorder","40":"taxable","41":"shipping-taxable","42":"purchasable","43":"product-type-variable"},"bundled_by":[],"bundle_stock_status":"onbackorder","bundle_stock_quantity":0,"bundle_virtual":false,"bundle_layout":"","bundle_add_to_cart_form_location":"","bundle_editable_in_cart":false,"bundle_sold_individually_context":"","bundle_item_grouping":"","bundle_min_size":"","bundle_max_size":"","bundle_price":[],"bundled_items":[],"bundle_sell_ids":[],"exclude_global_add_ons":[],"addons":[],"acf":[],"_links":{"self":[{"href":"https:\/\/kraftwerk-shop.cc\/it\/wp-json\/wp\/v2\/product\/68256895","targetHints":{"allow":["GET"]}}],"collection":[{"href":"https:\/\/kraftwerk-shop.cc\/it\/wp-json\/wp\/v2\/product"}],"about":[{"href":"https:\/\/kraftwerk-shop.cc\/it\/wp-json\/wp\/v2\/types\/product"}],"replies":[{"embeddable":true,"href":"https:\/\/kraftwerk-shop.cc\/it\/wp-json\/wp\/v2\/comments?post=68256895"}],"version-history":[{"count":0,"href":"https:\/\/kraftwerk-shop.cc\/it\/wp-json\/wp\/v2\/product\/68256895\/revisions"}],"wp:featuredmedia":[{"embeddable":true,"href":"https:\/\/kraftwerk-shop.cc\/it\/wp-json\/wp\/v2\/media\/68278278"}],"wp:attachment":[{"href":"https:\/\/kraftwerk-shop.cc\/it\/wp-json\/wp\/v2\/media?parent=68256895"}],"wp:term":[{"taxonomy":"product_brand","embeddable":true,"href":"https:\/\/kraftwerk-shop.cc\/it\/wp-json\/wp\/v2\/product_brand?post=68256895"},{"taxonomy":"product_cat","embeddable":true,"href":"https:\/\/kraftwerk-shop.cc\/it\/wp-json\/wp\/v2\/product_cat?post=68256895"},{"taxonomy":"product_tag","embeddable":true,"href":"https:\/\/kraftwerk-shop.cc\/it\/wp-json\/wp\/v2\/product_tag?post=68256895"}],"curies":[{"name":"wp","href":"https:\/\/api.w.org\/{rel}","templated":true}]}}