{"id":68259391,"date":"2021-12-22T17:46:44","date_gmt":"2021-12-22T16:46:44","guid":{"rendered":"https:\/\/kraftwerk-gruppe.de\/?post_type=product&#038;p=68259391"},"modified":"2026-02-15T00:48:47","modified_gmt":"2026-02-14T23:48:47","slug":"borla-s-type-sistema-di-scarico-nero-cromato-dodge-durango-6-2-hellcat-2021","status":"publish","type":"product","link":"https:\/\/kraftwerk-shop.cc\/it\/produkt\/borla-s-type-black-chrome-auspuffanlage-dodge-durango-6-2-hellcat-2021\/","title":{"rendered":"BORLA S-Type Sistema di scarico nero cromato per Dodge Durango 6.2 Hellcat"},"content":{"rendered":"<h1>BORLA S-Type Black Chrome 140885BC Sistema di scarico ad alte prestazioni per Dodge Durango 6.4 SRT 6.2 Hellcat 2021 - 2024<\/h1>\n<p>&nbsp;<\/p>\n<p>Il suono profondo e robusto \u00e8 pi\u00f9 forte dell'impianto di scarico standard della Dodge Durango Hellcat e sottolinea il carattere del motore.<br \/>\nAnche se non \u00e8 autorizzato, il suono non \u00e8 cos\u00ec forte da causare problemi.<\/p>\n<p><strong>Il sistema di scarico S-Type \u00e8 la via di mezzo tra le tre varianti di suono Borla.<\/strong><\/p>\n<p>Durante lo sviluppo di questo sistema di scarico, la progettazione gas-dinamica e aerodinamica \u00e8 stata la prima priorit\u00e0, seguita dall'ingegneria del suono.<br \/>\nQuesto approccio elaborato, raramente praticato nel settore, significa che la potenza e la coppia non vengono sacrificate per il suono, ma sono armonizzate tra loro.<br \/>\nQuesto \u00e8 il risultato speciale di Borla. Non \u00e8 sempre riconoscibile a prima vista - ma \u00e8 questo che fa la grande differenza tra la mediocrit\u00e0 e la genialit\u00e0 tecnica.<\/p>\n<p>Con molti altri sistemi di scarico, i costi di sviluppo vengono mantenuti bassi e si presta attenzione solo al suono. Di conseguenza, questi sistemi hanno spesso un buon suono, ma comportano una perdita di potenza e quindi non meritano di essere chiamati \"scarichi sportivi\".<\/p>\n<p>Dovrebbe esserne consapevole. Con questa conoscenza, potr\u00e0 prendere una decisione informata a favore o contro un particolare sistema di scarico sportivo.<\/p>\n<p>I sistemi di scarico sportivi Borla sono realizzati in acciaio inossidabile ad alta lega della serie T304, secondo lo standard americano AISI.<\/p>\n<p>&nbsp;<\/p>\n<table border=\"0\" width=\"513\" cellspacing=\"0\" cellpadding=\"0\">\n<colgroup>\n<col \/>\n<col \/> <\/colgroup>\n<tbody>\n<tr>\n<td style=\"height: 21px; width: 223px;\" height=\"21\">Tipo di scarico<\/td>\n<td style=\"width: 291px;\">Cat-Back<\/td>\n<\/tr>\n<tr>\n<td style=\"height: 21px; width: 223px;\" height=\"21\">Diametro del tubo<\/td>\n<td style=\"width: 291px;\">3 pollici<\/td>\n<\/tr>\n<tr>\n<td style=\"height: 21px; width: 223px;\" height=\"21\">Tubo di scappamento<\/td>\n<td>Autocarro da 4,5\u2033 Uscita posteriore singola sdoppiata<\/td>\n<\/tr>\n<\/tbody>\n<\/table>\n<p>&nbsp;<\/p>\n<p>&nbsp;<\/p>","protected":false},"excerpt":{"rendered":"<p>2021 \u2013 2024<\/p>","protected":false},"featured_media":68276614,"comment_status":"open","ping_status":"closed","template":"","meta":{"_acf_changed":false},"product_brand":[17170],"product_cat":[6599,3024],"product_tag":[3038,3039,101,1046,1035,1036,546,1037,965,1032,2443,1047,1061,429,49,95,1043,1039,1042,100,532,529,441,20273,1040,1044,1033,1045,1041,547,1034,1038,96,233],"class_list":{"0":"post-68259391","1":"product","2":"type-product","3":"status-publish","4":"has-post-thumbnail","6":"product_brand-borla","7":"product_cat-durango-hellcat-abgasanlage-catback","8":"product_cat-nicht-nach-eu","9":"product_tag-3038","10":"product_tag-140885bc","11":"product_tag-6-2","12":"product_tag-abe","13":"product_tag-abgasanlage","14":"product_tag-abgassystem","15":"product_tag-auspuff","16":"product_tag-auspuffsystem","17":"product_tag-black","18":"product_tag-borla","19":"product_tag-borla-exhaust","20":"product_tag-cat-back","21":"product_tag-chrome","22":"product_tag-deutschland","23":"product_tag-dodge","24":"product_tag-durango","25":"product_tag-endrohr","26":"product_tag-endschalldaempfer","27":"product_tag-endtopf","28":"product_tag-hellcat","29":"product_tag-kat","30":"product_tag-katalysator","31":"product_tag-kaufen","32":"product_tag-keintuev","33":"product_tag-laut","34":"product_tag-mittelschalldaempfer","35":"product_tag-s-type","36":"product_tag-sound","37":"product_tag-sport","38":"product_tag-sportauspuff","39":"product_tag-sportauspuffanlage","40":"product_tag-sportendschalldaempfer","41":"product_tag-srt","42":"product_tag-tuning","43":"product_shipping_class-spedition-1","45":"first","46":"onbackorder","47":"taxable","48":"shipping-taxable","49":"purchasable","50":"product-type-simple"},"bundled_by":[],"bundle_stock_status":"onbackorder","bundle_stock_quantity":0,"bundle_virtual":false,"bundle_layout":"","bundle_add_to_cart_form_location":"","bundle_editable_in_cart":false,"bundle_sold_individually_context":"","bundle_item_grouping":"","bundle_min_size":"","bundle_max_size":"","bundle_price":[],"bundled_items":[],"bundle_sell_ids":[],"exclude_global_add_ons":[],"addons":[],"acf":[],"_links":{"self":[{"href":"https:\/\/kraftwerk-shop.cc\/it\/wp-json\/wp\/v2\/product\/68259391","targetHints":{"allow":["GET"]}}],"collection":[{"href":"https:\/\/kraftwerk-shop.cc\/it\/wp-json\/wp\/v2\/product"}],"about":[{"href":"https:\/\/kraftwerk-shop.cc\/it\/wp-json\/wp\/v2\/types\/product"}],"replies":[{"embeddable":true,"href":"https:\/\/kraftwerk-shop.cc\/it\/wp-json\/wp\/v2\/comments?post=68259391"}],"version-history":[{"count":0,"href":"https:\/\/kraftwerk-shop.cc\/it\/wp-json\/wp\/v2\/product\/68259391\/revisions"}],"wp:featuredmedia":[{"embeddable":true,"href":"https:\/\/kraftwerk-shop.cc\/it\/wp-json\/wp\/v2\/media\/68276614"}],"wp:attachment":[{"href":"https:\/\/kraftwerk-shop.cc\/it\/wp-json\/wp\/v2\/media?parent=68259391"}],"wp:term":[{"taxonomy":"product_brand","embeddable":true,"href":"https:\/\/kraftwerk-shop.cc\/it\/wp-json\/wp\/v2\/product_brand?post=68259391"},{"taxonomy":"product_cat","embeddable":true,"href":"https:\/\/kraftwerk-shop.cc\/it\/wp-json\/wp\/v2\/product_cat?post=68259391"},{"taxonomy":"product_tag","embeddable":true,"href":"https:\/\/kraftwerk-shop.cc\/it\/wp-json\/wp\/v2\/product_tag?post=68259391"}],"curies":[{"name":"wp","href":"https:\/\/api.w.org\/{rel}","templated":true}]}}