{"id":68260022,"date":"2022-01-02T14:51:12","date_gmt":"2022-01-02T13:51:12","guid":{"rendered":"https:\/\/kraftwerk-shop.cc\/?post_type=product&#038;p=68260022"},"modified":"2026-02-15T00:45:52","modified_gmt":"2026-02-14T23:45:52","slug":"corpo-farfallato-da-92-mm-camaro-lt1-corvette-c7","status":"publish","type":"product","link":"https:\/\/kraftwerk-shop.cc\/it\/produkt\/92-mm-drosselklappe-camaro-lt1-corvette-c7\/","title":{"rendered":"BBK valvola a farfalla da 92 mm Camaro LT1 e Corvette C7"},"content":{"rendered":"<h1>Corpo farfallato BBK da 92 mm per Chevrolet Camaro LT1 e Corvette C7<\/h1>\n<p>&nbsp;<\/p>\n<p><strong>Migliore risposta del pedale dell'acceleratore e maggiore potenza<\/strong><br \/>\nAumenta la potenza e la coppia del motore e migliora la risposta dell'acceleratore del modello Camaro SS 2016-2021 o Corvette LT1 2014-2021 con questo corpo farfallato BBK da 92 mm. Questa corpo farfallato genera pi\u00f9 potenza e coppia del motore con una risposta dell'acceleratore significativamente pi\u00f9 rapida. I corpi farfallati BBK funzionano sia con i sistemi di aspirazione OEM che con i sistemi di aspirazione dell'aria fredda aftermarket, per garantire un adattamento perfetto e prestazioni eccezionali.<\/p>\n<p><strong>Componenti di alta qualit\u00e0<\/strong><br \/>\nI corpo farfallato LT1 da 92 mm di BBK sono lavorati a controllo numerico da alluminio fuso 356 di alta qualit\u00e0 per garantire una qualit\u00e0 e un montaggio perfetti. Presentano un nuovo motore dell'acceleratore elettronico e gruppi di ingranaggi in plastica stampati a iniezione per questa moderna applicazione drive-by-wire.<\/p>\n<p><strong>Installazione semplice<\/strong><br \/>\nQuesto corpo farfallato \u00e8 completo di tutte le parti necessarie e delle istruzioni per una facile installazione sul suo motore Camaro Gen6 o Corvette C7 con motore LT1. Tutto ci\u00f2 che deve fare \u00e8 rimuovere il corpo farfallato di fabbrica e installare il corpo farfallato BBK al suo posto.<\/p>\n<p><strong>Votazione<\/strong><br \/>\nGli ingegneri BBK hanno sviluppato questa corpo farfallato elettronica in modo che funzioni nella maggior parte dei casi con la messa a punto di fabbrica. Tuttavia, a seconda di altre modifiche e della sensibilit\u00e0 della centralina del motore, a volte si consiglia la messa a punto.<br \/>\nQuesto vale anche per la maggior parte degli altri corpi farfallati di marca presenti sul mercato.<br \/>\nAnche se di solito non \u00e8 richiesta, una messa a punto non solo permetter\u00e0 di utilizzare il veicolo con determinati accessori, ma migliorer\u00e0 anche le prestazioni complessive di qualsiasi modifica.<\/p>\n<p>&nbsp;<\/p>\n<ul>\n<li>10-15 CV in pi\u00f9 di potenza del motore Plug &amp; Play<\/li>\n<li>Miglioramento del comportamento di risposta del pedale dell'acceleratore<\/li>\n<li>Diametro 92 mm<\/li>\n<li>Alloggiamento durevole in alluminio fresato a CNC<\/li>\n<li>Funziona con i sistemi di filtri dell'aria OEM e aftermarket<\/li>\n<\/ul>\n<p>&nbsp;<\/p>\n<p><strong>Adatto per:<\/strong><\/p>\n<table width=\"408\">\n<tbody>\n<tr>\n<td width=\"126\"><strong>Anno di costruzione<\/strong><\/td>\n<td width=\"116\"><strong>Marchio<\/strong><\/td>\n<td width=\"102\"><strong>Modello<\/strong><\/td>\n<td width=\"64\"><strong>Motore<\/strong><\/td>\n<\/tr>\n<tr>\n<td>2016 \u2013 2023<\/td>\n<td>Chevrolet<\/td>\n<td>Camaro<\/td>\n<td>6.2 LT1<\/td>\n<\/tr>\n<tr>\n<td>2014 \u2013 2019<\/td>\n<td>Chevrolet<\/td>\n<td>Corvette<\/td>\n<td>6.2 LT1<\/td>\n<\/tr>\n<\/tbody>\n<\/table>\n<p>NON si adatta a Corvette Z06 o ZR1 Supercharged a causa della sovrapposizione con la puleggia del compressore.<\/p>","protected":false},"excerpt":{"rendered":"<p>BBK 92 mm Drosselklappe f\u00fcr Chevrolet Camaro LT1 &amp; Corvette C7 &nbsp; Verbesserte Reaktion des Gaspedals und mehr Leistung Erh\u00f6hen<\/p>","protected":false},"featured_media":68278103,"comment_status":"open","ping_status":"closed","template":"","meta":{"_acf_changed":false},"product_brand":[17174],"product_cat":[3074,3126],"product_tag":[3085,3086,1388,3365,3087,191,189,190,281,49,3854,158,1050,159,160,898],"class_list":{"0":"post-68260022","1":"product","2":"type-product","3":"status-publish","4":"has-post-thumbnail","6":"product_brand-bbk","7":"product_cat-camaro-62-2016-ansaugung","8":"product_cat-corvette-c7-ansaugung","9":"product_tag-3085","10":"product_tag-92-mm","11":"product_tag-bbk","12":"product_tag-bbkdk","13":"product_tag-c7","14":"product_tag-camaro","15":"product_tag-chevrolet","16":"product_tag-chevy","17":"product_tag-corvette","18":"product_tag-dodge","19":"product_tag-dodge-charger","20":"product_tag-drosselklappe","21":"product_tag-gen6","22":"product_tag-gross","23":"product_tag-groesser","24":"product_tag-lt1","26":"first","27":"onbackorder","28":"taxable","29":"shipping-taxable","30":"purchasable","31":"product-type-simple"},"bundled_by":[],"bundle_stock_status":"onbackorder","bundle_stock_quantity":0,"bundle_virtual":false,"bundle_layout":"","bundle_add_to_cart_form_location":"","bundle_editable_in_cart":false,"bundle_sold_individually_context":"","bundle_item_grouping":"","bundle_min_size":"","bundle_max_size":"","bundle_price":[],"bundled_items":[],"bundle_sell_ids":[],"exclude_global_add_ons":[],"addons":[],"acf":[],"_links":{"self":[{"href":"https:\/\/kraftwerk-shop.cc\/it\/wp-json\/wp\/v2\/product\/68260022","targetHints":{"allow":["GET"]}}],"collection":[{"href":"https:\/\/kraftwerk-shop.cc\/it\/wp-json\/wp\/v2\/product"}],"about":[{"href":"https:\/\/kraftwerk-shop.cc\/it\/wp-json\/wp\/v2\/types\/product"}],"replies":[{"embeddable":true,"href":"https:\/\/kraftwerk-shop.cc\/it\/wp-json\/wp\/v2\/comments?post=68260022"}],"version-history":[{"count":0,"href":"https:\/\/kraftwerk-shop.cc\/it\/wp-json\/wp\/v2\/product\/68260022\/revisions"}],"wp:featuredmedia":[{"embeddable":true,"href":"https:\/\/kraftwerk-shop.cc\/it\/wp-json\/wp\/v2\/media\/68278103"}],"wp:attachment":[{"href":"https:\/\/kraftwerk-shop.cc\/it\/wp-json\/wp\/v2\/media?parent=68260022"}],"wp:term":[{"taxonomy":"product_brand","embeddable":true,"href":"https:\/\/kraftwerk-shop.cc\/it\/wp-json\/wp\/v2\/product_brand?post=68260022"},{"taxonomy":"product_cat","embeddable":true,"href":"https:\/\/kraftwerk-shop.cc\/it\/wp-json\/wp\/v2\/product_cat?post=68260022"},{"taxonomy":"product_tag","embeddable":true,"href":"https:\/\/kraftwerk-shop.cc\/it\/wp-json\/wp\/v2\/product_tag?post=68260022"}],"curies":[{"name":"wp","href":"https:\/\/api.w.org\/{rel}","templated":true}]}}