{"id":68260199,"date":"2022-01-06T16:22:18","date_gmt":"2022-01-06T15:22:18","guid":{"rendered":"https:\/\/kraftwerk-shop.cc\/?post_type=product&#038;p=68260199"},"modified":"2026-02-14T23:59:55","modified_gmt":"2026-02-14T22:59:55","slug":"dischi-freno-ebc-turbo-groove-sport-gd7442","status":"publish","type":"product","link":"https:\/\/kraftwerk-shop.cc\/it\/produkt\/ebc-turbo-groove-sportbremsscheiben-gd7442\/","title":{"rendered":"Dischi freno sportivi EBC Turbo Groove GD7442"},"content":{"rendered":"<h1>Dischi freno EBC Turbo Groove per Dodge Journey 2.0 CRD, 2.4, 2.7 e 3.5 (asse anteriore)<\/h1>\n<p>&nbsp;<\/p>\n<p>La superficie d'attrito del disco freno sportivo Turbo Groove \u00e8 scanalata e scanalata.<\/p>\n<p>Le fessure di questi dischi freno sono fresate fino al bordo esterno.<br \/>\nIn questo modo, i gas dei freni, l'abrasione, lo sporco e l'acqua possono essere rimossi quasi completamente dalla superficie di attrito dei dischi dei freni.<\/p>\n<p>Inoltre, attraverso le fessure viene immessa aria pi\u00f9 \"fredda\" per contrastare in modo ottimale il surriscaldamento delle pastiglie e dei dischi dei freni.<\/p>\n<p>Le scanalature aggiuntive sui gradini migliorano ulteriormente questa propriet\u00e0.<br \/>\nIn questo modo si ottengono tutti i vantaggi di un disco freno sportivo forato, ma senza il rischio delle ben note crepe da calore associate ai dischi freno completamente forati.<\/p>\n<p>Grazie alla scanalatura, le pastiglie dei freni si consumano in modo uniforme e parallelo per tutta la loro durata.<\/p>\n<p>La verniciatura a polvere nera dei dischi Black Dash offre la migliore protezione possibile contro la corrosione ed \u00e8 particolarmente adatta ai veicoli con design a cerchi aperti.<\/p>\n<p>&nbsp;<\/p>\n<p><strong>Vantaggi e svantaggi in sintesi:<\/strong><\/p>\n<p>+ Miglior raffreddamento possibile grazie a scanalature e fessure<br \/>\n+ Migliore rimozione possibile di gas, sporco, acqua, ecc.<br \/>\n+ Protezione dalla corrosione grazie al rivestimento color oro<br \/>\n+ Non c'\u00e8 rischio di crepe da calore perch\u00e9 non \u00e8 perforato<br \/>\n+ Usura uniforme delle pastiglie dei freni per tutta la loro durata di vita<\/p>\n<p>- Livello di rumorosit\u00e0 pi\u00f9 elevato rispetto ai dischi freno Black Dash<\/p>\n<p>&nbsp;<\/p>\n<p>&nbsp;<\/p>\n<p><strong>Caratteristiche del prodotto:<\/strong><\/p>\n<p>302x28mm \/ altezza: 38mm \/ numero di fori: 5 \/ giro di vite: 127mm \/ ventilato \/ montaggio: anteriore<strong><br \/>\n<\/strong>Approvazione: senza registrazione<\/p>\n<p>Numero OE (solo a scopo di confronto):  04721995AA , 7B0615301B , 68032944A , 4721933AB<\/p>\n<p><strong>Adatto per:<\/strong><\/p>\n<table width=\"558\">\n<tbody>\n<tr>\n<td width=\"64\">Dodge<\/td>\n<td width=\"167\">Journey<\/td>\n<td width=\"140\">2.0 CRD<\/td>\n<td width=\"177\">2008 \u2013<\/td>\n<\/tr>\n<tr>\n<td width=\"64\">Dodge<\/td>\n<td width=\"167\">Journey<\/td>\n<td width=\"140\">2.4 16V<\/td>\n<td width=\"177\">2008 \u2013<\/td>\n<\/tr>\n<tr>\n<td width=\"64\">Dodge<\/td>\n<td width=\"167\">Journey<\/td>\n<td width=\"140\">2.7 V6<\/td>\n<td width=\"177\">2008 \u2013<\/td>\n<\/tr>\n<tr>\n<td width=\"64\">Dodge<\/td>\n<td width=\"167\">Journey<\/td>\n<td width=\"140\">3.5 V6<\/td>\n<td width=\"177\">2008 \u2013<\/td>\n<\/tr>\n<\/tbody>\n<\/table>\n<p><strong><br \/>\nAmbito di fornitura: <\/strong><\/p>\n<p>- 2 dischi freno EBC Turbo Groove (GD7442) per l'asse anteriore<\/p>","protected":false},"excerpt":{"rendered":"<p>Dischi freno EBC Turbo Groove per Dodge Journey 2.0 CRD, 2.4, 2.7 e 3.5 (assale anteriore) La superficie di attrito dei Turbo Groove<\/p>","protected":false},"featured_media":68274097,"comment_status":"open","ping_status":"closed","template":"","meta":{"_acf_changed":false},"product_brand":[16875],"product_cat":[3158],"product_tag":[18248,3145,2365,1105,87,88,3148,18247,3147,3146,795,589,796,49,964,2442,16877,16876,16878,692,3167,2934,126,678,36,877,794,797,216,842,841,673],"class_list":{"0":"post-68260199","1":"product","2":"type-product","3":"status-publish","4":"has-post-thumbnail","6":"product_brand-ebc-brakes","7":"product_cat-dodge-journey-bremsen-vorne","8":"product_tag-04721933ab","9":"product_tag-04721995aa","10":"product_tag-2-0-crd","11":"product_tag-2-4","12":"product_tag-2-7","13":"product_tag-3-5","14":"product_tag-4721933ab","15":"product_tag-4721995aa","16":"product_tag-68032944a","17":"product_tag-7b0615301b","18":"product_tag-bremse","19":"product_tag-bremsen","20":"product_tag-bremsscheibe","21":"product_tag-dodge","22":"product_tag-ebc","23":"product_tag-ebc-brakes","24":"product_tag-ebc-bremsbelaege","25":"product_tag-ebc-bremsen","26":"product_tag-ebc-bremsscheiben","27":"product_tag-ersatzteil","28":"product_tag-gd7442","29":"product_tag-harder","30":"product_tag-hemi","31":"product_tag-journey","32":"product_tag-kraftwerk","33":"product_tag-multijet","34":"product_tag-premium","35":"product_tag-sportbremsscheibe","36":"product_tag-upgrade","37":"product_tag-vorderachse","38":"product_tag-vorne","39":"product_tag-zubehoer","41":"first","42":"onbackorder","43":"taxable","44":"shipping-taxable","45":"purchasable","46":"product-type-simple"},"bundled_by":[],"bundle_stock_status":"onbackorder","bundle_stock_quantity":0,"bundle_virtual":false,"bundle_layout":"","bundle_add_to_cart_form_location":"","bundle_editable_in_cart":false,"bundle_sold_individually_context":"","bundle_item_grouping":"","bundle_min_size":"","bundle_max_size":"","bundle_price":[],"bundled_items":[],"bundle_sell_ids":[],"exclude_global_add_ons":[],"addons":[],"acf":[],"_links":{"self":[{"href":"https:\/\/kraftwerk-shop.cc\/it\/wp-json\/wp\/v2\/product\/68260199","targetHints":{"allow":["GET"]}}],"collection":[{"href":"https:\/\/kraftwerk-shop.cc\/it\/wp-json\/wp\/v2\/product"}],"about":[{"href":"https:\/\/kraftwerk-shop.cc\/it\/wp-json\/wp\/v2\/types\/product"}],"replies":[{"embeddable":true,"href":"https:\/\/kraftwerk-shop.cc\/it\/wp-json\/wp\/v2\/comments?post=68260199"}],"version-history":[{"count":0,"href":"https:\/\/kraftwerk-shop.cc\/it\/wp-json\/wp\/v2\/product\/68260199\/revisions"}],"wp:featuredmedia":[{"embeddable":true,"href":"https:\/\/kraftwerk-shop.cc\/it\/wp-json\/wp\/v2\/media\/68274097"}],"wp:attachment":[{"href":"https:\/\/kraftwerk-shop.cc\/it\/wp-json\/wp\/v2\/media?parent=68260199"}],"wp:term":[{"taxonomy":"product_brand","embeddable":true,"href":"https:\/\/kraftwerk-shop.cc\/it\/wp-json\/wp\/v2\/product_brand?post=68260199"},{"taxonomy":"product_cat","embeddable":true,"href":"https:\/\/kraftwerk-shop.cc\/it\/wp-json\/wp\/v2\/product_cat?post=68260199"},{"taxonomy":"product_tag","embeddable":true,"href":"https:\/\/kraftwerk-shop.cc\/it\/wp-json\/wp\/v2\/product_tag?post=68260199"}],"curies":[{"name":"wp","href":"https:\/\/api.w.org\/{rel}","templated":true}]}}