{"id":68260851,"date":"2022-01-19T21:06:13","date_gmt":"2022-01-19T20:06:13","guid":{"rendered":"https:\/\/kraftwerk-shop.cc\/?post_type=product&#038;p=68260851"},"modified":"2026-04-14T19:56:29","modified_gmt":"2026-04-14T17:56:29","slug":"jlt-oil-catch-can-silverado-sierra-tahoe-suburban-yukon","status":"publish","type":"product","link":"https:\/\/kraftwerk-shop.cc\/it\/produkt\/jlt-oil-catch-can-silverado-sierra-tahoe-suburban-yukon\/","title":{"rendered":"J&amp;L Oil Catch Can Silverado, Sierra, Tahoe, Suburban e Yukon"},"content":{"rendered":"<h1>J&amp;L Oil Catch Can per Silverado, Sierra, Tahoe, Suburban e Yukon<\/h1>\n<p>&nbsp;<\/p>\n<ul>\n<li>Capacit\u00e0 90 ml<\/li>\n<li>Solido design in billetta<\/li>\n<li>Connettori PCV ad attacco rapido stile OEM<\/li>\n<li>Sistema di filtrazione multistadio che cattura i vapori pi\u00f9 fini e li intrappola nel contenitore facilmente rimovibile, lasciando passare l'aria pulita fino al condotto di aspirazione.<\/li>\n<\/ul>\n<p>&nbsp;<\/p>\n<p><strong>Come funziona il sistema?<\/strong><\/p>\n<p>Quando la pressione del basamento viene sfiatata attraverso il condotto di aspirazione, grandi quantit\u00e0 di olio sotto forma di vapori vengono immesse nel collettore di aspirazione e nei collettori di aspirazione e diluiscono addirittura la benzina, causando una diminuzione del numero di ottani.<br \/>\nQuesto fenomeno si verifica in tutti i motori ed \u00e8 ancora pi\u00f9 accentuato nei veicoli a carica forzata (sovralimentatori e turbocompressori), poich\u00e9 la pressione del carter aumenta.<br \/>\nPer ovviare a questo problema, \u00e8 stato sviluppato un separatore d'olio con un design proprio.<br \/>\nRealizzato in alluminio billet, \u00e8 un pezzo solido come una roccia. \u00c8 dotato di una base del serbatoio zigrinata che facilita lo scarico dell'olio usato e di una guarnizione O-ring che impedisce le perdite.<\/p>\n<p>La filtrazione consiste in un setaccio a maglie fini in acciaio inox che cattura i vapori fini di olio e li rilascia non appena sono abbastanza pesanti da cadere.<br \/>\nLe particelle vengono poi fatte passare attraverso un filtro a nido d'ape in alluminio da 1\/16\u2033 e 1\/2\u2033 di spessore, dove diventano sempre pi\u00f9 grandi e infine cadono nel contenitore.<br \/>\nSe l'olio passa attraverso il filtro, \u00e8 troppo pesante per essere trasmesso al condotto di aspirazione.<br \/>\nIl contenitore di raccolta contiene 90 ml di liquido. Pu\u00f2 sembrare poco, ma non si dovrebbe trovare cos\u00ec tanto olio nel sistema PCV.<\/p>\n<p>&nbsp;<\/p>\n<p><strong>Adatto per:<\/strong><\/p>\n<table width=\"499\">\n<tbody>\n<tr>\n<td width=\"97\"><strong>Anno di costruzione<\/strong><\/td>\n<td width=\"126\"><strong>Marchio<\/strong><\/td>\n<td width=\"116\"><strong>Modello<\/strong><\/td>\n<td width=\"160\"><strong>Motore<\/strong><\/td>\n<\/tr>\n<tr>\n<td width=\"97\">2019 \u2013 2023<\/td>\n<td width=\"126\">Chevrolet<\/td>\n<td width=\"116\">Silverado<\/td>\n<td width=\"160\">5.3 \/ 6.2<\/td>\n<\/tr>\n<tr>\n<td width=\"97\">2021 \u2013 2023<\/td>\n<td width=\"126\">Chevrolet<\/td>\n<td width=\"116\">Tahoe<\/td>\n<td width=\"160\">5.3 \/ 6.2<\/td>\n<\/tr>\n<tr>\n<td width=\"97\">2021 \u2013 2023<\/td>\n<td width=\"126\">Chevrolet<\/td>\n<td width=\"116\">Suburban<\/td>\n<td width=\"160\">5.3 \/ 6.2<\/td>\n<\/tr>\n<tr>\n<td width=\"97\">2019 \u2013 2023<\/td>\n<td width=\"126\">GMC<\/td>\n<td width=\"116\">Sierra<\/td>\n<td width=\"160\">5.3 \/ 6.2<\/td>\n<\/tr>\n<tr>\n<td width=\"97\">2021 \u2013 2023<\/td>\n<td width=\"126\">GMC<\/td>\n<td width=\"116\">Yukon<\/td>\n<td width=\"160\">5.3 \/ 6.2<\/td>\n<\/tr>\n<\/tbody>\n<\/table>\n<p>Non si adatta al modello 2019 LD (modello Classic)! Per questo modello, vedere il codice 3085D.<\/p>\n<p>&nbsp;<\/p>\n<p><strong>Ambito di consegna<\/strong>:<\/p>\n<ul>\n<li>Oil Catch Can (nero)<\/li>\n<li>Staffa<\/li>\n<li>Tubi flessibili<\/li>\n<li>Connessioni<\/li>\n<li>Istruzioni per l'uso in tedesco e inglese<\/li>\n<\/ul>\n<p>&nbsp;<\/p>\n<p>&nbsp;<\/p>\n<p>I JLT Oil Catch Can sono ora commercializzati anche con il marchio J&amp;L Oil Separator Co (OSC).<br \/>\nDurante il periodo di transizione, gli Oil Catch Can sono disponibili con entrambe le denominazioni.<br \/>\nEntrambi sono lo stesso prodotto.<\/p>\n<p>&nbsp;<\/p>\n<p>&nbsp;<\/p>","protected":false},"excerpt":{"rendered":"<p>2019 \u2013 2023<\/p>","protected":false},"featured_media":68277499,"comment_status":"open","ping_status":"closed","template":"","meta":{"_acf_changed":false},"product_brand":[17171],"product_cat":[3689,3706,3697],"product_tag":[3300,3299,101,189,190,1201,3245,903,1093,2444,3298,36,84,82,85,3243,406,83,3242,3244,1216,299,298,293,194,1217],"class_list":{"0":"post-68260851","1":"product","2":"type-product","3":"status-publish","4":"has-post-thumbnail","6":"product_brand-jl","7":"product_cat-silverado-oil-catch-can","8":"product_cat-suburban-oil-catch-can","9":"product_cat-tahoe-oil-catch-can","10":"product_tag-3086d","11":"product_tag-3086d-b","12":"product_tag-6-2","13":"product_tag-chevrolet","14":"product_tag-chevy","15":"product_tag-gmc","16":"product_tag-jl-oil-separator-co","17":"product_tag-jl","18":"product_tag-jlt","19":"product_tag-jlt-performance","20":"product_tag-jlt3086d-b","21":"product_tag-kraftwerk","22":"product_tag-kurbelgehaeuseentlueftung","23":"product_tag-oil-catch-can","24":"product_tag-oil-catch-tank","25":"product_tag-oil-separator","26":"product_tag-oel","27":"product_tag-oelabscheider","28":"product_tag-osc","29":"product_tag-separator","30":"product_tag-sierra","31":"product_tag-silverado","32":"product_tag-suburban","33":"product_tag-tahoe","34":"product_tag-v8","35":"product_tag-yukon","37":"first","38":"onbackorder","39":"taxable","40":"shipping-taxable","41":"purchasable","42":"product-type-simple"},"bundled_by":[],"bundle_stock_status":"onbackorder","bundle_stock_quantity":0,"bundle_virtual":false,"bundle_layout":"","bundle_add_to_cart_form_location":"","bundle_editable_in_cart":false,"bundle_sold_individually_context":"","bundle_item_grouping":"","bundle_min_size":"","bundle_max_size":"","bundle_price":[],"bundled_items":[],"bundle_sell_ids":[],"exclude_global_add_ons":[],"addons":[],"acf":[],"_links":{"self":[{"href":"https:\/\/kraftwerk-shop.cc\/it\/wp-json\/wp\/v2\/product\/68260851","targetHints":{"allow":["GET"]}}],"collection":[{"href":"https:\/\/kraftwerk-shop.cc\/it\/wp-json\/wp\/v2\/product"}],"about":[{"href":"https:\/\/kraftwerk-shop.cc\/it\/wp-json\/wp\/v2\/types\/product"}],"replies":[{"embeddable":true,"href":"https:\/\/kraftwerk-shop.cc\/it\/wp-json\/wp\/v2\/comments?post=68260851"}],"version-history":[{"count":0,"href":"https:\/\/kraftwerk-shop.cc\/it\/wp-json\/wp\/v2\/product\/68260851\/revisions"}],"wp:featuredmedia":[{"embeddable":true,"href":"https:\/\/kraftwerk-shop.cc\/it\/wp-json\/wp\/v2\/media\/68277499"}],"wp:attachment":[{"href":"https:\/\/kraftwerk-shop.cc\/it\/wp-json\/wp\/v2\/media?parent=68260851"}],"wp:term":[{"taxonomy":"product_brand","embeddable":true,"href":"https:\/\/kraftwerk-shop.cc\/it\/wp-json\/wp\/v2\/product_brand?post=68260851"},{"taxonomy":"product_cat","embeddable":true,"href":"https:\/\/kraftwerk-shop.cc\/it\/wp-json\/wp\/v2\/product_cat?post=68260851"},{"taxonomy":"product_tag","embeddable":true,"href":"https:\/\/kraftwerk-shop.cc\/it\/wp-json\/wp\/v2\/product_tag?post=68260851"}],"curies":[{"name":"wp","href":"https:\/\/api.w.org\/{rel}","templated":true}]}}