{"id":68261185,"date":"2022-01-27T15:28:18","date_gmt":"2022-01-27T14:28:18","guid":{"rendered":"https:\/\/kraftwerk-shop.cc\/?post_type=product&#038;p=68261185"},"modified":"2026-02-15T00:46:22","modified_gmt":"2026-02-14T23:46:22","slug":"z-modulo-di-riparazione-allentato-sensore-differenziale-di-bloccaggio","status":"publish","type":"product","link":"https:\/\/kraftwerk-shop.cc\/it\/produkt\/z-locker-oem-reparaturmodul-sperrdifferential-sensor\/","title":{"rendered":"Z Locker OEM - Modulo di riparazione per il sensore del differenziale a slittamento limitato difettoso"},"content":{"rendered":"<h1>Z Locker OEM - Modulo di riparazione per il sensore del differenziale a slittamento limitato difettoso<\/h1>\n<p>&nbsp;<\/p>\n<p>Sviluppato in collaborazione con America's Most Wanted 4X4.<\/p>\n<p>Il sensore di blocco nei modelli Wrangler JL e Gladiator Rubicons ha iniziato a presentare problemi. Quando si guasta, di solito inizia con il lampeggiamento dell'indicatore di allentamento sul cruscotto, che termina con il messaggio \"Service axle loose\". Quando il sistema del differenziale a slittamento limitato si trova in questo stato di guasto, i bloccaggi non si innestano pi\u00f9.<\/p>\n<p>Di norma, la riparazione consiste nella sostituzione del sensore, ma il pezzo non \u00e8 disponibile separatamente. La soluzione migliore sarebbe quella di sostituire il blocco dell'assale, ma anche questo non \u00e8 disponibile. La soluzione attuale consiste nel sostituire l'intero gruppo dell'assale. Tuttavia, poich\u00e9 si tratta di un problema molto comune, questi pezzi sono in backorder a livello nazionale.<\/p>\n<p>Lo Z-Locker OEM risolve questo problema. Bypassa il sensore problematico e consente al meccanismo di blocco di funzionare senza il sensore di posizione, fornendo comunque il feedback corretto alle unit\u00e0 di controllo dell'Jeep per mantenere il sistema operativo senza errori o avvisi. Con Z-Locker OEM viene ripristinata la piena funzionalit\u00e0 del sistema.<\/p>\n<p>L'installazione \u00e8 semplice: scollegare la serratura e collegare lo Z-Locker OEM tra l'assale e il cablaggio Jeep. L'operazione pu\u00f2 essere eseguita in pochi secondi e senza attrezzi. L'unit\u00e0 di controllo dell'Jeep non \u00e8 interessata: utilizza gli stessi segnali che si aspetta dal sensore. I connettori sono gli stessi utilizzati dall'Jeep e sono impermeabili.<\/p>\n<p>La confezione contiene uno Z-Locker OEM per riparare un bloccaggio dell'asse difettoso.<\/p>\n<p>&nbsp;<\/p>\n<p><strong>Adatto per:<\/strong><\/p>\n<table width=\"332\">\n<tbody>\n<tr>\n<td width=\"132\">Jeep<\/td>\n<td width=\"119\">Gladiator<\/td>\n<td width=\"81\">2020 \u2013 2022<\/td>\n<\/tr>\n<tr>\n<td width=\"132\">Jeep<\/td>\n<td width=\"119\">Wrangler<\/td>\n<td width=\"81\">2018 - 2022<\/td>\n<\/tr>\n<\/tbody>\n<\/table>\n<p>&nbsp;<\/p>\n<p>&nbsp;<\/p>\n<h4>Siamo un rivenditore autorizzato Z-Automotive!<\/h4>\n<p>Z Automotive Technologies \u00e8 un'azienda statunitense specializzata in soluzioni di retrofit elettronico per veicoli Dodge, Jeep, RAM e Chrysler.<br \/>\nL'azienda sviluppa prodotti come il modulo Tazer per sbloccare le funzioni nascoste del veicolo, il BurnBox per le funzioni di blocco della linea e il kit AuxZiliary per ulteriori opzioni di controllo.<br \/>\nL'obiettivo \u00e8 estendere la funzionalit\u00e0 e la personalizzazione dei veicoli moderni senza compromettere i sistemi originali.<br \/>\nZ Automotive \u00e8 sinonimo di innovazione tecnica nel campo della programmazione e della personalizzazione dei veicoli.<\/p>","protected":false},"excerpt":{"rendered":"<p>Z Locker OEM &#8211; Reparaturmodul f\u00fcr defekten Sperrdifferential -Sensor &nbsp; Entwickelt in Zusammenarbeit mit Americas Most Wanted 4X4. Der Verriegelungssensor<\/p>","protected":false},"featured_media":68278050,"comment_status":"open","ping_status":"closed","template":"","meta":{"_acf_changed":false},"product_brand":[17480],"product_cat":[3363,3361,3362],"product_tag":[252,419,420,2066,2373,598,665,3358,3355,3357,3359,2217,50,903,3353,64,713,525,3360,3356,646,175,470,3001,3354,2991,440],"class_list":{"0":"post-68261185","1":"product","2":"type-product","3":"status-publish","4":"has-post-thumbnail","6":"product_brand-z-automotive","7":"product_cat-gladiator-36-getriebe","8":"product_cat-wrangler-20-turbo-getriebe","9":"product_cat-wrangler-36-getriebe","10":"product_tag-252","11":"product_tag-419","12":"product_tag-420","13":"product_tag-2066","14":"product_tag-2373","15":"product_tag-defekt","16":"product_tag-differential","17":"product_tag-differentialsperre","18":"product_tag-differenzial","19":"product_tag-differenzialsperre","20":"product_tag-fehler","21":"product_tag-gladiator","22":"product_tag-jeep","23":"product_tag-jl","24":"product_tag-locker","25":"product_tag-reparatur","26":"product_tag-sensor","27":"product_tag-simulator","28":"product_tag-sperrdifferential","29":"product_tag-sperre","30":"product_tag-stecker","31":"product_tag-wrangler","32":"product_tag-z-auto","33":"product_tag-z-autotech","34":"product_tag-z-locker","35":"product_tag-zauto","36":"product_tag-zautotech","38":"first","39":"instock","40":"taxable","41":"shipping-taxable","42":"purchasable","43":"product-type-simple"},"bundled_by":[],"bundle_stock_status":"instock","bundle_stock_quantity":1,"bundle_virtual":false,"bundle_layout":"","bundle_add_to_cart_form_location":"","bundle_editable_in_cart":false,"bundle_sold_individually_context":"","bundle_item_grouping":"","bundle_min_size":"","bundle_max_size":"","bundle_price":[],"bundled_items":[],"bundle_sell_ids":[],"exclude_global_add_ons":[],"addons":[],"acf":[],"_links":{"self":[{"href":"https:\/\/kraftwerk-shop.cc\/it\/wp-json\/wp\/v2\/product\/68261185","targetHints":{"allow":["GET"]}}],"collection":[{"href":"https:\/\/kraftwerk-shop.cc\/it\/wp-json\/wp\/v2\/product"}],"about":[{"href":"https:\/\/kraftwerk-shop.cc\/it\/wp-json\/wp\/v2\/types\/product"}],"replies":[{"embeddable":true,"href":"https:\/\/kraftwerk-shop.cc\/it\/wp-json\/wp\/v2\/comments?post=68261185"}],"version-history":[{"count":0,"href":"https:\/\/kraftwerk-shop.cc\/it\/wp-json\/wp\/v2\/product\/68261185\/revisions"}],"wp:featuredmedia":[{"embeddable":true,"href":"https:\/\/kraftwerk-shop.cc\/it\/wp-json\/wp\/v2\/media\/68278050"}],"wp:attachment":[{"href":"https:\/\/kraftwerk-shop.cc\/it\/wp-json\/wp\/v2\/media?parent=68261185"}],"wp:term":[{"taxonomy":"product_brand","embeddable":true,"href":"https:\/\/kraftwerk-shop.cc\/it\/wp-json\/wp\/v2\/product_brand?post=68261185"},{"taxonomy":"product_cat","embeddable":true,"href":"https:\/\/kraftwerk-shop.cc\/it\/wp-json\/wp\/v2\/product_cat?post=68261185"},{"taxonomy":"product_tag","embeddable":true,"href":"https:\/\/kraftwerk-shop.cc\/it\/wp-json\/wp\/v2\/product_tag?post=68261185"}],"curies":[{"name":"wp","href":"https:\/\/api.w.org\/{rel}","templated":true}]}}