{"id":68262398,"date":"2022-02-12T17:52:24","date_gmt":"2022-02-12T16:52:24","guid":{"rendered":"https:\/\/kraftwerk-shop.cc\/?post_type=product&#038;p=68262398"},"modified":"2026-02-15T00:51:19","modified_gmt":"2026-02-14T23:51:19","slug":"manometro-aem-serie-x-35-psi-2-5-bar","status":"publish","type":"product","link":"https:\/\/kraftwerk-shop.cc\/it\/produkt\/aem-x-series-ladedruckanzeige-35-psi-2-5-bar\/","title":{"rendered":"Indicatore di pressione di sovralimentazione AEM Serie X 35 PSI \/ 2,5 BAR"},"content":{"rendered":"<h1>Indicatore di pressione di sovralimentazione AEM Serie X 35 PSI \/ 2,5 BAR<\/h1>\n<p>&nbsp;<\/p>\n<p>L'indicatore digitale della pressione di sovralimentazione di AEM combina un'estetica incredibile, una leggibilit\u00e0 migliorata e una serie di nuove funzioni facili da usare.<br \/>\n\u00c8 un must per gli utenti che desiderano letture altamente accurate della pressione di sovralimentazione fino a 35 PSI o 2,5 BAR nel loro veicolo ad alte prestazioni.<\/p>\n<p>&nbsp;<\/p>\n<p><strong>Perfetta leggibilit\u00e0<\/strong><br \/>\nI miglioramenti visivi includono un luminoso display a LED al centro, pi\u00f9 grande rispetto ai manometri digitali originali e pi\u00f9 leggibile. Un \"ago a LED\" verde curvo delimita l'area del display per un rapido orientamento. Il display pi\u00f9 grande del 33 % facilita la lettura a colpo d'occhio.<\/p>\n<p><strong>Montaggio semplice<\/strong><br \/>\nNonostante il display pi\u00f9 grande, i dispositivi di misura della serie X sono alloggiati in una custodia di 52 mm di diametro che pu\u00f2 essere montata in una custodia standard per dispositivi di misura.<br \/>\nGrazie a un avanzato design a scheda singola, i misuratori della Serie X hanno una profondit\u00e0 complessiva incredibilmente ridotta, inferiore a 20 mm, con una profondit\u00e0 dell'alloggiamento di soli 5 mm. Grazie a questa profondit\u00e0, i misuratori digitali della Serie X possono essere montati praticamente ovunque.<\/p>\n<p><strong>Interfaccia intelligente<\/strong><br \/>\nI misuratori digitali della serie X sono dotati di nuove funzioni tecniche che ne facilitano l'uso. Due pulsanti sul pannello frontale consentono di programmare i valori di picco e di ripetizione, il display centrale a LED in unit\u00e0 di misura standard o metriche, l'ago LED orientabile e gli avvisi di soglia selezionabili dall'utente.<br \/>\nI misuratori sono in grado di gestire il bus CAN AEMnet, quindi possono essere collegati a margherita con il controllore Infinity, l'EMS Serie 2, il data logger AQ-1 o un EMS o un logger di terze parti che accettano AEMnet.<br \/>\nSono incluse anche uscite analogiche 0-5V per l'inserimento in data logger e sistemi di gestione del motore.<\/p>\n<p>&nbsp;<\/p>\n<p><strong>Propriet\u00e0:<\/strong><\/p>\n<ul>\n<li>Diametro 52 mm<\/li>\n<li>Profondit\u00e0 d'ingombro ridotta di 20 mm e profondit\u00e0 di 5 mm - pu\u00f2 essere montato praticamente ovunque<\/li>\n<li>Filettatura del sensore: 1\/8\u2033 NPT<\/li>\n<li>Attacco tubo flessibile: 4,7 mm<\/li>\n<li>Il LED centrale programmabile \u00e8 87% pi\u00f9 grande degli indicatori AEM originali.<\/li>\n<li>24 LED verdi esterni per la visualizzazione rapida dei parametri del motore<\/li>\n<li>Display standard o metrico selezionabile dall'utente (da -30in\/Hg a 35PSI \/ da -1 a 2,5BAR)<\/li>\n<li>Valore di picco\/richiamo tramite i pulsanti sul display<\/li>\n<li>Avvertenze di soglia selezionabili dall'utente<\/li>\n<li>Cornice argento e pannello frontale bianco disponibili come accessori.<\/li>\n<li>AEMnet CANbus per la trasmissione dei dati all'EMS o ai data logger<\/li>\n<li>Uscite analogiche 0-5 V per la trasmissione dei dati all'EMS o al data logger<\/li>\n<li>Il sensore di oscuramento automatico garantisce la luminosit\u00e0 ideale del display<\/li>\n<li>Le connessioni a bloccaggio positivo garantiscono un collegamento sicuro<\/li>\n<\/ul>\n<p>&nbsp;<\/p>\n<p><strong>Ambito di fornitura:<\/strong><\/p>\n<ul>\n<li>Indicatore di pressione di sovralimentazione AEM<\/li>\n<li>Sensore di pressione<\/li>\n<li>Cablaggio<\/li>\n<li>Tubo a pressione<\/li>\n<li>Materiale per l'installazione<\/li>\n<\/ul>\n<p>&nbsp;<\/p>\n<p>Nota: l'indicatore viene fornito con una ghiera nera e una piastra nera reversibile per la pressione di sovralimentazione PSI\/BAR.<br \/>\n\u00c8 possibile acquistare il kit opzionale di accessori 30-0306-ACC per ottenere la ghiera argentata e il pannello reversibile bianco dell'indicatore di pressione di sovralimentazione standard\/metrico.<br \/>\nOgni quadrante \u00e8 a doppia faccia, con PSI standard su un lato e BAR metrici sull'altro. La calibrazione per il display standard o metrico \u00e8 facile da eseguire utilizzando i pulsanti sulla parte anteriore del dispositivo.<\/p>\n<p>&nbsp;<\/p>","protected":false},"excerpt":{"rendered":"<p>Manometro della pressione di sovralimentazione AEM X-Series 35 PSI \/ 2,5 BAR Il manometro digitale della pressione di sovralimentazione di AEM combina un'estetica incredibile, una leggibilit\u00e0 migliorata e un'elevata precisione di lettura.<\/p>","protected":false},"featured_media":68277887,"comment_status":"open","ping_status":"closed","template":"","meta":{"_acf_changed":false},"product_brand":[],"product_cat":[1537,3083,3124,3135,3144,1559,1567,1575,4986,1583,1591,1425,1430,1440,1435,1672,1680,1688,1696,1704,1599,1607,1615,5164,1623,1631,1639,1648,1656,3002,1664,1712,1720,1728,1483,1780,1500,3016,1744,4811,1752,1760,1768,1776,1487,1504,2943,2953,2960,4762,19692,1515,5022,9955,2923,3541],"product_tag":[3566,3542,3553,3569,3562,3563,262,3559,3555,242,3554,382,3561,3560,3568,3567,3552,3570,3564,3550,3545,3543],"class_list":{"0":"post-68262398","1":"product","2":"type-product","3":"status-publish","4":"has-post-thumbnail","6":"product_cat-camaro-62-2010-2015-zubehoer","7":"product_cat-camaro-62-2016-zubehoer","8":"product_cat-corvette-c6-zubehoer","9":"product_cat-corvette-c7-zubehoer","10":"product_cat-corvette-c8-zubehoer","11":"product_cat-300c-35-zubehoer","12":"product_cat-300c-36-zubehoer","13":"product_cat-300c-57-2005-2010-zubehoer","14":"product_cat-300c-57-2011-2023-zubehoer","15":"product_cat-300c-61-zubehoer","16":"product_cat-300c-64-zubehoer","17":"product_cat-pacifica-zubehoer","18":"product_cat-pt-cruiser-zubehoer","19":"product_cat-sebring-zubehoer","20":"product_cat-voyager-zubehoer","21":"product_cat-challenger-36-zubehoer","22":"product_cat-challenger-57-zubehoer","23":"product_cat-challenger-61-zubehoer","24":"product_cat-challenger-hellcat-zubehoer","25":"product_cat-challenger-64-zubehoer","26":"product_cat-charger-35-zubehoer","27":"product_cat-charger-36-zubehoer","28":"product_cat-charger-57-zubehoer","29":"product_cat-dodge-charger-57-2011-2023-zubehoer","30":"product_cat-charger-61-zubehoer","31":"product_cat-charger-hellcat-zubehoer","32":"product_cat-charger-64-zubehoer","33":"product_cat-durango-36-zubehoer","34":"product_cat-durango-57-zubehoer","35":"product_cat-durango-hellcat-zubehoer","36":"product_cat-durango-64-zubehoer","37":"product_cat-magnum-35-zubehoer","38":"product_cat-magnum-57-zubehoer","39":"product_cat-magnum-61-zubehoer","40":"product_cat-cherokee-zubehoer","41":"product_cat-commander-zubehoer","42":"product_cat-compass-zubehoer","43":"product_cat-gladiator-36-zubehoer","44":"product_cat-grand-cherokee-36-zubehoer","45":"product_cat-grand-cherokee-57-2005-2010-zubehoer","46":"product_cat-grand-cherokee-57-2011-2021-zubehoer","47":"product_cat-grand-cherokee-61-zubehoer","48":"product_cat-trackhawk-zubehoer","49":"product_cat-grand-cherokee-64-zubehoer","50":"product_cat-liberty-zubehoer","51":"product_cat-patriot-zubehoer","52":"product_cat-wrangler-20-turbo-zubehoer","53":"product_cat-wrangler-36-zubehoer","54":"product_cat-wrangler-64-zubehoer","55":"product_cat-1500-36-zubehoer","56":"product_cat-1500-36-dt-zubehoer","57":"product_cat-1500-57-2009-2018-classic-zubehoer","58":"product_cat-1500-57-dt-zubehoer","59":"product_cat-2500-3500-57-zubehoer","60":"product_cat-2500-3500-64-zubehoer","61":"product_cat-trx-zubehoer","62":"product_tag-30-0306","63":"product_tag-aem","64":"product_tag-anzeige","65":"product_tag-aufladung","66":"product_tag-aufzeichnen","67":"product_tag-aufzeichnung","68":"product_tag-boost","69":"product_tag-daten","70":"product_tag-display","71":"product_tag-kompressor","72":"product_tag-kontrolle","73":"product_tag-ladedruck","74":"product_tag-loggen","75":"product_tag-logger","76":"product_tag-luftdruck","77":"product_tag-map","78":"product_tag-messen","79":"product_tag-messgeraet","80":"product_tag-messung","81":"product_tag-sonde","82":"product_tag-uego","83":"product_tag-x-series","85":"first","86":"onbackorder","87":"taxable","88":"shipping-taxable","89":"purchasable","90":"product-type-simple"},"bundled_by":[],"bundle_stock_status":"onbackorder","bundle_stock_quantity":0,"bundle_virtual":false,"bundle_layout":"","bundle_add_to_cart_form_location":"","bundle_editable_in_cart":false,"bundle_sold_individually_context":"","bundle_item_grouping":"","bundle_min_size":"","bundle_max_size":"","bundle_price":[],"bundled_items":[],"bundle_sell_ids":[],"exclude_global_add_ons":[],"addons":[],"acf":[],"_links":{"self":[{"href":"https:\/\/kraftwerk-shop.cc\/it\/wp-json\/wp\/v2\/product\/68262398","targetHints":{"allow":["GET"]}}],"collection":[{"href":"https:\/\/kraftwerk-shop.cc\/it\/wp-json\/wp\/v2\/product"}],"about":[{"href":"https:\/\/kraftwerk-shop.cc\/it\/wp-json\/wp\/v2\/types\/product"}],"replies":[{"embeddable":true,"href":"https:\/\/kraftwerk-shop.cc\/it\/wp-json\/wp\/v2\/comments?post=68262398"}],"version-history":[{"count":0,"href":"https:\/\/kraftwerk-shop.cc\/it\/wp-json\/wp\/v2\/product\/68262398\/revisions"}],"wp:featuredmedia":[{"embeddable":true,"href":"https:\/\/kraftwerk-shop.cc\/it\/wp-json\/wp\/v2\/media\/68277887"}],"wp:attachment":[{"href":"https:\/\/kraftwerk-shop.cc\/it\/wp-json\/wp\/v2\/media?parent=68262398"}],"wp:term":[{"taxonomy":"product_brand","embeddable":true,"href":"https:\/\/kraftwerk-shop.cc\/it\/wp-json\/wp\/v2\/product_brand?post=68262398"},{"taxonomy":"product_cat","embeddable":true,"href":"https:\/\/kraftwerk-shop.cc\/it\/wp-json\/wp\/v2\/product_cat?post=68262398"},{"taxonomy":"product_tag","embeddable":true,"href":"https:\/\/kraftwerk-shop.cc\/it\/wp-json\/wp\/v2\/product_tag?post=68262398"}],"curies":[{"name":"wp","href":"https:\/\/api.w.org\/{rel}","templated":true}]}}