{"id":68262789,"date":"2022-02-19T15:05:57","date_gmt":"2022-02-19T14:05:57","guid":{"rendered":"https:\/\/kraftwerk-shop.cc\/?post_type=product&#038;p=68262789"},"modified":"2026-04-03T13:52:17","modified_gmt":"2026-04-03T11:52:17","slug":"tappo-radiatore-stant-lev-r-vent","status":"publish","type":"product","link":"https:\/\/kraftwerk-shop.cc\/it\/produkt\/stant-lev-r-vent-kuehlerdeckel\/","title":{"rendered":"Tappo del radiatore Lev-R-Vent"},"content":{"rendered":"<h1>Tappo del radiatore Lev-R-Vent con valvola di sicurezza da 18 PSI<\/h1>\n<p>&nbsp;<\/p>\n<p>Migliorate la sicurezza con questo tappo del radiatore Lev-R-Vent.<br \/>\nI tappi del radiatore Lev-R-Vent hanno la funzione di una leva di scarico della pressione unica nel suo genere che rilascia la pressione prima che il tappo venga rimosso, riducendo cos\u00ec il rischio di lesioni.<\/p>\n<p>Un tappo del radiatore difettoso pu\u00f2 causare l'ebollizione dell'auto a una temperatura inferiore.<br \/>\nSostituire il tappo del radiatore ogni volta che si cambia il liquido di raffreddamento.<\/p>\n<p>&nbsp;<\/p>\n<p><strong>Propriet\u00e0:<\/strong><\/p>\n<table width=\"500\">\n<tbody>\n<tr>\n<td width=\"266\">Pressione nominale<\/td>\n<td width=\"234\">18 PSI \/ 1,25 bar<\/td>\n<\/tr>\n<tr>\n<td width=\"266\">Profondit\u00e0 del coperchio<\/td>\n<td width=\"234\">38 mm<\/td>\n<\/tr>\n<tr>\n<td width=\"266\">Profondit\u00e0 del collo di riempimento<\/td>\n<td width=\"234\">19 mm<\/td>\n<\/tr>\n<tr>\n<td width=\"266\">Diametro interno del collo di riempimento<\/td>\n<td width=\"234\">41 mm<\/td>\n<\/tr>\n<tr>\n<td width=\"266\">Collo di riempimento Diametro esterno<\/td>\n<td width=\"234\">54 mm<\/td>\n<\/tr>\n<tr>\n<td width=\"266\">Gamma di pressione SAE<\/td>\n<td width=\"234\">16-20 PSI \/ 1,1 - 1,38 bar<\/td>\n<\/tr>\n<tr>\n<td width=\"266\">Diametro della cassa<\/td>\n<td width=\"234\">66 mm<\/td>\n<\/tr>\n<\/tbody>\n<\/table>\n<p>&nbsp;<\/p>\n<p>Si prega di verificare l'accuratezza della vestibilit\u00e0 in base alle dimensioni prima di ordinare.<\/p>","protected":false},"excerpt":{"rendered":"<p>Lev-R-Vent K\u00fchlerdeckel mit 18 PSI Sicherheitsventil &nbsp; Verbessern Sie die Sicherheit mit diesem Lev-R-Vent K\u00fchlerdeckel. Lev-R-Vent K\u00fchlerdeckel haben die Funktion<\/p>","protected":false},"featured_media":68285038,"comment_status":"open","ping_status":"closed","template":"","meta":{"_acf_changed":false},"product_brand":[],"product_cat":[2549,4981,2545,2546,2530,2548,2550,2547,2537,5160,2536,2535,2534,2533,2730,2531,2544,2543,6383,2541,2540,2539,2538,1517,5017,2702],"product_tag":[3598,475,295,506,52,507,51,101,93,54,53,48,94,3599,49,95,266,56,100,50,36,405,3600,3601,3602,269,3604,55,34,86,96,1056,164,3597,270,102,2353,3603],"class_list":{"0":"post-68262789","1":"product","2":"type-product","3":"status-publish","4":"has-post-thumbnail","6":"product_cat-300c-57-2005-2010-kuehlung","7":"product_cat-300c-57-2011-2023-kuehlung","8":"product_cat-300c-61-kuehlung","9":"product_cat-300c-64-kuehlung","10":"product_cat-challenger-57-kuehlung","11":"product_cat-challenger-61-kuehlung","12":"product_cat-challenger-hellcat-kuehlung","13":"product_cat-challenger-64-kuehlung","14":"product_cat-charger-57-kuehlung","15":"product_cat-charger-57-2011-2023-kuehlung","16":"product_cat-charger-61-kuehlung","17":"product_cat-charger-hellcat-kuehlung","18":"product_cat-charger-64-kuehlung","19":"product_cat-durango-57-kuehlung","20":"product_cat-durango-hellcat-kuehlung","21":"product_cat-durango-64-kuehlung","22":"product_cat-magnum-57-kuehlung","23":"product_cat-magnum-61-kuehlung","24":"product_cat-commander-kuehlung","25":"product_cat-grand-cherokee-57-2011-2021-kuehlung","26":"product_cat-grand-cherokee-61-kuehlung","27":"product_cat-trackhawk-kuehlung","28":"product_cat-grand-cherokee-64-kuehlung","29":"product_cat-1500-57-2009-2018-classic-kuehlung","30":"product_cat-1500-57-dt-kuehlung","31":"product_cat-trx-kuehlung","32":"product_tag-3598","33":"product_tag-475","34":"product_tag-295","35":"product_tag-506","36":"product_tag-300c","37":"product_tag-507","38":"product_tag-5-7-6-1","39":"product_tag-6-2","40":"product_tag-6-4","41":"product_tag-challenger","42":"product_tag-charger","43":"product_tag-chrysler","44":"product_tag-commander","45":"product_tag-deckel","46":"product_tag-dodge","47":"product_tag-durango","48":"product_tag-grad","49":"product_tag-grand-cherokee","50":"product_tag-hellcat","51":"product_tag-jeep","52":"product_tag-kraftwerk","53":"product_tag-kuehler","54":"product_tag-kuehlerdeckel","55":"product_tag-kuehlerverschluss","56":"product_tag-kuehlerverschlussdeckel","57":"product_tag-kuehlwasser","58":"product_tag-kuehlwasserdeckel","59":"product_tag-magnum","60":"product_tag-original","61":"product_tag-ram","62":"product_tag-srt","63":"product_tag-srt-8","64":"product_tag-srt8","65":"product_tag-stant","66":"product_tag-temperatur","67":"product_tag-trackhawk","68":"product_tag-trx","69":"product_tag-ueberdruck","71":"first","72":"instock","73":"taxable","74":"shipping-taxable","75":"purchasable","76":"product-type-simple"},"bundled_by":[],"bundle_stock_status":"instock","bundle_stock_quantity":15,"bundle_virtual":false,"bundle_layout":"","bundle_add_to_cart_form_location":"","bundle_editable_in_cart":false,"bundle_sold_individually_context":"","bundle_item_grouping":"","bundle_min_size":"","bundle_max_size":"","bundle_price":[],"bundled_items":[],"bundle_sell_ids":[],"exclude_global_add_ons":[],"addons":[],"acf":[],"_links":{"self":[{"href":"https:\/\/kraftwerk-shop.cc\/it\/wp-json\/wp\/v2\/product\/68262789","targetHints":{"allow":["GET"]}}],"collection":[{"href":"https:\/\/kraftwerk-shop.cc\/it\/wp-json\/wp\/v2\/product"}],"about":[{"href":"https:\/\/kraftwerk-shop.cc\/it\/wp-json\/wp\/v2\/types\/product"}],"replies":[{"embeddable":true,"href":"https:\/\/kraftwerk-shop.cc\/it\/wp-json\/wp\/v2\/comments?post=68262789"}],"version-history":[{"count":0,"href":"https:\/\/kraftwerk-shop.cc\/it\/wp-json\/wp\/v2\/product\/68262789\/revisions"}],"wp:featuredmedia":[{"embeddable":true,"href":"https:\/\/kraftwerk-shop.cc\/it\/wp-json\/wp\/v2\/media\/68285038"}],"wp:attachment":[{"href":"https:\/\/kraftwerk-shop.cc\/it\/wp-json\/wp\/v2\/media?parent=68262789"}],"wp:term":[{"taxonomy":"product_brand","embeddable":true,"href":"https:\/\/kraftwerk-shop.cc\/it\/wp-json\/wp\/v2\/product_brand?post=68262789"},{"taxonomy":"product_cat","embeddable":true,"href":"https:\/\/kraftwerk-shop.cc\/it\/wp-json\/wp\/v2\/product_cat?post=68262789"},{"taxonomy":"product_tag","embeddable":true,"href":"https:\/\/kraftwerk-shop.cc\/it\/wp-json\/wp\/v2\/product_tag?post=68262789"}],"curies":[{"name":"wp","href":"https:\/\/api.w.org\/{rel}","templated":true}]}}