{"id":68266164,"date":"2022-04-19T14:21:44","date_gmt":"2022-04-19T12:21:44","guid":{"rendered":"https:\/\/kraftwerk-shop.cc\/?post_type=product&#038;p=68266164"},"modified":"2026-02-15T00:48:50","modified_gmt":"2026-02-14T23:48:50","slug":"mbrp-s5043304-scarico-escalade-suburban","status":"publish","type":"product","link":"https:\/\/kraftwerk-shop.cc\/it\/produkt\/mbrp-s5043304-auspuff-escalade-suburban\/","title":{"rendered":"Sistema di scarico MBRP Cat-Back Tour Profile Cadillac Escalade \/ Chevrolet Suburban, Tahoe \/ GMC Yukon"},"content":{"rendered":"<h1>Sistema di scarico cat-back MBRP per Cadillac Escalade \/ Chevrolet Suburban, Tahoe \/ GMC Yukon<\/h1>\n<p>&nbsp;<\/p>\n<p>Lo scarico sportivo MBRP sprigiona tutto il potenziale di potenza e coppia del vostro veicolo e garantisce che il vostro RAM sia pi\u00f9 veloce, pi\u00f9 fluido e pi\u00f9 rumoroso sulla strada.<\/p>\n<p>Ogni sistema di scarico MBRP \u00e8 messo a punto e progettato per garantire le massime prestazioni del vostro veicolo. Realizzato in acciaio alluminato per impieghi gravosi. Ogni sezione del tubo \u00e8 piegata in modo uniforme per aumentare il flusso di scarico. Il silenziatore posteriore \u00e8 progettato per garantire un suono ottimale e ridurre al minimo la contropressione.<\/p>\n<p>L'installazione del sistema di scarico MBRP \u00e8 semplice e non richiede saldature o forature sul veicolo. Ogni sistema utilizza i punti di montaggio esistenti.<\/p>\n<p>&nbsp;<\/p>\n<p>Il sistema di scarico cat-back MBRP S5043304 in acciaio inossidabile T304 \u00e8 adatto ai seguenti modelli:<\/p>\n<table width=\"482\">\n<tbody>\n<tr>\n<td width=\"113\"><strong>Marchio<\/strong><\/td>\n<td width=\"141\"><strong>Modello<\/strong><\/td>\n<td width=\"103\"><strong>Motore<\/strong><\/td>\n<td width=\"115\"><strong>Anno di costruzione<\/strong><\/td>\n<\/tr>\n<tr>\n<td>Cadillac<\/td>\n<td>Escalade, Escalade ESV<\/td>\n<td>6.2<\/td>\n<td width=\"115\">2015 - 2020<\/td>\n<\/tr>\n<tr>\n<td>GMC<\/td>\n<td>Yukon, Yukon XL<\/td>\n<td>5.3, 6.2<\/td>\n<td width=\"115\">2015 - 2020<\/td>\n<\/tr>\n<tr>\n<td>Chevrolet<\/td>\n<td>Suburban<\/td>\n<td>5.3, 6.2<\/td>\n<td width=\"115\">2015 - 2020<\/td>\n<\/tr>\n<tr>\n<td>Chevrolet<\/td>\n<td>Tahoe<\/td>\n<td>5.3, 6.2<\/td>\n<td width=\"115\">2015 - 2020<\/td>\n<\/tr>\n<\/tbody>\n<\/table>\n<p>&nbsp;<\/p>\n<p><iframe loading=\"lazy\" title=\"Lettore video di YouTube\" src=\"https:\/\/www.youtube.com\/embed\/ByCjzxLWHxg\" width=\"882\" height=\"496\" frameborder=\"0\" allowfullscreen=\"allowfullscreen\"><\/iframe><\/p>\n<p><iframe loading=\"lazy\" title=\"Lettore video di YouTube\" src=\"https:\/\/www.youtube.com\/embed\/s0UBCVkkLhA\" width=\"882\" height=\"496\" frameborder=\"0\" allowfullscreen=\"allowfullscreen\"><\/iframe><\/p>","protected":false},"excerpt":{"rendered":"<p>2015 \u2013 2020<br \/>\nAcciaio inossidabile T304<\/p>","protected":false},"featured_media":68266167,"comment_status":"open","ping_status":"closed","template":"","meta":{"_acf_changed":false},"product_brand":[17169],"product_cat":[3648,3704,3696],"product_tag":[249,250,251,252,419,420,1046,1035,1036,546,1037,278,1047,2210,189,662,1039,1042,288,2786,1201,2934,532,529,20273,1040,2208,2931,6924,1044,1045,547,1034,1038,233,1217,2137],"class_list":{"0":"post-68266164","1":"product","2":"type-product","3":"status-publish","4":"has-post-thumbnail","6":"product_brand-mbrp","7":"product_cat-escalade-abgasanlage","8":"product_cat-suburban-abgasanlange","9":"product_cat-tahoe-abgasanlage","10":"product_tag-249","11":"product_tag-250","12":"product_tag-251","13":"product_tag-252","14":"product_tag-419","15":"product_tag-420","16":"product_tag-abe","17":"product_tag-abgasanlage","18":"product_tag-abgassystem","19":"product_tag-auspuff","20":"product_tag-auspuffsystem","21":"product_tag-cadillac","22":"product_tag-cat-back","23":"product_tag-catback","24":"product_tag-chevrolet","25":"product_tag-edelstahl","26":"product_tag-endschalldaempfer","27":"product_tag-endtopf","28":"product_tag-escalade","29":"product_tag-exhaust","30":"product_tag-gmc","31":"product_tag-harder","32":"product_tag-kat","33":"product_tag-katalysator","34":"product_tag-keintuev","35":"product_tag-laut","36":"product_tag-lauter","37":"product_tag-mbrp","38":"product_tag-mbrp10","39":"product_tag-mittelschalldaempfer","40":"product_tag-sound","41":"product_tag-sportauspuff","42":"product_tag-sportauspuffanlage","43":"product_tag-sportendschalldaempfer","44":"product_tag-tuning","45":"product_tag-yukon","46":"product_tag-zulassung","47":"product_shipping_class-paket-xl","49":"first","50":"onbackorder","51":"taxable","52":"shipping-taxable","53":"purchasable","54":"product-type-simple"},"bundled_by":[],"bundle_stock_status":"onbackorder","bundle_stock_quantity":0,"bundle_virtual":false,"bundle_layout":"","bundle_add_to_cart_form_location":"","bundle_editable_in_cart":false,"bundle_sold_individually_context":"","bundle_item_grouping":"","bundle_min_size":"","bundle_max_size":"","bundle_price":[],"bundled_items":[],"bundle_sell_ids":[],"exclude_global_add_ons":[],"addons":[],"acf":[],"_links":{"self":[{"href":"https:\/\/kraftwerk-shop.cc\/it\/wp-json\/wp\/v2\/product\/68266164","targetHints":{"allow":["GET"]}}],"collection":[{"href":"https:\/\/kraftwerk-shop.cc\/it\/wp-json\/wp\/v2\/product"}],"about":[{"href":"https:\/\/kraftwerk-shop.cc\/it\/wp-json\/wp\/v2\/types\/product"}],"replies":[{"embeddable":true,"href":"https:\/\/kraftwerk-shop.cc\/it\/wp-json\/wp\/v2\/comments?post=68266164"}],"version-history":[{"count":0,"href":"https:\/\/kraftwerk-shop.cc\/it\/wp-json\/wp\/v2\/product\/68266164\/revisions"}],"wp:featuredmedia":[{"embeddable":true,"href":"https:\/\/kraftwerk-shop.cc\/it\/wp-json\/wp\/v2\/media\/68266167"}],"wp:attachment":[{"href":"https:\/\/kraftwerk-shop.cc\/it\/wp-json\/wp\/v2\/media?parent=68266164"}],"wp:term":[{"taxonomy":"product_brand","embeddable":true,"href":"https:\/\/kraftwerk-shop.cc\/it\/wp-json\/wp\/v2\/product_brand?post=68266164"},{"taxonomy":"product_cat","embeddable":true,"href":"https:\/\/kraftwerk-shop.cc\/it\/wp-json\/wp\/v2\/product_cat?post=68266164"},{"taxonomy":"product_tag","embeddable":true,"href":"https:\/\/kraftwerk-shop.cc\/it\/wp-json\/wp\/v2\/product_tag?post=68266164"}],"curies":[{"name":"wp","href":"https:\/\/api.w.org\/{rel}","templated":true}]}}