{"id":68266619,"date":"2022-04-30T14:54:23","date_gmt":"2022-04-30T12:54:23","guid":{"rendered":"https:\/\/kraftwerk-shop.cc\/?post_type=product&#038;p=68266619"},"modified":"2026-04-10T16:16:23","modified_gmt":"2026-04-10T14:16:23","slug":"anello-di-sicurezza-dellalbero-di-trasmissione-dodge-challenger-charger","status":"publish","type":"product","link":"https:\/\/kraftwerk-shop.cc\/it\/produkt\/driveshaft-safety-loop-dodge-challenger-charger\/","title":{"rendered":"Anello di sicurezza dell'albero di trasmissione BMR Dodge Challenger e Charger"},"content":{"rendered":"<h1>Anello di sicurezza per albero motore BMR per Dodge Challenger e Charger<\/h1>\n<p>&nbsp;<\/p>\n<p>Proteggete la vostra Dodge Challenger \/ Charger con cambio automatico a 8 marce (tranne la Hellcat con 8HP90) e allo stesso tempo rispettate le norme di sicurezza NHRA - con un anello di sicurezza per albero motore della BMR Suspension.<\/p>\n<p>Se si partecipa a gare di accelerazione con la Charger \/ Challenger, \u00e8 probabile che sia necessario un dispositivo di sicurezza per l'albero di trasmissione per rispettare le norme NHRA.<br \/>\nRealizzato in lamiera d'acciaio da 1\/4 di pollice tagliata al laser e modellata a CNC, l'anello di sicurezza per albero di trasmissione DSL111 di BMR si collega attraverso i fori di montaggio OE della traversa della trasmissione di serie. Questo design offre un anello solido che rimane in posizione in caso di danni all'albero di trasmissione o alla trasmissione.<\/p>\n<p>BMR Suspension ha progettato l'anello di sicurezza dell'albero di trasmissione per catturare l'albero di trasmissione e impedire che penetri nel terreno o scavi nella carreggiata in caso di guasto.<br \/>\nSi fissa semplicemente alla traversa del cambio di fabbrica utilizzando il materiale di fissaggio di grado 8 fornito in dotazione.<br \/>\nGli anelli dell'albero di trasmissione di altri produttori sono fissati alla scatola del cambio e non possono trattenere l'albero di trasmissione in caso di danni alla scatola del cambio.<br \/>\nBMR ha sviluppato il DSL110 per applicazioni su strada, gare di accelerazione e ad alta velocit\u00e0.<br \/>\nUn anello di sicurezza dell'albero di trasmissione \u00e8 una polizza assicurativa economica che protegge il vostro investimento e vi d\u00e0 tranquillit\u00e0, sia in pista che su strada. Quando le prestazioni sono un obbligo, affidatevi a BMR Suspension!<\/p>\n<p>L'anello di sicurezza DSL111 per l'albero motore dell'BMR Suspension \u00e8 disponibile con finitura nera a martello e si mantiene a lungo.<br \/>\nL'installazione richiede circa 1 ora.<\/p>\n<p>&nbsp;<\/p>\n<p><strong>Propriet\u00e0:<\/strong><\/p>\n<ul>\n<li>Design personalizzato<\/li>\n<li>Non \u00e8 richiesta alcuna elaborazione<\/li>\n<li>Conforme alle regole NHRA<\/li>\n<li>Necessario per i veicoli che superano i 13,99 sul quarto di miglio con pneumatici da trazione.<\/li>\n<li>Necessario per i veicoli che superano gli 11,49 nel quarto di miglio con pneumatici standard.<\/li>\n<li>Lamiera d'acciaio tagliata al laser da 1\/4 di pollice<\/li>\n<li>Compresi tutti i materiali di fissaggio necessari di grado 8<\/li>\n<li>Finitura nera a martello<\/li>\n<\/ul>\n<p>&nbsp;<\/p>\n<p><strong>Adatto per:<\/strong><\/p>\n<table width=\"596\">\n<tbody>\n<tr>\n<td width=\"112\"><strong>Anno di costruzione<\/strong><\/td>\n<td width=\"141\"><strong>Marchio<\/strong><\/td>\n<td width=\"103\"><strong>Modello<\/strong><\/td>\n<td width=\"159\"><strong>Motore<\/strong><\/td>\n<td width=\"81\"><strong>Cambio<\/strong><\/td>\n<\/tr>\n<tr>\n<td width=\"112\">2015 \u2013 2023<\/td>\n<td width=\"141\">Dodge<\/td>\n<td width=\"103\">Challenger<\/td>\n<td>3.6<\/td>\n<td width=\"81\">Automatico a 8 velocit\u00e0<\/td>\n<\/tr>\n<tr>\n<td width=\"112\">2015 \u2013 2023<\/td>\n<td width=\"141\">Dodge<\/td>\n<td width=\"103\">Challenger<\/td>\n<td>5.7<\/td>\n<td width=\"81\">Automatico a 8 velocit\u00e0<\/td>\n<\/tr>\n<tr>\n<td width=\"112\">2015 \u2013 2023<\/td>\n<td width=\"141\">Dodge<\/td>\n<td width=\"103\">Challenger<\/td>\n<td>6.4<\/td>\n<td width=\"81\">Automatico a 8 velocit\u00e0<\/td>\n<\/tr>\n<tr>\n<td width=\"112\">2015 \u2013 2023<\/td>\n<td width=\"141\">Dodge<\/td>\n<td width=\"103\">Charger<\/td>\n<td>3.6<\/td>\n<td width=\"81\">Automatico a 8 velocit\u00e0<\/td>\n<\/tr>\n<tr>\n<td width=\"112\">2015 \u2013 2023<\/td>\n<td width=\"141\">Dodge<\/td>\n<td width=\"103\">Charger<\/td>\n<td>5.7<\/td>\n<td width=\"81\">Automatico a 8 velocit\u00e0<\/td>\n<\/tr>\n<tr>\n<td width=\"112\">2015 \u2013 2023<\/td>\n<td width=\"141\">Dodge<\/td>\n<td width=\"103\">Charger<\/td>\n<td>6.4<\/td>\n<td width=\"81\">Automatico a 8 velocit\u00e0<\/td>\n<\/tr>\n<\/tbody>\n<\/table>","protected":false},"excerpt":{"rendered":"<p>BMR Driveshaft Safety Loop f\u00fcr Dodge Challenger und Charger &nbsp; Sch\u00fctzen Sie Ihren Dodge Challenger \/ Charger mit 8.Gang Automatikgetriebe<\/p>","protected":false},"featured_media":68266622,"comment_status":"open","ping_status":"closed","template":"","meta":{"_acf_changed":false},"product_brand":[],"product_cat":[1670,1678,1702,1605,5157,1637],"product_tag":[169,217,91,93,3761,3756,3760,54,53,49,3853,3854,3762,3758,126,3757,3755,3754,3753,96],"class_list":{"0":"post-68266619","1":"product","2":"type-product","3":"status-publish","4":"has-post-thumbnail","6":"product_cat-challenger-36-getriebe","7":"product_cat-challenger-57-getriebe","8":"product_cat-challenger-64-getriebe","9":"product_cat-charger-36-getriebe","10":"product_cat-charger-57-2011-2023-getriebe","11":"product_cat-charger-64-getriebe","12":"product_tag-3-6","13":"product_tag-217","14":"product_tag-5-7","15":"product_tag-6-4","16":"product_tag-antriebswelle","17":"product_tag-auffangband","18":"product_tag-bmr","19":"product_tag-challenger","20":"product_tag-charger","21":"product_tag-dodge","22":"product_tag-dodge-challenger","23":"product_tag-dodge-charger","24":"product_tag-dsl110","25":"product_tag-fangschlinge","26":"product_tag-hemi","27":"product_tag-kardanwelle","28":"product_tag-loop","29":"product_tag-safety","30":"product_tag-safety-loop","31":"product_tag-srt","32":"product_shipping_class-deutschlandohne","34":"first","35":"instock","36":"taxable","37":"shipping-taxable","38":"purchasable","39":"product-type-simple"},"bundled_by":[],"bundle_stock_status":"instock","bundle_stock_quantity":1,"bundle_virtual":false,"bundle_layout":"","bundle_add_to_cart_form_location":"","bundle_editable_in_cart":false,"bundle_sold_individually_context":"","bundle_item_grouping":"","bundle_min_size":"","bundle_max_size":"","bundle_price":[],"bundled_items":[],"bundle_sell_ids":[],"exclude_global_add_ons":[],"addons":[],"acf":[],"_links":{"self":[{"href":"https:\/\/kraftwerk-shop.cc\/it\/wp-json\/wp\/v2\/product\/68266619","targetHints":{"allow":["GET"]}}],"collection":[{"href":"https:\/\/kraftwerk-shop.cc\/it\/wp-json\/wp\/v2\/product"}],"about":[{"href":"https:\/\/kraftwerk-shop.cc\/it\/wp-json\/wp\/v2\/types\/product"}],"replies":[{"embeddable":true,"href":"https:\/\/kraftwerk-shop.cc\/it\/wp-json\/wp\/v2\/comments?post=68266619"}],"version-history":[{"count":0,"href":"https:\/\/kraftwerk-shop.cc\/it\/wp-json\/wp\/v2\/product\/68266619\/revisions"}],"wp:featuredmedia":[{"embeddable":true,"href":"https:\/\/kraftwerk-shop.cc\/it\/wp-json\/wp\/v2\/media\/68266622"}],"wp:attachment":[{"href":"https:\/\/kraftwerk-shop.cc\/it\/wp-json\/wp\/v2\/media?parent=68266619"}],"wp:term":[{"taxonomy":"product_brand","embeddable":true,"href":"https:\/\/kraftwerk-shop.cc\/it\/wp-json\/wp\/v2\/product_brand?post=68266619"},{"taxonomy":"product_cat","embeddable":true,"href":"https:\/\/kraftwerk-shop.cc\/it\/wp-json\/wp\/v2\/product_cat?post=68266619"},{"taxonomy":"product_tag","embeddable":true,"href":"https:\/\/kraftwerk-shop.cc\/it\/wp-json\/wp\/v2\/product_tag?post=68266619"}],"curies":[{"name":"wp","href":"https:\/\/api.w.org\/{rel}","templated":true}]}}