{"id":68268114,"date":"2022-06-23T11:02:58","date_gmt":"2022-06-23T09:02:58","guid":{"rendered":"https:\/\/kraftwerk-shop.cc\/?post_type=product&#038;p=68268114"},"modified":"2026-02-15T00:43:49","modified_gmt":"2026-02-14T23:43:49","slug":"jl-oil-catch-can-ford-mustang-gt-bullitt","status":"publish","type":"product","link":"https:\/\/kraftwerk-shop.cc\/it\/produkt\/jl-oil-catch-can-ford-mustang-gt-bullitt\/","title":{"rendered":"J&amp;L Oil Catch Can Ford Mustang GT 5.0 \/ Bullitt \/ MACH 1- Lato conducente"},"content":{"rendered":"<h1>J&amp;L Oil Catch Can per Ford Mustang GT 5.0 per il lato guida<\/h1>\n<p>&nbsp;<\/p>\n<ul>\n<li>Capacit\u00e0 90 ml<\/li>\n<li>Solido design in billetta<\/li>\n<li>Connettori PCV ad attacco rapido stile OEM<\/li>\n<li>Sistema di filtrazione multistadio che cattura i vapori pi\u00f9 fini e li intrappola nel contenitore facilmente rimovibile, lasciando passare l'aria pulita fino al condotto di aspirazione.<\/li>\n<\/ul>\n<p>&nbsp;<\/p>\n<p><strong>Come funziona il sistema?<\/strong><\/p>\n<p>Quando la pressione del basamento viene sfiatata attraverso il condotto di aspirazione, grandi quantit\u00e0 di olio sotto forma di vapori vengono immesse nel collettore di aspirazione e nei collettori di aspirazione e diluiscono addirittura la benzina, causando una diminuzione del numero di ottani.<br \/>\nQuesto fenomeno si verifica in tutti i motori ed \u00e8 ancora pi\u00f9 accentuato nei veicoli a carica forzata (sovralimentatori e turbocompressori), poich\u00e9 la pressione del carter aumenta.<br \/>\nPer ovviare a questo problema, \u00e8 stato sviluppato un separatore d'olio con un design proprio.<br \/>\nRealizzato in alluminio billet, \u00e8 un pezzo solido come una roccia. \u00c8 dotato di una base del serbatoio zigrinata che facilita lo scarico dell'olio usato e di una guarnizione O-ring che impedisce le perdite.<\/p>\n<p>La filtrazione consiste in un setaccio a maglie fini in acciaio inox che cattura i vapori fini di olio e li rilascia non appena sono abbastanza pesanti da cadere.<br \/>\nLe particelle vengono poi fatte passare attraverso un filtro a nido d'ape in alluminio da 1\/16\u2033 e 1\/2\u2033 di spessore, dove diventano sempre pi\u00f9 grandi e infine cadono nel contenitore.<br \/>\nSe l'olio passa attraverso il filtro, \u00e8 troppo pesante per essere trasmesso al condotto di aspirazione.<br \/>\nIl contenitore di raccolta contiene 90 ml di liquido. Pu\u00f2 sembrare poco, ma non si dovrebbe trovare cos\u00ec tanto olio nel sistema PCV.<\/p>\n<p>&nbsp;<\/p>\n<p><strong>Adatto per:<br \/>\n<\/strong><\/p>\n<table width=\"498\">\n<tbody>\n<tr>\n<td width=\"94\">Ford<\/td>\n<td width=\"158\">Mustang<\/td>\n<td width=\"134\">GT 5.0<\/td>\n<td width=\"112\">2018 - 2023<\/td>\n<\/tr>\n<tr>\n<td width=\"94\">Ford<\/td>\n<td width=\"158\">Mustang<\/td>\n<td width=\"134\">Bullitt<\/td>\n<td width=\"112\">2019<\/td>\n<\/tr>\n<tr>\n<td width=\"94\">Ford<\/td>\n<td width=\"158\">Mustang<\/td>\n<td width=\"134\">Mustang GT\/Bullitt con compressore Whipple<\/td>\n<td width=\"112\">2018 - 2023<\/td>\n<\/tr>\n<tr>\n<td width=\"94\">Ford<\/td>\n<td width=\"158\">Mustang<\/td>\n<td width=\"134\">Mustang Mach I<\/td>\n<td width=\"112\">2021 - 2023<\/td>\n<\/tr>\n<\/tbody>\n<\/table>\n<p><strong>Ambito di fornitura:<\/strong><\/p>\n<ul>\n<li>Oil Catch Can (nero) per il lato conducente<\/li>\n<li>Staffa<\/li>\n<li>Tubi flessibili<\/li>\n<li>Connessioni<\/li>\n<li>Istruzioni per l'uso<\/li>\n<\/ul>\n<p><strong>Nota:<\/strong> I JLT Oil Catch Can sono ora commercializzati anche con il marchio J&amp;L Oil Separator Co (OSC).<br \/>\nDurante il periodo di transizione, gli Oil Catch Can sono disponibili con entrambe le denominazioni.<br \/>\nEntrambi sono lo stesso prodotto.<\/p>\n<p><iframe loading=\"lazy\" title=\"J&amp;L Oil Separator Co 2018 2022 Ford Mustang GT Installazione lato guida 3024D\" src=\"https:\/\/www.youtube.com\/embed\/fQYuinu5heA\" width=\"882\" height=\"496\" frameborder=\"0\" allowfullscreen=\"allowfullscreen\"><\/iframe><\/p>","protected":false},"excerpt":{"rendered":"<p>2018 \u2013 2023<\/p>","protected":false},"featured_media":68268117,"comment_status":"open","ping_status":"closed","template":"","meta":{"_acf_changed":false},"product_brand":[17171],"product_cat":[3951],"product_tag":[3957,3956,3954,49,3854,917,784,2934,3245,903,1093,2444,36,84,3955,4584,3872,82,85,3243,406,83,3242,3244,246,376],"class_list":{"0":"post-68268114","1":"product","2":"type-product","3":"status-publish","4":"has-post-thumbnail","6":"product_brand-jl","7":"product_cat-mustang-50-gt-oil-catch-can","8":"product_tag-3024d","9":"product_tag-3024d-b","10":"product_tag-bullitt","11":"product_tag-dodge","12":"product_tag-dodge-charger","13":"product_tag-ford","14":"product_tag-gt","15":"product_tag-harder","16":"product_tag-jl-oil-separator-co","17":"product_tag-jl","18":"product_tag-jlt","19":"product_tag-jlt-performance","20":"product_tag-kraftwerk","21":"product_tag-kurbelgehaeuseentlueftung","22":"product_tag-mach","23":"product_tag-mach-1","24":"product_tag-mustang","25":"product_tag-oil-catch-can","26":"product_tag-oil-catch-tank","27":"product_tag-oil-separator","28":"product_tag-oel","29":"product_tag-oelabscheider","30":"product_tag-osc","31":"product_tag-separator","32":"product_tag-supercharger","33":"product_tag-whipple","34":"product_shipping_class-deutschlandohne","36":"first","37":"instock","38":"taxable","39":"shipping-taxable","40":"purchasable","41":"product-type-simple"},"bundled_by":[],"bundle_stock_status":"instock","bundle_stock_quantity":2,"bundle_virtual":false,"bundle_layout":"","bundle_add_to_cart_form_location":"","bundle_editable_in_cart":false,"bundle_sold_individually_context":"","bundle_item_grouping":"","bundle_min_size":"","bundle_max_size":"","bundle_price":[],"bundled_items":[],"bundle_sell_ids":[],"exclude_global_add_ons":[],"addons":[],"acf":[],"_links":{"self":[{"href":"https:\/\/kraftwerk-shop.cc\/it\/wp-json\/wp\/v2\/product\/68268114","targetHints":{"allow":["GET"]}}],"collection":[{"href":"https:\/\/kraftwerk-shop.cc\/it\/wp-json\/wp\/v2\/product"}],"about":[{"href":"https:\/\/kraftwerk-shop.cc\/it\/wp-json\/wp\/v2\/types\/product"}],"replies":[{"embeddable":true,"href":"https:\/\/kraftwerk-shop.cc\/it\/wp-json\/wp\/v2\/comments?post=68268114"}],"version-history":[{"count":0,"href":"https:\/\/kraftwerk-shop.cc\/it\/wp-json\/wp\/v2\/product\/68268114\/revisions"}],"wp:featuredmedia":[{"embeddable":true,"href":"https:\/\/kraftwerk-shop.cc\/it\/wp-json\/wp\/v2\/media\/68268117"}],"wp:attachment":[{"href":"https:\/\/kraftwerk-shop.cc\/it\/wp-json\/wp\/v2\/media?parent=68268114"}],"wp:term":[{"taxonomy":"product_brand","embeddable":true,"href":"https:\/\/kraftwerk-shop.cc\/it\/wp-json\/wp\/v2\/product_brand?post=68268114"},{"taxonomy":"product_cat","embeddable":true,"href":"https:\/\/kraftwerk-shop.cc\/it\/wp-json\/wp\/v2\/product_cat?post=68268114"},{"taxonomy":"product_tag","embeddable":true,"href":"https:\/\/kraftwerk-shop.cc\/it\/wp-json\/wp\/v2\/product_tag?post=68268114"}],"curies":[{"name":"wp","href":"https:\/\/api.w.org\/{rel}","templated":true}]}}