{"id":68268251,"date":"2022-07-02T11:18:24","date_gmt":"2022-07-02T09:18:24","guid":{"rendered":"https:\/\/kraftwerk-shop.cc\/?post_type=product&#038;p=68268251"},"modified":"2026-04-16T02:00:05","modified_gmt":"2026-04-16T00:00:05","slug":"filtro-olio-gm-acdelco-12706595-pf-64","status":"publish","type":"product","link":"https:\/\/kraftwerk-shop.cc\/it\/produkt\/gm-acdelco-oelfilter-12706595-pf-64\/","title":{"rendered":"Filtro olio GM \/ ACDelco 12706595 (PF64)"},"content":{"rendered":"<h1>Filtro olio originale GM \/ ACDelco<\/h1>\n<p>&nbsp;<\/p>\n<p>Numero di parte: 12706595 (PF64)<br \/>\nSostituito: <span class=\"list-value\">12640445, 12696048<\/span><\/p>\n<p>&nbsp;<\/p>\n<p><strong>Adatto per:<\/strong><\/p>\n<table width=\"1274\">\n<tbody>\n<tr>\n<td width=\"314\"><strong>Anno di fabbricazione, marca, modello<\/strong><\/td>\n<td width=\"270\"><strong>Motore<\/strong><\/td>\n<td width=\"690\"><strong>dettagli<\/strong><\/td>\n<\/tr>\n<tr>\n<td width=\"314\">2021, 2016-2019 Buick Encore<\/td>\n<td width=\"270\">4 cilindri 1.4L<\/td>\n<td width=\"690\">CX 4 PORTE SPORT UTILITY, CXL 4 PORTE SPORT UTILITY<\/td>\n<\/tr>\n<tr>\n<td width=\"314\">2020-2021 Buick Encore GX<\/td>\n<td width=\"270\">3 cilindri 1.2L<\/td>\n<td width=\"690\">4 PORTE EXT, 4 PORTE EXT (GMNA), 4 PORTE EXT (GMNA), GX LVL IV 4 PORTE EXT<\/td>\n<\/tr>\n<tr>\n<td width=\"314\">2016-2020 Buick Envision<\/td>\n<td width=\"270\">4 cilindri 2.0L, 4 cilindri 2.5L<\/td>\n<td width=\"690\">4 PORTE BASE, 4 PORTE PREMIUM, 4 PORTE PREMIUM 2, 4 PORTE UPLEVEL<\/td>\n<\/tr>\n<tr>\n<td width=\"314\">2018-2019 Buick LaCrosse<\/td>\n<td width=\"270\">4 cilindri 2.5L<\/td>\n<td width=\"690\">4 PORTE CX EXT NOTCHBACK, 4 PORTE CXL EXT NOTCHBACK<\/td>\n<\/tr>\n<tr>\n<td width=\"314\">2014-2020 Buick Regal<\/td>\n<td width=\"270\">4 cilindri 2.0L<\/td>\n<td width=\"690\">1SC 4 PORTE HATCHBACK, 1SL 4 PORTE HATCHBACK, 1SL 4 PORTE STATION WAGON, 1SX 4 PORTE HATCHBACK, BASE 4 PORTE HATCHBACK, BASE 4 PORTE STATION WAGON, CX 4 PORTE BERLINA, CXL 4 PORTE BERLINA, CXS 4 PORTE BERLINA<\/td>\n<\/tr>\n<tr>\n<td width=\"314\">2013-2019 Cadillac ATS<\/td>\n<td width=\"270\">4 cilindri 2.0L, 4 cilindri 2.5L<\/td>\n<td width=\"690\">COUP\u00c9 2 PORTE, COUP\u00c9 DI LUSSO 2 PORTE, COUP\u00c9 PRESTAZIONALE 2 PORTE, COUP\u00c9 PREMIUM 3 PORTE, BERLINA DI LUSSO 4 PORTE, BERLINA PRESTAZIONALE 4 PORTE, BERLINA PREMIUM 4 PORTE, BERLINA 4 PORTE<\/td>\n<\/tr>\n<tr>\n<td width=\"314\">2022 Cadillac CT5<\/td>\n<td width=\"270\">8 cilindri 6.2L<\/td>\n<td width=\"690\">SERIE V NOTCHBACK-BLACKWING<\/td>\n<\/tr>\n<tr>\n<td width=\"314\">2016-2019 Cadillac CT6<\/td>\n<td width=\"270\">4 cilindri 2.0L<\/td>\n<td width=\"690\">BERLINA 4 PORTE, BERLINA 4 PORTE BASE, BERLINA 4 PORTE PREMIUM<\/td>\n<\/tr>\n<tr>\n<td width=\"314\">2014-2019 Cadillac CTS<\/td>\n<td width=\"270\">4 cilindri 2.0L, 8 cilindri 6.2L<\/td>\n<td width=\"690\">BERLINA 4 PORTE PERFORMANCE, BERLINA 4 PORTE PLUS, BERLINA 4 PORTE PREMIUM, BERLINA 4 PORTE, BERLINA 4 PORTE SERIE V<\/td>\n<\/tr>\n<tr>\n<td width=\"314\">2019-2021 Chevrolet Blazer<\/td>\n<td width=\"270\">4 cilindri 2.5L<\/td>\n<td width=\"690\">L SUV A 4 PORTE, LT SUV A 4 PORTE<\/td>\n<\/tr>\n<tr>\n<td width=\"314\">2016-2022 Chevrolet Camaro<\/td>\n<td width=\"270\">4 cilindri 2.0L, 8 cilindri 6.2L<\/td>\n<td width=\"690\">CABRIOLET 2 PORTE 1LS\/1LT, CABRIOLET 2 PORTE 1LT, CABRIOLET 2 PORTE 1SS, CABRIOLET 2 PORTE 2SS, CABRIOLET 2 PORTE AD ALTE PRESTAZIONI, COUP\u00c9 2 PORTE 1LS\/1LT, COUP\u00c9 2 PORTE 1LT, COUP\u00c9 2 PORTE 1SS, COUP\u00c9 2 PORTE 2LT, COUP\u00c9 2 PORTE 2SS, COUP\u00c9 2 PORTE AD ALTE PRESTAZIONI<\/td>\n<\/tr>\n<tr>\n<td width=\"314\">2012-2013 Chevrolet Captiva Sport<\/td>\n<td width=\"270\">6 cilindri 3.0L<\/td>\n<td width=\"690\">SPORT LT FWD<\/td>\n<\/tr>\n<tr>\n<td width=\"314\">2015-2021 Chevrolet Colorado<\/td>\n<td width=\"270\">4 cilindri 2.5L<\/td>\n<td width=\"690\">CABINA EQUIPAGGIO - BOX DA 5'2\u2033, CABINA ESTESA - BOX DA 6'2\u2033, CABINA EQUIPAGGIO LS - BOX DA 5'2\u2033, CABINA ESTESA LS - BOX DA 6'2\u2033, CABINA EQUIPAGGIO LS - BOX DA 5'2\u2033, CABINA ESTESA LS - BOX DA 6'2\u2033.<\/td>\n<\/tr>\n<tr>\n<td width=\"314\">2014-2022 Chevrolet Corvette<\/td>\n<td width=\"270\">8 cilindri 6.2L<\/td>\n<td width=\"690\">2 PORTE, 2 PORTE CABRIO, CORVETTE STINGRAY CABRIO, CORVETTE STINGRAY COUP\u00c9, Z06 2 PORTE CABRIO, Z06 2 PORTE PLAINBACK<\/td>\n<\/tr>\n<tr>\n<td width=\"314\">2016-2019 Chevrolet Cruze<\/td>\n<td width=\"270\">4 cilindri 1.4L<\/td>\n<td width=\"690\">LS (GMNA), LS 4 PORTE HATCHBACK(GMNA), LS 4 PORTE BERLINA, LT (GMNA), LT 4 PORTE HATCHBACK, LT 4 PORTE BERLINA, LTZ (GMNA), LTZ 4 PORTE HATCHBACK, LTZ 4 PORTE BERLINA<\/td>\n<\/tr>\n<tr>\n<td width=\"314\">2018-2021 Chevrolet Equinox<\/td>\n<td width=\"270\">4 cilindri 1.5L, 4 cilindri 2.0L<\/td>\n<td width=\"690\">4 PORTE BASE (GMNA), 4 PORTE LT (GMNA), 4 PORTE LTZ (GMNA)<\/td>\n<\/tr>\n<tr>\n<td width=\"314\">2012-2019 Chevrolet Impala<\/td>\n<td width=\"270\">4 cilindri 2.5L, 6 cilindri 3.6L<\/td>\n<td width=\"690\">LS, LS 4 PORTE NOTCHBACK, LT 4 PORTE NOTCHBACK, LTZ, LTZ 4 PORTE NOTCHBACK<\/td>\n<\/tr>\n<tr>\n<td width=\"314\">2013-2022 Chevrolet Malibu<\/td>\n<td width=\"270\">4 cilindri 1.5L, 4 cilindri 2.0L, 4 cilindri 2.5L<\/td>\n<td width=\"690\">L 4 PORTE NOTCHBACK, LS 4 PORTE NOTCHBACK, LT 4 PORTE NOTCHBACK, LTZ 4 PORTE NOTCHBACK, RS 4 PORTE NOTCHBACK<\/td>\n<\/tr>\n<tr>\n<td width=\"314\">2016-2022 Chevrolet Scintilla<\/td>\n<td width=\"270\">4 cilindri 1.4L<\/td>\n<td width=\"690\">LIVELLO 0 4 PORTE HATCHBACK, LIVELLO I 4 PORTE HATCHBACK, LIVELLO II 4 PORTE HATCHBACK, M2XX 4 PORTE HATCHBACK, M2XX LIVELLO 1 4 PORTE HATCHBACK, M2XX LIVELLO 2 4 PORTE HATCHBACK<\/td>\n<\/tr>\n<tr>\n<td width=\"314\">2021 Chevrolet Trailblazer<\/td>\n<td width=\"270\">3 cilindri 1.2L<\/td>\n<td width=\"690\">4 PORTE ESTERNE<\/td>\n<\/tr>\n<tr>\n<td width=\"314\">2018-2019 Chevrolet Traverse<\/td>\n<td width=\"270\">4 cilindri 2.0L<\/td>\n<td width=\"690\">SUV LT ESTESO 4 PORTE<\/td>\n<\/tr>\n<tr>\n<td width=\"314\">2021, 2019 Chevrolet Trax<\/td>\n<td width=\"270\">4 cilindri 1.4L<\/td>\n<td width=\"690\">LT 4 PORTE SPORT UTILITY, LTZ 4 PORTE SPORT UTILITY<\/td>\n<\/tr>\n<tr>\n<td width=\"314\">2017-2019 Chevrolet Volt<\/td>\n<td width=\"270\">4 cilindri 1.5L<\/td>\n<td width=\"690\">4 PORTE A DUE VOLUMI<\/td>\n<\/tr>\n<tr>\n<td width=\"314\">2017-2021 GMC Acadia<\/td>\n<td width=\"270\">4 cilindri 2.5L<\/td>\n<td width=\"690\">SUV DENALI, SUV SLE, SLE2 E SUV ALL TERRAIN, SUV SLE2, SLT E SUV ALL TERRAIN, SUV SLT<\/td>\n<\/tr>\n<tr>\n<td width=\"314\">2015-2021 GMC Canyon<\/td>\n<td width=\"270\">4 cilindri 2.5L<\/td>\n<td width=\"690\">CABINA EQUIPAGGIO - BOX DA 5'2\u2033, CABINA ESTESA - BOX DA 6'2\u2033, CABINA EQUIPAGGIO SLE - BOX DA 5'2\u2033, CABINA ESTESA SLE - BOX DA 6'2\u2033, CABINA EQUIPAGGIO SLT - BOX DA 5'2\u2033, CABINA ESTESA SLT - BOX DA 6'2\u2033<\/td>\n<\/tr>\n<tr>\n<td width=\"314\">2018-2021 GMC Terrain<\/td>\n<td width=\"270\">4 cilindri 1.5L, 4 cilindri 2.0L<\/td>\n<td width=\"690\">4 PORTE SLE2, 4 PORTE SLT1, 4 PORTE<\/td>\n<\/tr>\n<\/tbody>\n<\/table>\n<p>&nbsp;<\/p>\n<p>I ricambi originali GM e i ricambi originali ACDelco sono ricambi originali OE che sono stati installati durante la produzione o convalidati da GM per i veicoli GM. Sono stati sviluppati, progettati e testati secondo standard rigorosi e sono riconosciuti da General Motors.<\/p>\n<p>Con oltre 100 anni di esperienza, ACDelco sa come filtrare le particelle nocive. I filtri dell'olio, i filtri del carburante e i filtri dell'aria ACDelco GM Original Equipment e ACDelco Gold (Professional) sono prodotti con materiali di alta qualit\u00e0 per garantire durata e prestazioni eccezionali.<br \/>\nACDelco ha filtri per quasi tutto: dai filtri dell'olio motore che bloccano le particelle grandi un terzo di un capello umano ai filtri dell'aria della cabina che bloccano i deboli odori nell'aria. Guidate con fiducia sapendo che il vostro filtro \u00e8 certificato da GM.<\/p>","protected":false},"excerpt":{"rendered":"<p>Parte originale GM<\/p>","protected":false},"featured_media":68268298,"comment_status":"open","ping_status":"closed","template":"","meta":{"_acf_changed":false},"product_brand":[19857],"product_cat":[1522,3973,3134,3143],"product_tag":[3977,3975,3974,1203,4014,278,191,189,281,4011,4012,1204,2321,3976,648,1318,404,2320,647,655,34,3979,3978,289],"class_list":{"0":"post-68268251","1":"product","2":"type-product","3":"status-publish","4":"has-post-thumbnail","6":"product_brand-acdelco","7":"product_cat-cts-v","8":"product_cat-camaro-62-2016-wartung","9":"product_cat-corvette-c7-wartung","10":"product_cat-corvette-c8-wartung","11":"product_tag-3977","12":"product_tag-ac-delco","13":"product_tag-acdelco","14":"product_tag-ats","15":"product_tag-blazer","16":"product_tag-cadillac","17":"product_tag-camaro","18":"product_tag-chevrolet","19":"product_tag-corvette","20":"product_tag-ct5","21":"product_tag-ct6","22":"product_tag-cts","23":"product_tag-erstausruester","24":"product_tag-erstausruestung","25":"product_tag-filter","26":"product_tag-gm","27":"product_tag-motoroel","28":"product_tag-motoroelfilter","29":"product_tag-oelfilter","30":"product_tag-oelwechsel","31":"product_tag-original","32":"product_tag-pf-64","33":"product_tag-pf64","34":"product_tag-trailblazer","35":"product_shipping_class-deutschlandohne","37":"first","38":"onbackorder","39":"taxable","40":"shipping-taxable","41":"purchasable","42":"product-type-simple"},"bundled_by":[],"bundle_stock_status":"onbackorder","bundle_stock_quantity":0,"bundle_virtual":false,"bundle_layout":"","bundle_add_to_cart_form_location":"","bundle_editable_in_cart":false,"bundle_sold_individually_context":"","bundle_item_grouping":"","bundle_min_size":"","bundle_max_size":"","bundle_price":[],"bundled_items":[],"bundle_sell_ids":[],"exclude_global_add_ons":[],"addons":[],"acf":[],"_links":{"self":[{"href":"https:\/\/kraftwerk-shop.cc\/it\/wp-json\/wp\/v2\/product\/68268251","targetHints":{"allow":["GET"]}}],"collection":[{"href":"https:\/\/kraftwerk-shop.cc\/it\/wp-json\/wp\/v2\/product"}],"about":[{"href":"https:\/\/kraftwerk-shop.cc\/it\/wp-json\/wp\/v2\/types\/product"}],"replies":[{"embeddable":true,"href":"https:\/\/kraftwerk-shop.cc\/it\/wp-json\/wp\/v2\/comments?post=68268251"}],"version-history":[{"count":0,"href":"https:\/\/kraftwerk-shop.cc\/it\/wp-json\/wp\/v2\/product\/68268251\/revisions"}],"wp:featuredmedia":[{"embeddable":true,"href":"https:\/\/kraftwerk-shop.cc\/it\/wp-json\/wp\/v2\/media\/68268298"}],"wp:attachment":[{"href":"https:\/\/kraftwerk-shop.cc\/it\/wp-json\/wp\/v2\/media?parent=68268251"}],"wp:term":[{"taxonomy":"product_brand","embeddable":true,"href":"https:\/\/kraftwerk-shop.cc\/it\/wp-json\/wp\/v2\/product_brand?post=68268251"},{"taxonomy":"product_cat","embeddable":true,"href":"https:\/\/kraftwerk-shop.cc\/it\/wp-json\/wp\/v2\/product_cat?post=68268251"},{"taxonomy":"product_tag","embeddable":true,"href":"https:\/\/kraftwerk-shop.cc\/it\/wp-json\/wp\/v2\/product_tag?post=68268251"}],"curies":[{"name":"wp","href":"https:\/\/api.w.org\/{rel}","templated":true}]}}