{"id":68268281,"date":"2022-07-02T14:47:23","date_gmt":"2022-07-02T12:47:23","guid":{"rendered":"https:\/\/kraftwerk-shop.cc\/?post_type=product&#038;p=68268281"},"modified":"2026-02-15T00:46:38","modified_gmt":"2026-02-14T23:46:38","slug":"fantastico-detergente-per-scarichi-tonico-per-punte","status":"publish","type":"product","link":"https:\/\/kraftwerk-shop.cc\/it\/produkt\/awe-fantastic-tip-tonic-auspuffreiniger\/","title":{"rendered":"Il fantastico Tip Tonic di AWE per la pulizia degli scarichi"},"content":{"rendered":"<h1>Fantastic Tip Tonic di AWE, il miracolo di pulizia per i terminali di scarico<\/h1>\n<p>&nbsp;<\/p>\n<ul>\n<li>Appositamente formulato secondo i rigorosi standard AWE per rimuovere i depositi di fuliggine e la sporcizia della strada dai terminali di scarico AWE.<\/li>\n<li>Consigliato per i terminali di scarico AWE argento cromato e nero diamante<\/li>\n<li>Pulisce e lucida senza abrasivi aggressivi, acidi o ammoniaca.<\/li>\n<li>Fornisce una lucentezza radiosa senza un'applicazione e una rimozione intensive<\/li>\n<li>236 ml per bottiglia<\/li>\n<li>Prodotto negli Stati Uniti<\/li>\n<\/ul>\n<p>Il Fantastic Tip Tonic di AWE pulisce i terminali di scarico senza abrasivi aggressivi, acidi o ammoniaca per rimuovere lo sporco e dare una finitura lucida.<br \/>\nTip Tonic \u00e8 stato sviluppato e testato nel corso di diversi inverni negli Stati del Mid-Atlantic per funzionare in condizioni difficili e brillare in qualsiasi clima.<\/p>\n<p>Tip Tonic \u00e8 consigliato sia per i terminali di scarico AWE in argento cromato che in nero diamantato e deve essere usato regolarmente per mantenere la lucentezza.<\/p>\n<p>Nota bene: il Fantastic Tip Tonic di AWE non pu\u00f2 essere utilizzato su terminali in titanio o bruciati.<br \/>\nNon possiamo fornire informazioni sulla compatibilit\u00e0 con altri produttori di scarichi.<\/p>\n<p>&nbsp;<\/p>\n<p><iframe loading=\"lazy\" title=\"Suggerimenti e trucchi per il fantastico tonico di AWE\" width=\"500\" height=\"281\" src=\"https:\/\/www.youtube.com\/embed\/Y1OYD3_FfZ4?feature=oembed\" frameborder=\"0\" allow=\"accelerometer; autoplay; clipboard-write; encrypted-media; gyroscope; picture-in-picture; web-share\" referrerpolicy=\"strict-origin-when-cross-origin\" allowfullscreen><\/iframe><\/p>\n<p>&nbsp;<\/p>\n<p><strong>Informazioni su AWE<\/strong><\/p>\n<p>Dal 1991, il team superstar di AWE, composto da ricercatori, ingegneri, innovatori, progettisti e piloti, ha sviluppato aggiornamenti di prestazioni di livello mondiale per alcune delle migliori auto del mondo.<\/p>","protected":false},"excerpt":{"rendered":"<p>AWEs Fantastic Tip Tonic, das Reinigungswunder f\u00fcr Auspuffendrohre &nbsp; Speziell formuliert nach AWEs exakten Standards, um Ru\u00dfablagerungen und Stra\u00dfenschmutz von<\/p>","protected":false},"featured_media":68268317,"comment_status":"open","ping_status":"closed","template":"","meta":{"_acf_changed":false},"product_brand":[],"product_cat":[6634,6592,6622,6625,6637],"product_tag":[3980,1035,546,3998,2909,1043,3995,3994,699,3993,547,3996,3997],"class_list":{"0":"post-68268281","1":"product","2":"type-product","3":"status-publish","4":"has-post-thumbnail","6":"product_cat-trackhawk-abgasanlage-dichtungen-hardware","7":"product_cat-grand-cherokee-64-abgasanlage-dichtungen-hardware","8":"product_cat-1500-57-2009-2018-classic-abgasanlage-dichtungen-hardware","9":"product_cat-1500-57-dt-abgasanlage-dichtungen-hardware","10":"product_cat-trx-abgasanlage-dichtungen-hardware","11":"product_tag-6510-17010","12":"product_tag-abgasanlage","13":"product_tag-auspuff","14":"product_tag-auspuffreiniger","15":"product_tag-awe","16":"product_tag-endrohr","17":"product_tag-fantastic","18":"product_tag-politur","19":"product_tag-reiniger","20":"product_tag-reinigungsmittel","21":"product_tag-sportauspuff","22":"product_tag-tip","23":"product_tag-tonic","25":"first","26":"instock","27":"taxable","28":"shipping-taxable","29":"purchasable","30":"product-type-simple"},"bundled_by":[],"bundle_stock_status":"instock","bundle_stock_quantity":1,"bundle_virtual":false,"bundle_layout":"","bundle_add_to_cart_form_location":"","bundle_editable_in_cart":false,"bundle_sold_individually_context":"","bundle_item_grouping":"","bundle_min_size":"","bundle_max_size":"","bundle_price":[],"bundled_items":[],"bundle_sell_ids":[],"exclude_global_add_ons":[],"addons":[],"acf":[],"_links":{"self":[{"href":"https:\/\/kraftwerk-shop.cc\/it\/wp-json\/wp\/v2\/product\/68268281","targetHints":{"allow":["GET"]}}],"collection":[{"href":"https:\/\/kraftwerk-shop.cc\/it\/wp-json\/wp\/v2\/product"}],"about":[{"href":"https:\/\/kraftwerk-shop.cc\/it\/wp-json\/wp\/v2\/types\/product"}],"replies":[{"embeddable":true,"href":"https:\/\/kraftwerk-shop.cc\/it\/wp-json\/wp\/v2\/comments?post=68268281"}],"version-history":[{"count":0,"href":"https:\/\/kraftwerk-shop.cc\/it\/wp-json\/wp\/v2\/product\/68268281\/revisions"}],"wp:featuredmedia":[{"embeddable":true,"href":"https:\/\/kraftwerk-shop.cc\/it\/wp-json\/wp\/v2\/media\/68268317"}],"wp:attachment":[{"href":"https:\/\/kraftwerk-shop.cc\/it\/wp-json\/wp\/v2\/media?parent=68268281"}],"wp:term":[{"taxonomy":"product_brand","embeddable":true,"href":"https:\/\/kraftwerk-shop.cc\/it\/wp-json\/wp\/v2\/product_brand?post=68268281"},{"taxonomy":"product_cat","embeddable":true,"href":"https:\/\/kraftwerk-shop.cc\/it\/wp-json\/wp\/v2\/product_cat?post=68268281"},{"taxonomy":"product_tag","embeddable":true,"href":"https:\/\/kraftwerk-shop.cc\/it\/wp-json\/wp\/v2\/product_tag?post=68268281"}],"curies":[{"name":"wp","href":"https:\/\/api.w.org\/{rel}","templated":true}]}}