{"id":68268439,"date":"2022-07-08T11:30:05","date_gmt":"2022-07-08T09:30:05","guid":{"rendered":"https:\/\/kraftwerk-shop.cc\/?post_type=product&#038;p=68268439"},"modified":"2026-02-15T00:01:36","modified_gmt":"2026-02-14T23:01:36","slug":"mbrp-mbrps7201304-ford-mustang-gt-350","status":"publish","type":"product","link":"https:\/\/kraftwerk-shop.cc\/it\/produkt\/mbrp-mbrps7201304-ford-mustang-gt-350\/","title":{"rendered":"MBRP Cat-Back Profilo Pro Ford Mustang GT350 \/ GT350R"},"content":{"rendered":"<h1>Sistema di scarico MBRP cat-back per Ford Mustang GT350 \/ GT350R<\/h1>\n<p>&nbsp;<\/p>\n<p>Lo scarico sportivo MBRP sprigiona tutto il potenziale di potenza e coppia del vostro veicolo e garantisce che il vostro RAM sia pi\u00f9 veloce, pi\u00f9 fluido e pi\u00f9 rumoroso sulla strada.<\/p>\n<p>Ogni sistema di scarico MBRP \u00e8 messo a punto e progettato per fornire al vostro veicolo le massime prestazioni. Realizzato in acciaio alluminato per impieghi gravosi. Ogni sezione del tubo \u00e8 piegata in modo uniforme per aumentare il flusso di scarico. Il silenziatore posteriore \u00e8 progettato per garantire un suono ottimale e ridurre al minimo la contropressione.<\/p>\n<p>L'installazione del sistema di scarico MBRP \u00e8 semplice e non richiede saldature o forature sul veicolo. Ogni sistema utilizza i punti di montaggio esistenti.<\/p>\n<p>&nbsp;<\/p>\n<p>&nbsp;<\/p>\n<p>Il sistema di scarico MBRP S7207BLK Race Profile 3\u2033 Cat-Back \u00e8 adatto ai seguenti modelli:<\/p>\n<table width=\"449\">\n<tbody>\n<tr>\n<td width=\"115\"><strong>Marchio<\/strong><\/td>\n<td width=\"145\"><strong>Modello<\/strong><\/td>\n<td width=\"106\"><strong>Motore<\/strong><\/td>\n<td width=\"83\"><strong>Anno di costruzione<\/strong><\/td>\n<\/tr>\n<tr>\n<td>Ford<\/td>\n<td>Mustang<\/td>\n<td>GT350 \/ GT350R<\/td>\n<td>2016 \u2013 2020<\/td>\n<\/tr>\n<\/tbody>\n<\/table>\n<p>&nbsp;<\/p>","protected":false},"excerpt":{"rendered":"<p>2016 \u2013 2020<\/p>","protected":false},"featured_media":68268456,"comment_status":"open","ping_status":"closed","template":"","meta":{"_acf_changed":false},"product_brand":[17169],"product_cat":[3024,4034],"product_tag":[250,251,252,419,420,4024,4023,1035,1036,546,1037,1047,2210,662,1039,1042,2786,917,784,3959,4038,2934,532,529,20273,2211,2931,6924,1044,3872,1181,4037,4027,3958,1045,1041,547,1034,1038,2215,233],"class_list":{"0":"post-68268439","1":"product","2":"type-product","3":"status-publish","4":"has-post-thumbnail","6":"product_brand-mbrp","7":"product_cat-nicht-nach-eu","8":"product_cat-shelby-gt350-abgasanlage","9":"product_tag-250","10":"product_tag-251","11":"product_tag-252","12":"product_tag-419","13":"product_tag-420","14":"product_tag-3zoll","15":"product_tag-4023","16":"product_tag-abgasanlage","17":"product_tag-abgassystem","18":"product_tag-auspuff","19":"product_tag-auspuffsystem","20":"product_tag-cat-back","21":"product_tag-catback","22":"product_tag-edelstahl","23":"product_tag-endschalldaempfer","24":"product_tag-endtopf","25":"product_tag-exhaust","26":"product_tag-ford","27":"product_tag-gt","28":"product_tag-gt350","29":"product_tag-gt350r","30":"product_tag-harder","31":"product_tag-kat","32":"product_tag-katalysator","33":"product_tag-keintuev","34":"product_tag-klang","35":"product_tag-mbrp","36":"product_tag-mbrp10","37":"product_tag-mittelschalldaempfer","38":"product_tag-mustang","39":"product_tag-race","40":"product_tag-s7201304","41":"product_tag-s7207","42":"product_tag-shelby","43":"product_tag-sound","44":"product_tag-sport","45":"product_tag-sportauspuff","46":"product_tag-sportauspuffanlage","47":"product_tag-sportendschalldaempfer","48":"product_tag-street","49":"product_tag-tuning","50":"product_shipping_class-spedition-1","52":"first","53":"onbackorder","54":"taxable","55":"shipping-taxable","56":"purchasable","57":"product-type-simple"},"bundled_by":[],"bundle_stock_status":"onbackorder","bundle_stock_quantity":0,"bundle_virtual":false,"bundle_layout":"","bundle_add_to_cart_form_location":"","bundle_editable_in_cart":false,"bundle_sold_individually_context":"","bundle_item_grouping":"","bundle_min_size":"","bundle_max_size":"","bundle_price":[],"bundled_items":[],"bundle_sell_ids":[],"exclude_global_add_ons":[],"addons":[],"acf":[],"_links":{"self":[{"href":"https:\/\/kraftwerk-shop.cc\/it\/wp-json\/wp\/v2\/product\/68268439","targetHints":{"allow":["GET"]}}],"collection":[{"href":"https:\/\/kraftwerk-shop.cc\/it\/wp-json\/wp\/v2\/product"}],"about":[{"href":"https:\/\/kraftwerk-shop.cc\/it\/wp-json\/wp\/v2\/types\/product"}],"replies":[{"embeddable":true,"href":"https:\/\/kraftwerk-shop.cc\/it\/wp-json\/wp\/v2\/comments?post=68268439"}],"version-history":[{"count":0,"href":"https:\/\/kraftwerk-shop.cc\/it\/wp-json\/wp\/v2\/product\/68268439\/revisions"}],"wp:featuredmedia":[{"embeddable":true,"href":"https:\/\/kraftwerk-shop.cc\/it\/wp-json\/wp\/v2\/media\/68268456"}],"wp:attachment":[{"href":"https:\/\/kraftwerk-shop.cc\/it\/wp-json\/wp\/v2\/media?parent=68268439"}],"wp:term":[{"taxonomy":"product_brand","embeddable":true,"href":"https:\/\/kraftwerk-shop.cc\/it\/wp-json\/wp\/v2\/product_brand?post=68268439"},{"taxonomy":"product_cat","embeddable":true,"href":"https:\/\/kraftwerk-shop.cc\/it\/wp-json\/wp\/v2\/product_cat?post=68268439"},{"taxonomy":"product_tag","embeddable":true,"href":"https:\/\/kraftwerk-shop.cc\/it\/wp-json\/wp\/v2\/product_tag?post=68268439"}],"curies":[{"name":"wp","href":"https:\/\/api.w.org\/{rel}","templated":true}]}}