{"id":68268490,"date":"2022-07-12T14:20:26","date_gmt":"2022-07-12T12:20:26","guid":{"rendered":"https:\/\/kraftwerk-shop.cc\/?post_type=product&#038;p=68268490"},"modified":"2026-02-15T00:51:37","modified_gmt":"2026-02-14T23:51:37","slug":"jlt-cai-75-5143-ford-mustang-ecoboost","status":"publish","type":"product","link":"https:\/\/kraftwerk-shop.cc\/it\/produkt\/jlt-cai-75-5143-ford-mustang-ecoboost\/","title":{"rendered":"Presa d'aria fredda JLT Ford Mustang EcoBoost 2.3"},"content":{"rendered":"<h1>JLT CAI-75-5143 Presa d'aria fredda \/ filtro aria sportivo per Ford Mustang EcoBoost 2.3<\/h1>\n<p>&nbsp;<\/p>\n<p><strong>Filtro aria di grandi dimensioni<\/strong><br \/>\nIl filtro dell'aria di dimensioni generose consente un flusso d'aria maggiore rispetto al filtro standard.<br \/>\nL'elemento del filtro dell'aria \u00e8 costituito da materiale filtrante in cotone, che viene bagnato con uno speciale olio filtrante e pu\u00f2 essere lavato. In questo modo si massimizzano la capacit\u00e0 e le prestazioni del filtro.<\/p>\n<p><strong>Collettore di aspirazione<\/strong><br \/>\nIl tubo di aspirazione \u00e8 realizzato in plastica rotostampata con un'enorme apertura del filtro da 5\u2033 per un flusso d'aria superiore e nessun accumulo di calore come nei tubi in metallo.<\/p>\n<p><strong>Alloggiamento del filtro dell'aria<\/strong><br \/>\nInclude il nostro ampio alloggiamento in plastica ABS per isolare l'aria di aspirazione dal calore del motore al minimo e a bassa velocit\u00e0.<br \/>\nUtilizza un'ampia superficie per garantire che il filtro riceva molta aria fredda e sfrutta la presa d'aria fresca di fabbrica dal paraurti per mantenere le temperature pi\u00f9 basse possibile.<\/p>\n<p><strong>dettagli<\/strong><\/p>\n<ul>\n<li>Aumento di potenza fino a 15 CV (specifica del produttore)<\/li>\n<li>Alloggiamento del filtro dell'aria con staffe per il montaggio diretto<\/li>\n<li>Filtro dell'aria pre-oliato, lavabile e riutilizzabile per le massime prestazioni<\/li>\n<\/ul>\n<p><strong>Nota:<\/strong> Per questo kit non \u00e8 richiesta alcuna messa a punto specifica!<\/p>\n<p>&nbsp;<\/p>\n<p><strong>Adatto per:<br \/>\n<\/strong><\/p>\n<table width=\"498\">\n<tbody>\n<tr>\n<td width=\"94\">Ford<\/td>\n<td width=\"158\">Mustang<\/td>\n<td width=\"134\">EcoBoost 2.3<\/td>\n<td width=\"112\">2015 - 2022<\/td>\n<\/tr>\n<\/tbody>\n<\/table>\n<p>&nbsp;<\/p>","protected":false},"excerpt":{"rendered":"<p>2015 - 2022<\/p>","protected":false},"featured_media":68268493,"comment_status":"open","ping_status":"closed","template":"","meta":{"_acf_changed":false},"product_brand":[17168],"product_cat":[4041],"product_tag":[4020,4040,826,4039,3587,2739,825,3873,917,2934,903,1093,2444,20273,36,57,3872,186,1045,500],"class_list":{"0":"post-68268490","1":"product","2":"type-product","3":"status-publish","4":"has-post-thumbnail","6":"product_brand-jlt","7":"product_cat-mustang-23-ecoboost-ansaugung","8":"product_tag-2-3","9":"product_tag-75-5143","10":"product_tag-ansaugung","11":"product_tag-cai-75-5143","12":"product_tag-cold","13":"product_tag-cold-air","14":"product_tag-cold-air-intake","15":"product_tag-ecoboost","16":"product_tag-ford","17":"product_tag-harder","18":"product_tag-jl","19":"product_tag-jlt","20":"product_tag-jlt-performance","21":"product_tag-keintuev","22":"product_tag-kraftwerk","23":"product_tag-luftfilter","24":"product_tag-mustang","25":"product_tag-performance","26":"product_tag-sound","27":"product_tag-sportluftfilter","29":"first","30":"onbackorder","31":"taxable","32":"shipping-taxable","33":"purchasable","34":"product-type-simple"},"bundled_by":[],"bundle_stock_status":"onbackorder","bundle_stock_quantity":0,"bundle_virtual":false,"bundle_layout":"","bundle_add_to_cart_form_location":"","bundle_editable_in_cart":false,"bundle_sold_individually_context":"","bundle_item_grouping":"","bundle_min_size":"","bundle_max_size":"","bundle_price":[],"bundled_items":[],"bundle_sell_ids":[],"exclude_global_add_ons":[],"addons":[],"acf":[],"_links":{"self":[{"href":"https:\/\/kraftwerk-shop.cc\/it\/wp-json\/wp\/v2\/product\/68268490","targetHints":{"allow":["GET"]}}],"collection":[{"href":"https:\/\/kraftwerk-shop.cc\/it\/wp-json\/wp\/v2\/product"}],"about":[{"href":"https:\/\/kraftwerk-shop.cc\/it\/wp-json\/wp\/v2\/types\/product"}],"replies":[{"embeddable":true,"href":"https:\/\/kraftwerk-shop.cc\/it\/wp-json\/wp\/v2\/comments?post=68268490"}],"version-history":[{"count":0,"href":"https:\/\/kraftwerk-shop.cc\/it\/wp-json\/wp\/v2\/product\/68268490\/revisions"}],"wp:featuredmedia":[{"embeddable":true,"href":"https:\/\/kraftwerk-shop.cc\/it\/wp-json\/wp\/v2\/media\/68268493"}],"wp:attachment":[{"href":"https:\/\/kraftwerk-shop.cc\/it\/wp-json\/wp\/v2\/media?parent=68268490"}],"wp:term":[{"taxonomy":"product_brand","embeddable":true,"href":"https:\/\/kraftwerk-shop.cc\/it\/wp-json\/wp\/v2\/product_brand?post=68268490"},{"taxonomy":"product_cat","embeddable":true,"href":"https:\/\/kraftwerk-shop.cc\/it\/wp-json\/wp\/v2\/product_cat?post=68268490"},{"taxonomy":"product_tag","embeddable":true,"href":"https:\/\/kraftwerk-shop.cc\/it\/wp-json\/wp\/v2\/product_tag?post=68268490"}],"curies":[{"name":"wp","href":"https:\/\/api.w.org\/{rel}","templated":true}]}}