{"id":68271035,"date":"2022-08-27T14:23:46","date_gmt":"2022-08-27T12:23:46","guid":{"rendered":"https:\/\/kraftwerk-shop.cc\/?post_type=product&#038;p=68271035"},"modified":"2026-02-15T00:08:03","modified_gmt":"2026-02-14T23:08:03","slug":"stainless-works-collettore-di-scaricoo-1-78","status":"publish","type":"product","link":"https:\/\/kraftwerk-shop.cc\/it\/produkt\/stainless-works-faecherkruemmer-high-flow-katalysatoren-1-78\/","title":{"rendered":"Stainless Works Collettore da 1 7\/8\u2033 + convertitori catalitici 300C, Challenger, Charger"},"content":{"rendered":"<h1>Stainless Works 1 7\/8\u2033 collettore + convertitori catalitici per Chrysler 300C, Dodge Challenger e Charger<\/h1>\n<p>&nbsp;<\/p>\n<p>Compresi i convertitori catalitici ad alto flusso per il collegamento al sistema di scarico standard o ai sistemi di scarico da Stainless Works.<br \/>\nIl sistema di collettori viene fornito pronto per l'installazione con tutti i morsetti necessari, le estensioni per le sonde lambda, le viti, ecc.<\/p>\n<p>I kit di collettori Stainless Works sono realizzati in acciaio inox 304 resistente alla corrosione.<br \/>\nI collettori sono saldati a TIG nello stabilimento all'avanguardia di Streetsboro, Ohio, per garantire qualit\u00e0 e durata.<\/p>\n<p>&nbsp;<\/p>\n<p>&nbsp;<\/p>\n<p><strong>Adatto per:<\/strong><\/p>\n<table width=\"637\">\n<tbody>\n<tr>\n<td width=\"115\"><strong>Marchio<\/strong><\/td>\n<td width=\"145\"><strong>Modello<\/strong><\/td>\n<td width=\"214\"><strong>Motore<\/strong><\/td>\n<td width=\"163\"><strong>Anno di costruzione<\/strong><\/td>\n<\/tr>\n<tr>\n<td width=\"115\">Chrysler<\/td>\n<td width=\"145\">300C<\/td>\n<td width=\"214\">5.7, 6.1, 6.4<\/td>\n<td>2005 \u2013 2023<\/td>\n<\/tr>\n<tr>\n<td width=\"115\">Dodge<\/td>\n<td width=\"145\">Challenger<\/td>\n<td width=\"214\">5.7, 6.1, 6.2 Hellcat, 6.4<\/td>\n<td>2005 \u2013 2023<\/td>\n<\/tr>\n<tr>\n<td width=\"115\">Dodge<\/td>\n<td width=\"145\">Charger<\/td>\n<td width=\"214\">5.7, 6.1, 6.2 Hellcat, 6.4<\/td>\n<td>2005 \u2013 2023<\/td>\n<\/tr>\n<tr>\n<td width=\"115\">Dodge<\/td>\n<td width=\"145\">Magnum<\/td>\n<td width=\"214\">5.7, 6.1<\/td>\n<td>2005 \u2013 2008<\/td>\n<\/tr>\n<\/tbody>\n<\/table>\n<p><strong>Nota:<\/strong> Non si adatta ai modelli con trazione integrale<\/p>\n<p>&nbsp;<\/p>\n<p><strong>Ambito di fornitura:<\/strong><\/p>\n<ul>\n<li>1 7\/8\u2033 Collettore Longtube<\/li>\n<li>Convertitori catalitici (solo per uso stradale, non per il motorsport)<\/li>\n<li>Materiale per l'installazione<\/li>\n<\/ul>\n<p>&nbsp;<\/p>","protected":false},"excerpt":{"rendered":"<p>Stainless Works 1 7\/8&#8243; F\u00e4cherkr\u00fcmmer + High-Flow Katalysatoren f\u00fcr Chrysler 300C, Dodge Challenger und Charger &nbsp; Inklusive High-Flow-Katalysatoren f\u00fcr den<\/p>","protected":false},"featured_media":68271029,"comment_status":"open","ping_status":"closed","template":"","meta":{"_acf_changed":false},"product_brand":[17173],"product_cat":[6615,6618,6639,6583,6603,6642,6594,6521,6606,6609,6645,6597,6559,7023,6648,3024],"product_tag":[52,91,92,101,93,1035,546,54,53,48,536,49,3853,3854,662,543,100,126,586,4080,532,529,20273,550,545,55,583,3055,547,553,96,1056,4079,3026,1303],"class_list":{"0":"post-68271035","1":"product","2":"type-product","3":"status-publish","4":"has-post-thumbnail","6":"product_brand-stainless-works","7":"product_cat-300c-57-2005-2010-abgaskruemmer-katalysatoren","8":"product_cat-300c-57-2011-2023-abgaskruemmer-katalysatoren","9":"product_cat-300c-61-abgaskruemmer-katalysatoren","10":"product_cat-300c-64-abgaskruemmer-katalysatoren","11":"product_cat-challenger-57-abgaskruemmer-katalysatoren","12":"product_cat-challenger-61-abgaskruemmer-katalysatoren","13":"product_cat-challenger-hellcat-abgaskruemmer-katalysatoren","14":"product_cat-challenger-64-abgaskruemmer-katalysatoren","15":"product_cat-charger-57-abgaskruemmer-katalysatoren","16":"product_cat-charger-57-2011-2023-abgaskruemmer-katalysatoren","17":"product_cat-charger-61-abgaskruemmer-katalysatoren","18":"product_cat-charger-hellcat-abgaskruemmer-katalysatoren","19":"product_cat-charger-64-abgaskruemmer-katalysatoren","20":"product_cat-magnum-57-abgaskruemmer-katalysatoren","21":"product_cat-magnum-61-abgaskruemmer-katalysatoren","22":"product_cat-nicht-nach-eu","23":"product_tag-300c","24":"product_tag-5-7","25":"product_tag-6-1","26":"product_tag-6-2","27":"product_tag-6-4","28":"product_tag-abgasanlage","29":"product_tag-auspuff","30":"product_tag-challenger","31":"product_tag-charger","32":"product_tag-chrysler","33":"product_tag-chrysler-300c","34":"product_tag-dodge","35":"product_tag-dodge-challenger","36":"product_tag-dodge-charger","37":"product_tag-edelstahl","38":"product_tag-faecherkruemmer","39":"product_tag-hellcat","40":"product_tag-hemi","41":"product_tag-high-flow","42":"product_tag-hm642hdrcat","43":"product_tag-kat","44":"product_tag-katalysator","45":"product_tag-keintuev","46":"product_tag-kruemmer","47":"product_tag-longtube","48":"product_tag-magnum","49":"product_tag-metallkat","50":"product_tag-sportabgasanlage","51":"product_tag-sportauspuff","52":"product_tag-sportkatalysator","53":"product_tag-srt","54":"product_tag-srt-8","55":"product_tag-stainless","56":"product_tag-stainlessworks","57":"product_tag-works","58":"product_shipping_class-speditionsversand-1","60":"first","61":"onbackorder","62":"taxable","63":"shipping-taxable","64":"purchasable","65":"product-type-simple"},"bundled_by":[],"bundle_stock_status":"onbackorder","bundle_stock_quantity":0,"bundle_virtual":false,"bundle_layout":"","bundle_add_to_cart_form_location":"","bundle_editable_in_cart":false,"bundle_sold_individually_context":"","bundle_item_grouping":"","bundle_min_size":"","bundle_max_size":"","bundle_price":[],"bundled_items":[],"bundle_sell_ids":[],"exclude_global_add_ons":[],"addons":[],"acf":[],"_links":{"self":[{"href":"https:\/\/kraftwerk-shop.cc\/it\/wp-json\/wp\/v2\/product\/68271035","targetHints":{"allow":["GET"]}}],"collection":[{"href":"https:\/\/kraftwerk-shop.cc\/it\/wp-json\/wp\/v2\/product"}],"about":[{"href":"https:\/\/kraftwerk-shop.cc\/it\/wp-json\/wp\/v2\/types\/product"}],"replies":[{"embeddable":true,"href":"https:\/\/kraftwerk-shop.cc\/it\/wp-json\/wp\/v2\/comments?post=68271035"}],"version-history":[{"count":0,"href":"https:\/\/kraftwerk-shop.cc\/it\/wp-json\/wp\/v2\/product\/68271035\/revisions"}],"wp:featuredmedia":[{"embeddable":true,"href":"https:\/\/kraftwerk-shop.cc\/it\/wp-json\/wp\/v2\/media\/68271029"}],"wp:attachment":[{"href":"https:\/\/kraftwerk-shop.cc\/it\/wp-json\/wp\/v2\/media?parent=68271035"}],"wp:term":[{"taxonomy":"product_brand","embeddable":true,"href":"https:\/\/kraftwerk-shop.cc\/it\/wp-json\/wp\/v2\/product_brand?post=68271035"},{"taxonomy":"product_cat","embeddable":true,"href":"https:\/\/kraftwerk-shop.cc\/it\/wp-json\/wp\/v2\/product_cat?post=68271035"},{"taxonomy":"product_tag","embeddable":true,"href":"https:\/\/kraftwerk-shop.cc\/it\/wp-json\/wp\/v2\/product_tag?post=68271035"}],"curies":[{"name":"wp","href":"https:\/\/api.w.org\/{rel}","templated":true}]}}