{"id":68271068,"date":"2022-08-27T23:21:49","date_gmt":"2022-08-27T21:21:49","guid":{"rendered":"https:\/\/kraftwerk-shop.cc\/?post_type=product&#038;p=68271068"},"modified":"2026-02-15T00:01:43","modified_gmt":"2026-02-14T23:01:43","slug":"stainless-works-collettore-di-scarico-ram-trx","status":"publish","type":"product","link":"https:\/\/kraftwerk-shop.cc\/it\/produkt\/stainless-works-faecherkruemmer-high-flow-katalysatoren-ram-trx\/","title":{"rendered":"Stainless Works Collettore da 1 7\/8\u2033 + convertitori catalitici RAM TRX"},"content":{"rendered":"<h1>Stainless Works Collettore da 1 7\/8\u2033 e convertitori catalitici per RAM TRX<\/h1>\n<p>&nbsp;<\/p>\n<p>Scateni la potenza del suo TRX RAM con questo kit di collettori longtube Stainless Works.<br \/>\nCon tubi primari da 1-7\/8 di pollice e un tubo collettore da 3 pollici, questo sistema aumenta la potenza e la coppia del motore del TRX RAM.<br \/>\nPu\u00f2 abbinare questo kit allo scarico di serie o liberare il suo pieno potenziale combinandolo con un sistema di scarico catback Stainless Works per un vero sistema di scarico ad alte prestazioni.<br \/>\nCompresi i convertitori catalitici ad alto flusso per il collegamento al sistema di scarico standard o ai sistemi di scarico da Stainless Works.<br \/>\nIl sistema di collettori viene fornito pronto per l'installazione con tutti i morsetti necessari, le estensioni per le sonde lambda, le viti, ecc.<\/p>\n<p>I kit di collettori Stainless Works sono realizzati in acciaio inox 304 resistente alla corrosione.<br \/>\nI collettori sono saldati a TIG nello stabilimento all'avanguardia di Streetsboro, Ohio, per garantire qualit\u00e0 e durata.<\/p>\n<p>&nbsp;<\/p>\n<p>&nbsp;<\/p>\n<p><strong>Adatto per:<\/strong><\/p>\n<table width=\"437\">\n<tbody>\n<tr>\n<td width=\"83\"><strong>Marchio<\/strong><\/td>\n<td width=\"122\"><strong>Modello<\/strong><\/td>\n<td width=\"136\"><strong>Motore<\/strong><\/td>\n<td width=\"96\"><strong>Anno di costruzione<\/strong><\/td>\n<\/tr>\n<tr>\n<td>RAM<\/td>\n<td>1500<\/td>\n<td>6.2 TRX<\/td>\n<td>2021 \u2013 2023<\/td>\n<\/tr>\n<\/tbody>\n<\/table>\n<p>&nbsp;<\/p>\n<p>&nbsp;<\/p>\n<p><strong>Ambito di fornitura:<\/strong><\/p>\n<ul>\n<li>1 7\/8\u2033 Collettore Longtube<\/li>\n<li>Convertitori catalitici (solo per uso stradale, non per il motorsport)<\/li>\n<li>Materiale per l'installazione<\/li>\n<\/ul>\n<p>&nbsp;<\/p>","protected":false},"excerpt":{"rendered":"<p>Stainless Works 1 7\/8&#8243; F\u00e4cherkr\u00fcmmer und High-Flow Katalysatoren f\u00fcr RAM TRX &nbsp; Entfesseln Sie die Leistung Ihres RAM TRX mit<\/p>","protected":false},"featured_media":68271072,"comment_status":"open","ping_status":"closed","template":"","meta":{"_acf_changed":false},"product_brand":[17173],"product_cat":[3024,6636],"product_tag":[2066,2373,101,1035,546,49,476,662,543,100,126,586,532,529,20273,550,545,55,583,86,4082,3055,547,553,4079,3026,2353,1303],"class_list":{"0":"post-68271068","1":"product","2":"type-product","3":"status-publish","4":"has-post-thumbnail","6":"product_brand-stainless-works","7":"product_cat-nicht-nach-eu","8":"product_cat-trx-abgaskruemmer-katalysatoren","9":"product_tag-2066","10":"product_tag-2373","11":"product_tag-6-2","12":"product_tag-abgasanlage","13":"product_tag-auspuff","14":"product_tag-dodge","15":"product_tag-dt","16":"product_tag-edelstahl","17":"product_tag-faecherkruemmer","18":"product_tag-hellcat","19":"product_tag-hemi","20":"product_tag-high-flow","21":"product_tag-kat","22":"product_tag-katalysator","23":"product_tag-keintuev","24":"product_tag-kruemmer","25":"product_tag-longtube","26":"product_tag-magnum","27":"product_tag-metallkat","28":"product_tag-ram","29":"product_tag-ram21188hcat","30":"product_tag-sportabgasanlage","31":"product_tag-sportauspuff","32":"product_tag-sportkatalysator","33":"product_tag-stainless","34":"product_tag-stainlessworks","35":"product_tag-trx","36":"product_tag-works","37":"product_shipping_class-speditionsversand-1","39":"first","40":"onbackorder","41":"taxable","42":"shipping-taxable","43":"purchasable","44":"product-type-simple"},"bundled_by":[],"bundle_stock_status":"onbackorder","bundle_stock_quantity":0,"bundle_virtual":false,"bundle_layout":"","bundle_add_to_cart_form_location":"","bundle_editable_in_cart":false,"bundle_sold_individually_context":"","bundle_item_grouping":"","bundle_min_size":"","bundle_max_size":"","bundle_price":[],"bundled_items":[],"bundle_sell_ids":[],"exclude_global_add_ons":[],"addons":[],"acf":[],"_links":{"self":[{"href":"https:\/\/kraftwerk-shop.cc\/it\/wp-json\/wp\/v2\/product\/68271068","targetHints":{"allow":["GET"]}}],"collection":[{"href":"https:\/\/kraftwerk-shop.cc\/it\/wp-json\/wp\/v2\/product"}],"about":[{"href":"https:\/\/kraftwerk-shop.cc\/it\/wp-json\/wp\/v2\/types\/product"}],"replies":[{"embeddable":true,"href":"https:\/\/kraftwerk-shop.cc\/it\/wp-json\/wp\/v2\/comments?post=68271068"}],"version-history":[{"count":0,"href":"https:\/\/kraftwerk-shop.cc\/it\/wp-json\/wp\/v2\/product\/68271068\/revisions"}],"wp:featuredmedia":[{"embeddable":true,"href":"https:\/\/kraftwerk-shop.cc\/it\/wp-json\/wp\/v2\/media\/68271072"}],"wp:attachment":[{"href":"https:\/\/kraftwerk-shop.cc\/it\/wp-json\/wp\/v2\/media?parent=68271068"}],"wp:term":[{"taxonomy":"product_brand","embeddable":true,"href":"https:\/\/kraftwerk-shop.cc\/it\/wp-json\/wp\/v2\/product_brand?post=68271068"},{"taxonomy":"product_cat","embeddable":true,"href":"https:\/\/kraftwerk-shop.cc\/it\/wp-json\/wp\/v2\/product_cat?post=68271068"},{"taxonomy":"product_tag","embeddable":true,"href":"https:\/\/kraftwerk-shop.cc\/it\/wp-json\/wp\/v2\/product_tag?post=68271068"}],"curies":[{"name":"wp","href":"https:\/\/api.w.org\/{rel}","templated":true}]}}