{"id":68271260,"date":"2022-09-03T15:56:33","date_gmt":"2022-09-03T13:56:33","guid":{"rendered":"https:\/\/kraftwerk-shop.cc\/?post_type=product&#038;p=68271260"},"modified":"2026-02-15T00:46:39","modified_gmt":"2026-02-14T23:46:39","slug":"stainless-works-collettore-di-scarico-jeep-grand-cherokee-trackhawk","status":"publish","type":"product","link":"https:\/\/kraftwerk-shop.cc\/it\/produkt\/stainless-works-faecherkruemmer-high-flow-katalysatoren-jeep-grand-cherokee-trackhawk\/","title":{"rendered":"Stainless Works Collettore da 1 7\/8\u2033 + catalizzatori Jeep Grand Cherokee Trackhawk"},"content":{"rendered":"<h1>Stainless Works 1 7\/8\u2033 collettore e convertitori catalitici per Jeep Grand Cherokee Trackhawk<\/h1>\n<p>&nbsp;<\/p>\n<p>Scateni la potenza del suo Jeep Grand Cherokee Trackhawk con questo kit di collettori longtube di Stainless Works.<br \/>\nCon tubi primari da 1-7\/8 di pollice e un tubo collettore da 3 pollici, questo sistema aumenta la potenza e la coppia del motore della Trackhawk.<br \/>\nPu\u00f2 abbinare questo kit allo scarico di serie o liberare il suo pieno potenziale combinandolo con un sistema di scarico catback Stainless Works per un vero sistema di scarico ad alte prestazioni.<br \/>\nCompresi i convertitori catalitici ad alto flusso per il collegamento al sistema di scarico standard o ai sistemi di scarico da Stainless Works.<br \/>\nIl sistema di collettori viene fornito pronto per l'installazione con tutti i morsetti necessari, le estensioni per le sonde lambda, le viti, ecc.<\/p>\n<p>I kit di collettori Stainless Works sono realizzati in acciaio inox 304 resistente alla corrosione.<br \/>\nI collettori sono saldati a TIG nello stabilimento all'avanguardia di Streetsboro, Ohio, per garantire qualit\u00e0 e durata.<\/p>\n<p>&nbsp;<\/p>\n<p>&nbsp;<\/p>\n<p><strong>Adatto per:<\/strong><\/p>\n<table width=\"776\">\n<tbody>\n<tr>\n<td width=\"178\"><strong>Anno di costruzione<\/strong><\/td>\n<td width=\"226\"><strong>Marchio<\/strong><\/td>\n<td width=\"120\"><strong>Modello<\/strong><\/td>\n<td width=\"172\"><strong>Variante<\/strong><\/td>\n<td width=\"80\"><strong>Motore<\/strong><\/td>\n<\/tr>\n<tr>\n<td width=\"178\">2018 \u2013 2021<\/td>\n<td width=\"226\">Jeep<\/td>\n<td width=\"120\">Grand Cherokee<\/td>\n<td width=\"172\">Trackhawk<\/td>\n<td width=\"80\">V8 6,2 L<\/td>\n<\/tr>\n<\/tbody>\n<\/table>\n<p>&nbsp;<\/p>\n<p><strong>Ambito di fornitura:<\/strong><\/p>\n<ul>\n<li>1 7\/8\u2033 Collettore Longtube<\/li>\n<li>Convertitori catalitici (solo per uso stradale, non per il motorsport)<\/li>\n<li>Materiale per l'installazione<\/li>\n<\/ul>\n<p>&nbsp;<\/p>","protected":false},"excerpt":{"rendered":"<p>Stainless Works 1 7\/8&#8243; F\u00e4cherkr\u00fcmmer und High-Flow Katalysatoren f\u00fcr Jeep Grand Cherokee Trackhawk &nbsp; Entfesseln Sie die Leistung Ihres Jeep<\/p>","protected":false},"featured_media":68271266,"comment_status":"open","ping_status":"closed","template":"","meta":{"_acf_changed":false},"product_brand":[17173],"product_cat":[6633,3024],"product_tag":[252,419,420,2066,101,1035,546,662,543,56,126,586,50,4425,4427,4426,4092,532,529,20273,550,545,583,3055,547,553,96,4079,3026,102,1303],"class_list":{"0":"post-68271260","1":"product","2":"type-product","3":"status-publish","4":"has-post-thumbnail","6":"product_brand-stainless-works","7":"product_cat-trackhawk-abgaskruemmer-katalysatoren","8":"product_cat-nicht-nach-eu","9":"product_tag-252","10":"product_tag-419","11":"product_tag-420","12":"product_tag-2066","13":"product_tag-6-2","14":"product_tag-abgasanlage","15":"product_tag-auspuff","16":"product_tag-edelstahl","17":"product_tag-faecherkruemmer","18":"product_tag-grand-cherokee","19":"product_tag-hemi","20":"product_tag-high-flow","21":"product_tag-jeep","22":"product_tag-jeep-grand-cherokee","23":"product_tag-jeep-grand-cherokee-trackhawk","24":"product_tag-jeep-trackhawk","25":"product_tag-jeep1862hcat","26":"product_tag-kat","27":"product_tag-katalysator","28":"product_tag-keintuev","29":"product_tag-kruemmer","30":"product_tag-longtube","31":"product_tag-metallkat","32":"product_tag-sportabgasanlage","33":"product_tag-sportauspuff","34":"product_tag-sportkatalysator","35":"product_tag-srt","36":"product_tag-stainless","37":"product_tag-stainlessworks","38":"product_tag-trackhawk","39":"product_tag-works","40":"product_shipping_class-speditionsversand-1","42":"first","43":"onbackorder","44":"taxable","45":"shipping-taxable","46":"purchasable","47":"product-type-simple"},"bundled_by":[],"bundle_stock_status":"onbackorder","bundle_stock_quantity":0,"bundle_virtual":false,"bundle_layout":"","bundle_add_to_cart_form_location":"","bundle_editable_in_cart":false,"bundle_sold_individually_context":"","bundle_item_grouping":"","bundle_min_size":"","bundle_max_size":"","bundle_price":[],"bundled_items":[],"bundle_sell_ids":[],"exclude_global_add_ons":[],"addons":[],"acf":[],"_links":{"self":[{"href":"https:\/\/kraftwerk-shop.cc\/it\/wp-json\/wp\/v2\/product\/68271260","targetHints":{"allow":["GET"]}}],"collection":[{"href":"https:\/\/kraftwerk-shop.cc\/it\/wp-json\/wp\/v2\/product"}],"about":[{"href":"https:\/\/kraftwerk-shop.cc\/it\/wp-json\/wp\/v2\/types\/product"}],"replies":[{"embeddable":true,"href":"https:\/\/kraftwerk-shop.cc\/it\/wp-json\/wp\/v2\/comments?post=68271260"}],"version-history":[{"count":0,"href":"https:\/\/kraftwerk-shop.cc\/it\/wp-json\/wp\/v2\/product\/68271260\/revisions"}],"wp:featuredmedia":[{"embeddable":true,"href":"https:\/\/kraftwerk-shop.cc\/it\/wp-json\/wp\/v2\/media\/68271266"}],"wp:attachment":[{"href":"https:\/\/kraftwerk-shop.cc\/it\/wp-json\/wp\/v2\/media?parent=68271260"}],"wp:term":[{"taxonomy":"product_brand","embeddable":true,"href":"https:\/\/kraftwerk-shop.cc\/it\/wp-json\/wp\/v2\/product_brand?post=68271260"},{"taxonomy":"product_cat","embeddable":true,"href":"https:\/\/kraftwerk-shop.cc\/it\/wp-json\/wp\/v2\/product_cat?post=68271260"},{"taxonomy":"product_tag","embeddable":true,"href":"https:\/\/kraftwerk-shop.cc\/it\/wp-json\/wp\/v2\/product_tag?post=68271260"}],"curies":[{"name":"wp","href":"https:\/\/api.w.org\/{rel}","templated":true}]}}