{"id":68271740,"date":"2022-09-17T16:28:11","date_gmt":"2022-09-17T14:28:11","guid":{"rendered":"https:\/\/kraftwerk-shop.cc\/?post_type=product&#038;p=68271740"},"modified":"2026-03-26T10:41:28","modified_gmt":"2026-03-26T09:41:28","slug":"mopar-olio-motore-maxpro-plus-0w-21","status":"publish","type":"product","link":"https:\/\/kraftwerk-shop.cc\/it\/produkt\/mopar-motoroel-maxpro-plus-0w-20\/","title":{"rendered":"Olio motore Mopar MaxPro Plus 0W-20"},"content":{"rendered":"<h1>Olio motore originale Mopar MaxPro Plus 0W-20<\/h1>\n<p>&nbsp;<\/p>\n<p>L'olio motore Mopar MaxPro Plus 0W-20 \u00e8 stato progettato per migliorare l'efficienza del carburante, la pulizia del motore e la compatibilit\u00e0 con l'etanolo per i modelli Chrysler, Dodge, Jeep o RAM.<\/p>\n<p>L'olio motore soddisfa lo standard di prestazione ILSAC GF-6A.<\/p>\n<p>Approvato per lo standard del materiale Chrysler MS-6395.<br \/>\nChrysler raccomanda per i suoi veicoli solo oli certificati API e conformi alla norma MS-6395.<\/p>\n<p>&nbsp;<\/p>\n<p><strong>Numeri di confronto Mopar:<\/strong> 68218950CA, 68218950CB, 68218951AA, 68218951AB, 68218951AC, 68218952CA, 68218956CA, 68152004AA, 68152004BA, 68152004CA, 68523994AA, 68523994BA, 68523994CA, 68524013AA, 68524119AA, 68524119BA, 68524119CA, 68524013AA, 68524013CA<\/p>\n<p>&nbsp;<\/p>\n<p><strong>Quantit\u00e0 di riempimento dell'olio:<\/strong><\/p>\n<table style=\"height: 157px;\" width=\"728\">\n<tbody>\n<tr>\n<td style=\"width: 155.783px;\"><strong>Marchio<\/strong><\/td>\n<td style=\"width: 218.667px;\"><strong>Modello<\/strong><\/td>\n<td style=\"width: 99.1833px;\"><strong>Motore<\/strong><\/td>\n<td style=\"width: 111.017px;\"><strong>Quantit\u00e0 di riempimento<\/strong><\/td>\n<td style=\"width: 107.95px;\"><strong>corrisponde a<\/strong><\/td>\n<\/tr>\n<tr>\n<td style=\"width: 155.783px;\">Jeep<\/td>\n<td style=\"width: 218.667px;\">Gladiator<\/td>\n<td style=\"width: 99.1833px;\">3.6<\/td>\n<td style=\"width: 111.017px;\">5 litri<\/td>\n<td style=\"width: 107.95px;\">4.73 l<\/td>\n<\/tr>\n<tr>\n<td style=\"width: 155.783px;\">Jeep<\/td>\n<td style=\"width: 218.667px;\">Grand Cherokee<\/td>\n<td style=\"width: 99.1833px;\">3.6<\/td>\n<td style=\"width: 111.017px;\">6 litri<\/td>\n<td style=\"width: 107.95px;\">5.6 l<\/td>\n<\/tr>\n<tr>\n<td style=\"width: 155.783px;\">Jeep<\/td>\n<td style=\"width: 218.667px;\">Wrangler<\/td>\n<td style=\"width: 99.1833px;\">3.6<\/td>\n<td style=\"width: 111.017px;\">5 litri<\/td>\n<td style=\"width: 107.95px;\">4.73 l<\/td>\n<\/tr>\n<tr>\n<td style=\"width: 155.783px;\">RAM<\/td>\n<td style=\"width: 218.667px;\">1500<\/td>\n<td style=\"width: 99.1833px;\">3,0 SO<\/td>\n<td style=\"width: 111.017px;\">7,5 litri<\/td>\n<td style=\"width: 107.95px;\">7.1 l<\/td>\n<\/tr>\n<\/tbody>\n<\/table>\n<h4><\/h4>\n<p>&nbsp;<\/p>\n<h4><strong>Perch\u00e9 \u00e8 cos\u00ec importante scegliere l'olio motore giusto?<\/strong><\/h4>\n<p>Fondamentalmente, l'olio fa funzionare il motore. Inoltre, svolge una serie di altre funzioni che contribuiscono a prolungare la vita del veicolo:<\/p>\n<ul>\n<li><strong>Riduzione dell'attrito<\/strong><br \/>\nL'olio motore lubrifica il motore e assicura che tutti i componenti del motore funzionino senza intoppi e che solo poca energia vada persa a causa dell'attrito nel motore. Ci\u00f2 riduce l'usura delle parti del motore e ne prolunga la durata.<\/li>\n<li><strong>Pulizia del motore<\/strong><br \/>\nLe particelle possono accumularsi nel motore durante il normale utilizzo. Quando l'olio motore circola, raccoglie polvere e depositi e li trasmette al filtro dell'olio motore, che li tiene lontani dai componenti del motore.<\/li>\n<li><strong>Protezione dalla ruggine e dalla corrosione<\/strong><br \/>\nLa maggior parte degli oli motore contiene additivi che impediscono la formazione di ruggine e corrosione nel motore. L'ossidazione indebolisce le parti del motore e pu\u00f2 causarne una pi\u00f9 rapida usura. La prevenzione della ruggine contribuisce a far funzionare il motore pi\u00f9 a lungo.<\/li>\n<li><strong>Riduzione del calore<\/strong><br \/>\nIl motore pu\u00f2 surriscaldarsi e, se si surriscalda troppo, pu\u00f2 subire malfunzionamenti. L'olio motore circola in tutto il motore e assicura che il calore venga dissipato nelle parti pi\u00f9 fredde del motore.<\/li>\n<li><strong>Tolleranza alle condizioni atmosferiche<\/strong><br \/>\nAlcuni oli sono ottimizzati per le prestazioni in condizioni climatiche estreme. Garantiscono l'avviamento del motore anche a freddo e limitano la perdita di volume dovuta alla combustione a caldo.<\/li>\n<li><strong>Prestazioni migliorate<\/strong><br \/>\nQuando il motore funziona in modo fluido, richiede meno energia per funzionare e quindi risparmia carburante. La riduzione della resistenza del motore pu\u00f2 anche portare a un migliore trasferimento dell'energia nel motore, garantendo una maggiore potenza per le vostre esigenze.<\/li>\n<\/ul>\n<p>&nbsp;<\/p>","protected":false},"excerpt":{"rendered":"<p>Olio originale approvato da Mopar \/ FCA \/ Stellantis<\/p>","protected":false},"featured_media":68272102,"comment_status":"open","ping_status":"closed","template":"","meta":{"_acf_changed":false},"product_brand":[16270],"product_cat":[1566,19657,1671,1606,1647,3015,1743,2952,19391],"product_tag":[4122,4121,475,89,10815,52,4151,4152,4147,8571,8574,8576,4141,4142,4143,4144,4140,8572,8573,8575,4145,4146,4153,4154,4148,4149,4256,4155,4156,4150,54,53,48,94,49,95,4119,1030,3108,56,15667,50,4425,55,4118,4117,31,8813,9424,16271,16273,16275,16272,16274,404,6994,4120,406,655,34,86,19392,19140],"class_list":{"0":"post-68271740","1":"product","2":"type-product","3":"status-publish","4":"has-post-thumbnail","6":"product_brand-mopar","7":"product_cat-300c-36-wartung","8":"product_cat-pacifica-wartung","9":"product_cat-challenger-36-wartung","10":"product_cat-charger-36-wartung","11":"product_cat-durango-36-wartung","12":"product_cat-gladiator-36-wartung","13":"product_cat-grand-cherokee-36-wartung","14":"product_cat-wrangler-36-wartung","15":"product_cat-1500-30-wartung","16":"product_tag-0w-20","17":"product_tag-0w20","18":"product_tag-475","19":"product_tag-3-0","20":"product_tag-30-tt-hurricane","21":"product_tag-300c","22":"product_tag-68152004aa","23":"product_tag-68152004ba","24":"product_tag-68152004ca","25":"product_tag-68218950aa","26":"product_tag-68218950ab","27":"product_tag-68218950ac","28":"product_tag-68218950ca","29":"product_tag-68218950cb","30":"product_tag-68218951aa","31":"product_tag-68218951ab","32":"product_tag-68218951ac","33":"product_tag-68218951ca","34":"product_tag-68218951cb","35":"product_tag-68218952aa","36":"product_tag-68218952ca","37":"product_tag-68218956ca","38":"product_tag-68523994aa","39":"product_tag-68523994ba","40":"product_tag-68523994ca","41":"product_tag-68524013aa","42":"product_tag-68524013ca","43":"product_tag-68524119aa","44":"product_tag-68524119ba","45":"product_tag-68524119ca","46":"product_tag-challenger","47":"product_tag-charger","48":"product_tag-chrysler","49":"product_tag-commander","50":"product_tag-dodge","51":"product_tag-durango","52":"product_tag-freigabe","53":"product_tag-garantie","54":"product_tag-gewaehrleistung","55":"product_tag-grand-cherokee","56":"product_tag-hurricane","57":"product_tag-jeep","58":"product_tag-jeep-grand-cherokee","59":"product_tag-magnum","60":"product_tag-max-pro","61":"product_tag-maxpro","62":"product_tag-mopar","63":"product_tag-mopar-autoteile","64":"product_tag-mopar-ersatzteile","65":"product_tag-mopar-ersatzteile-kaufen","66":"product_tag-mopar-performance-teile","67":"product_tag-mopar-teile-katalog","68":"product_tag-mopar-teile-online","69":"product_tag-mopar-tuningteile","70":"product_tag-motoroel","71":"product_tag-motoroel5","72":"product_tag-ms-6395","73":"product_tag-oel","74":"product_tag-oelwechsel","75":"product_tag-original","76":"product_tag-ram","77":"product_tag-ran","78":"product_tag-standard-output","80":"first","81":"instock","82":"taxable","83":"shipping-taxable","84":"purchasable","85":"product-type-variable"},"bundled_by":[],"bundle_stock_status":"instock","bundle_stock_quantity":25,"bundle_virtual":false,"bundle_layout":"","bundle_add_to_cart_form_location":"","bundle_editable_in_cart":false,"bundle_sold_individually_context":"","bundle_item_grouping":"","bundle_min_size":"","bundle_max_size":"","bundle_price":[],"bundled_items":[],"bundle_sell_ids":[],"exclude_global_add_ons":[],"addons":[],"acf":[],"_links":{"self":[{"href":"https:\/\/kraftwerk-shop.cc\/it\/wp-json\/wp\/v2\/product\/68271740","targetHints":{"allow":["GET"]}}],"collection":[{"href":"https:\/\/kraftwerk-shop.cc\/it\/wp-json\/wp\/v2\/product"}],"about":[{"href":"https:\/\/kraftwerk-shop.cc\/it\/wp-json\/wp\/v2\/types\/product"}],"replies":[{"embeddable":true,"href":"https:\/\/kraftwerk-shop.cc\/it\/wp-json\/wp\/v2\/comments?post=68271740"}],"version-history":[{"count":0,"href":"https:\/\/kraftwerk-shop.cc\/it\/wp-json\/wp\/v2\/product\/68271740\/revisions"}],"wp:featuredmedia":[{"embeddable":true,"href":"https:\/\/kraftwerk-shop.cc\/it\/wp-json\/wp\/v2\/media\/68272102"}],"wp:attachment":[{"href":"https:\/\/kraftwerk-shop.cc\/it\/wp-json\/wp\/v2\/media?parent=68271740"}],"wp:term":[{"taxonomy":"product_brand","embeddable":true,"href":"https:\/\/kraftwerk-shop.cc\/it\/wp-json\/wp\/v2\/product_brand?post=68271740"},{"taxonomy":"product_cat","embeddable":true,"href":"https:\/\/kraftwerk-shop.cc\/it\/wp-json\/wp\/v2\/product_cat?post=68271740"},{"taxonomy":"product_tag","embeddable":true,"href":"https:\/\/kraftwerk-shop.cc\/it\/wp-json\/wp\/v2\/product_tag?post=68271740"}],"curies":[{"name":"wp","href":"https:\/\/api.w.org\/{rel}","templated":true}]}}