{"id":68271755,"date":"2022-09-18T00:59:58","date_gmt":"2022-09-17T22:59:58","guid":{"rendered":"https:\/\/kraftwerk-shop.cc\/?post_type=product&#038;p=68271755"},"modified":"2026-02-15T01:00:13","modified_gmt":"2026-02-15T00:00:13","slug":"mopar-olio-motore-maxpro-plus-10w-30","status":"publish","type":"product","link":"https:\/\/kraftwerk-shop.cc\/it\/produkt\/mopar-motoroel-maxpro-plus-10w-30\/","title":{"rendered":"Olio motore Mopar MaxPro Plus 10W-30"},"content":{"rendered":"<h1>Olio motore originale Mopar MaxPro Plus 10W-30<\/h1>\n<p>&nbsp;<\/p>\n<p>L'olio motore Mopar MaxPro Plus 10W-30 \u00e8 stato progettato per migliorare l'efficienza del carburante, la pulizia del motore e la compatibilit\u00e0 con l'etanolo per i modelli Chrysler, Dodge, Jeep o RAM.<\/p>\n<p>L'olio motore soddisfa gli standard di prestazione API SN e ILSAC GF-4.<\/p>\n<p>Approvato per lo standard del materiale Chrysler MS-6395.<br \/>\nChrysler raccomanda per i suoi veicoli solo oli certificati API e conformi alla norma MS-6395.<\/p>\n<p>&nbsp;<\/p>\n<p><strong>Numeri di confronto Mopar:<\/strong> 68218930AA, 68218930AB, 68218930AA, 68218930AB, 68218930AC, 68218931AA, 68218931AB, 68218931AC, 4761839MA, 04761839MB, 05166242CA, 5166242CA, 68224345CA, 68218930CA, 68218931CA, 68218932CA, 68524000AA, 68524000CA, 68854005AA, 68854005CA<\/p>\n<p>&nbsp;<\/p>\n<p><strong>Quantit\u00e0 di riempimento dell'olio:<\/strong><\/p>\n<table style=\"border-collapse: collapse; width: 310pt;\" border=\"0\" width=\"415\" cellspacing=\"0\" cellpadding=\"0\">\n<tbody>\n<tr style=\"height: 14.4pt;\">\n<td class=\"xl66\" style=\"height: 14.4pt; width: 62pt;\" width=\"83\" height=\"19\"><strong>Marchio<\/strong><\/td>\n<td class=\"xl66\" style=\"width: 62pt;\" width=\"83\"><strong>Modello<\/strong><\/td>\n<td class=\"xl66\" style=\"width: 62pt;\" width=\"83\"><strong>Motore<\/strong><\/td>\n<td class=\"xl66\" style=\"width: 62pt;\" width=\"83\"><strong>Quantit\u00e0 di riempimento<\/strong><\/td>\n<td class=\"xl66\" style=\"width: 62pt;\" width=\"83\"><strong>corrisponde a<\/strong><\/td>\n<\/tr>\n<tr style=\"height: 14.4pt;\">\n<td class=\"xl65\" style=\"height: 14.4pt;\" height=\"19\">Chrysler<\/td>\n<td class=\"xl65\">300C<\/td>\n<td class=\"xl65\">3.5<\/td>\n<td class=\"xl65\">6 litri<\/td>\n<td class=\"xl65\">5,6 l<\/td>\n<\/tr>\n<tr style=\"height: 14.4pt;\">\n<td class=\"xl65\" style=\"height: 14.4pt;\" height=\"19\">Dodge<\/td>\n<td class=\"xl65\">Challenger<\/td>\n<td class=\"xl65\">3.5<\/td>\n<td class=\"xl65\">6 litri<\/td>\n<td class=\"xl65\">5,6 l<\/td>\n<\/tr>\n<tr style=\"height: 14.4pt;\">\n<td class=\"xl65\" style=\"height: 14.4pt;\" height=\"19\">Dodge<\/td>\n<td class=\"xl65\">Charger<\/td>\n<td class=\"xl65\">3.5<\/td>\n<td class=\"xl65\">6 litri<\/td>\n<td class=\"xl65\">5,6 l<\/td>\n<\/tr>\n<tr style=\"height: 14.4pt;\">\n<td class=\"xl65\" style=\"height: 14.4pt;\" height=\"19\">Dodge<\/td>\n<td class=\"xl65\">Magnum<\/td>\n<td class=\"xl65\">3.5<\/td>\n<td class=\"xl65\">6 litri<\/td>\n<td class=\"xl65\">5,6 l<\/td>\n<\/tr>\n<\/tbody>\n<\/table>\n<h4><\/h4>\n<p>&nbsp;<\/p>\n<h4><strong>Perch\u00e9 \u00e8 cos\u00ec importante scegliere l'olio motore giusto?<\/strong><\/h4>\n<p>Fondamentalmente, l'olio fa funzionare il motore. Inoltre, svolge una serie di altre funzioni che contribuiscono a prolungare la vita del veicolo:<\/p>\n<ul>\n<li><strong>Riduzione dell'attrito<\/strong><br \/>\nL'olio motore lubrifica il motore e assicura che tutti i componenti del motore funzionino senza intoppi e che solo poca energia vada persa a causa dell'attrito nel motore. Ci\u00f2 riduce l'usura delle parti del motore e ne prolunga la durata.<\/li>\n<li><strong>Pulizia del motore<\/strong><br \/>\nLe particelle possono accumularsi nel motore durante il normale utilizzo. Quando l'olio motore circola, raccoglie polvere e depositi e li trasmette al filtro dell'olio motore, che li tiene lontani dai componenti del motore.<\/li>\n<li><strong>Protezione dalla ruggine e dalla corrosione<\/strong><br \/>\nLa maggior parte degli oli motore contiene additivi che impediscono la formazione di ruggine e corrosione nel motore. L'ossidazione indebolisce le parti del motore e pu\u00f2 causarne una pi\u00f9 rapida usura. La prevenzione della ruggine contribuisce a far funzionare il motore pi\u00f9 a lungo.<\/li>\n<li><strong>Riduzione del calore<\/strong><br \/>\nIl motore pu\u00f2 surriscaldarsi e, se si surriscalda troppo, pu\u00f2 subire malfunzionamenti. L'olio motore circola in tutto il motore e assicura che il calore venga dissipato nelle parti pi\u00f9 fredde del motore.<\/li>\n<li><strong>Tolleranza alle condizioni atmosferiche<\/strong><br \/>\nAlcuni oli sono ottimizzati per le prestazioni in condizioni climatiche estreme. Garantiscono l'avviamento del motore anche a freddo e limitano la perdita di volume dovuta alla combustione a caldo.<\/li>\n<li><strong>Prestazioni migliorate<\/strong><br \/>\nQuando il motore funziona in modo fluido, richiede meno energia per funzionare e quindi risparmia carburante. La riduzione della resistenza del motore pu\u00f2 anche portare a un migliore trasferimento dell'energia nel motore, garantendo una maggiore potenza per le vostre esigenze.<\/li>\n<\/ul>\n<p>&nbsp;<\/p>","protected":false},"excerpt":{"rendered":"<p>Olio originale approvato da Mopar \/ FCA \/ Stellantis<\/p>","protected":false},"featured_media":68272469,"comment_status":"open","ping_status":"closed","template":"","meta":{"_acf_changed":false},"product_brand":[16270],"product_cat":[1558,2575,1598,1711],"product_tag":[4188,4189,4180,4179,88,52,4187,4190,4181,4182,4183,4192,4184,4185,4186,4193,4194,4191,4277,4278,4279,4280,4195,54,53,48,536,49,3853,3854,4119,1030,3108,4196,55,4118,4117,31,8813,9424,16271,16273,16275,16272,16274,404,6994,4120,406,655,34,86],"class_list":{"0":"post-68271755","1":"product","2":"type-product","3":"status-publish","4":"has-post-thumbnail","6":"product_brand-mopar","7":"product_cat-300c-35-wartung","8":"product_cat-challenger-35-wartung","9":"product_cat-charger-35-wartung","10":"product_cat-magnum-35-wartung","11":"product_tag-04761839mb","12":"product_tag-05166242ca","13":"product_tag-10w-30","14":"product_tag-10w30","15":"product_tag-3-5","16":"product_tag-300c","17":"product_tag-4761839ma","18":"product_tag-5166242ca","19":"product_tag-68218930aa","20":"product_tag-68218930ab","21":"product_tag-68218930ac","22":"product_tag-68218930ca","23":"product_tag-68218931aa","24":"product_tag-68218931ab","25":"product_tag-68218931ac","26":"product_tag-68218931ca","27":"product_tag-68218932ca","28":"product_tag-68224345ca","29":"product_tag-68524000aa","30":"product_tag-68524000ca","31":"product_tag-68854005aa","32":"product_tag-68854005ca","33":"product_tag-api-sn","34":"product_tag-challenger","35":"product_tag-charger","36":"product_tag-chrysler","37":"product_tag-chrysler-300c","38":"product_tag-dodge","39":"product_tag-dodge-challenger","40":"product_tag-dodge-charger","41":"product_tag-freigabe","42":"product_tag-garantie","43":"product_tag-gewaehrleistung","44":"product_tag-ilsac-gf-4","45":"product_tag-magnum","46":"product_tag-max-pro","47":"product_tag-maxpro","48":"product_tag-mopar","49":"product_tag-mopar-autoteile","50":"product_tag-mopar-ersatzteile","51":"product_tag-mopar-ersatzteile-kaufen","52":"product_tag-mopar-performance-teile","53":"product_tag-mopar-teile-katalog","54":"product_tag-mopar-teile-online","55":"product_tag-mopar-tuningteile","56":"product_tag-motoroel","57":"product_tag-motoroel5","58":"product_tag-ms-6395","59":"product_tag-oel","60":"product_tag-oelwechsel","61":"product_tag-original","62":"product_tag-ram","64":"first","65":"instock","66":"taxable","67":"shipping-taxable","68":"purchasable","69":"product-type-variable"},"bundled_by":[],"bundle_stock_status":"instock","bundle_stock_quantity":36,"bundle_virtual":false,"bundle_layout":"","bundle_add_to_cart_form_location":"","bundle_editable_in_cart":false,"bundle_sold_individually_context":"","bundle_item_grouping":"","bundle_min_size":"","bundle_max_size":"","bundle_price":[],"bundled_items":[],"bundle_sell_ids":[],"exclude_global_add_ons":[],"addons":[],"acf":[],"_links":{"self":[{"href":"https:\/\/kraftwerk-shop.cc\/it\/wp-json\/wp\/v2\/product\/68271755","targetHints":{"allow":["GET"]}}],"collection":[{"href":"https:\/\/kraftwerk-shop.cc\/it\/wp-json\/wp\/v2\/product"}],"about":[{"href":"https:\/\/kraftwerk-shop.cc\/it\/wp-json\/wp\/v2\/types\/product"}],"replies":[{"embeddable":true,"href":"https:\/\/kraftwerk-shop.cc\/it\/wp-json\/wp\/v2\/comments?post=68271755"}],"version-history":[{"count":0,"href":"https:\/\/kraftwerk-shop.cc\/it\/wp-json\/wp\/v2\/product\/68271755\/revisions"}],"wp:featuredmedia":[{"embeddable":true,"href":"https:\/\/kraftwerk-shop.cc\/it\/wp-json\/wp\/v2\/media\/68272469"}],"wp:attachment":[{"href":"https:\/\/kraftwerk-shop.cc\/it\/wp-json\/wp\/v2\/media?parent=68271755"}],"wp:term":[{"taxonomy":"product_brand","embeddable":true,"href":"https:\/\/kraftwerk-shop.cc\/it\/wp-json\/wp\/v2\/product_brand?post=68271755"},{"taxonomy":"product_cat","embeddable":true,"href":"https:\/\/kraftwerk-shop.cc\/it\/wp-json\/wp\/v2\/product_cat?post=68271755"},{"taxonomy":"product_tag","embeddable":true,"href":"https:\/\/kraftwerk-shop.cc\/it\/wp-json\/wp\/v2\/product_tag?post=68271755"}],"curies":[{"name":"wp","href":"https:\/\/api.w.org\/{rel}","templated":true}]}}