{"id":68271960,"date":"2022-09-24T22:24:27","date_gmt":"2022-09-24T20:24:27","guid":{"rendered":"https:\/\/kraftwerk-shop.cc\/?post_type=product&#038;p=68271960"},"modified":"2026-03-30T02:24:05","modified_gmt":"2026-03-30T00:24:05","slug":"dynamic-air-scoop-54-72006-s-ram-ecodiesel","status":"publish","type":"product","link":"https:\/\/kraftwerk-shop.cc\/it\/produkt\/dynamic-air-scoop-54-72006-s-ram-ecodiesel\/","title":{"rendered":"Pala d'aria dinamica RAM 3.0 EcoDiesel"},"content":{"rendered":"<h1>aFe POWER 54-72006-S Deflettore aria dinamico per RAM 3.0 EcoDiesel<\/h1>\n<p>&nbsp;<\/p>\n<p>Il Dynamic Air Scoop (D.A.S.) di aFe \u00e8 una presa d'aria molto facile da installare che aumenta il flusso d'aria e la velocit\u00e0 del sistema di aspirazione Momentum HD attraverso l'area della griglia anteriore. Questa presa d'aria \u00e8 realizzata in plastica di polietilene reticolato di alta qualit\u00e0 ed \u00e8 costruita in materiale resistente al calore per una maggiore resistenza e uno stile unico. Questa presa d'aria \u00e8 un aggiornamento perfetto per il sistema di aspirazione dell'aria fredda Momentum HD P\/N: <a href=\"https:\/\/kraftwerk-shop.cc\/it\/prodotto\/afe-momentum-hd-cold-air-intake-sportluftfilter-ram-3-0-ecodiesel-ds\/\" target=\"_blank\" rel=\"noopener\">54-72006<\/a>.<\/p>\n<p>Riduzione della temperatura dell'aria di aspirazione:<br \/>\nGli Air Scoop dinamici riducono la temperatura dell'aria di aspirazione convogliando una maggiore quantit\u00e0 di aria fredda dall'area della griglia del radiatore anteriore al sistema di aspirazione.<\/p>\n<p>Struttura resistente in LLDPE:<br \/>\nQuesto D.A.S. \u00e8 realizzato in polietilene lineare a bassa densit\u00e0 (LLDPE) di alta qualit\u00e0, resistente agli urti, estremamente durevole e riciclabile al 100 %.<\/p>\n<p>Installazione senza problemi:<br \/>\nTutti i materiali di fissaggio sono inclusi nella fornitura e consentono un'installazione semplice e senza problemi.<\/p>\n<p>Nota: richiede piccole modifiche al rivestimento in plastica originale.<\/p>\n<p>&nbsp;<\/p>\n<p><strong>Adatto per:<\/strong><\/p>\n<table width=\"637\">\n<tbody>\n<tr>\n<td width=\"115\"><strong>Marchio<\/strong><\/td>\n<td width=\"145\"><strong>Modello<\/strong><\/td>\n<td width=\"214\"><strong>Motore<\/strong><\/td>\n<td width=\"163\"><strong>Anno di costruzione<\/strong><\/td>\n<\/tr>\n<tr>\n<td>RAM<\/td>\n<td>1500<\/td>\n<td>3.0 EcoDiesel<\/td>\n<td>2014 \u2013 2018<\/td>\n<\/tr>\n<tr>\n<td>RAM<\/td>\n<td>1500 Classic<\/td>\n<td>3.0 EcoDiesel<\/td>\n<td>2019<\/td>\n<\/tr>\n<\/tbody>\n<\/table>\n<p>Adatto solo in combinazione con aFe POWER <a href=\"https:\/\/kraftwerk-shop.cc\/it\/prodotto\/afe-momentum-hd-cold-air-intake-sportluftfilter-ram-3-0-ecodiesel-ds\/\" target=\"_blank\" rel=\"noopener\">54-72006<\/a> Sistema di aspirazione dell'aria fredda Momentum HD Pro 5R!<\/p>","protected":false},"excerpt":{"rendered":"<p>2014 - 2018 &amp; Classico 2019<\/p>","protected":false},"featured_media":68271965,"comment_status":"open","ping_status":"closed","template":"","meta":{"_acf_changed":false},"product_brand":[16879],"product_cat":[4234],"product_tag":[89,4246,16880,498,2441,826,824,2219,825,4247,49,477,4248,504,126,57,822,828,86,500],"class_list":{"0":"post-68271960","1":"product","2":"type-product","3":"status-publish","4":"has-post-thumbnail","6":"product_brand-afe-power","7":"product_cat-1500-ecodiesel-ansaugung","8":"product_tag-3-0","9":"product_tag-54-72006-s","10":"product_tag-advanced-flow-engineering","11":"product_tag-afe","12":"product_tag-afe-power","13":"product_tag-ansaugung","14":"product_tag-cai","15":"product_tag-classic","16":"product_tag-cold-air-intake","17":"product_tag-das","18":"product_tag-dodge","19":"product_tag-ds","20":"product_tag-dynamic-air-scoop","21":"product_tag-ecodiesel","22":"product_tag-hemi","23":"product_tag-luftfilter","24":"product_tag-momentum","25":"product_tag-pickup","26":"product_tag-ram","27":"product_tag-sportluftfilter","28":"product_shipping_class-deutschlandohne","30":"first","31":"onbackorder","32":"taxable","33":"shipping-taxable","34":"purchasable","35":"product-type-simple"},"bundled_by":[],"bundle_stock_status":"onbackorder","bundle_stock_quantity":0,"bundle_virtual":false,"bundle_layout":"","bundle_add_to_cart_form_location":"","bundle_editable_in_cart":false,"bundle_sold_individually_context":"","bundle_item_grouping":"","bundle_min_size":"","bundle_max_size":"","bundle_price":[],"bundled_items":[],"bundle_sell_ids":[],"exclude_global_add_ons":[],"addons":[],"acf":[],"_links":{"self":[{"href":"https:\/\/kraftwerk-shop.cc\/it\/wp-json\/wp\/v2\/product\/68271960","targetHints":{"allow":["GET"]}}],"collection":[{"href":"https:\/\/kraftwerk-shop.cc\/it\/wp-json\/wp\/v2\/product"}],"about":[{"href":"https:\/\/kraftwerk-shop.cc\/it\/wp-json\/wp\/v2\/types\/product"}],"replies":[{"embeddable":true,"href":"https:\/\/kraftwerk-shop.cc\/it\/wp-json\/wp\/v2\/comments?post=68271960"}],"version-history":[{"count":0,"href":"https:\/\/kraftwerk-shop.cc\/it\/wp-json\/wp\/v2\/product\/68271960\/revisions"}],"wp:featuredmedia":[{"embeddable":true,"href":"https:\/\/kraftwerk-shop.cc\/it\/wp-json\/wp\/v2\/media\/68271965"}],"wp:attachment":[{"href":"https:\/\/kraftwerk-shop.cc\/it\/wp-json\/wp\/v2\/media?parent=68271960"}],"wp:term":[{"taxonomy":"product_brand","embeddable":true,"href":"https:\/\/kraftwerk-shop.cc\/it\/wp-json\/wp\/v2\/product_brand?post=68271960"},{"taxonomy":"product_cat","embeddable":true,"href":"https:\/\/kraftwerk-shop.cc\/it\/wp-json\/wp\/v2\/product_cat?post=68271960"},{"taxonomy":"product_tag","embeddable":true,"href":"https:\/\/kraftwerk-shop.cc\/it\/wp-json\/wp\/v2\/product_tag?post=68271960"}],"curies":[{"name":"wp","href":"https:\/\/api.w.org\/{rel}","templated":true}]}}