{"id":68272359,"date":"2022-10-07T13:19:46","date_gmt":"2022-10-07T11:19:46","guid":{"rendered":"https:\/\/kraftwerk-shop.cc\/?post_type=product&#038;p=68272359"},"modified":"2026-02-15T00:43:55","modified_gmt":"2026-02-14T23:43:55","slug":"borla-touring-1014046bc-ford-mustang","status":"publish","type":"product","link":"https:\/\/kraftwerk-shop.cc\/it\/produkt\/borla-touring-1014046bc-ford-mustang\/","title":{"rendered":"Sistema di scarico BORLA Touring per Ford Mustang GT 5.0"},"content":{"rendered":"<h1>Sistema di scarico ad alte prestazioni BORLA Touring per Ford Mustang GT 5.0 modello 2018 - 2020<\/h1>\n<p>&nbsp;<\/p>\n<p>Il suono profondo e gutturale \u00e8 appena pi\u00f9 forte di quello standard ed enfatizza il carattere del motore senza il fastidioso ronzio che si verifica con molti sistemi aftermarket. \u00c8 ideale per l'uso quotidiano e anche i passeggeri pi\u00f9 sensibili apprezzeranno il suono.<\/p>\n<p><strong>Sviluppata appositamente per i motociclisti esigenti che percorrono lunghe distanze, la Touring \u00e8 la pi\u00f9 silenziosa delle tre varianti audio Borla.<\/strong><\/p>\n<p>Durante lo sviluppo di questo sistema di scarico, la progettazione gas-dinamica e aerodinamica \u00e8 stata la prima priorit\u00e0, seguita dall'ingegneria del suono.<br \/>\nQuesto approccio elaborato, raramente praticato nel settore, significa che la potenza e la coppia non vengono sacrificate per il suono, ma sono armonizzate tra loro.<\/p>\n<p>Questo \u00e8 il risultato speciale di Borla. Non \u00e8 sempre riconoscibile a prima vista - ma \u00e8 questo che fa la grande differenza tra la mediocrit\u00e0 e la genialit\u00e0 tecnica.<\/p>\n<p>Con molti altri sistemi di scarico, i costi di sviluppo vengono mantenuti bassi e si presta attenzione solo al suono. Di conseguenza, questi sistemi hanno spesso un buon suono, ma comportano una perdita di potenza e quindi non meritano di essere chiamati \"scarichi sportivi\".<\/p>\n<p>Dovrebbe esserne consapevole. Con questa conoscenza, potr\u00e0 prendere una decisione informata a favore o contro un particolare sistema di scarico sportivo.<\/p>\n<p>I sistemi di scarico sportivi Borla sono realizzati in acciaio inossidabile ad alta lega della serie T304, secondo lo standard americano AISI.<\/p>\n<p>Questo sistema di scarico Borla \u00e8 un sistema omologato EC\/ECE, conforme alle normative EU\/ECE per i veicoli a motore, i sistemi e i componenti dei veicoli.<\/p>\n<p>Il sistema di scarico Cat-Back Borla 1014046BC \u00e8 adatto ai seguenti modelli:<\/p>\n<table width=\"449\">\n<tbody>\n<tr>\n<td width=\"115\"><strong>Marchio<\/strong><\/td>\n<td width=\"145\"><strong>Modello<\/strong><\/td>\n<td width=\"106\">Motore<\/td>\n<td width=\"83\"><strong>Anno di costruzione<\/strong><\/td>\n<\/tr>\n<tr>\n<td>Ford<\/td>\n<td>Mustang<\/td>\n<td>GT 5.0 (non per cabrio)<\/td>\n<td>2018 \u2013 2020<\/td>\n<\/tr>\n<\/tbody>\n<\/table>","protected":false},"excerpt":{"rendered":"<p>2018 \u2013 2020<\/p>","protected":false},"featured_media":68272371,"comment_status":"open","ping_status":"closed","template":"","meta":{"_acf_changed":false},"product_brand":[17170],"product_cat":[3024,4033],"product_tag":[4275,252,419,420,4024,4023,4030,1035,1036,546,1037,1032,2443,1047,2210,662,1039,1042,2786,917,784,3962,4029,2934,532,529,20273,2211,1044,3872,1181,1045,1041,547,1034,1038,1057],"class_list":{"0":"post-68272359","1":"product","2":"type-product","3":"status-publish","4":"has-post-thumbnail","6":"product_brand-borla","7":"product_cat-nicht-nach-eu","8":"product_cat-mustang-50-gt-abgasanlage","9":"product_tag-1014046bc","10":"product_tag-252","11":"product_tag-419","12":"product_tag-420","13":"product_tag-3zoll","14":"product_tag-4023","15":"product_tag-5-0","16":"product_tag-abgasanlage","17":"product_tag-abgassystem","18":"product_tag-auspuff","19":"product_tag-auspuffsystem","20":"product_tag-borla","21":"product_tag-borla-exhaust","22":"product_tag-cat-back","23":"product_tag-catback","24":"product_tag-edelstahl","25":"product_tag-endschalldaempfer","26":"product_tag-endtopf","27":"product_tag-exhaust","28":"product_tag-ford","29":"product_tag-gt","30":"product_tag-gt-5-0","31":"product_tag-gt5-0","32":"product_tag-harder","33":"product_tag-kat","34":"product_tag-katalysator","35":"product_tag-keintuev","36":"product_tag-klang","37":"product_tag-mittelschalldaempfer","38":"product_tag-mustang","39":"product_tag-race","40":"product_tag-sound","41":"product_tag-sport","42":"product_tag-sportauspuff","43":"product_tag-sportauspuffanlage","44":"product_tag-sportendschalldaempfer","45":"product_tag-touring","46":"product_shipping_class-spedition-1","48":"first","49":"onbackorder","50":"taxable","51":"shipping-taxable","52":"purchasable","53":"product-type-simple"},"bundled_by":[],"bundle_stock_status":"onbackorder","bundle_stock_quantity":0,"bundle_virtual":false,"bundle_layout":"","bundle_add_to_cart_form_location":"","bundle_editable_in_cart":false,"bundle_sold_individually_context":"","bundle_item_grouping":"","bundle_min_size":"","bundle_max_size":"","bundle_price":[],"bundled_items":[],"bundle_sell_ids":[],"exclude_global_add_ons":[],"addons":[],"acf":[],"_links":{"self":[{"href":"https:\/\/kraftwerk-shop.cc\/it\/wp-json\/wp\/v2\/product\/68272359","targetHints":{"allow":["GET"]}}],"collection":[{"href":"https:\/\/kraftwerk-shop.cc\/it\/wp-json\/wp\/v2\/product"}],"about":[{"href":"https:\/\/kraftwerk-shop.cc\/it\/wp-json\/wp\/v2\/types\/product"}],"replies":[{"embeddable":true,"href":"https:\/\/kraftwerk-shop.cc\/it\/wp-json\/wp\/v2\/comments?post=68272359"}],"version-history":[{"count":0,"href":"https:\/\/kraftwerk-shop.cc\/it\/wp-json\/wp\/v2\/product\/68272359\/revisions"}],"wp:featuredmedia":[{"embeddable":true,"href":"https:\/\/kraftwerk-shop.cc\/it\/wp-json\/wp\/v2\/media\/68272371"}],"wp:attachment":[{"href":"https:\/\/kraftwerk-shop.cc\/it\/wp-json\/wp\/v2\/media?parent=68272359"}],"wp:term":[{"taxonomy":"product_brand","embeddable":true,"href":"https:\/\/kraftwerk-shop.cc\/it\/wp-json\/wp\/v2\/product_brand?post=68272359"},{"taxonomy":"product_cat","embeddable":true,"href":"https:\/\/kraftwerk-shop.cc\/it\/wp-json\/wp\/v2\/product_cat?post=68272359"},{"taxonomy":"product_tag","embeddable":true,"href":"https:\/\/kraftwerk-shop.cc\/it\/wp-json\/wp\/v2\/product_tag?post=68272359"}],"curies":[{"name":"wp","href":"https:\/\/api.w.org\/{rel}","templated":true}]}}