{"id":68272596,"date":"2022-10-21T12:12:43","date_gmt":"2022-10-21T10:12:43","guid":{"rendered":"https:\/\/kraftwerk-performance.de\/?post_type=product&#038;p=68272596"},"modified":"2026-03-03T11:45:16","modified_gmt":"2026-03-03T10:45:16","slug":"meccanismo-di-sblocco-originale-mopar-park-pinky-68088259ab","status":"publish","type":"product","link":"https:\/\/kraftwerk-shop.cc\/it\/produkt\/original-mopar-park-entriegelungs-mechanismus-pinky-68088259ab\/","title":{"rendered":"Meccanismo di sblocco del parcheggio originale Mopar \/ Pinky"},"content":{"rendered":"<h1>Meccanismo di sblocco originale Mopar<\/h1>\n<p>&nbsp;<\/p>\n<p>La release di parcheggio \u00e8 disponibile anche con il nome di \"<strong>Mignolo<\/strong>\" e \"<strong>Sottile rosa<\/strong>\", poich\u00e9 la parte originale era rosa.<\/p>\n<p>Se non \u00e8 pi\u00f9 possibile spostare la leva del cambio automatico dalla posizione \"P\" o non \u00e8 pi\u00f9 possibile selezionare le marce, spesso si \u00e8 rotta una parte in plastica del modulo del cambio. Di solito l'officina sostituisce l'intero modulo del cambio.<\/p>\n<p>L'esperienza ha dimostrato che questo difetto si verifica pi\u00f9 frequentemente quando fa di nuovo molto caldo per la prima volta dopo l'inverno o quando il veicolo \u00e8 stato esposto alla luce solare estrema.<\/p>\n<p>Questo ricambio risolve il problema.<\/p>\n<p>&nbsp;<\/p>\n<p><strong>Numero di parte Mopar:<\/strong> 68088259AB<br \/>\n<strong>Sostituito:<\/strong> 68088259AA<\/p>\n<h2 class=\"list-value\"><\/h2>\n<p><strong>Adatto per:<\/strong><\/p>\n<table width=\"548\">\n<tbody>\n<tr>\n<td width=\"154\">Chrysler<\/td>\n<td width=\"114\">300C<\/td>\n<td width=\"166\">3.0 CRD, 3.5, 5.7, 6.1<\/td>\n<td width=\"114\">2005 \u2013 2007<\/td>\n<\/tr>\n<tr>\n<td>Chrysler<\/td>\n<td>Pacifica<\/td>\n<td>3.5, 3.8<\/td>\n<td>2005 \u2013 2007<\/td>\n<\/tr>\n<tr>\n<td>Dodge<\/td>\n<td>Charger<\/td>\n<td>3.5, 5.7, 6.1<\/td>\n<td>2005 \u2013 2007<\/td>\n<\/tr>\n<tr>\n<td>Dodge<\/td>\n<td>Magnum<\/td>\n<td>3.5, 5.7, 6.1<\/td>\n<td>2005 \u2013 2007<\/td>\n<\/tr>\n<\/tbody>\n<\/table>\n<p>nonch\u00e9 diversi modelli Mercedes con trasmissione NAG1 \/ W5A580.<\/p>\n<p>La fornitura comprende una nuova molla e le istruzioni di montaggio (in inglese).<\/p>\n<p>&nbsp;<\/p>","protected":false},"excerpt":{"rendered":"<p>Parte originale Mopar<\/p>","protected":false},"featured_media":68272607,"comment_status":"open","ping_status":"closed","template":"","meta":{"_acf_changed":false},"product_brand":[16270],"product_cat":[1549,1557,1573,1581,1422,1597,1613,1621,1637,1710,1718,1726],"product_tag":[52,144,18280,147,130,131,139,138,53,536,49,3854,135,136,134,132,133,55,137,7221,143,127,2382,2383,142,141,140,129,128,146,145],"class_list":{"0":"post-68272596","1":"product","2":"type-product","3":"status-publish","4":"has-post-thumbnail","6":"product_brand-mopar","7":"product_cat-300c-30-diesel-getriebe","8":"product_cat-300c-35-getriebe","9":"product_cat-300c-57-2005-2010-getriebe","10":"product_cat-300c-61-getriebe","11":"product_cat-pacifica-getriebe","12":"product_cat-charger-35-getriebe","13":"product_cat-charger-57-getriebe","14":"product_cat-charger-61-getriebe","15":"product_cat-charger-64-getriebe","16":"product_cat-magnum-35-getriebe","17":"product_cat-magnum-57-getriebe","18":"product_cat-magnum-61-getriebe","19":"product_tag-300c","20":"product_tag-5-gang","21":"product_tag-68088259aa","22":"product_tag-68088259ab","23":"product_tag-automatik","24":"product_tag-automatikhebel","25":"product_tag-blockieren","26":"product_tag-blockiert","27":"product_tag-charger","28":"product_tag-chrysler-300c","29":"product_tag-dodge","30":"product_tag-dodge-charger","31":"product_tag-entriegeln","32":"product_tag-entriegelung","33":"product_tag-gebrochen","34":"product_tag-haengt","35":"product_tag-klemmt","36":"product_tag-magnum","37":"product_tag-mechanismus","38":"product_tag-mopar10","39":"product_tag-nag1","40":"product_tag-pacifica","41":"product_tag-parkhebel","42":"product_tag-parkstellung","43":"product_tag-pink-thingy","44":"product_tag-pinky","45":"product_tag-plastikteil","46":"product_tag-schalthebel","47":"product_tag-schaltung","48":"product_tag-w5a580","49":"product_tag-wa580","51":"first","52":"instock","53":"taxable","54":"shipping-taxable","55":"purchasable","56":"product-type-simple"},"bundled_by":[],"bundle_stock_status":"instock","bundle_stock_quantity":5,"bundle_virtual":false,"bundle_layout":"","bundle_add_to_cart_form_location":"","bundle_editable_in_cart":false,"bundle_sold_individually_context":"","bundle_item_grouping":"","bundle_min_size":"","bundle_max_size":"","bundle_price":[],"bundled_items":[],"bundle_sell_ids":[],"exclude_global_add_ons":[],"addons":[],"acf":[],"_links":{"self":[{"href":"https:\/\/kraftwerk-shop.cc\/it\/wp-json\/wp\/v2\/product\/68272596","targetHints":{"allow":["GET"]}}],"collection":[{"href":"https:\/\/kraftwerk-shop.cc\/it\/wp-json\/wp\/v2\/product"}],"about":[{"href":"https:\/\/kraftwerk-shop.cc\/it\/wp-json\/wp\/v2\/types\/product"}],"replies":[{"embeddable":true,"href":"https:\/\/kraftwerk-shop.cc\/it\/wp-json\/wp\/v2\/comments?post=68272596"}],"version-history":[{"count":0,"href":"https:\/\/kraftwerk-shop.cc\/it\/wp-json\/wp\/v2\/product\/68272596\/revisions"}],"wp:featuredmedia":[{"embeddable":true,"href":"https:\/\/kraftwerk-shop.cc\/it\/wp-json\/wp\/v2\/media\/68272607"}],"wp:attachment":[{"href":"https:\/\/kraftwerk-shop.cc\/it\/wp-json\/wp\/v2\/media?parent=68272596"}],"wp:term":[{"taxonomy":"product_brand","embeddable":true,"href":"https:\/\/kraftwerk-shop.cc\/it\/wp-json\/wp\/v2\/product_brand?post=68272596"},{"taxonomy":"product_cat","embeddable":true,"href":"https:\/\/kraftwerk-shop.cc\/it\/wp-json\/wp\/v2\/product_cat?post=68272596"},{"taxonomy":"product_tag","embeddable":true,"href":"https:\/\/kraftwerk-shop.cc\/it\/wp-json\/wp\/v2\/product_tag?post=68272596"}],"curies":[{"name":"wp","href":"https:\/\/api.w.org\/{rel}","templated":true}]}}