{"id":68272836,"date":"2022-10-30T13:20:46","date_gmt":"2022-10-30T12:20:46","guid":{"rendered":"https:\/\/kraftwerk-shop.cc\/?post_type=product&#038;p=68272836"},"modified":"2026-02-24T16:24:24","modified_gmt":"2026-02-24T15:24:24","slug":"afe-54-74201_momentum-presa-daria-fredda-filtro-aria-sportiva-chevrolet-corvette-c7","status":"publish","type":"product","link":"https:\/\/kraftwerk-shop.cc\/it\/produkt\/afe-54-74201_momentum-cold-air-intake-sportluftfilter-chevrolet-corvette-c7\/","title":{"rendered":"Presa d'aria fredda aFe Momentum GT \/ Filtro aria sportivo Corvette C7"},"content":{"rendered":"<h1>aFe POWER 54-74201 Sistema di aspirazione dell'aria fredda Momentum GT Pro 5R per Chevrolet Corvette C7<\/h1>\n<p>&nbsp;<\/p>\n<p><strong>Alloggiamento unico<\/strong><br \/>\nL'alloggiamento progettato al CAD in materiale resistente al calore garantisce una temperatura di aspirazione minima.<br \/>\nL'alloggiamento, stampato a rotazione, \u00e8 realizzato in polietilene reticolato nero.<\/p>\n<p><strong>Collettore di aspirazione<\/strong><br \/>\nQuesto sistema utilizza un collettore di aspirazione progettato al CAD, sviluppato sul banco di prova e prodotto con un processo rotativo, per garantire il massimo incremento delle prestazioni con un accoppiamento perfetto.<\/p>\n<p><strong>Grande filtro dell'aria a 5 strati ad alte prestazioni<\/strong><br \/>\nIl sistema di aspirazione Momentum GT \u00e8 stato progettato attorno al filtro dell'aria pi\u00f9 grande possibile per massimizzare il filtraggio e le prestazioni.<br \/>\nIl filtro dell'aria Pro 5R Performance \u00e8 costituito da 5 strati di materiale filtrante in cotone a maglie progressivamente pi\u00f9 strette, che viene bagnato con uno speciale olio filtrante e pu\u00f2 essere lavato.<\/p>\n<p><strong>Materiale di installazione di alta qualit\u00e0<\/strong><br \/>\nI morsetti a vite senza fine in acciaio inox e il tubo flessibile in silicone rinforzato garantiscono stabilit\u00e0 e durata, oltre a un'installazione facile e sicura. I sistemi di aspirazione Momentum sono progettati con il minor numero possibile di componenti singoli per garantire un'installazione rapida e semplice.<\/p>\n<p>&nbsp;<\/p>\n<p><strong>dettagli<\/strong><\/p>\n<p>- + 18 PS, + 30 NM aumento di potenza massima<br \/>\n- 28% maggiore flusso rispetto al filtro dell'aria standard<br \/>\n- Collettore di aspirazione sviluppato al CAD<br \/>\n- Alloggiamento in un unico pezzo chiuso nella parte superiore con finestra di visualizzazione incorporata<br \/>\n- Filtro aria Pro 10R pre-oliato, lavabile e riutilizzabile per le massime prestazioni<br \/>\n- Design unico dell'alloggiamento del filtro<br \/>\n- Montaggio perfetto, non \u00e8 necessario forare o tagliare le parti originali.<\/p>\n<p>Il sistema di aspirazione aFe POWER Momentum per il modello 2014-2019 Chevrolet Corvette (C7) con motore V8-6.2L produce +18 cavalli, +30 Nm di coppia e supera il flusso d'aria di serie di 28%.<br \/>\nQuesto sistema \u00e8 superiore sotto ogni punto di vista, dall'alloggiamento sigillato in un unico pezzo e dal filtro dell'aria solido al tubo rotostampato con camera di risonanza integrata e al materiale di montaggio di alta qualit\u00e0.<br \/>\nQuesto sistema utilizza un collettore di aspirazione e un alloggiamento rotostampati, progettati al CAD e messi a punto al tino, per massimizzare i guadagni in termini di prestazioni e garantire un adattamento perfetto.<br \/>\nNon \u00e8 necessario forare o tagliare le parti originali.<\/p>\n<p>&nbsp;<\/p>\n<p><strong>Adatto per:<\/strong><\/p>\n<table width=\"776\">\n<tbody>\n<tr>\n<td width=\"178\"><strong>Anno di costruzione<\/strong><\/td>\n<td width=\"226\"><strong>Marchio<\/strong><\/td>\n<td width=\"120\"><strong>Modello<\/strong><\/td>\n<td width=\"172\"><strong>Variante<\/strong><\/td>\n<td width=\"80\"><strong>Motore<\/strong><\/td>\n<\/tr>\n<tr>\n<td width=\"178\">2014-2019<\/td>\n<td width=\"226\">Chevrolet<\/td>\n<td width=\"120\">Corvette<\/td>\n<td width=\"172\">(C7) Stingray<\/td>\n<td width=\"80\">V8 6.2L<\/td>\n<\/tr>\n<tr>\n<td width=\"178\">2017-2019<\/td>\n<td width=\"226\">Chevrolet<\/td>\n<td width=\"120\">Corvette<\/td>\n<td width=\"172\">(C7) Grand Sport<\/td>\n<td width=\"80\">V8 6.2L<\/td>\n<\/tr>\n<\/tbody>\n<\/table>","protected":false},"excerpt":{"rendered":"<p>aFe POWER 54-74201 Sistema di aspirazione dell'aria fredda Momentum GT Pro 5R per C7 Chevrolet Corvette Alloggiamento unico Grazie al CAD<\/p>","protected":false},"featured_media":68272839,"comment_status":"open","ping_status":"closed","template":"","meta":{"_acf_changed":false},"product_brand":[16879],"product_cat":[3126],"product_tag":[248,249,250,251,252,419,4380,101,16880,498,2441,826,3087,824,189,190,825,281,4379,20273,57,822,500,3583,194],"class_list":{"0":"post-68272836","1":"product","2":"type-product","3":"status-publish","4":"has-post-thumbnail","6":"product_brand-afe-power","7":"product_cat-corvette-c7-ansaugung","8":"product_tag-248","9":"product_tag-249","10":"product_tag-250","11":"product_tag-251","12":"product_tag-252","13":"product_tag-419","14":"product_tag-54-74201","15":"product_tag-6-2","16":"product_tag-advanced-flow-engineering","17":"product_tag-afe","18":"product_tag-afe-power","19":"product_tag-ansaugung","20":"product_tag-c7","21":"product_tag-cai","22":"product_tag-chevrolet","23":"product_tag-chevy","24":"product_tag-cold-air-intake","25":"product_tag-corvette","26":"product_tag-grand-sport","27":"product_tag-keintuev","28":"product_tag-luftfilter","29":"product_tag-momentum","30":"product_tag-sportluftfilter","31":"product_tag-stingray","32":"product_tag-v8","33":"product_shipping_class-deutschlandohne","35":"first","36":"onbackorder","37":"taxable","38":"shipping-taxable","39":"purchasable","40":"product-type-simple"},"bundled_by":[],"bundle_stock_status":"onbackorder","bundle_stock_quantity":0,"bundle_virtual":false,"bundle_layout":"","bundle_add_to_cart_form_location":"","bundle_editable_in_cart":false,"bundle_sold_individually_context":"","bundle_item_grouping":"","bundle_min_size":"","bundle_max_size":"","bundle_price":[],"bundled_items":[],"bundle_sell_ids":[],"exclude_global_add_ons":[],"addons":[],"acf":[],"_links":{"self":[{"href":"https:\/\/kraftwerk-shop.cc\/it\/wp-json\/wp\/v2\/product\/68272836","targetHints":{"allow":["GET"]}}],"collection":[{"href":"https:\/\/kraftwerk-shop.cc\/it\/wp-json\/wp\/v2\/product"}],"about":[{"href":"https:\/\/kraftwerk-shop.cc\/it\/wp-json\/wp\/v2\/types\/product"}],"replies":[{"embeddable":true,"href":"https:\/\/kraftwerk-shop.cc\/it\/wp-json\/wp\/v2\/comments?post=68272836"}],"version-history":[{"count":0,"href":"https:\/\/kraftwerk-shop.cc\/it\/wp-json\/wp\/v2\/product\/68272836\/revisions"}],"wp:featuredmedia":[{"embeddable":true,"href":"https:\/\/kraftwerk-shop.cc\/it\/wp-json\/wp\/v2\/media\/68272839"}],"wp:attachment":[{"href":"https:\/\/kraftwerk-shop.cc\/it\/wp-json\/wp\/v2\/media?parent=68272836"}],"wp:term":[{"taxonomy":"product_brand","embeddable":true,"href":"https:\/\/kraftwerk-shop.cc\/it\/wp-json\/wp\/v2\/product_brand?post=68272836"},{"taxonomy":"product_cat","embeddable":true,"href":"https:\/\/kraftwerk-shop.cc\/it\/wp-json\/wp\/v2\/product_cat?post=68272836"},{"taxonomy":"product_tag","embeddable":true,"href":"https:\/\/kraftwerk-shop.cc\/it\/wp-json\/wp\/v2\/product_tag?post=68272836"}],"curies":[{"name":"wp","href":"https:\/\/api.w.org\/{rel}","templated":true}]}}