{"id":68273046,"date":"2022-11-08T19:44:26","date_gmt":"2022-11-08T18:44:26","guid":{"rendered":"https:\/\/kraftwerk-shop.cc\/?post_type=product&#038;p=68273046"},"modified":"2026-03-30T11:17:14","modified_gmt":"2026-03-30T09:17:14","slug":"cinghia-compressore-rinforzata-hellcat-trackhawk-trx-68207171ad","status":"publish","type":"product","link":"https:\/\/kraftwerk-shop.cc\/it\/produkt\/verstaerkter-kompressorriemen-hellcat-trackhawk-trx-68207171ad\/","title":{"rendered":"Cinghia di sovralimentazione rinforzata per Hellcat, Trackhawk e TRX"},"content":{"rendered":"<h1>Cinghia del compressore rinforzata per Hellcat, Trackhawk e TRX<\/h1>\n<p>&nbsp;<\/p>\n<p>Progettata per le applicazioni pi\u00f9 difficili, la struttura FleetRunner\u00ae offre flessibilit\u00e0, stabilit\u00e0, capacit\u00e0 di carico e durata della cinghia del compressore senza pari.<\/p>\n<p>I materiali brevettati garantiscono prestazioni eccellenti a temperature di esercizio estremamente elevate e fanno di questo nastro la soluzione definitiva ai problemi.<br \/>\nUna miscela altamente sviluppata di gomma EPDM resiste all'invecchiamento precoce.<\/p>\n<p>&nbsp;<\/p>\n<p><strong>Numero di confronto Mopar:<\/strong> 68207171AD, <span class=\"list-value sku-display\">68519480AA, 53011324AA<br \/>\n<\/span><\/p>\n<p><strong>Adatto per:<\/strong><\/p>\n<table width=\"539\">\n<tbody>\n<tr>\n<td width=\"158\">Dodge<\/td>\n<td width=\"117\">Charger<\/td>\n<td width=\"146\">6.2 Hellcat<\/td>\n<td width=\"118\">2015 \u2013 2023<\/td>\n<\/tr>\n<tr>\n<td width=\"158\">Dodge<\/td>\n<td width=\"117\">Challenger<\/td>\n<td width=\"146\">6.2 Hellcat<\/td>\n<td width=\"118\">2015 \u2013 2023<\/td>\n<\/tr>\n<tr>\n<td>Dodge<\/td>\n<td>Durango<\/td>\n<td>6.2 Hellcat<\/td>\n<td>2021 \u2013 2025<\/td>\n<\/tr>\n<tr>\n<td width=\"158\">Jeep<\/td>\n<td width=\"117\">Grand Cherokee<\/td>\n<td width=\"146\">6.2 Trackhawk<\/td>\n<td width=\"118\">2018 \u2013 2021<\/td>\n<\/tr>\n<tr>\n<td>RAM<\/td>\n<td>1500<\/td>\n<td>TRX<\/td>\n<td>2021 \u2013 2024<\/td>\n<\/tr>\n<\/tbody>\n<\/table>\n<p>&nbsp;<\/p>\n<p><strong>Da utilizzare solo come ricambio originale, non adatto ad altre ruote per compressori!<br \/>\n<\/strong><\/p>","protected":false},"excerpt":{"rendered":"<p>Adatto come ricambio originale<\/p>","protected":false},"featured_media":68275712,"comment_status":"open","ping_status":"closed","template":"","meta":{"_acf_changed":false},"product_brand":[],"product_cat":[2585,7505,2709,7509,2708,7512,7519,2669,2701,7525],"product_tag":[2846,475,6319,101,4408,6318,54,53,49,3853,3854,3415,737,56,2452,738,100,723,50,4425,4427,4426,4398,736,722,242,394,36,382,34,2847,397,86,735,721,246,102,2353],"class_list":{"0":"post-68273046","1":"product","2":"type-product","3":"status-publish","4":"has-post-thumbnail","6":"product_cat-challenger-hellcat-kompressor","7":"product_cat-challenger-hellcat-riemenantrieb","8":"product_cat-charger-hellcat-kompressor","9":"product_cat-charger-hellcat-riemenantrieb","10":"product_cat-durango-hellcat-kompressor","11":"product_cat-durango-hellcat-riemenantrieb","12":"product_cat-trackhawk-riemenantrieb","13":"product_cat-trackhawk-kompressor","14":"product_cat-trx-kompressor","15":"product_cat-trx-riemenantrieb","16":"product_tag-2846","17":"product_tag-475","18":"product_tag-53011324aa","19":"product_tag-6-2","20":"product_tag-68207171ad","21":"product_tag-68519480aa","22":"product_tag-challenger","23":"product_tag-charger","24":"product_tag-dodge","25":"product_tag-dodge-challenger","26":"product_tag-dodge-charger","27":"product_tag-erhoehen","28":"product_tag-gates","29":"product_tag-grand-cherokee","30":"product_tag-hcsc","31":"product_tag-hd","32":"product_tag-hellcat","33":"product_tag-hoeher","34":"product_tag-jeep","35":"product_tag-jeep-grand-cherokee","36":"product_tag-jeep-grand-cherokee-trackhawk","37":"product_tag-jeep-trackhawk","38":"product_tag-k100579hd","39":"product_tag-keilriemen","40":"product_tag-kleiner","41":"product_tag-kompressor","42":"product_tag-kompressorrad","43":"product_tag-kraftwerk","44":"product_tag-ladedruck","45":"product_tag-original","46":"product_tag-overdrive","47":"product_tag-pulley","48":"product_tag-ram","49":"product_tag-riemen","50":"product_tag-riemenscheibe","51":"product_tag-supercharger","52":"product_tag-trackhawk","53":"product_tag-trx","55":"first","56":"instock","57":"taxable","58":"shipping-taxable","59":"purchasable","60":"product-type-simple"},"bundled_by":[],"bundle_stock_status":"instock","bundle_stock_quantity":5,"bundle_virtual":false,"bundle_layout":"","bundle_add_to_cart_form_location":"","bundle_editable_in_cart":false,"bundle_sold_individually_context":"","bundle_item_grouping":"","bundle_min_size":"","bundle_max_size":"","bundle_price":[],"bundled_items":[],"bundle_sell_ids":[],"exclude_global_add_ons":[],"addons":[],"acf":[],"_links":{"self":[{"href":"https:\/\/kraftwerk-shop.cc\/it\/wp-json\/wp\/v2\/product\/68273046","targetHints":{"allow":["GET"]}}],"collection":[{"href":"https:\/\/kraftwerk-shop.cc\/it\/wp-json\/wp\/v2\/product"}],"about":[{"href":"https:\/\/kraftwerk-shop.cc\/it\/wp-json\/wp\/v2\/types\/product"}],"replies":[{"embeddable":true,"href":"https:\/\/kraftwerk-shop.cc\/it\/wp-json\/wp\/v2\/comments?post=68273046"}],"version-history":[{"count":0,"href":"https:\/\/kraftwerk-shop.cc\/it\/wp-json\/wp\/v2\/product\/68273046\/revisions"}],"wp:featuredmedia":[{"embeddable":true,"href":"https:\/\/kraftwerk-shop.cc\/it\/wp-json\/wp\/v2\/media\/68275712"}],"wp:attachment":[{"href":"https:\/\/kraftwerk-shop.cc\/it\/wp-json\/wp\/v2\/media?parent=68273046"}],"wp:term":[{"taxonomy":"product_brand","embeddable":true,"href":"https:\/\/kraftwerk-shop.cc\/it\/wp-json\/wp\/v2\/product_brand?post=68273046"},{"taxonomy":"product_cat","embeddable":true,"href":"https:\/\/kraftwerk-shop.cc\/it\/wp-json\/wp\/v2\/product_cat?post=68273046"},{"taxonomy":"product_tag","embeddable":true,"href":"https:\/\/kraftwerk-shop.cc\/it\/wp-json\/wp\/v2\/product_tag?post=68273046"}],"curies":[{"name":"wp","href":"https:\/\/api.w.org\/{rel}","templated":true}]}}