{"id":68273200,"date":"2022-11-18T23:30:41","date_gmt":"2022-11-18T22:30:41","guid":{"rendered":"https:\/\/kraftwerk-shop.cc\/?post_type=product&#038;p=68273200"},"modified":"2026-04-08T14:17:22","modified_gmt":"2026-04-08T12:17:22","slug":"filtro-olio-mopar-chrysler-300c-68079744aa-68191349aa","status":"publish","type":"product","link":"https:\/\/kraftwerk-shop.cc\/it\/produkt\/mopar-oelfilter-chrysler-300c-68079744aa-68191349aa\/","title":{"rendered":"Filtro olio Mopar Chrysler 300C 3.6"},"content":{"rendered":"<h1>Filtro olio Mopar Chrysler 300C 3.6 - <span lang=\"DE\">Ricambio originale<\/span><\/h1>\n<p>&nbsp;<\/p>\n<p>Affinch\u00e9 il motore Chrysler 300C funzioni correttamente, deve essere utilizzato con olio motore pulito.<br \/>\nIl problema \u00e8 che anche l'olio motore nuovo pu\u00f2 contenere impurit\u00e0. Quando queste scorrono nel motore, si raccolgono sulle varie parti e compromettono l'efficienza del movimento.<br \/>\nInsieme alle altre impurit\u00e0 che l'olio motore raccoglie durante il suo percorso nel motore, questo pu\u00f2 portare a danni al motore.<br \/>\n\u00c8 qui che entra in gioco il filtro dell'olio originale Mopar.<br \/>\nIl filtro intercetta questi microscopici elementi di disturbo nel percorso dell'olio, in modo che solo l'olio pulito ritorni nel motore e lubrifichi le varie parti. Con il tempo, tuttavia, anche un filtro dell'olio di alta qualit\u00e0 si rompe o si intasa.<\/p>\n<p>Se \u00e8 necessario sostituire il filtro dell'olio, assicurarsi di utilizzare un filtro dell'olio originale Mopar.<br \/>\nQuesti sono gli unici filtri garantiti per la compatibilit\u00e0 con il motore del vostro Chrysler 300C, quindi potete fare affidamento sulle loro caratteristiche e prestazioni.<br \/>\nUn filtro dell'olio di terze parti potrebbe non essere 100% perfettamente adatto, il che pu\u00f2 causare perdite o problemi pi\u00f9 gravi al motore.<\/p>\n<p>Nel nostro negozio online troverete i filtri olio originali Mopar adatti al vostro Chrysler 300C.<\/p>\n<p>Questo componente originale Mopar soddisfa tutti i requisiti della garanzia di fabbrica.<\/p>\n<p>&nbsp;<\/p>\n<p><strong>Numeri di confronto Mopar:<\/strong> 68079744AA, 68079744AB, 68079744AC, 68079744AD, 68191349AA, <span class=\"list-value\">68191349AB, 68191349AC<\/span><\/p>\n<p><strong>Adatto per:<\/strong> Chrysler 300C 3.6<\/p>","protected":false},"excerpt":{"rendered":"<p>Parte originale Mopar<\/p>","protected":false},"featured_media":68273204,"comment_status":"open","ping_status":"closed","template":"","meta":{"_acf_changed":false},"product_brand":[16270],"product_cat":[1566],"product_tag":[169,52,4423,8078,8079,8080,4424,8076,8077,48,536,31,7221,2320,647,2453,655,34,35,170],"class_list":{"0":"post-68273200","1":"product","2":"type-product","3":"status-publish","4":"has-post-thumbnail","6":"product_brand-mopar","7":"product_cat-300c-36-wartung","8":"product_tag-3-6","9":"product_tag-300c","10":"product_tag-68079744aa","11":"product_tag-68079744ab","12":"product_tag-68079744ac","13":"product_tag-68079744ad","14":"product_tag-68191349aa","15":"product_tag-68191349ab","16":"product_tag-68191349ac","17":"product_tag-chrysler","18":"product_tag-chrysler-300c","19":"product_tag-mopar","20":"product_tag-mopar10","21":"product_tag-motoroelfilter","22":"product_tag-oelfilter","23":"product_tag-oelfilter10","24":"product_tag-oelwechsel","25":"product_tag-original","26":"product_tag-originalersatzteil","27":"product_tag-pentastar","29":"first","30":"instock","31":"taxable","32":"shipping-taxable","33":"purchasable","34":"product-type-variable"},"bundled_by":[],"bundle_stock_status":"instock","bundle_stock_quantity":61,"bundle_virtual":false,"bundle_layout":"","bundle_add_to_cart_form_location":"","bundle_editable_in_cart":false,"bundle_sold_individually_context":"","bundle_item_grouping":"","bundle_min_size":"","bundle_max_size":"","bundle_price":[],"bundled_items":[],"bundle_sell_ids":[],"exclude_global_add_ons":[],"addons":[],"acf":[],"_links":{"self":[{"href":"https:\/\/kraftwerk-shop.cc\/it\/wp-json\/wp\/v2\/product\/68273200","targetHints":{"allow":["GET"]}}],"collection":[{"href":"https:\/\/kraftwerk-shop.cc\/it\/wp-json\/wp\/v2\/product"}],"about":[{"href":"https:\/\/kraftwerk-shop.cc\/it\/wp-json\/wp\/v2\/types\/product"}],"replies":[{"embeddable":true,"href":"https:\/\/kraftwerk-shop.cc\/it\/wp-json\/wp\/v2\/comments?post=68273200"}],"version-history":[{"count":0,"href":"https:\/\/kraftwerk-shop.cc\/it\/wp-json\/wp\/v2\/product\/68273200\/revisions"}],"wp:featuredmedia":[{"embeddable":true,"href":"https:\/\/kraftwerk-shop.cc\/it\/wp-json\/wp\/v2\/media\/68273204"}],"wp:attachment":[{"href":"https:\/\/kraftwerk-shop.cc\/it\/wp-json\/wp\/v2\/media?parent=68273200"}],"wp:term":[{"taxonomy":"product_brand","embeddable":true,"href":"https:\/\/kraftwerk-shop.cc\/it\/wp-json\/wp\/v2\/product_brand?post=68273200"},{"taxonomy":"product_cat","embeddable":true,"href":"https:\/\/kraftwerk-shop.cc\/it\/wp-json\/wp\/v2\/product_cat?post=68273200"},{"taxonomy":"product_tag","embeddable":true,"href":"https:\/\/kraftwerk-shop.cc\/it\/wp-json\/wp\/v2\/product_tag?post=68273200"}],"curies":[{"name":"wp","href":"https:\/\/api.w.org\/{rel}","templated":true}]}}