{"id":68273963,"date":"2022-11-20T16:46:20","date_gmt":"2022-11-20T15:46:20","guid":{"rendered":"https:\/\/kraftwerk-shop.cc\/?post_type=product&#038;p=68273963"},"modified":"2026-04-07T11:44:13","modified_gmt":"2026-04-07T09:44:13","slug":"filtro-olio-mopar-68191349aa-jeep-gladiator","status":"publish","type":"product","link":"https:\/\/kraftwerk-shop.cc\/it\/produkt\/mopar-oelfilter-68191349aa-jeep-gladiator\/","title":{"rendered":"Filtro olio Mopar Jeep Gladiator 3.6"},"content":{"rendered":"<h1>Filtro olio Mopar Jeep Gladiator 3.6 - <span lang=\"DE\">Ricambio originale<\/span><\/h1>\n<p>&nbsp;<\/p>\n<p>Affinch\u00e9 il motore Jeep Gladiator funzioni correttamente, deve essere utilizzato con olio motore pulito.<br \/>\nIl problema \u00e8 che anche l'olio motore nuovo pu\u00f2 contenere impurit\u00e0. Quando queste scorrono nel motore, si raccolgono sulle varie parti e compromettono l'efficienza del movimento.<br \/>\nInsieme alle altre impurit\u00e0 che l'olio motore raccoglie durante il suo percorso nel motore, questo pu\u00f2 portare a danni al motore.<br \/>\n\u00c8 qui che entra in gioco il filtro dell'olio originale Mopar.<br \/>\nIl filtro intercetta questi microscopici elementi di disturbo nel percorso dell'olio, in modo che solo l'olio pulito ritorni nel motore e lubrifichi le varie parti. Con il tempo, tuttavia, anche un filtro dell'olio di alta qualit\u00e0 si rompe o si intasa.<\/p>\n<p>Se \u00e8 necessario sostituire il filtro dell'olio, assicurarsi di utilizzare un filtro dell'olio originale Mopar.<br \/>\nQuesti sono gli unici filtri garantiti per la compatibilit\u00e0 con il motore del vostro Jeep Gladiator, quindi potete fare affidamento sulla loro idoneit\u00e0 e sulle loro prestazioni.<br \/>\nUn filtro dell'olio di terze parti potrebbe non essere 100% perfettamente adatto, il che pu\u00f2 causare perdite o problemi pi\u00f9 gravi al motore.<\/p>\n<p>Nel nostro negozio online troverete i filtri olio originali Mopar adatti al vostro Jeep Gladiator.<\/p>\n<p>Questo componente originale Mopar soddisfa tutti i requisiti della garanzia di fabbrica.<\/p>\n<p>&nbsp;<\/p>\n<p><strong>Numero di parte Mopar:<\/strong> 68191349AA, <span class=\"list-value\">68191349AB, 68191349AC<\/span><\/p>\n<p><strong>Adatto per:<\/strong> Jeep Gladiator 3,6<\/p>","protected":false},"excerpt":{"rendered":"<p>Parte originale Mopar<\/p>","protected":false},"featured_media":68273967,"comment_status":"open","ping_status":"closed","template":"","meta":{"_acf_changed":false},"product_brand":[16270],"product_cat":[3015],"product_tag":[169,4424,8076,8077,2217,50,4442,31,7221,2320,647,2453,655,34,35,170],"class_list":{"0":"post-68273963","1":"product","2":"type-product","3":"status-publish","4":"has-post-thumbnail","6":"product_brand-mopar","7":"product_cat-gladiator-36-wartung","8":"product_tag-3-6","9":"product_tag-68191349aa","10":"product_tag-68191349ab","11":"product_tag-68191349ac","12":"product_tag-gladiator","13":"product_tag-jeep","14":"product_tag-jeep-gladiator","15":"product_tag-mopar","16":"product_tag-mopar10","17":"product_tag-motoroelfilter","18":"product_tag-oelfilter","19":"product_tag-oelfilter10","20":"product_tag-oelwechsel","21":"product_tag-original","22":"product_tag-originalersatzteil","23":"product_tag-pentastar","25":"first","26":"instock","27":"taxable","28":"shipping-taxable","29":"purchasable","30":"product-type-simple"},"bundled_by":[],"bundle_stock_status":"instock","bundle_stock_quantity":36,"bundle_virtual":false,"bundle_layout":"","bundle_add_to_cart_form_location":"","bundle_editable_in_cart":false,"bundle_sold_individually_context":"","bundle_item_grouping":"","bundle_min_size":"","bundle_max_size":"","bundle_price":[],"bundled_items":[],"bundle_sell_ids":[],"exclude_global_add_ons":[],"addons":[],"acf":[],"_links":{"self":[{"href":"https:\/\/kraftwerk-shop.cc\/it\/wp-json\/wp\/v2\/product\/68273963","targetHints":{"allow":["GET"]}}],"collection":[{"href":"https:\/\/kraftwerk-shop.cc\/it\/wp-json\/wp\/v2\/product"}],"about":[{"href":"https:\/\/kraftwerk-shop.cc\/it\/wp-json\/wp\/v2\/types\/product"}],"replies":[{"embeddable":true,"href":"https:\/\/kraftwerk-shop.cc\/it\/wp-json\/wp\/v2\/comments?post=68273963"}],"version-history":[{"count":0,"href":"https:\/\/kraftwerk-shop.cc\/it\/wp-json\/wp\/v2\/product\/68273963\/revisions"}],"wp:featuredmedia":[{"embeddable":true,"href":"https:\/\/kraftwerk-shop.cc\/it\/wp-json\/wp\/v2\/media\/68273967"}],"wp:attachment":[{"href":"https:\/\/kraftwerk-shop.cc\/it\/wp-json\/wp\/v2\/media?parent=68273963"}],"wp:term":[{"taxonomy":"product_brand","embeddable":true,"href":"https:\/\/kraftwerk-shop.cc\/it\/wp-json\/wp\/v2\/product_brand?post=68273963"},{"taxonomy":"product_cat","embeddable":true,"href":"https:\/\/kraftwerk-shop.cc\/it\/wp-json\/wp\/v2\/product_cat?post=68273963"},{"taxonomy":"product_tag","embeddable":true,"href":"https:\/\/kraftwerk-shop.cc\/it\/wp-json\/wp\/v2\/product_tag?post=68273963"}],"curies":[{"name":"wp","href":"https:\/\/api.w.org\/{rel}","templated":true}]}}